{"id":4686,"date":"2026-03-02T19:51:11","date_gmt":"2026-03-02T22:51:11","guid":{"rendered":"https:\/\/bibliotecajuridicavirtual.cl\/?page_id=4686"},"modified":"2026-03-03T11:31:13","modified_gmt":"2026-03-03T14:31:13","slug":"codigos-de-la-republica","status":"publish","type":"page","link":"https:\/\/bibliotecajuridicavirtual.cl\/index.php\/codigos-de-la-republica\/","title":{"rendered":"C\u00f3digos de la Rep\u00fablica"},"content":{"rendered":"\t\t<div data-elementor-type=\"wp-page\" data-elementor-id=\"4686\" class=\"elementor elementor-4686\" data-elementor-post-type=\"page\">\n\t\t\t\t<div class=\"elementor-element elementor-element-84d4f58 e-flex e-con-boxed wpr-particle-no wpr-jarallax-no wpr-parallax-no wpr-sticky-section-no wpr-equal-height-no e-con e-parent\" data-id=\"84d4f58\" data-element_type=\"container\" data-e-type=\"container\" data-settings=\"{&quot;background_background&quot;:&quot;classic&quot;}\">\n\t\t\t\t\t<div class=\"e-con-inner\">\n\t\t<div class=\"elementor-element elementor-element-fa8d7ad e-con-full e-flex wpr-particle-no wpr-jarallax-no wpr-parallax-no wpr-sticky-section-no wpr-equal-height-no e-con e-child\" data-id=\"fa8d7ad\" data-element_type=\"container\" data-e-type=\"container\">\n\t\t\t\t<div class=\"elementor-element elementor-element-39853a8 elementor-widget elementor-widget-heading\" data-id=\"39853a8\" data-element_type=\"widget\" data-e-type=\"widget\" data-widget_type=\"heading.default\">\n\t\t\t\t<div class=\"elementor-widget-container\">\n\t\t\t\t\t<h1 class=\"elementor-heading-title elementor-size-default\">C\u00f3digos de la Rep\u00fablica<\/h1>\t\t\t\t<\/div>\n\t\t\t\t<\/div>\n\t\t\t\t<\/div>\n\t\t\t\t\t<\/div>\n\t\t\t\t<\/div>\n\t\t<div class=\"elementor-element elementor-element-7026502 e-flex e-con-boxed wpr-particle-no wpr-jarallax-no wpr-parallax-no wpr-sticky-section-no wpr-equal-height-no e-con e-parent\" data-id=\"7026502\" data-element_type=\"container\" data-e-type=\"container\">\n\t\t\t\t\t<div class=\"e-con-inner\">\n\t\t<div class=\"elementor-element elementor-element-9831417 e-con-full e-flex wpr-particle-no wpr-jarallax-no wpr-parallax-no wpr-sticky-section-no wpr-equal-height-no e-con e-child\" data-id=\"9831417\" data-element_type=\"container\" data-e-type=\"container\" data-settings=\"{&quot;background_background&quot;:&quot;classic&quot;}\">\n\t\t\t\t<div class=\"elementor-element elementor-element-3336dc6 elementor-widget__width-initial elementor-widget elementor-widget-image\" data-id=\"3336dc6\" data-element_type=\"widget\" data-e-type=\"widget\" data-widget_type=\"image.default\">\n\t\t\t\t<div class=\"elementor-widget-container\">\n\t\t\t\t\t\t\t\t\t\t\t\t\t\t\t<img fetchpriority=\"high\" decoding=\"async\" width=\"512\" height=\"512\" src=\"https:\/\/bibliotecajuridicavirtual.cl\/wp-content\/uploads\/2026\/03\/WOO-BIBLIOTECA-JURIDICA-VIRTUAL.png\" class=\"attachment-large size-large wp-image-4666\" alt=\"\" srcset=\"https:\/\/bibliotecajuridicavirtual.cl\/wp-content\/uploads\/2026\/03\/WOO-BIBLIOTECA-JURIDICA-VIRTUAL.png 512w, https:\/\/bibliotecajuridicavirtual.cl\/wp-content\/uploads\/2026\/03\/WOO-BIBLIOTECA-JURIDICA-VIRTUAL-300x300.png 300w, https:\/\/bibliotecajuridicavirtual.cl\/wp-content\/uploads\/2026\/03\/WOO-BIBLIOTECA-JURIDICA-VIRTUAL-100x100.png 100w, https:\/\/bibliotecajuridicavirtual.cl\/wp-content\/uploads\/2026\/03\/WOO-BIBLIOTECA-JURIDICA-VIRTUAL-64x64.png 64w, https:\/\/bibliotecajuridicavirtual.cl\/wp-content\/uploads\/2026\/03\/WOO-BIBLIOTECA-JURIDICA-VIRTUAL-150x150.png 150w\" sizes=\"(max-width: 512px) 100vw, 512px\" \/>\t\t\t\t\t\t\t\t\t\t\t\t\t\t\t<\/div>\n\t\t\t\t<\/div>\n\t\t\t\t<div class=\"elementor-element elementor-element-b8f924b elementor-widget elementor-widget-heading\" data-id=\"b8f924b\" data-element_type=\"widget\" data-e-type=\"widget\" data-widget_type=\"heading.default\">\n\t\t\t\t<div class=\"elementor-widget-container\">\n\t\t\t\t\t<h2 class=\"elementor-heading-title elementor-size-default\"><a href=\"https:\/\/bibliotecajuridicavirtual.cl\/index.php\/codigos-2024\/\">C\u00f3digos 2024<\/a><\/h2>\t\t\t\t<\/div>\n\t\t\t\t<\/div>\n\t\t\t\t<div class=\"elementor-element elementor-element-68a2ae1 elementor-widget elementor-widget-button\" data-id=\"68a2ae1\" data-element_type=\"widget\" data-e-type=\"widget\" data-widget_type=\"button.default\">\n\t\t\t\t<div class=\"elementor-widget-container\">\n\t\t\t\t\t\t\t\t\t<div class=\"elementor-button-wrapper\">\n\t\t\t\t\t<a class=\"elementor-button elementor-button-link elementor-size-sm\" href=\"https:\/\/bibliotecajuridicavirtual.cl\/index.php\/codigos-2024\/\">\n\t\t\t\t\t\t<span class=\"elementor-button-content-wrapper\">\n\t\t\t\t\t\t\t\t\t<span class=\"elementor-button-text\">VER SUB CATEGOR\u00cdA<\/span>\n\t\t\t\t\t<\/span>\n\t\t\t\t\t<\/a>\n\t\t\t\t<\/div>\n\t\t\t\t\t\t\t\t<\/div>\n\t\t\t\t<\/div>\n\t\t\t\t<\/div>\n\t\t<div class=\"elementor-element elementor-element-ed724d8 e-con-full e-flex wpr-particle-no wpr-jarallax-no wpr-parallax-no wpr-sticky-section-no wpr-equal-height-no e-con e-child\" data-id=\"ed724d8\" data-element_type=\"container\" data-e-type=\"container\" data-settings=\"{&quot;background_background&quot;:&quot;classic&quot;}\">\n\t\t\t\t<div class=\"elementor-element elementor-element-c689598 elementor-widget__width-initial elementor-widget elementor-widget-image\" data-id=\"c689598\" data-element_type=\"widget\" data-e-type=\"widget\" data-widget_type=\"image.default\">\n\t\t\t\t<div class=\"elementor-widget-container\">\n\t\t\t\t\t\t\t\t\t\t\t\t\t\t\t<img fetchpriority=\"high\" decoding=\"async\" width=\"512\" height=\"512\" src=\"https:\/\/bibliotecajuridicavirtual.cl\/wp-content\/uploads\/2026\/03\/WOO-BIBLIOTECA-JURIDICA-VIRTUAL.png\" class=\"attachment-large size-large wp-image-4666\" alt=\"\" srcset=\"https:\/\/bibliotecajuridicavirtual.cl\/wp-content\/uploads\/2026\/03\/WOO-BIBLIOTECA-JURIDICA-VIRTUAL.png 512w, https:\/\/bibliotecajuridicavirtual.cl\/wp-content\/uploads\/2026\/03\/WOO-BIBLIOTECA-JURIDICA-VIRTUAL-300x300.png 300w, https:\/\/bibliotecajuridicavirtual.cl\/wp-content\/uploads\/2026\/03\/WOO-BIBLIOTECA-JURIDICA-VIRTUAL-100x100.png 100w, https:\/\/bibliotecajuridicavirtual.cl\/wp-content\/uploads\/2026\/03\/WOO-BIBLIOTECA-JURIDICA-VIRTUAL-64x64.png 64w, https:\/\/bibliotecajuridicavirtual.cl\/wp-content\/uploads\/2026\/03\/WOO-BIBLIOTECA-JURIDICA-VIRTUAL-150x150.png 150w\" sizes=\"(max-width: 512px) 100vw, 512px\" \/>\t\t\t\t\t\t\t\t\t\t\t\t\t\t\t<\/div>\n\t\t\t\t<\/div>\n\t\t\t\t<div class=\"elementor-element elementor-element-84569da elementor-widget elementor-widget-heading\" data-id=\"84569da\" data-element_type=\"widget\" data-e-type=\"widget\" data-widget_type=\"heading.default\">\n\t\t\t\t<div class=\"elementor-widget-container\">\n\t\t\t\t\t<h2 class=\"elementor-heading-title elementor-size-default\"><a href=\"https:\/\/bibliotecajuridicavirtual.cl\/index.php\/codigos-2025\/\">C\u00f3digos 2025<\/a><\/h2>\t\t\t\t<\/div>\n\t\t\t\t<\/div>\n\t\t\t\t<div class=\"elementor-element elementor-element-50dfcae elementor-widget elementor-widget-button\" data-id=\"50dfcae\" data-element_type=\"widget\" data-e-type=\"widget\" data-widget_type=\"button.default\">\n\t\t\t\t<div class=\"elementor-widget-container\">\n\t\t\t\t\t\t\t\t\t<div class=\"elementor-button-wrapper\">\n\t\t\t\t\t<a class=\"elementor-button elementor-button-link elementor-size-sm\" href=\"https:\/\/bibliotecajuridicavirtual.cl\/index.php\/codigos-2025\/\">\n\t\t\t\t\t\t<span class=\"elementor-button-content-wrapper\">\n\t\t\t\t\t\t\t\t\t<span class=\"elementor-button-text\">VER SUB CATEGOR\u00cdA<\/span>\n\t\t\t\t\t<\/span>\n\t\t\t\t\t<\/a>\n\t\t\t\t<\/div>\n\t\t\t\t\t\t\t\t<\/div>\n\t\t\t\t<\/div>\n\t\t\t\t<\/div>\n\t\t<div class=\"elementor-element elementor-element-c58733d e-con-full e-flex wpr-particle-no wpr-jarallax-no wpr-parallax-no wpr-sticky-section-no wpr-equal-height-no e-con e-child\" data-id=\"c58733d\" data-element_type=\"container\" data-e-type=\"container\" data-settings=\"{&quot;background_background&quot;:&quot;classic&quot;}\">\n\t\t\t\t<div class=\"elementor-element elementor-element-af94707 elementor-widget__width-initial elementor-widget elementor-widget-image\" data-id=\"af94707\" data-element_type=\"widget\" data-e-type=\"widget\" data-widget_type=\"image.default\">\n\t\t\t\t<div class=\"elementor-widget-container\">\n\t\t\t\t\t\t\t\t\t\t\t\t\t\t\t<img fetchpriority=\"high\" decoding=\"async\" width=\"512\" height=\"512\" src=\"https:\/\/bibliotecajuridicavirtual.cl\/wp-content\/uploads\/2026\/03\/WOO-BIBLIOTECA-JURIDICA-VIRTUAL.png\" class=\"attachment-large size-large wp-image-4666\" alt=\"\" srcset=\"https:\/\/bibliotecajuridicavirtual.cl\/wp-content\/uploads\/2026\/03\/WOO-BIBLIOTECA-JURIDICA-VIRTUAL.png 512w, https:\/\/bibliotecajuridicavirtual.cl\/wp-content\/uploads\/2026\/03\/WOO-BIBLIOTECA-JURIDICA-VIRTUAL-300x300.png 300w, https:\/\/bibliotecajuridicavirtual.cl\/wp-content\/uploads\/2026\/03\/WOO-BIBLIOTECA-JURIDICA-VIRTUAL-100x100.png 100w, https:\/\/bibliotecajuridicavirtual.cl\/wp-content\/uploads\/2026\/03\/WOO-BIBLIOTECA-JURIDICA-VIRTUAL-64x64.png 64w, https:\/\/bibliotecajuridicavirtual.cl\/wp-content\/uploads\/2026\/03\/WOO-BIBLIOTECA-JURIDICA-VIRTUAL-150x150.png 150w\" sizes=\"(max-width: 512px) 100vw, 512px\" \/>\t\t\t\t\t\t\t\t\t\t\t\t\t\t\t<\/div>\n\t\t\t\t<\/div>\n\t\t\t\t<div class=\"elementor-element elementor-element-c64f834 elementor-widget elementor-widget-heading\" data-id=\"c64f834\" data-element_type=\"widget\" data-e-type=\"widget\" data-widget_type=\"heading.default\">\n\t\t\t\t<div class=\"elementor-widget-container\">\n\t\t\t\t\t<h2 class=\"elementor-heading-title elementor-size-default\"><a href=\"https:\/\/bibliotecajuridicavirtual.cl\/index.php\/codigos-2026\/\">C\u00f3digos 2026<\/a><\/h2>\t\t\t\t<\/div>\n\t\t\t\t<\/div>\n\t\t\t\t<div class=\"elementor-element elementor-element-a8f32d2 elementor-widget elementor-widget-button\" data-id=\"a8f32d2\" data-element_type=\"widget\" data-e-type=\"widget\" data-widget_type=\"button.default\">\n\t\t\t\t<div class=\"elementor-widget-container\">\n\t\t\t\t\t\t\t\t\t<div class=\"elementor-button-wrapper\">\n\t\t\t\t\t<a class=\"elementor-button elementor-button-link elementor-size-sm\" href=\"https:\/\/bibliotecajuridicavirtual.cl\/index.php\/codigos-2026\/\">\n\t\t\t\t\t\t<span class=\"elementor-button-content-wrapper\">\n\t\t\t\t\t\t\t\t\t<span class=\"elementor-button-text\">VER SUB CATEGOR\u00cdA<\/span>\n\t\t\t\t\t<\/span>\n\t\t\t\t\t<\/a>\n\t\t\t\t<\/div>\n\t\t\t\t\t\t\t\t<\/div>\n\t\t\t\t<\/div>\n\t\t\t\t<\/div>\n\t\t\t\t\t<\/div>\n\t\t\t\t<\/div>\n\t\t\t\t<\/div>\n\t\t","protected":false},"excerpt":{"rendered":"<p>C\u00f3digos de la Rep\u00fablica C\u00f3digos 2024 VER SUB CATEGOR\u00cdA C\u00f3digos 2025 VER SUB CATEGOR\u00cdA C\u00f3digos 2026 VER SUB CATEGOR\u00cdA<\/p>\n","protected":false},"author":2,"featured_media":0,"parent":0,"menu_order":0,"comment_status":"closed","ping_status":"closed","template":"elementor_header_footer","meta":{"inline_featured_image":false,"_joinchat":[],"footnotes":""},"class_list":["post-4686","page","type-page","status-publish","hentry"],"_links":{"self":[{"href":"https:\/\/bibliotecajuridicavirtual.cl\/index.php\/wp-json\/wp\/v2\/pages\/4686","targetHints":{"allow":["GET"]}}],"collection":[{"href":"https:\/\/bibliotecajuridicavirtual.cl\/index.php\/wp-json\/wp\/v2\/pages"}],"about":[{"href":"https:\/\/bibliotecajuridicavirtual.cl\/index.php\/wp-json\/wp\/v2\/types\/page"}],"author":[{"embeddable":true,"href":"https:\/\/bibliotecajuridicavirtual.cl\/index.php\/wp-json\/wp\/v2\/users\/2"}],"replies":[{"embeddable":true,"href":"https:\/\/bibliotecajuridicavirtual.cl\/index.php\/wp-json\/wp\/v2\/comments?post=4686"}],"version-history":[{"count":10,"href":"https:\/\/bibliotecajuridicavirtual.cl\/index.php\/wp-json\/wp\/v2\/pages\/4686\/revisions"}],"predecessor-version":[{"id":4956,"href":"https:\/\/bibliotecajuridicavirtual.cl\/index.php\/wp-json\/wp\/v2\/pages\/4686\/revisions\/4956"}],"wp:attachment":[{"href":"https:\/\/bibliotecajuridicavirtual.cl\/index.php\/wp-json\/wp\/v2\/media?parent=4686"}],"curies":[{"name":"wp","href":"https:\/\/api.w.org\/{rel}","templated":true}]}}