{"id":4709,"date":"2026-03-02T20:10:53","date_gmt":"2026-03-02T23:10:53","guid":{"rendered":"https:\/\/bibliotecajuridicavirtual.cl\/?page_id=4709"},"modified":"2026-03-03T11:15:00","modified_gmt":"2026-03-03T14:15:00","slug":"juzgado-de-policia-local","status":"publish","type":"page","link":"https:\/\/bibliotecajuridicavirtual.cl\/index.php\/juzgado-de-policia-local\/","title":{"rendered":"Juzgado de Polic\u00eda Local"},"content":{"rendered":"\t\t<div data-elementor-type=\"wp-page\" data-elementor-id=\"4709\" class=\"elementor elementor-4709\" data-elementor-post-type=\"page\">\n\t\t\t\t<div class=\"elementor-element elementor-element-0178820 e-flex e-con-boxed wpr-particle-no wpr-jarallax-no wpr-parallax-no wpr-sticky-section-no wpr-equal-height-no e-con e-parent\" data-id=\"0178820\" data-element_type=\"container\" data-e-type=\"container\" data-settings=\"{&quot;background_background&quot;:&quot;classic&quot;}\">\n\t\t\t\t\t<div class=\"e-con-inner\">\n\t\t<div class=\"elementor-element elementor-element-7162a7a e-con-full e-flex wpr-particle-no wpr-jarallax-no wpr-parallax-no wpr-sticky-section-no wpr-equal-height-no e-con e-child\" data-id=\"7162a7a\" data-element_type=\"container\" data-e-type=\"container\">\n\t\t\t\t<div class=\"elementor-element elementor-element-b4aaebb elementor-widget elementor-widget-heading\" data-id=\"b4aaebb\" data-element_type=\"widget\" data-e-type=\"widget\" data-widget_type=\"heading.default\">\n\t\t\t\t<div class=\"elementor-widget-container\">\n\t\t\t\t\t<h1 class=\"elementor-heading-title elementor-size-default\">Juzgado de Polic\u00eda Local<\/h1>\t\t\t\t<\/div>\n\t\t\t\t<\/div>\n\t\t\t\t<\/div>\n\t\t\t\t\t<\/div>\n\t\t\t\t<\/div>\n\t\t<div class=\"elementor-element elementor-element-f6eccb8 e-flex e-con-boxed wpr-particle-no wpr-jarallax-no wpr-parallax-no wpr-sticky-section-no wpr-equal-height-no e-con e-parent\" data-id=\"f6eccb8\" data-element_type=\"container\" data-e-type=\"container\">\n\t\t\t\t\t<div class=\"e-con-inner\">\n\t\t\t\t<div class=\"elementor-element elementor-element-a537856 elementor-product-loop-item--align-center elementor-grid-4 elementor-grid-tablet-3 elementor-grid-mobile-2 elementor-products-grid elementor-wc-products elementor-show-pagination-border-yes elementor-widget elementor-widget-woocommerce-products\" data-id=\"a537856\" data-element_type=\"widget\" data-e-type=\"widget\" data-widget_type=\"woocommerce-products.default\">\n\t\t\t\t<div class=\"elementor-widget-container\">\n\t\t\t\t\t<div class=\"woocommerce columns-4 \"><div class=\"woocommerce-notices-wrapper\"><\/div><ul class=\"products elementor-grid columns-4\">\n<li class=\"product type-product post-4182 status-publish first instock product_cat-editorial-tofulex-ediciones-juridicas product_cat-juzgado-de-policia-local has-post-thumbnail shipping-taxable purchasable product-type-simple\">\n\t<a href=\"https:\/\/bibliotecajuridicavirtual.cl\/index.php\/product\/procedimientos-policia-local-explicaciones-formularios-y-jurisprudencia-5ta-edicion-ano-2022-450-pag-autor-eric-andres-chavez-chavez\/\" class=\"woocommerce-LoopProduct-link woocommerce-loop-product__link\"><img fetchpriority=\"high\" decoding=\"async\" width=\"300\" height=\"477\" src=\"https:\/\/bibliotecajuridicavirtual.cl\/wp-content\/uploads\/2026\/02\/PROCEDIMIENTO-POLICIAL-TOUFLEX-300x477.png\" class=\"attachment-woocommerce_thumbnail size-woocommerce_thumbnail\" alt=\"Procedimientos  Polic\u00eda Local. Explicaciones Formularios y Jurisprudencia 5ta Edici\u00f3n. A\u00f1o 2022\/ 450 P\u00e1g. Autor Eric Andr\u00e9s Ch\u00e1vez Ch\u00e1vez\" srcset=\"https:\/\/bibliotecajuridicavirtual.cl\/wp-content\/uploads\/2026\/02\/PROCEDIMIENTO-POLICIAL-TOUFLEX-300x477.png 300w, https:\/\/bibliotecajuridicavirtual.cl\/wp-content\/uploads\/2026\/02\/PROCEDIMIENTO-POLICIAL-TOUFLEX-64x102.png 64w, https:\/\/bibliotecajuridicavirtual.cl\/wp-content\/uploads\/2026\/02\/PROCEDIMIENTO-POLICIAL-TOUFLEX-189x300.png 189w, https:\/\/bibliotecajuridicavirtual.cl\/wp-content\/uploads\/2026\/02\/PROCEDIMIENTO-POLICIAL-TOUFLEX.png 311w\" sizes=\"(max-width: 300px) 100vw, 300px\" \/><h2 class=\"woocommerce-loop-product__title\">Procedimientos  Polic\u00eda Local. Explicaciones Formularios y Jurisprudencia 5ta Edici\u00f3n. A\u00f1o 2022\/ 450 P\u00e1g. Autor Eric Andr\u00e9s Ch\u00e1vez Ch\u00e1vez<\/h2>\n\t<span class=\"price\"><span class=\"woocommerce-Price-amount amount\"><bdi><span class=\"woocommerce-Price-currencySymbol\">&#36;<\/span>44.000<\/bdi><\/span><\/span>\n<\/a><a href=\"\/index.php\/wp-json\/wp\/v2\/pages\/4709?add-to-cart=4182\" aria-describedby=\"woocommerce_loop_add_to_cart_link_describedby_4182\" data-quantity=\"1\" class=\"button product_type_simple add_to_cart_button ajax_add_to_cart\" data-product_id=\"4182\" data-product_sku=\"9789568217617\" aria-label=\"Agregar al carrito: &ldquo;Procedimientos  Polic\u00eda Local. Explicaciones Formularios y Jurisprudencia 5ta Edici\u00f3n. A\u00f1o 2022\/ 450 P\u00e1g. Autor Eric Andr\u00e9s Ch\u00e1vez Ch\u00e1vez&rdquo;\" rel=\"nofollow\" data-success_message=\"&ldquo;Procedimientos  Polic\u00eda Local. Explicaciones Formularios y Jurisprudencia 5ta Edici\u00f3n. A\u00f1o 2022\/ 450 P\u00e1g. Autor Eric Andr\u00e9s Ch\u00e1vez Ch\u00e1vez&rdquo; se ha a\u00f1adido a tu carro\" role=\"button\">Agregar al carrito<\/a>\t<span id=\"woocommerce_loop_add_to_cart_link_describedby_4182\" class=\"screen-reader-text\">\n\t\t\t<\/span>\n<\/li>\n<li class=\"product type-product post-4017 status-publish instock product_cat-juzgado-de-policia-local product_cat-thomson-reuters has-post-thumbnail shipping-taxable purchasable product-type-simple\">\n\t<a href=\"https:\/\/bibliotecajuridicavirtual.cl\/index.php\/product\/derecho-del-transito-justicia-de-policia-local-ano-2022-560-pag-autor-leonardo-aravena-arredondo\/\" class=\"woocommerce-LoopProduct-link woocommerce-loop-product__link\"><img decoding=\"async\" width=\"300\" height=\"429\" src=\"https:\/\/bibliotecajuridicavirtual.cl\/wp-content\/uploads\/2026\/02\/DERECHO-DEL-TRANSITO-300x429.png\" class=\"attachment-woocommerce_thumbnail size-woocommerce_thumbnail\" alt=\"Derecho Del Transito. Justicia  de Polic\u00eda  Local. A\u00f1o 2022\/ 560 P\u00e1g. Autor Leonardo Aravena Arredondo\" srcset=\"https:\/\/bibliotecajuridicavirtual.cl\/wp-content\/uploads\/2026\/02\/DERECHO-DEL-TRANSITO-300x429.png 300w, https:\/\/bibliotecajuridicavirtual.cl\/wp-content\/uploads\/2026\/02\/DERECHO-DEL-TRANSITO-64x91.png 64w, https:\/\/bibliotecajuridicavirtual.cl\/wp-content\/uploads\/2026\/02\/DERECHO-DEL-TRANSITO-210x300.png 210w, https:\/\/bibliotecajuridicavirtual.cl\/wp-content\/uploads\/2026\/02\/DERECHO-DEL-TRANSITO.png 303w\" sizes=\"(max-width: 300px) 100vw, 300px\" \/><h2 class=\"woocommerce-loop-product__title\">Derecho Del Transito. Justicia  de Polic\u00eda  Local. A\u00f1o 2022\/ 560 P\u00e1g. Autor Leonardo Aravena Arredondo<\/h2>\n\t<span class=\"price\"><span class=\"woocommerce-Price-amount amount\"><bdi><span class=\"woocommerce-Price-currencySymbol\">&#36;<\/span>78.436<\/bdi><\/span><\/span>\n<\/a><a href=\"\/index.php\/wp-json\/wp\/v2\/pages\/4709?add-to-cart=4017\" aria-describedby=\"woocommerce_loop_add_to_cart_link_describedby_4017\" data-quantity=\"1\" class=\"button product_type_simple add_to_cart_button ajax_add_to_cart\" data-product_id=\"4017\" data-product_sku=\"9789564002811\" aria-label=\"Agregar al carrito: &ldquo;Derecho Del Transito. Justicia  de Polic\u00eda  Local. A\u00f1o 2022\/ 560 P\u00e1g. Autor Leonardo Aravena Arredondo&rdquo;\" rel=\"nofollow\" data-success_message=\"&ldquo;Derecho Del Transito. Justicia  de Polic\u00eda  Local. A\u00f1o 2022\/ 560 P\u00e1g. Autor Leonardo Aravena Arredondo&rdquo; se ha a\u00f1adido a tu carro\" role=\"button\">Agregar al carrito<\/a>\t<span id=\"woocommerce_loop_add_to_cart_link_describedby_4017\" class=\"screen-reader-text\">\n\t\t\t<\/span>\n<\/li>\n<li class=\"product type-product post-3857 status-publish instock product_cat-juzgado-de-policia-local product_cat-thomson-reuters has-post-thumbnail shipping-taxable purchasable product-type-simple\">\n\t<a href=\"https:\/\/bibliotecajuridicavirtual.cl\/index.php\/product\/estrategica-y-practica-profesional-procedimientos-policia-local-practica-forense-ano-2022-128-pag-autor-thomson-reuters\/\" class=\"woocommerce-LoopProduct-link woocommerce-loop-product__link\"><img decoding=\"async\" width=\"300\" height=\"299\" src=\"https:\/\/bibliotecajuridicavirtual.cl\/wp-content\/uploads\/2026\/02\/PROCEDIMIENTO-POLCIIAL-300x299.png\" class=\"attachment-woocommerce_thumbnail size-woocommerce_thumbnail\" alt=\"Estrategica y pr\u00e1ctica Profesional Procedimientos Polic\u00eda Local ( Pr\u00e1ctica Forense). A\u00f1o 2022\/128 P\u00e1g. Autor Thomson Reuters\" srcset=\"https:\/\/bibliotecajuridicavirtual.cl\/wp-content\/uploads\/2026\/02\/PROCEDIMIENTO-POLCIIAL-300x300.png 300w, https:\/\/bibliotecajuridicavirtual.cl\/wp-content\/uploads\/2026\/02\/PROCEDIMIENTO-POLCIIAL-100x100.png 100w, https:\/\/bibliotecajuridicavirtual.cl\/wp-content\/uploads\/2026\/02\/PROCEDIMIENTO-POLCIIAL-64x64.png 64w, https:\/\/bibliotecajuridicavirtual.cl\/wp-content\/uploads\/2026\/02\/PROCEDIMIENTO-POLCIIAL-150x150.png 150w, https:\/\/bibliotecajuridicavirtual.cl\/wp-content\/uploads\/2026\/02\/PROCEDIMIENTO-POLCIIAL.png 501w\" sizes=\"(max-width: 300px) 100vw, 300px\" \/><h2 class=\"woocommerce-loop-product__title\">Estrategica y pr\u00e1ctica Profesional Procedimientos Polic\u00eda Local ( Pr\u00e1ctica Forense). A\u00f1o 2022\/128 P\u00e1g. Autor Thomson Reuters<\/h2>\n\t<span class=\"price\"><span class=\"woocommerce-Price-amount amount\"><bdi><span class=\"woocommerce-Price-currencySymbol\">&#36;<\/span>25.000<\/bdi><\/span><\/span>\n<\/a><a href=\"\/index.php\/wp-json\/wp\/v2\/pages\/4709?add-to-cart=3857\" aria-describedby=\"woocommerce_loop_add_to_cart_link_describedby_3857\" data-quantity=\"1\" class=\"button product_type_simple add_to_cart_button ajax_add_to_cart\" data-product_id=\"3857\" data-product_sku=\"9789564003054\" aria-label=\"Agregar al carrito: &ldquo;Estrategica y pr\u00e1ctica Profesional Procedimientos Polic\u00eda Local ( Pr\u00e1ctica Forense). A\u00f1o 2022\/128 P\u00e1g. Autor Thomson Reuters&rdquo;\" rel=\"nofollow\" data-success_message=\"&ldquo;Estrategica y pr\u00e1ctica Profesional Procedimientos Polic\u00eda Local ( Pr\u00e1ctica Forense). A\u00f1o 2022\/128 P\u00e1g. Autor Thomson Reuters&rdquo; se ha a\u00f1adido a tu carro\" role=\"button\">Agregar al carrito<\/a>\t<span id=\"woocommerce_loop_add_to_cart_link_describedby_3857\" class=\"screen-reader-text\">\n\t\t\t<\/span>\n<\/li>\n<li class=\"product type-product post-2835 status-publish last instock product_cat-administrativo product_cat-juzgado-de-policia-local product_cat-thomson-reuters has-post-thumbnail shipping-taxable purchasable product-type-simple\">\n\t<a href=\"https:\/\/bibliotecajuridicavirtual.cl\/index.php\/product\/compendio-de-normas-municipales-veronica-barrera-miranda-edicion-agosto-ano-2023-909-pag\/\" class=\"woocommerce-LoopProduct-link woocommerce-loop-product__link\"><img loading=\"lazy\" decoding=\"async\" width=\"300\" height=\"388\" src=\"https:\/\/bibliotecajuridicavirtual.cl\/wp-content\/uploads\/2026\/02\/COMPENDIO-DE-NORMAS-MUNICIPALES-300x388.png\" class=\"attachment-woocommerce_thumbnail size-woocommerce_thumbnail\" alt=\"Compendio de Normas Municipales - Ver\u00f3nica Barrera Miranda - edici\u00f3n Agosto a\u00f1o 2023\/ 909 P\u00e1g.\" srcset=\"https:\/\/bibliotecajuridicavirtual.cl\/wp-content\/uploads\/2026\/02\/COMPENDIO-DE-NORMAS-MUNICIPALES-300x388.png 300w, https:\/\/bibliotecajuridicavirtual.cl\/wp-content\/uploads\/2026\/02\/COMPENDIO-DE-NORMAS-MUNICIPALES-64x83.png 64w, https:\/\/bibliotecajuridicavirtual.cl\/wp-content\/uploads\/2026\/02\/COMPENDIO-DE-NORMAS-MUNICIPALES-232x300.png 232w, https:\/\/bibliotecajuridicavirtual.cl\/wp-content\/uploads\/2026\/02\/COMPENDIO-DE-NORMAS-MUNICIPALES.png 556w\" sizes=\"(max-width: 300px) 100vw, 300px\" \/><h2 class=\"woocommerce-loop-product__title\">Compendio de Normas Municipales &#8211; Ver\u00f3nica Barrera Miranda &#8211; edici\u00f3n Agosto a\u00f1o 2023\/ 909 P\u00e1g.<\/h2>\n\t<span class=\"price\"><span class=\"woocommerce-Price-amount amount\"><bdi><span class=\"woocommerce-Price-currencySymbol\">&#36;<\/span>128.700<\/bdi><\/span><\/span>\n<\/a><a href=\"\/index.php\/wp-json\/wp\/v2\/pages\/4709?add-to-cart=2835\" aria-describedby=\"woocommerce_loop_add_to_cart_link_describedby_2835\" data-quantity=\"1\" class=\"button product_type_simple add_to_cart_button ajax_add_to_cart\" data-product_id=\"2835\" data-product_sku=\"9789564003788\" aria-label=\"Agregar al carrito: &ldquo;Compendio de Normas Municipales - Ver\u00f3nica Barrera Miranda - edici\u00f3n Agosto a\u00f1o 2023\/ 909 P\u00e1g.&rdquo;\" rel=\"nofollow\" data-success_message=\"&ldquo;Compendio de Normas Municipales - Ver\u00f3nica Barrera Miranda - edici\u00f3n Agosto a\u00f1o 2023\/ 909 P\u00e1g.&rdquo; se ha a\u00f1adido a tu carro\" role=\"button\">Agregar al carrito<\/a>\t<span id=\"woocommerce_loop_add_to_cart_link_describedby_2835\" class=\"screen-reader-text\">\n\t\t\t<\/span>\n<\/li>\n<li class=\"product type-product post-2831 status-publish first instock product_cat-juzgado-de-policia-local has-post-thumbnail shipping-taxable purchasable product-type-simple\">\n\t<a href=\"https:\/\/bibliotecajuridicavirtual.cl\/index.php\/product\/nueva-practica-forense-policia-local-3era-edicion-ano-junio-2023-611-pag-autor-anibal-cornejo-manriquez\/\" class=\"woocommerce-LoopProduct-link woocommerce-loop-product__link\"><img loading=\"lazy\" decoding=\"async\" width=\"300\" height=\"388\" src=\"https:\/\/bibliotecajuridicavirtual.cl\/wp-content\/uploads\/2026\/02\/NUEVA-PRACTICA-FORENSE-POLICIA-LOCAL-3ERA-EDICION-2023-300x388.png\" class=\"attachment-woocommerce_thumbnail size-woocommerce_thumbnail\" alt=\"Nueva Practica Forense Polic\u00eda Local - 3era Edici\u00f3n. A\u00f1o Junio 2023\/ 611 P\u00e1g. Autor An\u00edbal Cornejo Manr\u00edquez\" srcset=\"https:\/\/bibliotecajuridicavirtual.cl\/wp-content\/uploads\/2026\/02\/NUEVA-PRACTICA-FORENSE-POLICIA-LOCAL-3ERA-EDICION-2023-300x388.png 300w, https:\/\/bibliotecajuridicavirtual.cl\/wp-content\/uploads\/2026\/02\/NUEVA-PRACTICA-FORENSE-POLICIA-LOCAL-3ERA-EDICION-2023-64x83.png 64w, https:\/\/bibliotecajuridicavirtual.cl\/wp-content\/uploads\/2026\/02\/NUEVA-PRACTICA-FORENSE-POLICIA-LOCAL-3ERA-EDICION-2023-232x300.png 232w, https:\/\/bibliotecajuridicavirtual.cl\/wp-content\/uploads\/2026\/02\/NUEVA-PRACTICA-FORENSE-POLICIA-LOCAL-3ERA-EDICION-2023.png 556w\" sizes=\"(max-width: 300px) 100vw, 300px\" \/><h2 class=\"woocommerce-loop-product__title\">Nueva Practica Forense Polic\u00eda Local &#8211; 3era Edici\u00f3n. A\u00f1o Junio 2023\/ 611 P\u00e1g. Autor An\u00edbal Cornejo Manr\u00edquez<\/h2>\n\t<span class=\"price\"><span class=\"woocommerce-Price-amount amount\"><bdi><span class=\"woocommerce-Price-currencySymbol\">&#36;<\/span>59.500<\/bdi><\/span><\/span>\n<\/a><a href=\"\/index.php\/wp-json\/wp\/v2\/pages\/4709?add-to-cart=2831\" aria-describedby=\"woocommerce_loop_add_to_cart_link_describedby_2831\" data-quantity=\"1\" class=\"button product_type_simple add_to_cart_button ajax_add_to_cart\" data-product_id=\"2831\" data-product_sku=\"\" aria-label=\"Agregar al carrito: &ldquo;Nueva Practica Forense Polic\u00eda Local - 3era Edici\u00f3n. A\u00f1o Junio 2023\/ 611 P\u00e1g. Autor An\u00edbal Cornejo Manr\u00edquez&rdquo;\" rel=\"nofollow\" data-success_message=\"&ldquo;Nueva Practica Forense Polic\u00eda Local - 3era Edici\u00f3n. A\u00f1o Junio 2023\/ 611 P\u00e1g. Autor An\u00edbal Cornejo Manr\u00edquez&rdquo; se ha a\u00f1adido a tu carro\" role=\"button\">Agregar al carrito<\/a>\t<span id=\"woocommerce_loop_add_to_cart_link_describedby_2831\" class=\"screen-reader-text\">\n\t\t\t<\/span>\n<\/li>\n<li class=\"product type-product post-2830 status-publish instock product_cat-editorial-tofulex-ediciones-juridicas product_cat-juzgado-de-policia-local has-post-thumbnail shipping-taxable purchasable product-type-simple\">\n\t<a href=\"https:\/\/bibliotecajuridicavirtual.cl\/index.php\/product\/procedimientos-policia-local-explicaciones-formularios-y-jurisprudencia-6ta-edicion-ano-2023-450-pag-autor-eric-andres-chavez-chavez\/\" class=\"woocommerce-LoopProduct-link woocommerce-loop-product__link\"><img loading=\"lazy\" decoding=\"async\" width=\"300\" height=\"388\" src=\"https:\/\/bibliotecajuridicavirtual.cl\/wp-content\/uploads\/2026\/02\/PROCEDIMIENTOS-POLICIA-LOCAL-TOFULEXZ-300x388.png\" class=\"attachment-woocommerce_thumbnail size-woocommerce_thumbnail\" alt=\"Procedimientos Polic\u00eda Local -  Explicaciones, Formularios y Jurisprudencia - 6ta Edici\u00f3n. A\u00f1o 2023\/ 450 P\u00e1g. Autor Eric Andr\u00e9s Ch\u00e1vez Ch\u00e1vez\" srcset=\"https:\/\/bibliotecajuridicavirtual.cl\/wp-content\/uploads\/2026\/02\/PROCEDIMIENTOS-POLICIA-LOCAL-TOFULEXZ-300x388.png 300w, https:\/\/bibliotecajuridicavirtual.cl\/wp-content\/uploads\/2026\/02\/PROCEDIMIENTOS-POLICIA-LOCAL-TOFULEXZ-64x83.png 64w, https:\/\/bibliotecajuridicavirtual.cl\/wp-content\/uploads\/2026\/02\/PROCEDIMIENTOS-POLICIA-LOCAL-TOFULEXZ-232x300.png 232w, https:\/\/bibliotecajuridicavirtual.cl\/wp-content\/uploads\/2026\/02\/PROCEDIMIENTOS-POLICIA-LOCAL-TOFULEXZ.png 556w\" sizes=\"(max-width: 300px) 100vw, 300px\" \/><h2 class=\"woocommerce-loop-product__title\">Procedimientos Polic\u00eda Local &#8211;  Explicaciones, Formularios y Jurisprudencia &#8211; 6ta Edici\u00f3n. A\u00f1o 2023\/ 450 P\u00e1g. Autor Eric Andr\u00e9s Ch\u00e1vez Ch\u00e1vez<\/h2>\n\t<span class=\"price\"><span class=\"woocommerce-Price-amount amount\"><bdi><span class=\"woocommerce-Price-currencySymbol\">&#36;<\/span>49.000<\/bdi><\/span><\/span>\n<\/a><a href=\"\/index.php\/wp-json\/wp\/v2\/pages\/4709?add-to-cart=2830\" aria-describedby=\"woocommerce_loop_add_to_cart_link_describedby_2830\" data-quantity=\"1\" class=\"button product_type_simple add_to_cart_button ajax_add_to_cart\" data-product_id=\"2830\" data-product_sku=\"\" aria-label=\"Agregar al carrito: &ldquo;Procedimientos Polic\u00eda Local -  Explicaciones, Formularios y Jurisprudencia - 6ta Edici\u00f3n. A\u00f1o 2023\/ 450 P\u00e1g. Autor Eric Andr\u00e9s Ch\u00e1vez Ch\u00e1vez&rdquo;\" rel=\"nofollow\" data-success_message=\"&ldquo;Procedimientos Polic\u00eda Local -  Explicaciones, Formularios y Jurisprudencia - 6ta Edici\u00f3n. A\u00f1o 2023\/ 450 P\u00e1g. Autor Eric Andr\u00e9s Ch\u00e1vez Ch\u00e1vez&rdquo; se ha a\u00f1adido a tu carro\" role=\"button\">Agregar al carrito<\/a>\t<span id=\"woocommerce_loop_add_to_cart_link_describedby_2830\" class=\"screen-reader-text\">\n\t\t\t<\/span>\n<\/li>\n<li class=\"product type-product post-1770 status-publish instock product_cat-administrativo product_cat-civil product_cat-comercial product_cat-derecho product_cat-derecho-ambiental product_cat-derecho-arbitral product_cat-juzgado-de-policia-local product_cat-thomson-reuters has-post-thumbnail shipping-taxable purchasable product-type-simple\">\n\t<a href=\"https:\/\/bibliotecajuridicavirtual.cl\/index.php\/product\/criterios-jurisprudenciales-de-los-tribunales-superiores-de-justicia-volumen-ii-felipe-valenzuela-quiros\/\" class=\"woocommerce-LoopProduct-link woocommerce-loop-product__link\"><img loading=\"lazy\" decoding=\"async\" width=\"300\" height=\"440\" src=\"https:\/\/bibliotecajuridicavirtual.cl\/wp-content\/uploads\/2026\/02\/CRITERIOS-JURISPRUDENCIALES-II-300x440.jpg\" class=\"attachment-woocommerce_thumbnail size-woocommerce_thumbnail\" alt=\"Criterios Jurisprudenciales de los Tribunales Superiores de Justicia, Volumen II - Felipe Valenzuela Quiros\" srcset=\"https:\/\/bibliotecajuridicavirtual.cl\/wp-content\/uploads\/2026\/02\/CRITERIOS-JURISPRUDENCIALES-II-300x440.jpg 300w, https:\/\/bibliotecajuridicavirtual.cl\/wp-content\/uploads\/2026\/02\/CRITERIOS-JURISPRUDENCIALES-II-64x94.jpg 64w, https:\/\/bibliotecajuridicavirtual.cl\/wp-content\/uploads\/2026\/02\/CRITERIOS-JURISPRUDENCIALES-II-205x300.jpg 205w, https:\/\/bibliotecajuridicavirtual.cl\/wp-content\/uploads\/2026\/02\/CRITERIOS-JURISPRUDENCIALES-II.jpg 309w\" sizes=\"(max-width: 300px) 100vw, 300px\" \/><h2 class=\"woocommerce-loop-product__title\">Criterios Jurisprudenciales de los Tribunales Superiores de Justicia, Volumen II &#8211; Felipe Valenzuela Quiros<\/h2>\n\t<span class=\"price\"><span class=\"woocommerce-Price-amount amount\"><bdi><span class=\"woocommerce-Price-currencySymbol\">&#36;<\/span>64.000<\/bdi><\/span><\/span>\n<\/a><a href=\"\/index.php\/wp-json\/wp\/v2\/pages\/4709?add-to-cart=1770\" aria-describedby=\"woocommerce_loop_add_to_cart_link_describedby_1770\" data-quantity=\"1\" class=\"button product_type_simple add_to_cart_button ajax_add_to_cart\" data-product_id=\"1770\" data-product_sku=\"9789564005621\" aria-label=\"Agregar al carrito: &ldquo;Criterios Jurisprudenciales de los Tribunales Superiores de Justicia, Volumen II - Felipe Valenzuela Quiros&rdquo;\" rel=\"nofollow\" data-success_message=\"&ldquo;Criterios Jurisprudenciales de los Tribunales Superiores de Justicia, Volumen II - Felipe Valenzuela Quiros&rdquo; se ha a\u00f1adido a tu carro\" role=\"button\">Agregar al carrito<\/a>\t<span id=\"woocommerce_loop_add_to_cart_link_describedby_1770\" class=\"screen-reader-text\">\n\t\t\t<\/span>\n<\/li>\n<\/ul>\n<\/div>\t\t\t\t<\/div>\n\t\t\t\t<\/div>\n\t\t\t\t\t<\/div>\n\t\t\t\t<\/div>\n\t\t\t\t<\/div>\n\t\t","protected":false},"excerpt":{"rendered":"<p>Juzgado de Polic\u00eda Local<\/p>\n","protected":false},"author":2,"featured_media":0,"parent":0,"menu_order":0,"comment_status":"closed","ping_status":"closed","template":"elementor_header_footer","meta":{"inline_featured_image":false,"_joinchat":[],"footnotes":""},"class_list":["post-4709","page","type-page","status-publish","hentry"],"_links":{"self":[{"href":"https:\/\/bibliotecajuridicavirtual.cl\/index.php\/wp-json\/wp\/v2\/pages\/4709","targetHints":{"allow":["GET"]}}],"collection":[{"href":"https:\/\/bibliotecajuridicavirtual.cl\/index.php\/wp-json\/wp\/v2\/pages"}],"about":[{"href":"https:\/\/bibliotecajuridicavirtual.cl\/index.php\/wp-json\/wp\/v2\/types\/page"}],"author":[{"embeddable":true,"href":"https:\/\/bibliotecajuridicavirtual.cl\/index.php\/wp-json\/wp\/v2\/users\/2"}],"replies":[{"embeddable":true,"href":"https:\/\/bibliotecajuridicavirtual.cl\/index.php\/wp-json\/wp\/v2\/comments?post=4709"}],"version-history":[{"count":7,"href":"https:\/\/bibliotecajuridicavirtual.cl\/index.php\/wp-json\/wp\/v2\/pages\/4709\/revisions"}],"predecessor-version":[{"id":4898,"href":"https:\/\/bibliotecajuridicavirtual.cl\/index.php\/wp-json\/wp\/v2\/pages\/4709\/revisions\/4898"}],"wp:attachment":[{"href":"https:\/\/bibliotecajuridicavirtual.cl\/index.php\/wp-json\/wp\/v2\/media?parent=4709"}],"curies":[{"name":"wp","href":"https:\/\/api.w.org\/{rel}","templated":true}]}}