{"id":4851,"date":"2026-03-03T10:55:02","date_gmt":"2026-03-03T13:55:02","guid":{"rendered":"https:\/\/bibliotecajuridicavirtual.cl\/?page_id=4851"},"modified":"2026-03-03T10:55:43","modified_gmt":"2026-03-03T13:55:43","slug":"derecho-minero","status":"publish","type":"page","link":"https:\/\/bibliotecajuridicavirtual.cl\/index.php\/derecho-minero\/","title":{"rendered":"Derecho Minero"},"content":{"rendered":"\t\t<div data-elementor-type=\"wp-page\" data-elementor-id=\"4851\" class=\"elementor elementor-4851\" data-elementor-post-type=\"page\">\n\t\t\t\t<div class=\"elementor-element elementor-element-9c9d28b e-flex e-con-boxed wpr-particle-no wpr-jarallax-no wpr-parallax-no wpr-sticky-section-no wpr-equal-height-no e-con e-parent\" data-id=\"9c9d28b\" data-element_type=\"container\" data-e-type=\"container\" data-settings=\"{&quot;background_background&quot;:&quot;classic&quot;}\">\n\t\t\t\t\t<div class=\"e-con-inner\">\n\t\t<div class=\"elementor-element elementor-element-be2bb4d e-con-full e-flex wpr-particle-no wpr-jarallax-no wpr-parallax-no wpr-sticky-section-no wpr-equal-height-no e-con e-child\" data-id=\"be2bb4d\" data-element_type=\"container\" data-e-type=\"container\">\n\t\t\t\t<div class=\"elementor-element elementor-element-5da4f87 elementor-widget elementor-widget-heading\" data-id=\"5da4f87\" data-element_type=\"widget\" data-e-type=\"widget\" data-widget_type=\"heading.default\">\n\t\t\t\t<div class=\"elementor-widget-container\">\n\t\t\t\t\t<h1 class=\"elementor-heading-title elementor-size-default\">Derecho \/ Minero<\/h1>\t\t\t\t<\/div>\n\t\t\t\t<\/div>\n\t\t\t\t<\/div>\n\t\t\t\t\t<\/div>\n\t\t\t\t<\/div>\n\t\t<div class=\"elementor-element elementor-element-f536256 e-flex e-con-boxed wpr-particle-no wpr-jarallax-no wpr-parallax-no wpr-sticky-section-no wpr-equal-height-no e-con e-parent\" data-id=\"f536256\" data-element_type=\"container\" data-e-type=\"container\">\n\t\t\t\t\t<div class=\"e-con-inner\">\n\t\t\t\t<div class=\"elementor-element elementor-element-d08b61d elementor-product-loop-item--align-center elementor-grid-4 elementor-grid-tablet-3 elementor-grid-mobile-2 elementor-products-grid elementor-wc-products elementor-show-pagination-border-yes elementor-widget elementor-widget-woocommerce-products\" data-id=\"d08b61d\" data-element_type=\"widget\" data-e-type=\"widget\" data-widget_type=\"woocommerce-products.default\">\n\t\t\t\t<div class=\"elementor-widget-container\">\n\t\t\t\t\t<div class=\"woocommerce columns-4 \"><div class=\"woocommerce-notices-wrapper\"><\/div><ul class=\"products elementor-grid columns-4\">\n<li class=\"product type-product post-3120 status-publish first instock product_cat-derecho-minero has-post-thumbnail shipping-taxable purchasable product-type-simple\">\n\t<a href=\"https:\/\/bibliotecajuridicavirtual.cl\/index.php\/product\/concesiones-mineras-ano-octubre-2018-189-pag-autor-salustio-f-montalva-del-pozo\/\" class=\"woocommerce-LoopProduct-link woocommerce-loop-product__link\"><img fetchpriority=\"high\" decoding=\"async\" width=\"300\" height=\"416\" src=\"https:\/\/bibliotecajuridicavirtual.cl\/wp-content\/uploads\/2026\/02\/CONCESIONES-MINERAS-300x416.png\" class=\"attachment-woocommerce_thumbnail size-woocommerce_thumbnail\" alt=\"Concesiones Mineras. A\u00f1o Octubre 2018 \/ 189 P\u00e1g. Autor Salustio F. Montalva Del Pozo\" srcset=\"https:\/\/bibliotecajuridicavirtual.cl\/wp-content\/uploads\/2026\/02\/CONCESIONES-MINERAS-300x416.png 300w, https:\/\/bibliotecajuridicavirtual.cl\/wp-content\/uploads\/2026\/02\/CONCESIONES-MINERAS-64x89.png 64w, https:\/\/bibliotecajuridicavirtual.cl\/wp-content\/uploads\/2026\/02\/CONCESIONES-MINERAS-217x300.png 217w, https:\/\/bibliotecajuridicavirtual.cl\/wp-content\/uploads\/2026\/02\/CONCESIONES-MINERAS.png 454w\" sizes=\"(max-width: 300px) 100vw, 300px\" \/><h2 class=\"woocommerce-loop-product__title\">Concesiones Mineras. A\u00f1o Octubre 2018 \/ 189 P\u00e1g. Autor Salustio F. Montalva Del Pozo<\/h2>\n\t<span class=\"price\"><span class=\"woocommerce-Price-amount amount\"><bdi><span class=\"woocommerce-Price-currencySymbol\">&#36;<\/span>24.990<\/bdi><\/span><\/span>\n<\/a><a href=\"\/index.php\/wp-json\/wp\/v2\/pages\/4851?add-to-cart=3120\" aria-describedby=\"woocommerce_loop_add_to_cart_link_describedby_3120\" data-quantity=\"1\" class=\"button product_type_simple add_to_cart_button ajax_add_to_cart\" data-product_id=\"3120\" data-product_sku=\"9789566022015\" aria-label=\"Agregar al carrito: &ldquo;Concesiones Mineras. A\u00f1o Octubre 2018 \/ 189 P\u00e1g. Autor Salustio F. Montalva Del Pozo&rdquo;\" rel=\"nofollow\" data-success_message=\"&ldquo;Concesiones Mineras. A\u00f1o Octubre 2018 \/ 189 P\u00e1g. Autor Salustio F. Montalva Del Pozo&rdquo; se ha a\u00f1adido a tu carro\" role=\"button\">Agregar al carrito<\/a>\t<span id=\"woocommerce_loop_add_to_cart_link_describedby_3120\" class=\"screen-reader-text\">\n\t\t\t<\/span>\n<\/li>\n<li class=\"product type-product post-2359 status-publish instock product_cat-administrativo product_cat-derecho product_cat-derecho-minero has-post-thumbnail shipping-taxable purchasable product-type-simple\">\n\t<a href=\"https:\/\/bibliotecajuridicavirtual.cl\/index.php\/product\/vision-jurisprudencial-de-las-servidumbres-mineras-editorial-hammurabi-2a-edicion-julio-2025-369-pag\/\" class=\"woocommerce-LoopProduct-link woocommerce-loop-product__link\"><img decoding=\"async\" width=\"300\" height=\"200\" src=\"https:\/\/bibliotecajuridicavirtual.cl\/wp-content\/uploads\/2026\/02\/SERVIDUMBRES-MINERAS-HAMMURABI-2025-300x200.png\" class=\"attachment-woocommerce_thumbnail size-woocommerce_thumbnail\" alt=\"Visi\u00f3n Jurisprudencial de las Servidumbres Mineras * Editorial Hammurabi * 2\u00aa edici\u00f3n - Julio 2025 - 369 P\u00e1g.\" srcset=\"https:\/\/bibliotecajuridicavirtual.cl\/wp-content\/uploads\/2026\/02\/SERVIDUMBRES-MINERAS-HAMMURABI-2025-300x200.png 300w, https:\/\/bibliotecajuridicavirtual.cl\/wp-content\/uploads\/2026\/02\/SERVIDUMBRES-MINERAS-HAMMURABI-2025-600x400.png 600w, https:\/\/bibliotecajuridicavirtual.cl\/wp-content\/uploads\/2026\/02\/SERVIDUMBRES-MINERAS-HAMMURABI-2025-64x43.png 64w, https:\/\/bibliotecajuridicavirtual.cl\/wp-content\/uploads\/2026\/02\/SERVIDUMBRES-MINERAS-HAMMURABI-2025.png 696w\" sizes=\"(max-width: 300px) 100vw, 300px\" \/><h2 class=\"woocommerce-loop-product__title\">Visi\u00f3n Jurisprudencial de las Servidumbres Mineras * Editorial Hammurabi * 2\u00aa edici\u00f3n &#8211; Julio 2025 &#8211; 369 P\u00e1g.<\/h2>\n\t<span class=\"price\"><span class=\"woocommerce-Price-amount amount\"><bdi><span class=\"woocommerce-Price-currencySymbol\">&#36;<\/span>39.000<\/bdi><\/span><\/span>\n<\/a><a href=\"\/index.php\/wp-json\/wp\/v2\/pages\/4851?add-to-cart=2359\" aria-describedby=\"woocommerce_loop_add_to_cart_link_describedby_2359\" data-quantity=\"1\" class=\"button product_type_simple add_to_cart_button ajax_add_to_cart\" data-product_id=\"2359\" data-product_sku=\"978956396680\" aria-label=\"Agregar al carrito: &ldquo;Visi\u00f3n Jurisprudencial de las Servidumbres Mineras * Editorial Hammurabi * 2\u00aa edici\u00f3n - Julio 2025 - 369 P\u00e1g.&rdquo;\" rel=\"nofollow\" data-success_message=\"&ldquo;Visi\u00f3n Jurisprudencial de las Servidumbres Mineras * Editorial Hammurabi * 2\u00aa edici\u00f3n - Julio 2025 - 369 P\u00e1g.&rdquo; se ha a\u00f1adido a tu carro\" role=\"button\">Agregar al carrito<\/a>\t<span id=\"woocommerce_loop_add_to_cart_link_describedby_2359\" class=\"screen-reader-text\">\n\t\t\t<\/span>\n<\/li>\n<li class=\"product type-product post-2026 status-publish instock product_cat-codigos-de-la-republica-de-chile-ano-2025 product_cat-derecho-minero has-post-thumbnail shipping-taxable purchasable product-type-simple\">\n\t<a href=\"https:\/\/bibliotecajuridicavirtual.cl\/index.php\/product\/codigo-de-mineria-vigesima-quinta-edicion-ano-2025-maria-luisa-baltra-vergara-directora\/\" class=\"woocommerce-LoopProduct-link woocommerce-loop-product__link\"><img decoding=\"async\" width=\"300\" height=\"374\" src=\"https:\/\/bibliotecajuridicavirtual.cl\/wp-content\/uploads\/2026\/02\/CODIGO-DE-MINERIA-2025-THOMSON-REUTER-300x374.jpg\" class=\"attachment-woocommerce_thumbnail size-woocommerce_thumbnail\" alt=\"C\u00f3digo de Miner\u00eda  Vig\u00e9sima quinta edici\u00f3n a\u00f1o 2025 -  Mar\u00eda Luisa Baltra Vergara (Directora)\" srcset=\"https:\/\/bibliotecajuridicavirtual.cl\/wp-content\/uploads\/2026\/02\/CODIGO-DE-MINERIA-2025-THOMSON-REUTER-300x374.jpg 300w, https:\/\/bibliotecajuridicavirtual.cl\/wp-content\/uploads\/2026\/02\/CODIGO-DE-MINERIA-2025-THOMSON-REUTER-600x747.jpg 600w, https:\/\/bibliotecajuridicavirtual.cl\/wp-content\/uploads\/2026\/02\/CODIGO-DE-MINERIA-2025-THOMSON-REUTER-64x80.jpg 64w, https:\/\/bibliotecajuridicavirtual.cl\/wp-content\/uploads\/2026\/02\/CODIGO-DE-MINERIA-2025-THOMSON-REUTER-241x300.jpg 241w, https:\/\/bibliotecajuridicavirtual.cl\/wp-content\/uploads\/2026\/02\/CODIGO-DE-MINERIA-2025-THOMSON-REUTER-768x956.jpg 768w, https:\/\/bibliotecajuridicavirtual.cl\/wp-content\/uploads\/2026\/02\/CODIGO-DE-MINERIA-2025-THOMSON-REUTER.jpg 800w\" sizes=\"(max-width: 300px) 100vw, 300px\" \/><h2 class=\"woocommerce-loop-product__title\">C\u00f3digo de Miner\u00eda  Vig\u00e9sima quinta edici\u00f3n a\u00f1o 2025 &#8211;  Mar\u00eda Luisa Baltra Vergara (Directora)<\/h2>\n\t<span class=\"price\"><span class=\"woocommerce-Price-amount amount\"><bdi><span class=\"woocommerce-Price-currencySymbol\">&#36;<\/span>46.000<\/bdi><\/span><\/span>\n<\/a><a href=\"\/index.php\/wp-json\/wp\/v2\/pages\/4851?add-to-cart=2026\" aria-describedby=\"woocommerce_loop_add_to_cart_link_describedby_2026\" data-quantity=\"1\" class=\"button product_type_simple add_to_cart_button ajax_add_to_cart\" data-product_id=\"2026\" data-product_sku=\"9789564006154\" aria-label=\"Agregar al carrito: &ldquo;C\u00f3digo de Miner\u00eda  Vig\u00e9sima quinta edici\u00f3n a\u00f1o 2025 -  Mar\u00eda Luisa Baltra Vergara (Directora)&rdquo;\" rel=\"nofollow\" data-success_message=\"&ldquo;C\u00f3digo de Miner\u00eda  Vig\u00e9sima quinta edici\u00f3n a\u00f1o 2025 -  Mar\u00eda Luisa Baltra Vergara (Directora)&rdquo; se ha a\u00f1adido a tu carro\" role=\"button\">Agregar al carrito<\/a>\t<span id=\"woocommerce_loop_add_to_cart_link_describedby_2026\" class=\"screen-reader-text\">\n\t\t\t<\/span>\n<\/li>\n<\/ul>\n<\/div>\t\t\t\t<\/div>\n\t\t\t\t<\/div>\n\t\t\t\t\t<\/div>\n\t\t\t\t<\/div>\n\t\t\t\t<\/div>\n\t\t","protected":false},"excerpt":{"rendered":"<p>Derecho \/ Minero<\/p>\n","protected":false},"author":2,"featured_media":0,"parent":0,"menu_order":0,"comment_status":"closed","ping_status":"closed","template":"elementor_header_footer","meta":{"inline_featured_image":false,"_joinchat":[],"footnotes":""},"class_list":["post-4851","page","type-page","status-publish","hentry"],"_links":{"self":[{"href":"https:\/\/bibliotecajuridicavirtual.cl\/index.php\/wp-json\/wp\/v2\/pages\/4851","targetHints":{"allow":["GET"]}}],"collection":[{"href":"https:\/\/bibliotecajuridicavirtual.cl\/index.php\/wp-json\/wp\/v2\/pages"}],"about":[{"href":"https:\/\/bibliotecajuridicavirtual.cl\/index.php\/wp-json\/wp\/v2\/types\/page"}],"author":[{"embeddable":true,"href":"https:\/\/bibliotecajuridicavirtual.cl\/index.php\/wp-json\/wp\/v2\/users\/2"}],"replies":[{"embeddable":true,"href":"https:\/\/bibliotecajuridicavirtual.cl\/index.php\/wp-json\/wp\/v2\/comments?post=4851"}],"version-history":[{"count":4,"href":"https:\/\/bibliotecajuridicavirtual.cl\/index.php\/wp-json\/wp\/v2\/pages\/4851\/revisions"}],"predecessor-version":[{"id":4856,"href":"https:\/\/bibliotecajuridicavirtual.cl\/index.php\/wp-json\/wp\/v2\/pages\/4851\/revisions\/4856"}],"wp:attachment":[{"href":"https:\/\/bibliotecajuridicavirtual.cl\/index.php\/wp-json\/wp\/v2\/media?parent=4851"}],"curies":[{"name":"wp","href":"https:\/\/api.w.org\/{rel}","templated":true}]}}