{"id":4869,"date":"2026-03-03T10:58:18","date_gmt":"2026-03-03T13:58:18","guid":{"rendered":"https:\/\/bibliotecajuridicavirtual.cl\/?page_id=4869"},"modified":"2026-03-03T10:58:59","modified_gmt":"2026-03-03T13:58:59","slug":"derecho-municipal","status":"publish","type":"page","link":"https:\/\/bibliotecajuridicavirtual.cl\/index.php\/derecho-municipal\/","title":{"rendered":"Derecho Municipal"},"content":{"rendered":"\t\t<div data-elementor-type=\"wp-page\" data-elementor-id=\"4869\" class=\"elementor elementor-4869\" data-elementor-post-type=\"page\">\n\t\t\t\t<div class=\"elementor-element elementor-element-9c9d28b e-flex e-con-boxed wpr-particle-no wpr-jarallax-no wpr-parallax-no wpr-sticky-section-no wpr-equal-height-no e-con e-parent\" data-id=\"9c9d28b\" data-element_type=\"container\" data-e-type=\"container\" data-settings=\"{&quot;background_background&quot;:&quot;classic&quot;}\">\n\t\t\t\t\t<div class=\"e-con-inner\">\n\t\t<div class=\"elementor-element elementor-element-be2bb4d e-con-full e-flex wpr-particle-no wpr-jarallax-no wpr-parallax-no wpr-sticky-section-no wpr-equal-height-no e-con e-child\" data-id=\"be2bb4d\" data-element_type=\"container\" data-e-type=\"container\">\n\t\t\t\t<div class=\"elementor-element elementor-element-5da4f87 elementor-widget elementor-widget-heading\" data-id=\"5da4f87\" data-element_type=\"widget\" data-e-type=\"widget\" data-widget_type=\"heading.default\">\n\t\t\t\t<div class=\"elementor-widget-container\">\n\t\t\t\t\t<h1 class=\"elementor-heading-title elementor-size-default\">Derecho \/ Municipal<\/h1>\t\t\t\t<\/div>\n\t\t\t\t<\/div>\n\t\t\t\t<\/div>\n\t\t\t\t\t<\/div>\n\t\t\t\t<\/div>\n\t\t<div class=\"elementor-element elementor-element-f536256 e-flex e-con-boxed wpr-particle-no wpr-jarallax-no wpr-parallax-no wpr-sticky-section-no wpr-equal-height-no e-con e-parent\" data-id=\"f536256\" data-element_type=\"container\" data-e-type=\"container\">\n\t\t\t\t\t<div class=\"e-con-inner\">\n\t\t\t\t<div class=\"elementor-element elementor-element-d08b61d elementor-product-loop-item--align-center elementor-grid-4 elementor-grid-tablet-3 elementor-grid-mobile-2 elementor-products-grid elementor-wc-products elementor-show-pagination-border-yes elementor-widget elementor-widget-woocommerce-products\" data-id=\"d08b61d\" data-element_type=\"widget\" data-e-type=\"widget\" data-widget_type=\"woocommerce-products.default\">\n\t\t\t\t<div class=\"elementor-widget-container\">\n\t\t\t\t\t<div class=\"woocommerce columns-4 \"><div class=\"woocommerce-notices-wrapper\"><\/div><ul class=\"products elementor-grid columns-4\">\n<li class=\"product type-product post-2413 status-publish first instock product_cat-civil product_cat-derecho product_cat-derecho-ambiental product_cat-derecho-medioambiental product_cat-derecho-municipal has-post-thumbnail shipping-taxable purchasable product-type-simple\">\n\t<a href=\"https:\/\/bibliotecajuridicavirtual.cl\/index.php\/product\/principios-del-moderno-derecho-de-aguas-chileno-una-lectura-a-la-luz-de-la-ley-n21-435-tatiana-celume-byrne-agosto-ano-2025-220-pag\/\" class=\"woocommerce-LoopProduct-link woocommerce-loop-product__link\"><img decoding=\"async\" width=\"180\" height=\"258\" src=\"https:\/\/bibliotecajuridicavirtual.cl\/wp-content\/uploads\/2026\/02\/Principios-del-Moderno-Derecho-de-Aguas-2025.webp\" class=\"attachment-woocommerce_thumbnail size-woocommerce_thumbnail\" alt=\"Principios del Moderno Derecho de Aguas Chileno. Una Lectura a la Luz de la Ley N\u00b021.435 * Tatiana Celume Byrne - Agosto a\u00f1o 2025 * 220 P\u00e1g.\" srcset=\"https:\/\/bibliotecajuridicavirtual.cl\/wp-content\/uploads\/2026\/02\/Principios-del-Moderno-Derecho-de-Aguas-2025.webp 180w, https:\/\/bibliotecajuridicavirtual.cl\/wp-content\/uploads\/2026\/02\/Principios-del-Moderno-Derecho-de-Aguas-2025-64x92.webp 64w\" sizes=\"(max-width: 180px) 100vw, 180px\" \/><h2 class=\"woocommerce-loop-product__title\">Principios del Moderno Derecho de Aguas Chileno. Una Lectura a la Luz de la Ley N\u00b021.435 * Tatiana Celume Byrne &#8211; Agosto a\u00f1o 2025 * 220 P\u00e1g.<\/h2>\n\t<span class=\"price\"><span class=\"woocommerce-Price-amount amount\"><bdi><span class=\"woocommerce-Price-currencySymbol\">&#36;<\/span>27.900<\/bdi><\/span><\/span>\n<\/a><a href=\"\/index.php\/wp-json\/wp\/v2\/pages\/4869?add-to-cart=2413\" aria-describedby=\"woocommerce_loop_add_to_cart_link_describedby_2413\" data-quantity=\"1\" class=\"button product_type_simple add_to_cart_button ajax_add_to_cart\" data-product_id=\"2413\" data-product_sku=\"9791370106829\" aria-label=\"Agregar al carrito: &ldquo;Principios del Moderno Derecho de Aguas Chileno. Una Lectura a la Luz de la Ley N\u00b021.435 * Tatiana Celume Byrne - Agosto a\u00f1o 2025 * 220 P\u00e1g.&rdquo;\" rel=\"nofollow\" data-success_message=\"&ldquo;Principios del Moderno Derecho de Aguas Chileno. Una Lectura a la Luz de la Ley N\u00b021.435 * Tatiana Celume Byrne - Agosto a\u00f1o 2025 * 220 P\u00e1g.&rdquo; se ha a\u00f1adido a tu carro\" role=\"button\">Agregar al carrito<\/a>\t<span id=\"woocommerce_loop_add_to_cart_link_describedby_2413\" class=\"screen-reader-text\">\n\t\t\t<\/span>\n<\/li>\n<li class=\"product type-product post-2340 status-publish instock product_cat-administrativo product_cat-civil product_cat-derecho product_cat-derecho-municipal has-post-thumbnail shipping-taxable purchasable product-type-simple\">\n\t<a href=\"https:\/\/bibliotecajuridicavirtual.cl\/index.php\/product\/derecho-municipal-carolina-helfmann-martini-paulina-cafena-jottar-sergio-guzman-silva-1a-edicion-ano-2025-188-pag\/\" class=\"woocommerce-LoopProduct-link woocommerce-loop-product__link\"><img fetchpriority=\"high\" decoding=\"async\" width=\"300\" height=\"430\" src=\"https:\/\/bibliotecajuridicavirtual.cl\/wp-content\/uploads\/2026\/02\/DERECHO-MUNICIPAL-2025-TIRANT-300x430.webp\" class=\"attachment-woocommerce_thumbnail size-woocommerce_thumbnail\" alt=\"Derecho Municipal * Carolina Helfmann - Martini Paulina Cafena Jottar - Sergio Guzm\u00e1n Silva * 1\u00aa Edici\u00f3n a\u00f1o 2025 -188 p\u00e1g.\" srcset=\"https:\/\/bibliotecajuridicavirtual.cl\/wp-content\/uploads\/2026\/02\/DERECHO-MUNICIPAL-2025-TIRANT-300x430.webp 300w, https:\/\/bibliotecajuridicavirtual.cl\/wp-content\/uploads\/2026\/02\/DERECHO-MUNICIPAL-2025-TIRANT-64x92.webp 64w, https:\/\/bibliotecajuridicavirtual.cl\/wp-content\/uploads\/2026\/02\/DERECHO-MUNICIPAL-2025-TIRANT-209x300.webp 209w, https:\/\/bibliotecajuridicavirtual.cl\/wp-content\/uploads\/2026\/02\/DERECHO-MUNICIPAL-2025-TIRANT.webp 360w\" sizes=\"(max-width: 300px) 100vw, 300px\" \/><h2 class=\"woocommerce-loop-product__title\">Derecho Municipal * Carolina Helfmann &#8211; Martini Paulina Cafena Jottar &#8211; Sergio Guzm\u00e1n Silva * 1\u00aa Edici\u00f3n a\u00f1o 2025 -188 p\u00e1g.<\/h2>\n\t<span class=\"price\"><span class=\"woocommerce-Price-amount amount\"><bdi><span class=\"woocommerce-Price-currencySymbol\">&#36;<\/span>18.000<\/bdi><\/span><\/span>\n<\/a><a href=\"\/index.php\/wp-json\/wp\/v2\/pages\/4869?add-to-cart=2340\" aria-describedby=\"woocommerce_loop_add_to_cart_link_describedby_2340\" data-quantity=\"1\" class=\"button product_type_simple add_to_cart_button ajax_add_to_cart\" data-product_id=\"2340\" data-product_sku=\"9788410956308\" aria-label=\"Agregar al carrito: &ldquo;Derecho Municipal * Carolina Helfmann - Martini Paulina Cafena Jottar - Sergio Guzm\u00e1n Silva * 1\u00aa Edici\u00f3n a\u00f1o 2025 -188 p\u00e1g.&rdquo;\" rel=\"nofollow\" data-success_message=\"&ldquo;Derecho Municipal * Carolina Helfmann - Martini Paulina Cafena Jottar - Sergio Guzm\u00e1n Silva * 1\u00aa Edici\u00f3n a\u00f1o 2025 -188 p\u00e1g.&rdquo; se ha a\u00f1adido a tu carro\" role=\"button\">Agregar al carrito<\/a>\t<span id=\"woocommerce_loop_add_to_cart_link_describedby_2340\" class=\"screen-reader-text\">\n\t\t\t<\/span>\n<\/li>\n<\/ul>\n<\/div>\t\t\t\t<\/div>\n\t\t\t\t<\/div>\n\t\t\t\t\t<\/div>\n\t\t\t\t<\/div>\n\t\t\t\t<\/div>\n\t\t","protected":false},"excerpt":{"rendered":"<p>Derecho \/ Municipal<\/p>\n","protected":false},"author":2,"featured_media":0,"parent":0,"menu_order":0,"comment_status":"closed","ping_status":"closed","template":"elementor_header_footer","meta":{"inline_featured_image":false,"_joinchat":[],"footnotes":""},"class_list":["post-4869","page","type-page","status-publish","hentry"],"_links":{"self":[{"href":"https:\/\/bibliotecajuridicavirtual.cl\/index.php\/wp-json\/wp\/v2\/pages\/4869","targetHints":{"allow":["GET"]}}],"collection":[{"href":"https:\/\/bibliotecajuridicavirtual.cl\/index.php\/wp-json\/wp\/v2\/pages"}],"about":[{"href":"https:\/\/bibliotecajuridicavirtual.cl\/index.php\/wp-json\/wp\/v2\/types\/page"}],"author":[{"embeddable":true,"href":"https:\/\/bibliotecajuridicavirtual.cl\/index.php\/wp-json\/wp\/v2\/users\/2"}],"replies":[{"embeddable":true,"href":"https:\/\/bibliotecajuridicavirtual.cl\/index.php\/wp-json\/wp\/v2\/comments?post=4869"}],"version-history":[{"count":4,"href":"https:\/\/bibliotecajuridicavirtual.cl\/index.php\/wp-json\/wp\/v2\/pages\/4869\/revisions"}],"predecessor-version":[{"id":4874,"href":"https:\/\/bibliotecajuridicavirtual.cl\/index.php\/wp-json\/wp\/v2\/pages\/4869\/revisions\/4874"}],"wp:attachment":[{"href":"https:\/\/bibliotecajuridicavirtual.cl\/index.php\/wp-json\/wp\/v2\/media?parent=4869"}],"curies":[{"name":"wp","href":"https:\/\/api.w.org\/{rel}","templated":true}]}}