{"id":1662,"date":"2026-02-28T00:53:24","date_gmt":"2026-02-28T03:53:24","guid":{"rendered":"https:\/\/bibliotecajuridicavirtual.cl\/?post_type=product&#038;p=1662"},"modified":"2026-02-28T00:53:33","modified_gmt":"2026-02-28T03:53:33","slug":"delitos-contra-la-vida-i-tomo-ano-junio-2024-478-pag-autor-hernan-silva-silva","status":"publish","type":"product","link":"https:\/\/bibliotecajuridicavirtual.cl\/index.php\/product\/delitos-contra-la-vida-i-tomo-ano-junio-2024-478-pag-autor-hernan-silva-silva\/","title":{"rendered":"Delitos Contra la Vida &#8211; I Tomo. A\u00f1o Junio 2024\/ 478 P\u00e1g. Autor Hern\u00e1n Silva Silva"},"content":{"rendered":"<p style=\"font-weight: 400;\">Como su nombre lo indica, el autor analiza en la primera parte del texto los diversos tipos de delitos contra la vida independiente, tales como el homicidio simple o com\u00fan, el parricidio, el homicidio calificado y el an\u00e1lisis de las agravatorias que lo componen.<\/p>\n<p style=\"font-weight: 400;\">Prosigue en la segunda parte con el delito contra la vida dependiente, como lo es el aborto, sus elementos y su tipolog\u00eda.<\/p>\n<p style=\"font-weight: 400;\">En la tercera y \u00faltima parte se estudia el delito de lesiones y mutilaciones que atentan contra la integridad f\u00edsica y ps\u00edquica de las personas, los diversos tipos de lesiones que se clasifican en grav\u00edsimas, graves, las menos graves y las leves, las agravadas, y en cada una de ellas sus caracter\u00edsticas.<\/p>\n<p style=\"font-weight: 400;\">En los respectivos cap\u00edtulos se incorporan las opiniones de autores nacionales y extranjeros, como igualmente las del autor debidamente fundamentadas.<\/p>\n<p style=\"font-weight: 400;\">En las materias tratadas en esta obra, su autor inserta recientes e importantes fallos con abundante bibliograf\u00eda de autores chilenos y extranjeros.<\/p>\n<p style=\"font-weight: 400;\">Este libro desarrolla la problem\u00e1tica de un triple estudio, como lo es el homicidio, el aborto y las lesiones, temas vigentes en sus diversos aspectos. Ser\u00e1 de inter\u00e9s, utilidad y aplicaci\u00f3n pr\u00e1ctica para el ejercicio profesional de abogados, defensores, fiscales, magistrados, acad\u00e9micos, alumnos de la carrera de derecho y por qu\u00e9 no, de conocimiento para el p\u00fablico en general.<\/p>\n<p style=\"font-weight: 400;\">\n<p style=\"font-weight: 400;\"><b><strong><u>CAP\u00cdTULO I<\/u><\/strong><\/b><b><strong><br \/>\nGENERALIDADES DE LOS DELITOS CONTRA LA VIDA: DEL HOMICIDIO Y SUS DIVERSOS TIPOS PENALES<\/strong><\/b><\/p>\n<ol>\n<li style=\"font-weight: 400;\">HOMICIDIO SIMPLE<\/li>\n<li style=\"font-weight: 400;\">HOMICIDIO CONCAUSAL<\/li>\n<\/ol>\n<p style=\"font-weight: 400;\">III. HOMICIDIO PRETERINTENCIONAL<\/p>\n<ol>\n<li style=\"font-weight: 400;\">HOMICIDIO CULPOSO O CUASIDELITO DE HOMICIDIO<\/li>\n<\/ol>\n<p style=\"font-weight: 400;\">VII. HOMICIDIO PERPETRADO CON OCASI\u00d3N DE OTROS DELITOS<br \/>\n<b><strong><br \/>\n<\/strong><\/b>1. En la injuria de hecho al Ministro del Culto (art\u00edculo 140)<br \/>\n2. Delito de secuestro (art\u00edculo 141)<br \/>\n3. En la aplicaci\u00f3n del tormento (art\u00edculo 150 A)<br \/>\n4. Delitos contra la salud (art\u00edculos 313 c y 317)<br \/>\n5. En los descarrilamientos dolosos (art\u00edculo 326)<br \/>\nAbandono de ni\u00f1os y personas desvalidas, a consecuencia de lo cual se sigue la muerte de los abandonados (art\u00edculos 348 al 351)<br \/>\n6. Abandono de parientes (art\u00edculo 352)<br \/>\n7. Violaci\u00f3n y homicidio (art\u00edculo 372 bis)<br \/>\n8. Robo con homicidio (art\u00edculo 433)<br \/>\n9. En caso de incendio, a consecuencia de \u00e9l resultan muertos (art\u00edculo 474)<\/p>\n<ol>\n<li style=\"font-weight: 400;\">An\u00e1lisis del delito de homicidio simple<br \/>\n<b><strong><br \/>\n<\/strong><\/b>I. Definiciones de homicidio<br \/>\nGeneralidades<br \/>\nMedios para cometer el delito de homicidio<br \/>\nJurisprudencia<br \/>\nCiertas formas del error de tipo en relaci\u00f3n con el delito de homicidio<br \/>\nPrecisi\u00f3n de t\u00e9rminos y conceptos<br \/>\nError en el golpe<br \/>\nError en la persona<\/li>\n<li style=\"font-weight: 400;\">An\u00e1lisis del homicidio preterintencional\n<p>Jurisprudencia<\/li>\n<\/ol>\n<p style=\"font-weight: 400;\">III. An\u00e1lisis del homicidio culposo<\/p>\n<p>De la responsabilidad m\u00e9dica, negligencia m\u00e9dica, mala praxis, o delito m\u00e9dico en el delito de homicidio culposo<\/p>\n<ul>\n<li style=\"font-weight: 400;\">Nota del autor<\/li>\n<\/ul>\n<ol>\n<li style=\"font-weight: 400;\">De la responsabilidad\n<p>2. Mala praxis m\u00e9dica<br \/>\n1) Responsabilidad m\u00e9dica<br \/>\nGeneralidades<br \/>\nA) Definici\u00f3n de deontolog\u00eda m\u00e9dica<br \/>\nB) Responsabilidad profesional m\u00e9dica en el derecho nacional<br \/>\nC) Tipos de actos culposos<br \/>\nJurisprudencia Nacional sobre Responsabilidad M\u00e9dica<br \/>\nComentario al fallo<br \/>\nProyecto de ley de un grupo de senadores que aumentan penas y modifican los arts. 490 y 491 del CP, Chile<br \/>\n\u2022 Nota del autor<br \/>\nProyecto de Ley<br \/>\nResponsabilidad penal del m\u00e9dico en el derecho comparado<\/li>\n<li style=\"font-weight: 400;\">An\u00e1lisis del delito de parricidio<\/li>\n<\/ol>\n<p style=\"font-weight: 400;\">Los requisitos del parricidio son<br \/>\nComunicabilidad del parentesco<br \/>\nNaturaleza jur\u00eddica del parricidio<br \/>\nConocimiento del v\u00ednculo<br \/>\nParricidio culposo<br \/>\nTeor\u00eda de la omisi\u00f3n y su relaci\u00f3n con el delito de parricidio<br \/>\nTipos penales de acci\u00f3n o su clasificaci\u00f3n<br \/>\nDerecho comparado<br \/>\nEl deber o posici\u00f3n de garante y el parricidio omisivo<br \/>\nDel principio del non bis in idem o del bis in idem<\/p>\n<ol>\n<li style=\"font-weight: 400;\">An\u00e1lisis del delito de femicidio o feminicidio<br \/>\n<b><strong><br \/>\n<\/strong><\/b>A) Generalidades<br \/>\n\u2022 Nota del autor<\/li>\n<li style=\"font-weight: 400;\">B) Requisitos del feminicidio<br \/>\nRequisitos de la convivencia, los que podemos mencionar<br \/>\nAmpliaci\u00f3n del an\u00e1lisis del delito de feminicidio en Chile, derecho comparado y conclusiones<br \/>\nNota del autor<br \/>\nLegislaci\u00f3n actual sobre el delito de feminicidio en Chile. portada de la Ley No 21212 que modifica el C\u00f3digo Penal, El C\u00f3digo Procesal Penal y la Ley No 18.216 en materia de tipificaci\u00f3n del feminicidio. Ministerio de Justicia y Derechos Humanos<br \/>\nAn\u00e1lisis Ley No 21.212 sobre tipificaci\u00f3n del delito de feminicidio o feminicidio en la actualidad<br \/>\nConforme a las modificaciones citadas la normativa del feminicidio es la siguiente a la fecha y an\u00e1lisis<br \/>\nTipos penales del feminicidio<br \/>\nAgravantes<br \/>\nFeminicidio agravado<br \/>\nAtenuante<br \/>\nOtras modificaciones<br \/>\nNaturaleza jur\u00eddica del delito y sus caracter\u00edsticas<br \/>\nJurisprudencia<br \/>\nFeminicidio frustrado | penal<br \/>\nEl delito de feminicidio en el derecho comparado<br \/>\nConclusiones<\/li>\n<li style=\"font-weight: 400;\">An\u00e1lisis del delito de infanticidio<\/li>\n<\/ol>\n<p style=\"font-weight: 400;\">Problem\u00e1tica del delito de infanticidio<br \/>\nSistemas referentes a la atenuaci\u00f3n de la pena en el delito de infanticidio<br \/>\n1) Sistema latino o de la motivaci\u00f3n<br \/>\n2) Sistema helv\u00e9tico o de la alteraci\u00f3n fisiol\u00f3gica<br \/>\n3) Sistema mixto<br \/>\nJurisprudencia<br \/>\nDerecho comparado<\/p>\n<p>VII. An\u00e1lisis el delito de homicidio calificado<\/p>\n<ol>\n<li style=\"font-weight: 400;\">Generalidades\n<p>II. An\u00e1lisis propiamente tal del delito de homicidio calificado (con sus modificaciones)<b><strong><br \/>\n<\/strong><\/b><br \/>\n1) Primera: alevos\u00eda<br \/>\nAmpliaci\u00f3n de la alevos\u00eda y sus distintas modalidades o hip\u00f3tesis<br \/>\nHip\u00f3tesis de la alevos\u00eda<br \/>\nOtros tipos de alevos\u00eda<br \/>\nJurisprudencia Tribunal Supremo de Espa\u00f1a<br \/>\nJurisprudencia<br \/>\n2) Segunda: por premio o promesa remuneratoria o por beneficio econ\u00f3mico o de otra naturaleza en provecho propio o de un tercero<br \/>\n\u2022 Nota del autor<br \/>\n3) Tercera: por medio del veneno<br \/>\n4) Cuarta: con ensa\u00f1amiento<br \/>\nJurisprudencia<br \/>\n5) Quinta: con premeditaci\u00f3n conocida<\/li>\n<\/ol>\n<p style=\"font-weight: 400;\">III. Participaci\u00f3n y comunicabilidad de las circunstancias calificantes<\/p>\n<ol>\n<li style=\"font-weight: 400;\">Premeditaci\u00f3n y alevos\u00eda<br \/>\nPrincipio de la comunicabilidad o teor\u00eda sobre la comunicabilidad<br \/>\nLa participaci\u00f3n y comunicabilidad de las circunstancias calificantes<br \/>\nPremeditaci\u00f3n y alevos\u00eda<br \/>\nConcurso de agravantes<br \/>\nJurisprudencia<br \/>\nDel iter criminis y otras materias afines de \u00e9l derivadas en relaci\u00f3n con el delito de homicidio y sus figuras penales<br \/>\n\u2022 Nota del autor<br \/>\nGeneralidades<br \/>\nLas siguientes fases del iter criminis<br \/>\nAn\u00e1lisis del art. 7 frente al homicidio simple<br \/>\nArt\u00edculo 7 del CP<br \/>\n\u00bfQu\u00e9 tienen de com\u00fan estas dos etapas de los actos ejecutivos?<br \/>\n\u00bfPorqu\u00e9 se castigan ambas etapas?<br \/>\nAn\u00e1lisis propiamente tal de la tentativa y la frustraci\u00f3n<br \/>\nRequisitos de la tentativa<br \/>\nRequisitos de la frustraci\u00f3n<br \/>\nDesistimiento en la tentativa y en la frustraci\u00f3n<br \/>\nJurisprudencia<br \/>\nEl delito consumado<br \/>\nEl delito agotado<br \/>\nOpini\u00f3n personal sobre algunos aspectos relevantes del iter criminis<br \/>\nEl delito imposible y el delito putativo vinculados al homicidio<br \/>\nPrecisi\u00f3n de conceptos<br \/>\nDel delito putativo<br \/>\nDerecho comparado<br \/>\nDe la punibilidad del delito imposible<br \/>\nDerecho comparado<br \/>\nLa tentativa en el Proyecto de Ley que establece un nuevo C\u00f3digo Penal<br \/>\nBolet\u00edn No 14795-07 96 a\u00f1o 2022<br \/>\nDerecho comparado<br \/>\n\u2022 Nota del autor<br \/>\nDe la eutanasia<br \/>\nLa eutanasia y derecho penal<br \/>\nI) Generalidades<br \/>\nII) Definiciones<br \/>\nIII) Clasificaciones de la eutanasia<br \/>\nPre\u00e1mbulo<br \/>\nDistribuci\u00f3n de los cap\u00edtulos y contenido<br \/>\n\u2022 Comentario del autor<br \/>\nSobre eutanasia y otros documentos<br \/>\n\u2022 Nota del autor<br \/>\nDerecho comparado<br \/>\n\u2022 Comentarios<\/li>\n<\/ol>\n<p style=\"font-weight: 400;\">VIII. EL HOMICIDIO EN RI\u00d1A O PELEA<b><strong><br \/>\n<\/strong><\/b><br \/>\nJurisprudencia<br \/>\nDerecho comparado<\/p>\n<ol>\n<li style=\"font-weight: 400;\">AN\u00c1LISIS DEL DELITO DE AUXILIO AL SUICIDIO<\/li>\n<li style=\"font-weight: 400;\">Generalidades\n<p>Definiciones<\/li>\n<li style=\"font-weight: 400;\">Conducta o acci\u00f3n t\u00edpica<\/li>\n<\/ol>\n<p style=\"font-weight: 400;\">III. L\u00edmites de la conducta t\u00edpica<\/p>\n<ol>\n<li style=\"font-weight: 400;\">Aspecto subjetivo<\/li>\n<li style=\"font-weight: 400;\">Requisito que la muerte se efect\u00fae<\/li>\n<li style=\"font-weight: 400;\">Participaci\u00f3n<\/li>\n<\/ol>\n<ul>\n<li style=\"font-weight: 400;\">Nota del autor<\/li>\n<\/ul>\n<ol>\n<li style=\"font-weight: 400;\">AN\u00c1LISIS DEL DELITO DE INDUCCI\u00d3N AL SUICIDIO<\/li>\n<li style=\"font-weight: 400;\">AN\u00c1LISIS DEL DELITO DE SUICIDIO FEMINICIDIO<\/li>\n<\/ol>\n<p style=\"font-weight: 400;\">Derecho comparado<\/p>\n<p style=\"font-weight: 400;\"><b><strong>CAP\u00cdTULO II<br \/>\nAN\u00c1LISIS DEL DELITO DE ABORTO Y SUS TIPOS PENALES EN EL CP, Y EN EL C\u00d3DIGO SANITARIO<\/strong><\/b><\/p>\n<ol>\n<li style=\"font-weight: 400;\">GENERALIDADES\n<p>Los 4 tipos de aborto<br \/>\n1. Aborto espont\u00e1neo<br \/>\n2. Aborto inducido<br \/>\n3. Aborto indirecto<br \/>\n4. Aborto peligroso<\/li>\n<li style=\"font-weight: 400;\">DEL ABORTO PROPIAMENTE TAL<\/li>\n<\/ol>\n<p style=\"font-weight: 400;\">III. EL ABORTO CRIMINAL EN CHILE<\/p>\n<ol>\n<li style=\"font-weight: 400;\">EL CONCEPTO JUR\u00cdDICO PENAL DEL ABORTO<\/li>\n<li style=\"font-weight: 400;\">DOCTRINA NACIONAL<\/li>\n<li style=\"font-weight: 400;\">DEFINICIONES DE ABORTO DESDE EL PUNTO DE VISTA PENAL<\/li>\n<\/ol>\n<p style=\"font-weight: 400;\">VII. ELEMENTOS DEL DELITO DE ABORTO<\/p>\n<p style=\"font-weight: 400;\">1) Existencia del embarazo<br \/>\n2) Que el feto est\u00e9 vivo<br \/>\n3) Voluntad de causar el aborto<br \/>\n4) El autor tiene que conocer el estado de embarazo<\/p>\n<p style=\"font-weight: 400;\">VIII. CLASIFICACI\u00d3N DEL DELITO DE ABORTO<\/p>\n<ol>\n<li style=\"font-weight: 400;\">ELEMENTOS ESTRUCTURALES O T\u00cdPICOS DEL ABORTO<\/li>\n<li style=\"font-weight: 400;\">Objeto jur\u00eddico protegido<br \/>\n2. Sujeto pasivo<br \/>\n3. Sujeto activo<\/li>\n<li style=\"font-weight: 400;\">FIGURAS O TIPOS PENALES DEL ABORTO. TIPOLOG\u00cdA O TIPICIDAD OBJETIVA<\/li>\n<li style=\"font-weight: 400;\">AN\u00c1LISIS DE LAS FIGURAS DEL ABORTO<\/li>\n<\/ol>\n<p style=\"font-weight: 400;\">1) Aborto causado por extra\u00f1os o terceros, que no sea el del facultativo<br \/>\n2) Aborto causado mediante violencia por terceros extra\u00f1os<br \/>\nCategorizaci\u00f3n del aborto del art. 343<br \/>\n3) Aborto sin consentimiento<br \/>\n4) Aborto con consentimiento<br \/>\n5) El autoaborto, o aborto causado por la propia mujer embarazada. Art\u00edculo 344 del C\u00f3digo Penal<br \/>\n6) Aborto abusivo del profesional del art\u00edculo 345 del C\u00f3digo Penal<\/p>\n<p>XII. APLICACI\u00d3N DE LOS CASOS DE ABORTO CONTEMPLADOS EN LA LEY NO 21.030. EN RELACI\u00d3N CON EL ART. 119 DEL C\u00d3DIGO SANITARIO<\/p>\n<p>XIII. TENDENCIAS ACTUALES SOBRE EL ABORTO<\/p>\n<p>Derecho comparado<br \/>\nEl aborto, en el proyecto de ley que establece un nuevo C\u00f3digo Penal, Chile, Bolet\u00edn No 14795-07, a\u00f1o 2022<\/p>\n<ul>\n<li style=\"font-weight: 400;\">4. Embarazo no consentido, aborto y lesi\u00f3n corporal del embri\u00f3n o feto<\/li>\n<\/ul>\n<p style=\"font-weight: 400;\">Conclusi\u00f3n<br \/>\nJurisprudencia<\/p>\n<p style=\"font-weight: 400;\">XIV. ACTUAL LEGISLACI\u00d3N NACIONAL SOBRE EL DELITO DE ABORTO SEG\u00daN LEY NO 21.030 DE 2017<\/p>\n<p style=\"font-weight: 400;\">Sentencia de la Corte Suprema<br \/>\nSentencia del Tribunal Constitucional<br \/>\nAntecedentes de la Ley No 21.030 del a\u00f1o 2017<br \/>\n\u2022 Comentarios del autor y resumen<br \/>\nTipicidad objetiva casos de la interrupci\u00f3n del embarazo<br \/>\nActual tratamiento legal del aborto en el C\u00f3digo Penal con las modificaciones de la Ley No 21.030<br \/>\nActual tratamiento legal del aborto en el C\u00f3digo Procesal Penal con las modificaciones de la Ley No 21.030<br \/>\nOtra modificaci\u00f3n<br \/>\nActual redacci\u00f3n del art\u00edculo 13 bis de la Ley de Trasplante de \u00d3rganos, donaci\u00f3n de \u00f3rganos, tejidos, etc., con las modificaciones de la ley No 21.030<br \/>\nArt\u00edculo transitorio de la Ley No 20.031<br \/>\nJurisprudencia<br \/>\nPrimera sentencia sobre aborto despu\u00e9s del a\u00f1o 2017, que despenaliza el aborto voluntario por las tres causales y comentarios<br \/>\n\u2022 Comentario del autor<\/p>\n<p style=\"font-weight: 400;\"><b><strong>CAP\u00cdTULO III<\/strong><\/b><br \/>\n<b><strong>AN\u00c1LISIS DEL DELITO DE LESIONES<\/strong><\/b><\/p>\n<p style=\"font-weight: 400;\">Denominaciones al delito de lesiones<br \/>\nLesiones Corporales<\/p>\n<p>I. GENERALIDADES<\/p>\n<p>II. DEFINICIONES DE LESIONES<\/p>\n<p>III. EL DELITO DE LESIONES EN EL C\u00d3DIGO PENAL<\/p>\n<p>1) Elementos comunes al delito de lesi\u00f3n<\/p>\n<p>IV. CLASIFICACIONES DEL DELITO DE LESIONES CORPORALES<b><strong><\/p>\n<p><\/strong><\/b>Clasificaciones del delito de lesiones<b><strong><\/p>\n<p><\/strong><\/b>V. DE LAS MUTILACIONES<\/p>\n<p>1) Concepto<br \/>\nMutilaciones agravadas<\/p>\n<p>VI. DE LAS LESIONES PROPIAMENTE TALES<\/p>\n<p>1) Clasificaci\u00f3n de las Lesiones<br \/>\nA) Lesiones graves<br \/>\nB) lesiones grav\u00edsimas<br \/>\nC) Otras lesiones graves o simplemente graves (art\u00edculo 397 No 2o C\u00f3digo Penal)<br \/>\nD) Las lesiones especiales graves del art\u00edculo 398 del C\u00f3digo Penal<br \/>\nE) Lesiones agravadas<br \/>\nF) Lesiones menos graves<br \/>\nG) Lesiones leves<br \/>\nDe las lesiones en ri\u00f1a o pelea<br \/>\nDisposiciones comunes a los delitos que se indican<br \/>\nDe ciertas lesiones contempladas en el derecho comparado, y ampliaci\u00f3n de las mismas<br \/>\n\u2022 Comentario del autor<br \/>\nLesiones en proyecto de ley que establece un nuevo C\u00f3digo Penal, Chile, Bolet\u00edn No 14795-07, a\u00f1o 2022<br \/>\nLesiones al feto<\/p>\n","protected":false},"excerpt":{"rendered":"<p>Como su nombre lo indica, el autor analiza en la primera parte del texto los diversos tipos de delitos contra la vida independiente, tales como el homicidio simple o com\u00fan, el parricidio, el homicidio calificado y el an\u00e1lisis de las agravatorias que lo componen. Prosigue en la segunda parte con el delito contra la vida dependiente, como lo es el aborto, sus elementos y su tipolog\u00eda. En la tercera y \u00faltima parte se estudia el delito de lesiones y mutilaciones que atentan contra la integridad f\u00edsica y ps\u00edquica de las personas, los diversos tipos de lesiones que se clasifican en grav\u00edsimas, graves, las menos graves y las leves, las agravadas, y en cada una de ellas sus caracter\u00edsticas. En los respectivos cap\u00edtulos se incorporan las opiniones de autores nacionales y extranjeros, como igualmente las del autor debidamente fundamentadas. En las materias tratadas en esta obra, su autor inserta recientes e importantes fallos con abundante bibliograf\u00eda de autores chilenos y extranjeros. Este libro desarrolla la problem\u00e1tica de un triple estudio, como lo es el homicidio, el aborto y las lesiones, temas vigentes en sus diversos aspectos. Ser\u00e1 de inter\u00e9s, utilidad y aplicaci\u00f3n pr\u00e1ctica para el ejercicio profesional de abogados, defensores, fiscales, magistrados, acad\u00e9micos, alumnos de la carrera de derecho y por qu\u00e9 no, de conocimiento para el p\u00fablico en general. CAP\u00cdTULO I GENERALIDADES DE LOS DELITOS CONTRA LA VIDA: DEL HOMICIDIO Y SUS DIVERSOS TIPOS PENALES HOMICIDIO SIMPLE HOMICIDIO CONCAUSAL III. HOMICIDIO PRETERINTENCIONAL HOMICIDIO CULPOSO O CUASIDELITO DE HOMICIDIO VII. HOMICIDIO PERPETRADO CON OCASI\u00d3N DE OTROS DELITOS 1. En la injuria de hecho al Ministro del Culto (art\u00edculo 140) 2. Delito de secuestro (art\u00edculo 141) 3. En la aplicaci\u00f3n del tormento (art\u00edculo 150 A) 4. Delitos contra la salud (art\u00edculos 313 c y 317) 5. En los descarrilamientos dolosos (art\u00edculo 326) Abandono de ni\u00f1os y personas desvalidas, a consecuencia de lo cual se sigue la muerte de los abandonados (art\u00edculos 348 al 351) 6. Abandono de parientes (art\u00edculo 352) 7. Violaci\u00f3n y homicidio (art\u00edculo 372 bis) 8. Robo con homicidio (art\u00edculo 433) 9. En caso de incendio, a consecuencia de \u00e9l resultan muertos (art\u00edculo 474) An\u00e1lisis del delito de homicidio simple I. Definiciones de homicidio Generalidades Medios para cometer el delito de homicidio Jurisprudencia Ciertas formas del error de tipo en relaci\u00f3n con el delito de homicidio Precisi\u00f3n de t\u00e9rminos y conceptos Error en el golpe Error en la persona An\u00e1lisis del homicidio preterintencional Jurisprudencia III. An\u00e1lisis del homicidio culposo De la responsabilidad m\u00e9dica, negligencia m\u00e9dica, mala praxis, o delito m\u00e9dico en el delito de homicidio culposo Nota del autor De la responsabilidad 2. Mala praxis m\u00e9dica 1) Responsabilidad m\u00e9dica Generalidades A) Definici\u00f3n de deontolog\u00eda m\u00e9dica B) Responsabilidad profesional m\u00e9dica en el derecho nacional C) Tipos de actos culposos Jurisprudencia Nacional sobre Responsabilidad M\u00e9dica Comentario al fallo Proyecto de ley de un grupo de senadores que aumentan penas y modifican los arts. 490 y 491 del CP, Chile \u2022 Nota del autor Proyecto de Ley Responsabilidad penal del m\u00e9dico en el derecho comparado An\u00e1lisis del delito de parricidio Los requisitos del parricidio son Comunicabilidad del parentesco Naturaleza jur\u00eddica del parricidio Conocimiento del v\u00ednculo Parricidio culposo Teor\u00eda de la omisi\u00f3n y su relaci\u00f3n con el delito de parricidio Tipos penales de acci\u00f3n o su clasificaci\u00f3n Derecho comparado El deber o posici\u00f3n de garante y el parricidio omisivo Del principio del non bis in idem o del bis in idem An\u00e1lisis del delito de femicidio o feminicidio A) Generalidades \u2022 Nota del autor B) Requisitos del feminicidio Requisitos de la convivencia, los que podemos mencionar Ampliaci\u00f3n del an\u00e1lisis del delito de feminicidio en Chile, derecho comparado y conclusiones Nota del autor Legislaci\u00f3n actual sobre el delito de feminicidio en Chile. portada de la Ley No 21212 que modifica el C\u00f3digo Penal, El C\u00f3digo Procesal Penal y la Ley No 18.216 en materia de tipificaci\u00f3n del feminicidio. Ministerio de Justicia y Derechos Humanos An\u00e1lisis Ley No 21.212 sobre tipificaci\u00f3n del delito de feminicidio o feminicidio en la actualidad Conforme a las modificaciones citadas la normativa del feminicidio es la siguiente a la fecha y an\u00e1lisis Tipos penales del feminicidio Agravantes Feminicidio agravado Atenuante Otras modificaciones Naturaleza jur\u00eddica del delito y sus caracter\u00edsticas Jurisprudencia Feminicidio frustrado | penal El delito de feminicidio en el derecho comparado Conclusiones An\u00e1lisis del delito de infanticidio Problem\u00e1tica del delito de infanticidio Sistemas referentes a la atenuaci\u00f3n de la pena en el delito de infanticidio 1) Sistema latino o de la motivaci\u00f3n 2) Sistema helv\u00e9tico o de la alteraci\u00f3n fisiol\u00f3gica 3) Sistema mixto Jurisprudencia Derecho comparado VII. An\u00e1lisis el delito de homicidio calificado Generalidades II. An\u00e1lisis propiamente tal del delito de homicidio calificado (con sus modificaciones) 1) Primera: alevos\u00eda Ampliaci\u00f3n de la alevos\u00eda y sus distintas modalidades o hip\u00f3tesis Hip\u00f3tesis de la alevos\u00eda Otros tipos de alevos\u00eda Jurisprudencia Tribunal Supremo de Espa\u00f1a Jurisprudencia 2) Segunda: por premio o promesa remuneratoria o por beneficio econ\u00f3mico o de otra naturaleza en provecho propio o de un tercero \u2022 Nota del autor 3) Tercera: por medio del veneno 4) Cuarta: con ensa\u00f1amiento Jurisprudencia 5) Quinta: con premeditaci\u00f3n conocida III. Participaci\u00f3n y comunicabilidad de las circunstancias calificantes Premeditaci\u00f3n y alevos\u00eda Principio de la comunicabilidad o teor\u00eda sobre la comunicabilidad La participaci\u00f3n y comunicabilidad de las circunstancias calificantes Premeditaci\u00f3n y alevos\u00eda Concurso de agravantes Jurisprudencia Del iter criminis y otras materias afines de \u00e9l derivadas en relaci\u00f3n con el delito de homicidio y sus figuras penales \u2022 Nota del autor Generalidades Las siguientes fases del iter criminis An\u00e1lisis del art. 7 frente al homicidio simple Art\u00edculo 7 del CP \u00bfQu\u00e9 tienen de com\u00fan estas dos etapas de los actos ejecutivos? \u00bfPorqu\u00e9 se castigan ambas etapas? An\u00e1lisis propiamente tal de la tentativa y la frustraci\u00f3n Requisitos de la tentativa Requisitos de la frustraci\u00f3n Desistimiento en la tentativa y en la frustraci\u00f3n Jurisprudencia El delito consumado El delito agotado Opini\u00f3n personal sobre algunos aspectos relevantes del iter criminis El delito imposible y el delito putativo vinculados al homicidio Precisi\u00f3n de conceptos Del delito putativo Derecho comparado<\/p>\n","protected":false},"featured_media":1692,"comment_status":"open","ping_status":"closed","template":"","meta":{"inline_featured_image":false,"_joinchat":[]},"product_brand":[],"product_cat":[30],"product_tag":[],"class_list":{"0":"post-1662","1":"product","2":"type-product","3":"status-publish","4":"has-post-thumbnail","6":"product_cat-penal","7":"product_shipping_class-a-convenir","9":"first","10":"instock","11":"shipping-taxable","12":"purchasable","13":"product-type-simple"},"_links":{"self":[{"href":"https:\/\/bibliotecajuridicavirtual.cl\/index.php\/wp-json\/wp\/v2\/product\/1662","targetHints":{"allow":["GET"]}}],"collection":[{"href":"https:\/\/bibliotecajuridicavirtual.cl\/index.php\/wp-json\/wp\/v2\/product"}],"about":[{"href":"https:\/\/bibliotecajuridicavirtual.cl\/index.php\/wp-json\/wp\/v2\/types\/product"}],"replies":[{"embeddable":true,"href":"https:\/\/bibliotecajuridicavirtual.cl\/index.php\/wp-json\/wp\/v2\/comments?post=1662"}],"wp:featuredmedia":[{"embeddable":true,"href":"https:\/\/bibliotecajuridicavirtual.cl\/index.php\/wp-json\/wp\/v2\/media\/1692"}],"wp:attachment":[{"href":"https:\/\/bibliotecajuridicavirtual.cl\/index.php\/wp-json\/wp\/v2\/media?parent=1662"}],"wp:term":[{"taxonomy":"product_brand","embeddable":true,"href":"https:\/\/bibliotecajuridicavirtual.cl\/index.php\/wp-json\/wp\/v2\/product_brand?post=1662"},{"taxonomy":"product_cat","embeddable":true,"href":"https:\/\/bibliotecajuridicavirtual.cl\/index.php\/wp-json\/wp\/v2\/product_cat?post=1662"},{"taxonomy":"product_tag","embeddable":true,"href":"https:\/\/bibliotecajuridicavirtual.cl\/index.php\/wp-json\/wp\/v2\/product_tag?post=1662"}],"curies":[{"name":"wp","href":"https:\/\/api.w.org\/{rel}","templated":true}]}}