{"id":1663,"date":"2026-02-28T00:53:24","date_gmt":"2026-02-28T03:53:24","guid":{"rendered":"https:\/\/bibliotecajuridicavirtual.cl\/?post_type=product&#038;p=1663"},"modified":"2026-02-28T00:53:34","modified_gmt":"2026-02-28T03:53:34","slug":"debido-proceso-ano-junio-2024-334-pag-autor-manuel-rodriguez-vega-y-rodrigo-bordachar-urrutia","status":"publish","type":"product","link":"https:\/\/bibliotecajuridicavirtual.cl\/index.php\/product\/debido-proceso-ano-junio-2024-334-pag-autor-manuel-rodriguez-vega-y-rodrigo-bordachar-urrutia\/","title":{"rendered":"Debido Proceso. A\u00f1o Junio 2024\/ 334 P\u00e1g. Autor Manuel Rodr\u00edguez Vega y Rodrigo Bordachar Urrutia"},"content":{"rendered":"<p>No hay libertad sin justicia, y para garantizar que la justicia sea tal, se requiere que las personas tengan acceso al derecho (como norma), pero tambi\u00e9n a que exista un \u00f3rgano que cautele la titularidad y ejercicio de los derechos y obligaciones. Se necesita, por tanto, de una buena administraci\u00f3n de justicia que vele y de garant\u00edas a todos los intervinientes, que ser\u00e1n juzgados por un tribunal independiente e imparcial y ser\u00e1n<br \/>\nescuchados, donde tendr\u00e1n la oportunidad de presentar evidencias y de controvertir la prueba contraria, la decisi\u00f3n deber\u00e1 ser dictada dentro de un plazo razonable y que debe ser motivada producto de un proceso racional llevado por el juzgador.<br \/>\nTodo ello forma, pero no limita, la garant\u00eda del debido proceso que es un conjunto complejo y cambiante de garant\u00edas procesales, pero que no se limita a un campo netamente judicial. Intentar definirlo solo redunda en marginar sus contornos en un mundo cambiante, prueba de ello es que el debido proceso ha ampliado sus alcances a otras \u00e1reas en las cuales existe un \u00f3rgano decisor, como en el derecho administrativo.<br \/>\nEsta obra procura analizar el debido proceso desde sus or\u00edgenes hist\u00f3ricos hasta su aplicaci\u00f3n extensiva al derecho penal (desde donde surgieron sus primeras nociones), al derecho civil, al derecho administrativo e incluso a algunos procedimientos especiales como el arbitraje; para relevar su importancia, muchas veces oculta tras las normas sustantivas.<\/p>\n","protected":false},"excerpt":{"rendered":"<p>No hay libertad sin justicia, y para garantizar que la justicia sea tal, se requiere que las personas tengan acceso al derecho (como norma), pero tambi\u00e9n a que exista un \u00f3rgano que cautele la titularidad y ejercicio de los derechos y obligaciones. Se necesita, por tanto, de una buena administraci\u00f3n de justicia que vele y de garant\u00edas a todos los intervinientes, que ser\u00e1n juzgados por un tribunal independiente e imparcial y ser\u00e1n escuchados, donde tendr\u00e1n la oportunidad de presentar evidencias y de controvertir la prueba contraria, la decisi\u00f3n deber\u00e1 ser dictada dentro de un plazo razonable y que debe ser motivada producto de un proceso racional llevado por el juzgador. Todo ello forma, pero no limita, la garant\u00eda del debido proceso que es un conjunto complejo y cambiante de garant\u00edas procesales, pero que no se limita a un campo netamente judicial. Intentar definirlo solo redunda en marginar sus contornos en un mundo cambiante, prueba de ello es que el debido proceso ha ampliado sus alcances a otras \u00e1reas en las cuales existe un \u00f3rgano decisor, como en el derecho administrativo. Esta obra procura analizar el debido proceso desde sus or\u00edgenes hist\u00f3ricos hasta su aplicaci\u00f3n extensiva al derecho penal (desde donde surgieron sus primeras nociones), al derecho civil, al derecho administrativo e incluso a algunos procedimientos especiales como el arbitraje; para relevar su importancia, muchas veces oculta tras las normas sustantivas.<\/p>\n","protected":false},"featured_media":1693,"comment_status":"open","ping_status":"closed","template":"","meta":{"inline_featured_image":false,"_joinchat":[]},"product_brand":[],"product_cat":[38,39],"product_tag":[],"class_list":{"0":"post-1663","1":"product","2":"type-product","3":"status-publish","4":"has-post-thumbnail","6":"product_cat-editorial-der-ediciones","7":"product_cat-procesal-civil","9":"first","10":"instock","11":"shipping-taxable","12":"purchasable","13":"product-type-simple"},"_links":{"self":[{"href":"https:\/\/bibliotecajuridicavirtual.cl\/index.php\/wp-json\/wp\/v2\/product\/1663","targetHints":{"allow":["GET"]}}],"collection":[{"href":"https:\/\/bibliotecajuridicavirtual.cl\/index.php\/wp-json\/wp\/v2\/product"}],"about":[{"href":"https:\/\/bibliotecajuridicavirtual.cl\/index.php\/wp-json\/wp\/v2\/types\/product"}],"replies":[{"embeddable":true,"href":"https:\/\/bibliotecajuridicavirtual.cl\/index.php\/wp-json\/wp\/v2\/comments?post=1663"}],"wp:featuredmedia":[{"embeddable":true,"href":"https:\/\/bibliotecajuridicavirtual.cl\/index.php\/wp-json\/wp\/v2\/media\/1693"}],"wp:attachment":[{"href":"https:\/\/bibliotecajuridicavirtual.cl\/index.php\/wp-json\/wp\/v2\/media?parent=1663"}],"wp:term":[{"taxonomy":"product_brand","embeddable":true,"href":"https:\/\/bibliotecajuridicavirtual.cl\/index.php\/wp-json\/wp\/v2\/product_brand?post=1663"},{"taxonomy":"product_cat","embeddable":true,"href":"https:\/\/bibliotecajuridicavirtual.cl\/index.php\/wp-json\/wp\/v2\/product_cat?post=1663"},{"taxonomy":"product_tag","embeddable":true,"href":"https:\/\/bibliotecajuridicavirtual.cl\/index.php\/wp-json\/wp\/v2\/product_tag?post=1663"}],"curies":[{"name":"wp","href":"https:\/\/api.w.org\/{rel}","templated":true}]}}