{"id":1664,"date":"2026-02-28T00:53:24","date_gmt":"2026-02-28T03:53:24","guid":{"rendered":"https:\/\/bibliotecajuridicavirtual.cl\/?post_type=product&#038;p=1664"},"modified":"2026-02-28T00:53:37","modified_gmt":"2026-02-28T03:53:37","slug":"las-penas-determinacion-aplicacion-y-ejecucion-en-adultos-y-adolescentes-ano-junio-2024-450pag-autor-tania-gajardo-orellana-y-francisco-hermosilla-iriarte","status":"publish","type":"product","link":"https:\/\/bibliotecajuridicavirtual.cl\/index.php\/product\/las-penas-determinacion-aplicacion-y-ejecucion-en-adultos-y-adolescentes-ano-junio-2024-450pag-autor-tania-gajardo-orellana-y-francisco-hermosilla-iriarte\/","title":{"rendered":"Las Penas &#8211; Determinaci\u00f3n, Aplicaci\u00f3n y Ejecuci\u00f3n en adultos y adolescentes. A\u00f1o Junio 2024\/ 450P\u00e1g. Autor  Tania Gajardo Orellana  y Francisco Hermosilla Iriarte"},"content":{"rendered":"<p>La determinaci\u00f3n de las penas es una de las materias m\u00e1s problem\u00e1ticas del<br \/>\nderecho penal, en la que se conjugan reglas y normas de la parte general y especial.<br \/>\nEstas reglas \u2014determinadas en el C\u00f3digo Penal y en leyes especiales\u2014, han sido motivo de preocupaci\u00f3n desde su dictaci\u00f3n, sobre todo respecto a la labor de la judicatura en su determinaci\u00f3n y aplicaci\u00f3n. Con esta obra se pretende otorgar herramientas al lector para abordar este tema, desde las teor\u00edas que intentan dar un sentido a la pena hasta los aspectos pr\u00e1cticos, tanto en el r\u00e9gimen de adultos como de adolescentes. Comienza con un repaso de las teor\u00edas de la pena tradicionales y de las actuales visiones cr\u00edticas; luego se trata el sistema de penas de la responsabilidad penal de las personas jur\u00eddicas y se sigue con las reglas de determinaci\u00f3n legal y judicial de la pena en adultos. En este punto se habla del uso de un doble juego de reglas para la determinaci\u00f3n de la pena: por una parte, las que permiten la fijaci\u00f3n legal de la pena y, por el otro, las reglas de individualizaci\u00f3n judicial de la pena. Estas \u00faltimas son las que utilizan los jueces y las juezas. Para el caso de los adultos se identifican, al menos, 23 variables que inciden en la determinaci\u00f3n de la sanci\u00f3n aplicable. Tambi\u00e9n se hace referencia a cu\u00e1les son las notas diferenciales de la determinaci\u00f3n de la pena en la responsabilidad penal adolescente. Y se trata \u2014de manera sucinta\u2014 el r\u00e9gimen de penas sustitutivas de la Ley N\u00b0 18.216. Finalmente, se destina el \u00faltimo cap\u00edtulo a la justicia penitenciaria como un gran ausente en Chile.<\/p>\n","protected":false},"excerpt":{"rendered":"<p>La determinaci\u00f3n de las penas es una de las materias m\u00e1s problem\u00e1ticas del derecho penal, en la que se conjugan reglas y normas de la parte general y especial. Estas reglas \u2014determinadas en el C\u00f3digo Penal y en leyes especiales\u2014, han sido motivo de preocupaci\u00f3n desde su dictaci\u00f3n, sobre todo respecto a la labor de la judicatura en su determinaci\u00f3n y aplicaci\u00f3n. Con esta obra se pretende otorgar herramientas al lector para abordar este tema, desde las teor\u00edas que intentan dar un sentido a la pena hasta los aspectos pr\u00e1cticos, tanto en el r\u00e9gimen de adultos como de adolescentes. Comienza con un repaso de las teor\u00edas de la pena tradicionales y de las actuales visiones cr\u00edticas; luego se trata el sistema de penas de la responsabilidad penal de las personas jur\u00eddicas y se sigue con las reglas de determinaci\u00f3n legal y judicial de la pena en adultos. En este punto se habla del uso de un doble juego de reglas para la determinaci\u00f3n de la pena: por una parte, las que permiten la fijaci\u00f3n legal de la pena y, por el otro, las reglas de individualizaci\u00f3n judicial de la pena. Estas \u00faltimas son las que utilizan los jueces y las juezas. Para el caso de los adultos se identifican, al menos, 23 variables que inciden en la determinaci\u00f3n de la sanci\u00f3n aplicable. Tambi\u00e9n se hace referencia a cu\u00e1les son las notas diferenciales de la determinaci\u00f3n de la pena en la responsabilidad penal adolescente. Y se trata \u2014de manera sucinta\u2014 el r\u00e9gimen de penas sustitutivas de la Ley N\u00b0 18.216. Finalmente, se destina el \u00faltimo cap\u00edtulo a la justicia penitenciaria como un gran ausente en Chile.<\/p>\n","protected":false},"featured_media":1694,"comment_status":"open","ping_status":"closed","template":"","meta":{"inline_featured_image":false,"_joinchat":[]},"product_brand":[],"product_cat":[38,30],"product_tag":[],"class_list":{"0":"post-1664","1":"product","2":"type-product","3":"status-publish","4":"has-post-thumbnail","6":"product_cat-editorial-der-ediciones","7":"product_cat-penal","8":"product_shipping_class-a-convenir","10":"first","11":"instock","12":"shipping-taxable","13":"purchasable","14":"product-type-simple"},"_links":{"self":[{"href":"https:\/\/bibliotecajuridicavirtual.cl\/index.php\/wp-json\/wp\/v2\/product\/1664","targetHints":{"allow":["GET"]}}],"collection":[{"href":"https:\/\/bibliotecajuridicavirtual.cl\/index.php\/wp-json\/wp\/v2\/product"}],"about":[{"href":"https:\/\/bibliotecajuridicavirtual.cl\/index.php\/wp-json\/wp\/v2\/types\/product"}],"replies":[{"embeddable":true,"href":"https:\/\/bibliotecajuridicavirtual.cl\/index.php\/wp-json\/wp\/v2\/comments?post=1664"}],"wp:featuredmedia":[{"embeddable":true,"href":"https:\/\/bibliotecajuridicavirtual.cl\/index.php\/wp-json\/wp\/v2\/media\/1694"}],"wp:attachment":[{"href":"https:\/\/bibliotecajuridicavirtual.cl\/index.php\/wp-json\/wp\/v2\/media?parent=1664"}],"wp:term":[{"taxonomy":"product_brand","embeddable":true,"href":"https:\/\/bibliotecajuridicavirtual.cl\/index.php\/wp-json\/wp\/v2\/product_brand?post=1664"},{"taxonomy":"product_cat","embeddable":true,"href":"https:\/\/bibliotecajuridicavirtual.cl\/index.php\/wp-json\/wp\/v2\/product_cat?post=1664"},{"taxonomy":"product_tag","embeddable":true,"href":"https:\/\/bibliotecajuridicavirtual.cl\/index.php\/wp-json\/wp\/v2\/product_tag?post=1664"}],"curies":[{"name":"wp","href":"https:\/\/api.w.org\/{rel}","templated":true}]}}