{"id":1665,"date":"2026-02-28T00:53:24","date_gmt":"2026-02-28T03:53:24","guid":{"rendered":"https:\/\/bibliotecajuridicavirtual.cl\/?post_type=product&#038;p=1665"},"modified":"2026-02-28T00:53:38","modified_gmt":"2026-02-28T03:53:38","slug":"investigacion-forense-de-documentos-firmas-y-escrituras-ano-junio-2024-492-pag-autor-jose-manuel-antonio-duarte-ulloa","status":"publish","type":"product","link":"https:\/\/bibliotecajuridicavirtual.cl\/index.php\/product\/investigacion-forense-de-documentos-firmas-y-escrituras-ano-junio-2024-492-pag-autor-jose-manuel-antonio-duarte-ulloa\/","title":{"rendered":"Investigaci\u00f3n Forense de Documentos, Firmas y Escrituras. A\u00f1o Junio 2024\/492 P\u00e1g. Autor Jos\u00e9 Manuel Antonio Duarte Ulloa"},"content":{"rendered":"<p>En la presente publicaci\u00f3n, se exponen las diferentes modalidades de falsificaci\u00f3n y adulteraci\u00f3n documental. Asimismo, propuestas de investigaci\u00f3n relacionadas con t\u00f3picos espec\u00edficos del fraude documental.<\/p>\n<p>La obra que usted tiene en sus manos, es el resultado del constante debate del ejercicio de nuestra especialidad investigativa, que incorporan distintas miradas de colegas de pa\u00edses hispanoparlantes.<\/p>\n<p>El prop\u00f3sito de este libro, es fomentar el debate, despertar el esp\u00edritu de investigaci\u00f3n de colegas, acad\u00e9micos y peritos en documentolog\u00eda forense y alumnos; a\u00fan nos falta mucho por investigar, no todo est\u00e1 escrito \u00abcomo algunos colegas lo se\u00f1alan\u00bb<\/p>\n<p>Por otra parte, el fraude documental muta d\u00eda a d\u00eda, es por ello que los investigadores periciales, a cargo de orientar a los administradores de justicia, deben estar a la altura de los nuevos desaf\u00edos y cambios de paradigma que enfrenta esta tipolog\u00eda delictual en nuestra sociedad actual.<\/p>\n<p>INDICE<br \/>\nCAP\u00cdTULO I<br \/>\nPROTOCOLO PARA LA DETERMINACI\u00d3N DEL USO DE BOL\u00cdGRAFOS CON TINTAS TERMOCROM\u00c1TICAS EN PAPELES DE SEGURIDAD (tinta de l\u00e1pices PILOT que se borran)<br \/>\nJos\u00e9 Manuel Duarte Ulloa Chile<br \/>\nEvelyn Ant\u00fanez Esp\u00edndola Chile<\/p>\n<p>CAP\u00cdTULO II<br \/>\nLA FIRMA Y LA PERSONALIDAD.<br \/>\nRub\u00e9n Lozano G\u00f3mez M\u00e9xico y Jos\u00e9 Manuel Duarte Ulloa Chile.<\/p>\n<p>CAP\u00cdTULO III<br \/>\nPATR\u00d3N INDIVIDUALIZADO DE VARIABILIDAD GR\u00c1FICA P.I,VAG. Jes\u00fas Barr\u00f3n M. Espa\u00f1a.<\/p>\n<p>CAP\u00cdTULO IV<br \/>\nEL M\u00c9TODO GRAFOCIN\u00c9TICO<br \/>\nFrancisco Bartolo S\u00e1nchez M\u00e9xico.<\/p>\n<p>CAP\u00cdTULO V<br \/>\nPRESUNCI\u00d3N DE LA AUTENTICIDAD DE FIRMAS POR INDICIOS GR\u00c1FICOS<br \/>\nJuan \u00f6scar Dom\u00ednguez Rosales Per\u00fa.<\/p>\n<p>CAP\u00cdTULO VI<br \/>\nEL AN\u00c1LISIS DE FIRMAS MANUSCRISTAS EN OBRA PICT\u00d3RICA<br \/>\nVicente Fern\u00e1ndez Salmer\u00f3n Espa\u00f1a<\/p>\n<p>CAP\u00cdTULO VII<br \/>\nLA INDIVIDUALIDAD DE LA ESCRITURA EN LA CONSTRUCCI\u00d3N DE N\u00daMEROS<br \/>\nManuel Mart\u00edn Abrahamian Argentina<br \/>\nRa\u00fal A. Javier Aranda Argentina<br \/>\nLeonor B. Cassol Casanova Argentina.<\/p>\n<p>CAP\u00cdTULO VIII<br \/>\nINDIVIDUALIDAD EN LA ESCRITURA DE GEMELOS MONOCIG\u00d3TICOS<br \/>\nM\u00f3nica E. Mercedes Rampulla Argentina<br \/>\nIgnacio Mat\u00edas Moyano Argentina<\/p>\n<p>CAP\u00cdTULO IX<br \/>\nAN\u00c1LISIS DE LA ESCRITURA CON AEROSOL<br \/>\nFrancisco J. Tortosa L\u00f3pez Espa\u00f1a<\/p>\n<p>CAP\u00cdTULO X<br \/>\nIMPRESI\u00d3N DIGITAL<br \/>\nNarumi Pereira Lima Brasil<\/p>\n","protected":false},"excerpt":{"rendered":"<p>En la presente publicaci\u00f3n, se exponen las diferentes modalidades de falsificaci\u00f3n y adulteraci\u00f3n documental. Asimismo, propuestas de investigaci\u00f3n relacionadas con t\u00f3picos espec\u00edficos del fraude documental. La obra que usted tiene en sus manos, es el resultado del constante debate del ejercicio de nuestra especialidad investigativa, que incorporan distintas miradas de colegas de pa\u00edses hispanoparlantes. El prop\u00f3sito de este libro, es fomentar el debate, despertar el esp\u00edritu de investigaci\u00f3n de colegas, acad\u00e9micos y peritos en documentolog\u00eda forense y alumnos; a\u00fan nos falta mucho por investigar, no todo est\u00e1 escrito \u00abcomo algunos colegas lo se\u00f1alan\u00bb Por otra parte, el fraude documental muta d\u00eda a d\u00eda, es por ello que los investigadores periciales, a cargo de orientar a los administradores de justicia, deben estar a la altura de los nuevos desaf\u00edos y cambios de paradigma que enfrenta esta tipolog\u00eda delictual en nuestra sociedad actual. INDICE CAP\u00cdTULO I PROTOCOLO PARA LA DETERMINACI\u00d3N DEL USO DE BOL\u00cdGRAFOS CON TINTAS TERMOCROM\u00c1TICAS EN PAPELES DE SEGURIDAD (tinta de l\u00e1pices PILOT que se borran) Jos\u00e9 Manuel Duarte Ulloa Chile Evelyn Ant\u00fanez Esp\u00edndola Chile CAP\u00cdTULO II LA FIRMA Y LA PERSONALIDAD. Rub\u00e9n Lozano G\u00f3mez M\u00e9xico y Jos\u00e9 Manuel Duarte Ulloa Chile. CAP\u00cdTULO III PATR\u00d3N INDIVIDUALIZADO DE VARIABILIDAD GR\u00c1FICA P.I,VAG. Jes\u00fas Barr\u00f3n M. Espa\u00f1a. CAP\u00cdTULO IV EL M\u00c9TODO GRAFOCIN\u00c9TICO Francisco Bartolo S\u00e1nchez M\u00e9xico. CAP\u00cdTULO V PRESUNCI\u00d3N DE LA AUTENTICIDAD DE FIRMAS POR INDICIOS GR\u00c1FICOS Juan \u00f6scar Dom\u00ednguez Rosales Per\u00fa. CAP\u00cdTULO VI EL AN\u00c1LISIS DE FIRMAS MANUSCRISTAS EN OBRA PICT\u00d3RICA Vicente Fern\u00e1ndez Salmer\u00f3n Espa\u00f1a CAP\u00cdTULO VII LA INDIVIDUALIDAD DE LA ESCRITURA EN LA CONSTRUCCI\u00d3N DE N\u00daMEROS Manuel Mart\u00edn Abrahamian Argentina Ra\u00fal A. Javier Aranda Argentina Leonor B. Cassol Casanova Argentina. CAP\u00cdTULO VIII INDIVIDUALIDAD EN LA ESCRITURA DE GEMELOS MONOCIG\u00d3TICOS M\u00f3nica E. Mercedes Rampulla Argentina Ignacio Mat\u00edas Moyano Argentina CAP\u00cdTULO IX AN\u00c1LISIS DE LA ESCRITURA CON AEROSOL Francisco J. Tortosa L\u00f3pez Espa\u00f1a CAP\u00cdTULO X IMPRESI\u00d3N DIGITAL Narumi Pereira Lima Brasil<\/p>\n","protected":false},"featured_media":1695,"comment_status":"open","ping_status":"closed","template":"","meta":{"inline_featured_image":false,"_joinchat":[]},"product_brand":[],"product_cat":[26,40],"product_tag":[],"class_list":{"0":"post-1665","1":"product","2":"type-product","3":"status-publish","4":"has-post-thumbnail","6":"product_cat-derecho","7":"product_cat-ediciones-juridica-de-santiago","8":"product_shipping_class-a-convenir","10":"first","11":"instock","12":"shipping-taxable","13":"purchasable","14":"product-type-simple"},"_links":{"self":[{"href":"https:\/\/bibliotecajuridicavirtual.cl\/index.php\/wp-json\/wp\/v2\/product\/1665","targetHints":{"allow":["GET"]}}],"collection":[{"href":"https:\/\/bibliotecajuridicavirtual.cl\/index.php\/wp-json\/wp\/v2\/product"}],"about":[{"href":"https:\/\/bibliotecajuridicavirtual.cl\/index.php\/wp-json\/wp\/v2\/types\/product"}],"replies":[{"embeddable":true,"href":"https:\/\/bibliotecajuridicavirtual.cl\/index.php\/wp-json\/wp\/v2\/comments?post=1665"}],"wp:featuredmedia":[{"embeddable":true,"href":"https:\/\/bibliotecajuridicavirtual.cl\/index.php\/wp-json\/wp\/v2\/media\/1695"}],"wp:attachment":[{"href":"https:\/\/bibliotecajuridicavirtual.cl\/index.php\/wp-json\/wp\/v2\/media?parent=1665"}],"wp:term":[{"taxonomy":"product_brand","embeddable":true,"href":"https:\/\/bibliotecajuridicavirtual.cl\/index.php\/wp-json\/wp\/v2\/product_brand?post=1665"},{"taxonomy":"product_cat","embeddable":true,"href":"https:\/\/bibliotecajuridicavirtual.cl\/index.php\/wp-json\/wp\/v2\/product_cat?post=1665"},{"taxonomy":"product_tag","embeddable":true,"href":"https:\/\/bibliotecajuridicavirtual.cl\/index.php\/wp-json\/wp\/v2\/product_tag?post=1665"}],"curies":[{"name":"wp","href":"https:\/\/api.w.org\/{rel}","templated":true}]}}