{"id":1667,"date":"2026-02-28T00:53:24","date_gmt":"2026-02-28T03:53:24","guid":{"rendered":"https:\/\/bibliotecajuridicavirtual.cl\/?post_type=product&#038;p=1667"},"modified":"2026-02-28T00:53:42","modified_gmt":"2026-02-28T03:53:42","slug":"programa-del-curso-de-derecho-criminal-x-tomos-1era-edicion-ano-2010-2-000-pag-autor-francesco-carrara","status":"publish","type":"product","link":"https:\/\/bibliotecajuridicavirtual.cl\/index.php\/product\/programa-del-curso-de-derecho-criminal-x-tomos-1era-edicion-ano-2010-2-000-pag-autor-francesco-carrara\/","title":{"rendered":"Programa del Curso de Derecho Criminal &#8211;  X Tomos &#8211; 1era Edici\u00f3n. A\u00f1o 2010 \/ 2.000 P\u00e1g. Autor Francesco Carrara"},"content":{"rendered":"<p>Tomo I consta de parte Especial y General<\/p>\n<p>Tomo II conta de parte Especial y General<\/p>\n<p>Tomo III \u00fanico tomo<\/p>\n<p>Tomo IV \u00fanico tomo<\/p>\n<p>Tomo V \u00fanico tomo<\/p>\n<p>Tomo VI \u00fanico tomo<\/p>\n<p>Tomo VII \u00fanico tomo<\/p>\n<p>Ap\u00e9ndice<\/p>\n","protected":false},"excerpt":{"rendered":"<p>Tomo I consta de parte Especial y General Tomo II conta de parte Especial y General Tomo III \u00fanico tomo Tomo IV \u00fanico tomo Tomo V \u00fanico tomo Tomo VI \u00fanico tomo Tomo VII \u00fanico tomo Ap\u00e9ndice<\/p>\n","protected":false},"featured_media":1697,"comment_status":"open","ping_status":"closed","template":"","meta":{"inline_featured_image":false,"_joinchat":[]},"product_brand":[],"product_cat":[30],"product_tag":[],"class_list":{"0":"post-1667","1":"product","2":"type-product","3":"status-publish","4":"has-post-thumbnail","6":"product_cat-penal","7":"product_shipping_class-a-convenir","9":"first","10":"instock","11":"shipping-taxable","12":"purchasable","13":"product-type-simple"},"_links":{"self":[{"href":"https:\/\/bibliotecajuridicavirtual.cl\/index.php\/wp-json\/wp\/v2\/product\/1667","targetHints":{"allow":["GET"]}}],"collection":[{"href":"https:\/\/bibliotecajuridicavirtual.cl\/index.php\/wp-json\/wp\/v2\/product"}],"about":[{"href":"https:\/\/bibliotecajuridicavirtual.cl\/index.php\/wp-json\/wp\/v2\/types\/product"}],"replies":[{"embeddable":true,"href":"https:\/\/bibliotecajuridicavirtual.cl\/index.php\/wp-json\/wp\/v2\/comments?post=1667"}],"wp:featuredmedia":[{"embeddable":true,"href":"https:\/\/bibliotecajuridicavirtual.cl\/index.php\/wp-json\/wp\/v2\/media\/1697"}],"wp:attachment":[{"href":"https:\/\/bibliotecajuridicavirtual.cl\/index.php\/wp-json\/wp\/v2\/media?parent=1667"}],"wp:term":[{"taxonomy":"product_brand","embeddable":true,"href":"https:\/\/bibliotecajuridicavirtual.cl\/index.php\/wp-json\/wp\/v2\/product_brand?post=1667"},{"taxonomy":"product_cat","embeddable":true,"href":"https:\/\/bibliotecajuridicavirtual.cl\/index.php\/wp-json\/wp\/v2\/product_cat?post=1667"},{"taxonomy":"product_tag","embeddable":true,"href":"https:\/\/bibliotecajuridicavirtual.cl\/index.php\/wp-json\/wp\/v2\/product_tag?post=1667"}],"curies":[{"name":"wp","href":"https:\/\/api.w.org\/{rel}","templated":true}]}}