{"id":1668,"date":"2026-02-28T00:53:24","date_gmt":"2026-02-28T03:53:24","guid":{"rendered":"https:\/\/bibliotecajuridicavirtual.cl\/?post_type=product&#038;p=1668"},"modified":"2026-02-28T00:53:43","modified_gmt":"2026-02-28T03:53:43","slug":"delitos-de-peligro-y-proteccion-de-bienes-juridico-penales-supraindividuales-ano-junio-2024-333-pag-autor-mirentxu-corcoy-bidasolo-espana","status":"publish","type":"product","link":"https:\/\/bibliotecajuridicavirtual.cl\/index.php\/product\/delitos-de-peligro-y-proteccion-de-bienes-juridico-penales-supraindividuales-ano-junio-2024-333-pag-autor-mirentxu-corcoy-bidasolo-espana\/","title":{"rendered":"Delitos de Peligro y Protecci\u00f3n de Bienes Jur\u00eddico  &#8211; Penales Supraindividuales. A\u00f1o Junio 2024\/ 333 P\u00e1g. Autor  Mirentxu Corcoy Bidasolo (Espa\u00f1a)"},"content":{"rendered":"<p style=\"font-weight: 400;\">Con este trabajo se persiguen dos metas: la primera, referente a probar la legitimidad y autonom\u00eda de los bienes jur\u00eddicos supraindividuales y, a partir de ello, rehacer el concepto de \u201cdelitos de peligro\u201d. Se trata por tanto de analizar el concepto y naturaleza de los bienes jur\u00eddicos supraindividuales, a partir de perspectivas pol\u00edtico-criminales que tomen en consideraci\u00f3n tanto la valoraci\u00f3n social de la protecci\u00f3n penal de estos intereses como la eficacia y utilidad de la intervenci\u00f3n penal en estos \u00e1mbitos. Por otra parte, desde la \u00f3ptica del Derecho penal material, se pretende lograr un concepto de \u201cdelito de peligro\u201d que cumpla todos los principios garantistas asignados al Derecho penal.<\/p>\n<p style=\"font-weight: 400;\">El trabajo supone un intento de construir una \u201cTeor\u00eda general de los delitos de peligro\u201d, desde una perspectiva pol\u00edtico-criminal y atendiendo a los problemas que plantean los distintos grupos de delitos previstos en la Parte Especial como delitos contra bienes jur\u00eddicos supraindividuales, ya sean de peligro abstracto o de peligro concreto.<\/p>\n<p style=\"font-weight: 400;\">\n<ol>\n<li style=\"font-weight: 400;\"><b><strong> INTRODUCCI\u00d3N<\/strong><\/b><\/li>\n<li style=\"font-weight: 400;\"><b><strong> CONCEPTO DE PELIGRO<\/strong><\/b><\/li>\n<\/ol>\n<p style=\"font-weight: 400;\">II.1. Peligro objetivo y peligro subjetivo<br \/>\nA) Origen del concepto penal de peligro<br \/>\nB) Teor\u00edas subjetivas y objetivas del peligro<br \/>\nC) Concepto normativo de peligro<\/p>\n<p style=\"font-weight: 400;\">II.2. Concepto normativo de peligro: perspectiva ex ante<br \/>\nA) Infracci\u00f3n del cuidado como peligro. Autonom\u00eda\u00a0de los \u201cdelitos de peligro\u201d y concepto de peligro<br \/>\nB) Concepto normativo de peligro como \u00fanico\u00a0concepto v\u00e1lido para el Derecho penal<\/p>\n<p style=\"font-weight: 400;\"><b><strong>III. JUICIO SOBRE EL PELIGRO T\u00cdPICAMENTE RELEVANTE<\/strong><\/b><\/p>\n<p style=\"font-weight: 400;\">III.1. Perspectiva ex ante-ex post. Presupuesto de imputaci\u00f3n. El peligro como injusto t\u00edpico<br \/>\nA) Introducci\u00f3n<br \/>\nB) Peligro t\u00edpico objetivo<br \/>\nC) Peligro t\u00edpico subjetivo<br \/>\nD) Peculiaridades del juicio de peligro \u2013objetivo- subjetivo\u2013 en los \u201cdelitos de peligro\u201d<\/p>\n<p style=\"font-weight: 400;\">III.2. Perspectiva ex post. Primero y segundo juicio de imputaci\u00f3n. El peligro como resultado<br \/>\nA) Excurso: concepto de resultado<br \/>\nB) Primer juicio de imputaci\u00f3n: resultado en sentido jur\u00eddico<br \/>\nC) Segundo juicio de imputaci\u00f3n: resultado en sentido material. El peligro como resultado material<br \/>\nD) La lesi\u00f3n del objeto del delito como \u201cresultado\u201d en algunos delitos en los que se protegen bienes jur\u00eddicos supraindividuales<br \/>\nE) Peligro como elemento constitutivo de circunstancias que cualifican o agravan un delito<\/p>\n<ol>\n<li style=\"font-weight: 400;\"><b><strong> CONCEPTO Y CLASES DE \u201cDELITO DE PELIGRO\u201d: LA PROTECCI\u00d3N DE BIENES JUR\u00cdDICOS SUPRAINDIVIDUALES<\/strong><\/b><\/li>\n<\/ol>\n<p style=\"font-weight: 400;\">IV.1. Delitos de peligro en relaci\u00f3n con la protecci\u00f3n de bienes jur\u00eddico-penales supraindividuales<br \/>\nA) Introducci\u00f3n: concepto de bien jur\u00eddico-penal<br \/>\nB) Bienes jur\u00eddico-penales supraindividuales o colectivos<\/p>\n<p>IV.2. Delitos de peligro en relaci\u00f3n con el resultado<br \/>\nA) Delitos de peligro abstracto<br \/>\nB) Delitos de peligro concreto<\/p>\n<ol>\n<li style=\"font-weight: 400;\"><b><strong> TEOR\u00cdA GENERAL DE LOS \u201cDELITOS DE PELIGRO\u201d: ALGUNOS ASPECTOS FUNDAMENTALES<\/strong><\/b><\/li>\n<\/ol>\n<p style=\"font-weight: 400;\">V.1. Iter criminis en los \u201cdelitos de peligro\u201d<br \/>\nA) Consumaci\u00f3n en los \u201cdelitos de peligro\u201d. La imputaci\u00f3n del resultado de peligro en los delitos de peligro concreto<br \/>\nB) La tentativa en los \u201cdelitos de peligro\u201d. Peculiaridades del desistimiento en los \u201cdelitos de peligro\u201d<br \/>\nC) Actos preparatorios en relaci\u00f3n con los \u201cdelitos de peligro\u201d<\/p>\n<p>V.2. Tipo subjetivo en los \u201cdelitos de peligro\u201d<br \/>\nA) El dolo en los delitos contra bienes jur\u00eddicos supraindividuales. El llamado \u201cdolo de peligro\u201d<br \/>\nB) \u201cDelitos de peligro\u201d por imprudencia. El error en Los delitos contra bienes jur\u00eddicos supraindividuales<\/p>\n<p>V.3. Problemas espec\u00edfcos de autor\u00eda y participaci\u00f3n en los delitos contra bienes jur\u00eddicos supraindividuales<br \/>\nA) Caracter\u00edsticas de los delitos contra bienes jur\u00eddicos supra-individuales que afectan a la imputaci\u00f3n de la autor\u00eda<br \/>\nB) Coautor\u00eda, autor\u00eda accesoria y participaci\u00f3n en los \u201cdelitos de peligro\u201d<\/p>\n<p>V.4. Consecuencias de la autonom\u00eda de los \u201cdelitos de peligro\u201d en relaci\u00f3n con la soluci\u00f3n concursal<br \/>\nA) La referencia al bien jur\u00eddico como primer criterio de soluci\u00f3n concursal<br \/>\nB) Problemas derivados de la naturaleza jur\u00eddica mixta de algunos delitos contra bienes jur\u00eddicos supraindividuales<br \/>\nC) Las modalidades de realizaci\u00f3n t\u00edpica y el momento de consumaci\u00f3n en relaci\u00f3n con el concurso real de delitos. El problema de los llamados \u201cdelitos de habitualidad\u201d<\/p>\n<ol>\n<li style=\"font-weight: 400;\"><b><strong> CONCLUSI\u00d3N<\/strong><\/b><\/li>\n<\/ol>\n","protected":false},"excerpt":{"rendered":"<p>Con este trabajo se persiguen dos metas: la primera, referente a probar la legitimidad y autonom\u00eda de los bienes jur\u00eddicos supraindividuales y, a partir de ello, rehacer el concepto de \u201cdelitos de peligro\u201d. Se trata por tanto de analizar el concepto y naturaleza de los bienes jur\u00eddicos supraindividuales, a partir de perspectivas pol\u00edtico-criminales que tomen en consideraci\u00f3n tanto la valoraci\u00f3n social de la protecci\u00f3n penal de estos intereses como la eficacia y utilidad de la intervenci\u00f3n penal en estos \u00e1mbitos. Por otra parte, desde la \u00f3ptica del Derecho penal material, se pretende lograr un concepto de \u201cdelito de peligro\u201d que cumpla todos los principios garantistas asignados al Derecho penal. El trabajo supone un intento de construir una \u201cTeor\u00eda general de los delitos de peligro\u201d, desde una perspectiva pol\u00edtico-criminal y atendiendo a los problemas que plantean los distintos grupos de delitos previstos en la Parte Especial como delitos contra bienes jur\u00eddicos supraindividuales, ya sean de peligro abstracto o de peligro concreto. INTRODUCCI\u00d3N CONCEPTO DE PELIGRO II.1. Peligro objetivo y peligro subjetivo A) Origen del concepto penal de peligro B) Teor\u00edas subjetivas y objetivas del peligro C) Concepto normativo de peligro II.2. Concepto normativo de peligro: perspectiva ex ante A) Infracci\u00f3n del cuidado como peligro. Autonom\u00eda\u00a0de los \u201cdelitos de peligro\u201d y concepto de peligro B) Concepto normativo de peligro como \u00fanico\u00a0concepto v\u00e1lido para el Derecho penal III. JUICIO SOBRE EL PELIGRO T\u00cdPICAMENTE RELEVANTE III.1. Perspectiva ex ante-ex post. Presupuesto de imputaci\u00f3n. El peligro como injusto t\u00edpico A) Introducci\u00f3n B) Peligro t\u00edpico objetivo C) Peligro t\u00edpico subjetivo D) Peculiaridades del juicio de peligro \u2013objetivo- subjetivo\u2013 en los \u201cdelitos de peligro\u201d III.2. Perspectiva ex post. Primero y segundo juicio de imputaci\u00f3n. El peligro como resultado A) Excurso: concepto de resultado B) Primer juicio de imputaci\u00f3n: resultado en sentido jur\u00eddico C) Segundo juicio de imputaci\u00f3n: resultado en sentido material. El peligro como resultado material D) La lesi\u00f3n del objeto del delito como \u201cresultado\u201d en algunos delitos en los que se protegen bienes jur\u00eddicos supraindividuales E) Peligro como elemento constitutivo de circunstancias que cualifican o agravan un delito CONCEPTO Y CLASES DE \u201cDELITO DE PELIGRO\u201d: LA PROTECCI\u00d3N DE BIENES JUR\u00cdDICOS SUPRAINDIVIDUALES IV.1. Delitos de peligro en relaci\u00f3n con la protecci\u00f3n de bienes jur\u00eddico-penales supraindividuales A) Introducci\u00f3n: concepto de bien jur\u00eddico-penal B) Bienes jur\u00eddico-penales supraindividuales o colectivos IV.2. Delitos de peligro en relaci\u00f3n con el resultado A) Delitos de peligro abstracto B) Delitos de peligro concreto TEOR\u00cdA GENERAL DE LOS \u201cDELITOS DE PELIGRO\u201d: ALGUNOS ASPECTOS FUNDAMENTALES V.1. Iter criminis en los \u201cdelitos de peligro\u201d A) Consumaci\u00f3n en los \u201cdelitos de peligro\u201d. La imputaci\u00f3n del resultado de peligro en los delitos de peligro concreto B) La tentativa en los \u201cdelitos de peligro\u201d. Peculiaridades del desistimiento en los \u201cdelitos de peligro\u201d C) Actos preparatorios en relaci\u00f3n con los \u201cdelitos de peligro\u201d V.2. Tipo subjetivo en los \u201cdelitos de peligro\u201d A) El dolo en los delitos contra bienes jur\u00eddicos supraindividuales. El llamado \u201cdolo de peligro\u201d B) \u201cDelitos de peligro\u201d por imprudencia. El error en Los delitos contra bienes jur\u00eddicos supraindividuales V.3. Problemas espec\u00edfcos de autor\u00eda y participaci\u00f3n en los delitos contra bienes jur\u00eddicos supraindividuales A) Caracter\u00edsticas de los delitos contra bienes jur\u00eddicos supra-individuales que afectan a la imputaci\u00f3n de la autor\u00eda B) Coautor\u00eda, autor\u00eda accesoria y participaci\u00f3n en los \u201cdelitos de peligro\u201d V.4. Consecuencias de la autonom\u00eda de los \u201cdelitos de peligro\u201d en relaci\u00f3n con la soluci\u00f3n concursal A) La referencia al bien jur\u00eddico como primer criterio de soluci\u00f3n concursal B) Problemas derivados de la naturaleza jur\u00eddica mixta de algunos delitos contra bienes jur\u00eddicos supraindividuales C) Las modalidades de realizaci\u00f3n t\u00edpica y el momento de consumaci\u00f3n en relaci\u00f3n con el concurso real de delitos. El problema de los llamados \u201cdelitos de habitualidad\u201d CONCLUSI\u00d3N<\/p>\n","protected":false},"featured_media":1698,"comment_status":"open","ping_status":"closed","template":"","meta":{"inline_featured_image":false,"_joinchat":[]},"product_brand":[],"product_cat":[30],"product_tag":[],"class_list":{"0":"post-1668","1":"product","2":"type-product","3":"status-publish","4":"has-post-thumbnail","6":"product_cat-penal","7":"product_shipping_class-a-convenir","9":"first","10":"instock","11":"shipping-taxable","12":"purchasable","13":"product-type-simple"},"_links":{"self":[{"href":"https:\/\/bibliotecajuridicavirtual.cl\/index.php\/wp-json\/wp\/v2\/product\/1668","targetHints":{"allow":["GET"]}}],"collection":[{"href":"https:\/\/bibliotecajuridicavirtual.cl\/index.php\/wp-json\/wp\/v2\/product"}],"about":[{"href":"https:\/\/bibliotecajuridicavirtual.cl\/index.php\/wp-json\/wp\/v2\/types\/product"}],"replies":[{"embeddable":true,"href":"https:\/\/bibliotecajuridicavirtual.cl\/index.php\/wp-json\/wp\/v2\/comments?post=1668"}],"wp:featuredmedia":[{"embeddable":true,"href":"https:\/\/bibliotecajuridicavirtual.cl\/index.php\/wp-json\/wp\/v2\/media\/1698"}],"wp:attachment":[{"href":"https:\/\/bibliotecajuridicavirtual.cl\/index.php\/wp-json\/wp\/v2\/media?parent=1668"}],"wp:term":[{"taxonomy":"product_brand","embeddable":true,"href":"https:\/\/bibliotecajuridicavirtual.cl\/index.php\/wp-json\/wp\/v2\/product_brand?post=1668"},{"taxonomy":"product_cat","embeddable":true,"href":"https:\/\/bibliotecajuridicavirtual.cl\/index.php\/wp-json\/wp\/v2\/product_cat?post=1668"},{"taxonomy":"product_tag","embeddable":true,"href":"https:\/\/bibliotecajuridicavirtual.cl\/index.php\/wp-json\/wp\/v2\/product_tag?post=1668"}],"curies":[{"name":"wp","href":"https:\/\/api.w.org\/{rel}","templated":true}]}}