{"id":1669,"date":"2026-02-28T00:53:24","date_gmt":"2026-02-28T03:53:24","guid":{"rendered":"https:\/\/bibliotecajuridicavirtual.cl\/?post_type=product&#038;p=1669"},"modified":"2026-02-28T00:53:45","modified_gmt":"2026-02-28T03:53:45","slug":"esquemas-de-derecho-procesal-civil-preparacion-para-examen-de-grado-ano-junio-2024-590pag-autor-cristobal-farias-soto","status":"publish","type":"product","link":"https:\/\/bibliotecajuridicavirtual.cl\/index.php\/product\/esquemas-de-derecho-procesal-civil-preparacion-para-examen-de-grado-ano-junio-2024-590pag-autor-cristobal-farias-soto\/","title":{"rendered":"Esquemas de Derecho Procesal Civil &#8211; Preparaci\u00f3n para Examen de Grado. A\u00f1o Junio 2024\/ 590P\u00e1g.Autor Crist\u00f3bal Far\u00edas Soto"},"content":{"rendered":"<p style=\"font-weight: 400;\">Esta obra consiste en diversos Esquemas para preparar el Examen de grado, respecto de la materia fundamental de Derecho Procesal Civil. La idea de este trabajo es erigirse como una herramienta acad\u00e9mica imprescindible para ayudar en el estudio del examen de grado, especialmente dise\u00f1ada para estudiantes y, por qu\u00e9 no, para profesionales que deseen hacer un repaso de la materia.<\/p>\n<p style=\"font-weight: 400;\">Mediante una cuidadosa selecci\u00f3n de esquemas, se han condensado las materias m\u00e1s esenciales y preguntadas en los ex\u00e1menes de grado, en un formato claro y accesible, facilitando as\u00ed su comprensi\u00f3n y asimilaci\u00f3n. Desde los principios fundamentales hasta las complejidades pr\u00e1cticas, cada p\u00e1gina de esta obra est\u00e1 concebida para servir de gu\u00eda de una manera eficaz en tu estudio, preparaci\u00f3n y repaso de la materia.<\/p>\n<p style=\"font-weight: 400;\">Ser\u00e1 de gran utilidad para las nuevas generaciones de estudiantes de Derecho de nuestro pa\u00eds, as\u00ed tambi\u00e9n para todos los que deseen ampliar y o refrescar sus conocimientos en esta \u00e1rea tan recurrente cual es, el Derecho Procesal Civil.<\/p>\n<p style=\"font-weight: 400;\">\n<p style=\"font-weight: 400;\"><b><strong>CAP\u00cdTULO I<\/strong><\/b><br \/>\n<b><strong>PROCEDIMIENTO ORG\u00c1NICO<\/strong><\/b><\/p>\n<p style=\"font-weight: 400;\">Secci\u00f3n I: El Conflicto y sus Formas de Soluci\u00f3n<br \/>\nSecci\u00f3n II: Reglas para determinar el Tribunal<br \/>\nSecci\u00f3n III: El Derecho Procesal<br \/>\nSecci\u00f3n IV: La Jurisdicci\u00f3n<br \/>\nSecci\u00f3n V: La Competencia<br \/>\nSecci\u00f3n VI: La Distribuci\u00f3n de Causas<br \/>\nSecci\u00f3n VII: Las Contiendas y Cuestiones de Competencia<br \/>\nSecci\u00f3n VIII: Las Implicancias y Recusaciones<br \/>\nSecci\u00f3n IX: Los \u00d3rganos Jurisdiccionales, Los \u00c1rbitros, los Auxiliares dela Administraci\u00f3n de Justicia y los Abogados<\/p>\n<p style=\"font-weight: 400;\"><b><strong>CAP\u00cdTULO II<\/strong><\/b><br \/>\n<b><strong>DISPOSICIONES COMUNES A TODO PROCEDIMIENTO<\/strong><\/b><\/p>\n<p style=\"font-weight: 400;\">Secci\u00f3n I: El Proceso<br \/>\nSecci\u00f3n II: La Acci\u00f3n y la Pretensi\u00f3n<br \/>\nSecci\u00f3n III: La Defensa del Demandado<br \/>\nSecci\u00f3n IV: La Comparecencia en Juicio<br \/>\nSecci\u00f3n V: El Emplazamiento<br \/>\nSecci\u00f3n VI: La Paralizaci\u00f3n, Suspensi\u00f3n y Extinci\u00f3n del Procedimiento<br \/>\nSecci\u00f3n VII: Los Presupuestos Procesales<br \/>\nSecci\u00f3n VIII: Los Actos Jur\u00eddicos Procesales<br \/>\nSecci\u00f3n IX: La Formaci\u00f3n del Proceso<br \/>\nSecci\u00f3n X:Los Plazos<br \/>\nSecci\u00f3n XI: Las Actuaciones Judiciales<br \/>\nSecci\u00f3n XII: Las Notificaciones<br \/>\nSecci\u00f3n XIII: Las Resoluciones Judiciales<br \/>\nSecci\u00f3n V: El Emplazamiento<br \/>\nSecci\u00f3n VI: La Paralizaci\u00f3n, Suspensi\u00f3n y Extinci\u00f3n del Procedimiento<br \/>\nSecci\u00f3n VII:Los Presupuestos Procesales<br \/>\nSecci\u00f3n VIII:\u00a0Los Actos Jur\u00eddicos Procesales<br \/>\nSecci\u00f3n IX: La Formaci\u00f3n del Proceso<br \/>\nSecci\u00f3n X: Los Plazos<br \/>\nSecci\u00f3n XI: Las Actuaciones Judiciales<br \/>\nSecci\u00f3n XII: Las Notificaciones<br \/>\nSecci\u00f3n XIII: Las Resoluciones Judiciales<br \/>\nSecci\u00f3n IV: Incidentes Especiales<\/p>\n<p style=\"font-weight: 400;\"><b><strong>CAP\u00cdTULO V<\/strong><\/b><br \/>\n<b><strong>LAS MEDIDAS PRECAUTORIAS<\/strong><\/b><\/p>\n<p style=\"font-weight: 400;\">Secci\u00f3n I: Medidas Cautelares<br \/>\nSecci\u00f3n II: Las Medidas Prejudiciales<br \/>\nSecci\u00f3n III: Las Medidas Prejudiciales Preparatorias<br \/>\nSecci\u00f3n IV: Las Medidas Prejudiciales Probatorias<br \/>\nSecci\u00f3n V: Las Medidas Prejudiciales Precautorias<br \/>\nSecci\u00f3n VI: Las Medidas Precautorias del Art. 290 C.P.C<\/p>\n<p style=\"font-weight: 400;\"><b><strong>CAP\u00cdTULO VI<\/strong><\/b><br \/>\n<b><strong>ASPECTOS GENERALES DE LA PRUEBA<\/strong><\/b><\/p>\n<p style=\"font-weight: 400;\"><b><strong>CAP\u00cdTULO VII<\/strong><\/b><br \/>\n<b><strong>LOS MEDIOS DE PRUEBA<\/strong><\/b><\/p>\n<p style=\"font-weight: 400;\">Secci\u00f3n I: La Prueba Instrumental<br \/>\nSecci\u00f3n II: La Prueba Testimonial<br \/>\nSecci\u00f3n III: La Prueba Confesional<br \/>\nSecci\u00f3n IV: La Prueba Pericial<br \/>\nSecci\u00f3n V: La Inspecci\u00f3n Personal del Tribunal<br \/>\nSecci\u00f3n VI: Las Presunciones<br \/>\nSecci\u00f3n VII: Los Modernos Medios de Prueba<\/p>\n<p style=\"font-weight: 400;\"><b><strong>CAP\u00cdTULO VII<\/strong><\/b><br \/>\n<b><strong>LOS JUICIOS ESPECIALES<\/strong><\/b><\/p>\n<p style=\"font-weight: 400;\">Secci\u00f3n I: Juicio de Arrendamiento de Bienes Ra\u00edces<br \/>\nSecci\u00f3n II: Juicio Ordinario de Menor Cuant\u00eda<br \/>\nSecci\u00f3n III: Juicio Ordinario de M\u00ednima Cuant\u00eda<br \/>\nSecci\u00f3n IV: El Juicio de Hacienda<br \/>\nSecci\u00f3n V: El Juicio Sumario<br \/>\nSecci\u00f3n VI: Ejecuci\u00f3n Resoluciones del Extranjero<br \/>\nSecci\u00f3n VII: Los Procedimientos Ejecutivos<br \/>\nSecci\u00f3n VIII: El Procedimiento de Ejecuci\u00f3n Incidental<\/p>\n<p style=\"font-weight: 400;\"><b><strong>CAP\u00cdTULO VIII<\/strong><\/b><br \/>\n<b><strong>EL JUICIO EJECUTIVO<\/strong><\/b><\/p>\n<p style=\"font-weight: 400;\">Secci\u00f3n I: El Juicio Ejecutivo Generalidades<br \/>\nSecci\u00f3n II: El Juicio Ejecutivo de Dar<br \/>\nSecci\u00f3n III: El Juicio Ejecutivo de Hacer<br \/>\nSecci\u00f3n IV: El Juicio Ejecutivo de No Hacer<br \/>\nSecci\u00f3n V: El Juicio Ejecutivo de M\u00ednima Cuant\u00eda<br \/>\nJuicios Especiales ante \u00c1rbitros<br \/>\nProcedimiento general de asuntos no contenciosos<\/p>\n<p style=\"font-weight: 400;\"><b><strong>CAP\u00cdTULO IX<\/strong><\/b><br \/>\n<b><strong>LOS RECURSOS PROCESALES<\/strong><\/b><\/p>\n<p style=\"font-weight: 400;\">Secci\u00f3n I: Generalidades<br \/>\nSecci\u00f3n II: Recurso de Aclaraci\u00f3n, Interpretaci\u00f3n, Rectificaci\u00f3n o Enmienda (A.I.R.E.)<br \/>\nSecci\u00f3n III: Recurso de Reposici\u00f3n<br \/>\nSecci\u00f3n IV: Recurso de Apelaci\u00f3n<br \/>\nSecci\u00f3n V: Recurso de Hecho<br \/>\nSecci\u00f3n VI: Recurso de Casaci\u00f3n<br \/>\nSecci\u00f3n VII: Recurso de Queja<br \/>\nSecci\u00f3n VIII: Recurso de Nulidad (Penal)<br \/>\nSecci\u00f3n IX: Recurso de Protecci\u00f3n<br \/>\nSecci\u00f3n X: Recurso de Amparo (Habeas Corpus)<br \/>\nSecci\u00f3n XI: Recurso de Amparo Econ\u00f3mico<br \/>\nSecci\u00f3n XII: Recurso de Inaplicabilidad<br \/>\nSecci\u00f3n XIII: Recurso de Revisi\u00f3n<\/p>\n<p style=\"font-weight: 400;\"><b><strong>CAP\u00cdTULO X<\/strong><\/b><br \/>\n<b><strong>LA COSA JUZGADA<\/strong><\/b><\/p>\n","protected":false},"excerpt":{"rendered":"<p>Esta obra consiste en diversos Esquemas para preparar el Examen de grado, respecto de la materia fundamental de Derecho Procesal Civil. La idea de este trabajo es erigirse como una herramienta acad\u00e9mica imprescindible para ayudar en el estudio del examen de grado, especialmente dise\u00f1ada para estudiantes y, por qu\u00e9 no, para profesionales que deseen hacer un repaso de la materia. Mediante una cuidadosa selecci\u00f3n de esquemas, se han condensado las materias m\u00e1s esenciales y preguntadas en los ex\u00e1menes de grado, en un formato claro y accesible, facilitando as\u00ed su comprensi\u00f3n y asimilaci\u00f3n. Desde los principios fundamentales hasta las complejidades pr\u00e1cticas, cada p\u00e1gina de esta obra est\u00e1 concebida para servir de gu\u00eda de una manera eficaz en tu estudio, preparaci\u00f3n y repaso de la materia. Ser\u00e1 de gran utilidad para las nuevas generaciones de estudiantes de Derecho de nuestro pa\u00eds, as\u00ed tambi\u00e9n para todos los que deseen ampliar y o refrescar sus conocimientos en esta \u00e1rea tan recurrente cual es, el Derecho Procesal Civil. CAP\u00cdTULO I PROCEDIMIENTO ORG\u00c1NICO Secci\u00f3n I: El Conflicto y sus Formas de Soluci\u00f3n Secci\u00f3n II: Reglas para determinar el Tribunal Secci\u00f3n III: El Derecho Procesal Secci\u00f3n IV: La Jurisdicci\u00f3n Secci\u00f3n V: La Competencia Secci\u00f3n VI: La Distribuci\u00f3n de Causas Secci\u00f3n VII: Las Contiendas y Cuestiones de Competencia Secci\u00f3n VIII: Las Implicancias y Recusaciones Secci\u00f3n IX: Los \u00d3rganos Jurisdiccionales, Los \u00c1rbitros, los Auxiliares dela Administraci\u00f3n de Justicia y los Abogados CAP\u00cdTULO II DISPOSICIONES COMUNES A TODO PROCEDIMIENTO Secci\u00f3n I: El Proceso Secci\u00f3n II: La Acci\u00f3n y la Pretensi\u00f3n Secci\u00f3n III: La Defensa del Demandado Secci\u00f3n IV: La Comparecencia en Juicio Secci\u00f3n V: El Emplazamiento Secci\u00f3n VI: La Paralizaci\u00f3n, Suspensi\u00f3n y Extinci\u00f3n del Procedimiento Secci\u00f3n VII: Los Presupuestos Procesales Secci\u00f3n VIII: Los Actos Jur\u00eddicos Procesales Secci\u00f3n IX: La Formaci\u00f3n del Proceso Secci\u00f3n X:Los Plazos Secci\u00f3n XI: Las Actuaciones Judiciales Secci\u00f3n XII: Las Notificaciones Secci\u00f3n XIII: Las Resoluciones Judiciales Secci\u00f3n V: El Emplazamiento Secci\u00f3n VI: La Paralizaci\u00f3n, Suspensi\u00f3n y Extinci\u00f3n del Procedimiento Secci\u00f3n VII:Los Presupuestos Procesales Secci\u00f3n VIII:\u00a0Los Actos Jur\u00eddicos Procesales Secci\u00f3n IX: La Formaci\u00f3n del Proceso Secci\u00f3n X: Los Plazos Secci\u00f3n XI: Las Actuaciones Judiciales Secci\u00f3n XII: Las Notificaciones Secci\u00f3n XIII: Las Resoluciones Judiciales Secci\u00f3n IV: Incidentes Especiales CAP\u00cdTULO V LAS MEDIDAS PRECAUTORIAS Secci\u00f3n I: Medidas Cautelares Secci\u00f3n II: Las Medidas Prejudiciales Secci\u00f3n III: Las Medidas Prejudiciales Preparatorias Secci\u00f3n IV: Las Medidas Prejudiciales Probatorias Secci\u00f3n V: Las Medidas Prejudiciales Precautorias Secci\u00f3n VI: Las Medidas Precautorias del Art. 290 C.P.C CAP\u00cdTULO VI ASPECTOS GENERALES DE LA PRUEBA CAP\u00cdTULO VII LOS MEDIOS DE PRUEBA Secci\u00f3n I: La Prueba Instrumental Secci\u00f3n II: La Prueba Testimonial Secci\u00f3n III: La Prueba Confesional Secci\u00f3n IV: La Prueba Pericial Secci\u00f3n V: La Inspecci\u00f3n Personal del Tribunal Secci\u00f3n VI: Las Presunciones Secci\u00f3n VII: Los Modernos Medios de Prueba CAP\u00cdTULO VII LOS JUICIOS ESPECIALES Secci\u00f3n I: Juicio de Arrendamiento de Bienes Ra\u00edces Secci\u00f3n II: Juicio Ordinario de Menor Cuant\u00eda Secci\u00f3n III: Juicio Ordinario de M\u00ednima Cuant\u00eda Secci\u00f3n IV: El Juicio de Hacienda Secci\u00f3n V: El Juicio Sumario Secci\u00f3n VI: Ejecuci\u00f3n Resoluciones del Extranjero Secci\u00f3n VII: Los Procedimientos Ejecutivos Secci\u00f3n VIII: El Procedimiento de Ejecuci\u00f3n Incidental CAP\u00cdTULO VIII EL JUICIO EJECUTIVO Secci\u00f3n I: El Juicio Ejecutivo Generalidades Secci\u00f3n II: El Juicio Ejecutivo de Dar Secci\u00f3n III: El Juicio Ejecutivo de Hacer Secci\u00f3n IV: El Juicio Ejecutivo de No Hacer Secci\u00f3n V: El Juicio Ejecutivo de M\u00ednima Cuant\u00eda Juicios Especiales ante \u00c1rbitros Procedimiento general de asuntos no contenciosos CAP\u00cdTULO IX LOS RECURSOS PROCESALES Secci\u00f3n I: Generalidades Secci\u00f3n II: Recurso de Aclaraci\u00f3n, Interpretaci\u00f3n, Rectificaci\u00f3n o Enmienda (A.I.R.E.) Secci\u00f3n III: Recurso de Reposici\u00f3n Secci\u00f3n IV: Recurso de Apelaci\u00f3n Secci\u00f3n V: Recurso de Hecho Secci\u00f3n VI: Recurso de Casaci\u00f3n Secci\u00f3n VII: Recurso de Queja Secci\u00f3n VIII: Recurso de Nulidad (Penal) Secci\u00f3n IX: Recurso de Protecci\u00f3n Secci\u00f3n X: Recurso de Amparo (Habeas Corpus) Secci\u00f3n XI: Recurso de Amparo Econ\u00f3mico Secci\u00f3n XII: Recurso de Inaplicabilidad Secci\u00f3n XIII: Recurso de Revisi\u00f3n CAP\u00cdTULO X LA COSA JUZGADA<\/p>\n","protected":false},"featured_media":1699,"comment_status":"open","ping_status":"closed","template":"","meta":{"inline_featured_image":false,"_joinchat":[]},"product_brand":[],"product_cat":[27,39],"product_tag":[],"class_list":{"0":"post-1669","1":"product","2":"type-product","3":"status-publish","4":"has-post-thumbnail","6":"product_cat-civil","7":"product_cat-procesal-civil","8":"product_shipping_class-a-convenir","10":"first","11":"instock","12":"shipping-taxable","13":"purchasable","14":"product-type-simple"},"_links":{"self":[{"href":"https:\/\/bibliotecajuridicavirtual.cl\/index.php\/wp-json\/wp\/v2\/product\/1669","targetHints":{"allow":["GET"]}}],"collection":[{"href":"https:\/\/bibliotecajuridicavirtual.cl\/index.php\/wp-json\/wp\/v2\/product"}],"about":[{"href":"https:\/\/bibliotecajuridicavirtual.cl\/index.php\/wp-json\/wp\/v2\/types\/product"}],"replies":[{"embeddable":true,"href":"https:\/\/bibliotecajuridicavirtual.cl\/index.php\/wp-json\/wp\/v2\/comments?post=1669"}],"wp:featuredmedia":[{"embeddable":true,"href":"https:\/\/bibliotecajuridicavirtual.cl\/index.php\/wp-json\/wp\/v2\/media\/1699"}],"wp:attachment":[{"href":"https:\/\/bibliotecajuridicavirtual.cl\/index.php\/wp-json\/wp\/v2\/media?parent=1669"}],"wp:term":[{"taxonomy":"product_brand","embeddable":true,"href":"https:\/\/bibliotecajuridicavirtual.cl\/index.php\/wp-json\/wp\/v2\/product_brand?post=1669"},{"taxonomy":"product_cat","embeddable":true,"href":"https:\/\/bibliotecajuridicavirtual.cl\/index.php\/wp-json\/wp\/v2\/product_cat?post=1669"},{"taxonomy":"product_tag","embeddable":true,"href":"https:\/\/bibliotecajuridicavirtual.cl\/index.php\/wp-json\/wp\/v2\/product_tag?post=1669"}],"curies":[{"name":"wp","href":"https:\/\/api.w.org\/{rel}","templated":true}]}}