{"id":1670,"date":"2026-02-28T00:53:24","date_gmt":"2026-02-28T03:53:24","guid":{"rendered":"https:\/\/bibliotecajuridicavirtual.cl\/?post_type=product&#038;p=1670"},"modified":"2026-02-28T00:53:49","modified_gmt":"2026-02-28T03:53:49","slug":"derecho-procesal-organico-y-funcional-undecima-edicion-ano-2024-autor-eric-andres-chavez-chavez","status":"publish","type":"product","link":"https:\/\/bibliotecajuridicavirtual.cl\/index.php\/product\/derecho-procesal-organico-y-funcional-undecima-edicion-ano-2024-autor-eric-andres-chavez-chavez\/","title":{"rendered":"Derecho Procesal Org\u00e1nico y Funcional &#8211; Und\u00e9cima Edici\u00f3n. A\u00f1o 2024. Autor Eric Andr\u00e9s Ch\u00e1vez Ch\u00e1vez"},"content":{"rendered":"<p style=\"font-weight: 400;\">Editorial Jur\u00eddica \u201cTOFULEX\u201d, viene en presentar la 11\u00aa Edici\u00f3n, 2024 del texto \u201cDerecho Procesal Org\u00e1nico y Funcional\u201d del abogado Eric Andr\u00e9s Ch\u00e1vez Ch\u00e1vez, en el convencimiento de satisfacer la necesidad de los usuarios, tanto en el \u00e1mbito docente como profesional.<\/p>\n<p style=\"font-weight: 400;\">\n<p style=\"font-weight: 400;\">\u00a0Se consideran en el texto las \u00faltimas las modificaciones y concordancias al C\u00f3digo de Procedimiento Civil, C\u00f3digo Org\u00e1nico de Tribunales, y concordancias de rigor del C\u00f3digo Procesal Penal, C\u00f3digo del Trabajo y Procesal de Familia, para estar al d\u00eda con la normativa en esta materia, que ha tenido m\u00faltiples adecuaciones.<\/p>\n<p style=\"font-weight: 400;\">\n<p style=\"font-weight: 400;\">Tambi\u00e9n se hace presente que como varias de estas leyes tienen vigencia diferida se han introducido en el texto actual, todo ello para darle la integridad \u00fanica al libro, en sus diferentes cap\u00edtulos.<\/p>\n<p style=\"font-weight: 400;\">\n<p style=\"font-weight: 400;\">Esperando que el presente texto, siga cumpliendo con el estudio del Derecho Procesal Org\u00e1nico y Funcional, en forma di\u00e1fana y \u00fatil para sus diversos usuarios.<\/p>\n<p style=\"font-weight: 400;\">\n<p style=\"font-weight: 400;\">Record\u00e1ndoles que Tofulex Ediciones Jur\u00eddicas, trata de mantener al d\u00eda sus textos, en la medida de lo posible, siendo lo esencial para esta Casa Editora.<\/p>\n","protected":false},"excerpt":{"rendered":"<p>Editorial Jur\u00eddica \u201cTOFULEX\u201d, viene en presentar la 11\u00aa Edici\u00f3n, 2024 del texto \u201cDerecho Procesal Org\u00e1nico y Funcional\u201d del abogado Eric Andr\u00e9s Ch\u00e1vez Ch\u00e1vez, en el convencimiento de satisfacer la necesidad de los usuarios, tanto en el \u00e1mbito docente como profesional. \u00a0Se consideran en el texto las \u00faltimas las modificaciones y concordancias al C\u00f3digo de Procedimiento Civil, C\u00f3digo Org\u00e1nico de Tribunales, y concordancias de rigor del C\u00f3digo Procesal Penal, C\u00f3digo del Trabajo y Procesal de Familia, para estar al d\u00eda con la normativa en esta materia, que ha tenido m\u00faltiples adecuaciones. Tambi\u00e9n se hace presente que como varias de estas leyes tienen vigencia diferida se han introducido en el texto actual, todo ello para darle la integridad \u00fanica al libro, en sus diferentes cap\u00edtulos. Esperando que el presente texto, siga cumpliendo con el estudio del Derecho Procesal Org\u00e1nico y Funcional, en forma di\u00e1fana y \u00fatil para sus diversos usuarios. Record\u00e1ndoles que Tofulex Ediciones Jur\u00eddicas, trata de mantener al d\u00eda sus textos, en la medida de lo posible, siendo lo esencial para esta Casa Editora.<\/p>\n","protected":false},"featured_media":1710,"comment_status":"open","ping_status":"closed","template":"","meta":{"inline_featured_image":false,"_joinchat":[]},"product_brand":[],"product_cat":[29,39,34],"product_tag":[],"class_list":{"0":"post-1670","1":"product","2":"type-product","3":"status-publish","4":"has-post-thumbnail","6":"product_cat-familia-y-del-menor","7":"product_cat-procesal-civil","8":"product_cat-procesal-penal","9":"product_shipping_class-a-convenir","11":"first","12":"instock","13":"shipping-taxable","14":"purchasable","15":"product-type-simple"},"_links":{"self":[{"href":"https:\/\/bibliotecajuridicavirtual.cl\/index.php\/wp-json\/wp\/v2\/product\/1670","targetHints":{"allow":["GET"]}}],"collection":[{"href":"https:\/\/bibliotecajuridicavirtual.cl\/index.php\/wp-json\/wp\/v2\/product"}],"about":[{"href":"https:\/\/bibliotecajuridicavirtual.cl\/index.php\/wp-json\/wp\/v2\/types\/product"}],"replies":[{"embeddable":true,"href":"https:\/\/bibliotecajuridicavirtual.cl\/index.php\/wp-json\/wp\/v2\/comments?post=1670"}],"wp:featuredmedia":[{"embeddable":true,"href":"https:\/\/bibliotecajuridicavirtual.cl\/index.php\/wp-json\/wp\/v2\/media\/1710"}],"wp:attachment":[{"href":"https:\/\/bibliotecajuridicavirtual.cl\/index.php\/wp-json\/wp\/v2\/media?parent=1670"}],"wp:term":[{"taxonomy":"product_brand","embeddable":true,"href":"https:\/\/bibliotecajuridicavirtual.cl\/index.php\/wp-json\/wp\/v2\/product_brand?post=1670"},{"taxonomy":"product_cat","embeddable":true,"href":"https:\/\/bibliotecajuridicavirtual.cl\/index.php\/wp-json\/wp\/v2\/product_cat?post=1670"},{"taxonomy":"product_tag","embeddable":true,"href":"https:\/\/bibliotecajuridicavirtual.cl\/index.php\/wp-json\/wp\/v2\/product_tag?post=1670"}],"curies":[{"name":"wp","href":"https:\/\/api.w.org\/{rel}","templated":true}]}}