{"id":1671,"date":"2026-02-28T00:53:24","date_gmt":"2026-02-28T03:53:24","guid":{"rendered":"https:\/\/bibliotecajuridicavirtual.cl\/?post_type=product&#038;p=1671"},"modified":"2026-02-28T00:53:50","modified_gmt":"2026-02-28T03:53:50","slug":"procedimiento-ordinario-procedimiento-sumario-monitorio-medidas-precautorias-y-hechos-a-probar-7ma-edicion-ano-2024-autor-eric-andres-chavez-chavez","status":"publish","type":"product","link":"https:\/\/bibliotecajuridicavirtual.cl\/index.php\/product\/procedimiento-ordinario-procedimiento-sumario-monitorio-medidas-precautorias-y-hechos-a-probar-7ma-edicion-ano-2024-autor-eric-andres-chavez-chavez\/","title":{"rendered":"Procedimiento Ordinario  &#8211; Procedimiento Sumario , Monitorio, Medidas Precautorias y Hechos a Probar &#8211; 7ma Edici\u00f3n. A\u00f1o 2024. Autor  Eric Andr\u00e9s Ch\u00e1vez Ch\u00e1vez"},"content":{"rendered":"<p style=\"font-weight: 400;\">Tofulex Ediciones Jur\u00eddicas, viene en presentar la 7\u00aa Edici\u00f3n, 2024 del texto \u201cProcedimiento Ordinario , Procedimiento Sumario, Monitorio, Medidas Precautorias y Hechos a Probar\u201d del abogado Eric Andr\u00e9s Ch\u00e1vez Ch\u00e1vez, en el convencimiento de satisfacer la necesidad de los usuarios, tanto en el \u00e1mbito docente como profesional.<\/p>\n<p style=\"font-weight: 400;\">\n<p style=\"font-weight: 400;\">En especial consideraci\u00f3n el autor en esta edici\u00f3n introduce las modificaciones de las Leyes 20.711, 20.875, 20.876, 20.886 y 21.394 al C\u00f3digo de Procedimiento Civil, para estar al d\u00eda con la normativa en esta materia.<\/p>\n<p style=\"font-weight: 400;\">\n<p style=\"font-weight: 400;\">Tambi\u00e9n se hace presente que como varias de estas leyes tienen vigencia diferida se ha introducido en el texto y se\u00f1al\u00e1ndose como pie de p\u00e1gina el texto actual, todo ello en virtud de la ultra efectividad de la ley, para constar con las dos versiones, en caso de que se necesaria su estudio y\/o aplicaci\u00f3n.<\/p>\n<p style=\"font-weight: 400;\">\n<p style=\"font-weight: 400;\">Esperando que el presente texto, cumpla con la utilidad, en el uso diario del ejercicio de la profesi\u00f3n.<\/p>\n","protected":false},"excerpt":{"rendered":"<p>Tofulex Ediciones Jur\u00eddicas, viene en presentar la 7\u00aa Edici\u00f3n, 2024 del texto \u201cProcedimiento Ordinario , Procedimiento Sumario, Monitorio, Medidas Precautorias y Hechos a Probar\u201d del abogado Eric Andr\u00e9s Ch\u00e1vez Ch\u00e1vez, en el convencimiento de satisfacer la necesidad de los usuarios, tanto en el \u00e1mbito docente como profesional. En especial consideraci\u00f3n el autor en esta edici\u00f3n introduce las modificaciones de las Leyes 20.711, 20.875, 20.876, 20.886 y 21.394 al C\u00f3digo de Procedimiento Civil, para estar al d\u00eda con la normativa en esta materia. Tambi\u00e9n se hace presente que como varias de estas leyes tienen vigencia diferida se ha introducido en el texto y se\u00f1al\u00e1ndose como pie de p\u00e1gina el texto actual, todo ello en virtud de la ultra efectividad de la ley, para constar con las dos versiones, en caso de que se necesaria su estudio y\/o aplicaci\u00f3n. Esperando que el presente texto, cumpla con la utilidad, en el uso diario del ejercicio de la profesi\u00f3n.<\/p>\n","protected":false},"featured_media":1711,"comment_status":"open","ping_status":"closed","template":"","meta":{"inline_featured_image":false,"_joinchat":[]},"product_brand":[],"product_cat":[27,39],"product_tag":[],"class_list":{"0":"post-1671","1":"product","2":"type-product","3":"status-publish","4":"has-post-thumbnail","6":"product_cat-civil","7":"product_cat-procesal-civil","8":"product_shipping_class-a-convenir","10":"first","11":"instock","12":"shipping-taxable","13":"purchasable","14":"product-type-simple"},"_links":{"self":[{"href":"https:\/\/bibliotecajuridicavirtual.cl\/index.php\/wp-json\/wp\/v2\/product\/1671","targetHints":{"allow":["GET"]}}],"collection":[{"href":"https:\/\/bibliotecajuridicavirtual.cl\/index.php\/wp-json\/wp\/v2\/product"}],"about":[{"href":"https:\/\/bibliotecajuridicavirtual.cl\/index.php\/wp-json\/wp\/v2\/types\/product"}],"replies":[{"embeddable":true,"href":"https:\/\/bibliotecajuridicavirtual.cl\/index.php\/wp-json\/wp\/v2\/comments?post=1671"}],"wp:featuredmedia":[{"embeddable":true,"href":"https:\/\/bibliotecajuridicavirtual.cl\/index.php\/wp-json\/wp\/v2\/media\/1711"}],"wp:attachment":[{"href":"https:\/\/bibliotecajuridicavirtual.cl\/index.php\/wp-json\/wp\/v2\/media?parent=1671"}],"wp:term":[{"taxonomy":"product_brand","embeddable":true,"href":"https:\/\/bibliotecajuridicavirtual.cl\/index.php\/wp-json\/wp\/v2\/product_brand?post=1671"},{"taxonomy":"product_cat","embeddable":true,"href":"https:\/\/bibliotecajuridicavirtual.cl\/index.php\/wp-json\/wp\/v2\/product_cat?post=1671"},{"taxonomy":"product_tag","embeddable":true,"href":"https:\/\/bibliotecajuridicavirtual.cl\/index.php\/wp-json\/wp\/v2\/product_tag?post=1671"}],"curies":[{"name":"wp","href":"https:\/\/api.w.org\/{rel}","templated":true}]}}