{"id":1672,"date":"2026-02-28T00:53:24","date_gmt":"2026-02-28T03:53:24","guid":{"rendered":"https:\/\/bibliotecajuridicavirtual.cl\/?post_type=product&#038;p=1672"},"modified":"2026-02-28T00:53:51","modified_gmt":"2026-02-28T03:53:51","slug":"cumplimiento-en-materia-de-familia-ano-junio-2024-206-pag-autor-carolina-salinas-suarez-y-alejandra-retamal-retamal","status":"publish","type":"product","link":"https:\/\/bibliotecajuridicavirtual.cl\/index.php\/product\/cumplimiento-en-materia-de-familia-ano-junio-2024-206-pag-autor-carolina-salinas-suarez-y-alejandra-retamal-retamal\/","title":{"rendered":"Cumplimiento en Materia de Familia. A\u00f1o Junio 2024 \/ 206 P\u00e1g. Autor Carolina Salinas Su\u00e1rez  y Alejandra Retamal Retamal"},"content":{"rendered":"<p>Esta obra tiene como objetivo sistematizar y analizar el cumplimiento de las resoluciones judiciales en materia de familia, teniendo como eje principal el an\u00e1lisis actual de la jurisprudencia. Lo anterior, con el fin de entregar herramientas a la judicatura al momento de resolver y fundamentar sentencias en este particular contexto.<br \/>\nEl texto est\u00e1 dividido en seis cap\u00edtulos: i) Cumplimiento y ejecuci\u00f3n de resoluciones judiciales; ii) Cumplimiento e incumplimiento del pago de los alimentos; iii) Cumplimiento e incumplimiento del r\u00e9gimen de relaci\u00f3n directa y regular; iv) Incumplimiento del ejercicio del derecho-deber de cuidado personal de los hijos e hijas; v) Aspectos relevantes asociados al cumplimiento del pago de la compensaci\u00f3n econ\u00f3mica, y vi) Aspectos relevantes asociados al cumplimiento de las medidas de protecci\u00f3n: Leyes N\u00b0 21.302 y N\u00b0 21.430.<br \/>\nEn cada uno de estos cap\u00edtulos se hace una revisi\u00f3n normativa espec\u00edfica y un an\u00e1lisis de los principios que orientan y gu\u00edan las decisiones jurisprudenciales. De esta manera, se hace una identificaci\u00f3n del objeto de la sentencia \u2014\u00bfqu\u00e9 es lo que debiera cumplirse?\u2014, para luego analizar los diversos estadios de incumplimiento \u2014\u00bfqu\u00e9 se incumple?\u2014 y cu\u00e1les son las consecuencias (y en algunas ocasiones sanciones) que nuestra legislaci\u00f3n prev\u00e9 para el caso en concreto.<\/p>\n","protected":false},"excerpt":{"rendered":"<p>Esta obra tiene como objetivo sistematizar y analizar el cumplimiento de las resoluciones judiciales en materia de familia, teniendo como eje principal el an\u00e1lisis actual de la jurisprudencia. Lo anterior, con el fin de entregar herramientas a la judicatura al momento de resolver y fundamentar sentencias en este particular contexto. El texto est\u00e1 dividido en seis cap\u00edtulos: i) Cumplimiento y ejecuci\u00f3n de resoluciones judiciales; ii) Cumplimiento e incumplimiento del pago de los alimentos; iii) Cumplimiento e incumplimiento del r\u00e9gimen de relaci\u00f3n directa y regular; iv) Incumplimiento del ejercicio del derecho-deber de cuidado personal de los hijos e hijas; v) Aspectos relevantes asociados al cumplimiento del pago de la compensaci\u00f3n econ\u00f3mica, y vi) Aspectos relevantes asociados al cumplimiento de las medidas de protecci\u00f3n: Leyes N\u00b0 21.302 y N\u00b0 21.430. En cada uno de estos cap\u00edtulos se hace una revisi\u00f3n normativa espec\u00edfica y un an\u00e1lisis de los principios que orientan y gu\u00edan las decisiones jurisprudenciales. De esta manera, se hace una identificaci\u00f3n del objeto de la sentencia \u2014\u00bfqu\u00e9 es lo que debiera cumplirse?\u2014, para luego analizar los diversos estadios de incumplimiento \u2014\u00bfqu\u00e9 se incumple?\u2014 y cu\u00e1les son las consecuencias (y en algunas ocasiones sanciones) que nuestra legislaci\u00f3n prev\u00e9 para el caso en concreto.<\/p>\n","protected":false},"featured_media":1712,"comment_status":"open","ping_status":"closed","template":"","meta":{"inline_featured_image":false,"_joinchat":[]},"product_brand":[],"product_cat":[38,29],"product_tag":[],"class_list":{"0":"post-1672","1":"product","2":"type-product","3":"status-publish","4":"has-post-thumbnail","6":"product_cat-editorial-der-ediciones","7":"product_cat-familia-y-del-menor","8":"product_shipping_class-a-convenir","10":"first","11":"instock","12":"shipping-taxable","13":"purchasable","14":"product-type-simple"},"_links":{"self":[{"href":"https:\/\/bibliotecajuridicavirtual.cl\/index.php\/wp-json\/wp\/v2\/product\/1672","targetHints":{"allow":["GET"]}}],"collection":[{"href":"https:\/\/bibliotecajuridicavirtual.cl\/index.php\/wp-json\/wp\/v2\/product"}],"about":[{"href":"https:\/\/bibliotecajuridicavirtual.cl\/index.php\/wp-json\/wp\/v2\/types\/product"}],"replies":[{"embeddable":true,"href":"https:\/\/bibliotecajuridicavirtual.cl\/index.php\/wp-json\/wp\/v2\/comments?post=1672"}],"wp:featuredmedia":[{"embeddable":true,"href":"https:\/\/bibliotecajuridicavirtual.cl\/index.php\/wp-json\/wp\/v2\/media\/1712"}],"wp:attachment":[{"href":"https:\/\/bibliotecajuridicavirtual.cl\/index.php\/wp-json\/wp\/v2\/media?parent=1672"}],"wp:term":[{"taxonomy":"product_brand","embeddable":true,"href":"https:\/\/bibliotecajuridicavirtual.cl\/index.php\/wp-json\/wp\/v2\/product_brand?post=1672"},{"taxonomy":"product_cat","embeddable":true,"href":"https:\/\/bibliotecajuridicavirtual.cl\/index.php\/wp-json\/wp\/v2\/product_cat?post=1672"},{"taxonomy":"product_tag","embeddable":true,"href":"https:\/\/bibliotecajuridicavirtual.cl\/index.php\/wp-json\/wp\/v2\/product_tag?post=1672"}],"curies":[{"name":"wp","href":"https:\/\/api.w.org\/{rel}","templated":true}]}}