{"id":1673,"date":"2026-02-28T00:53:24","date_gmt":"2026-02-28T03:53:24","guid":{"rendered":"https:\/\/bibliotecajuridicavirtual.cl\/?post_type=product&#038;p=1673"},"modified":"2026-02-28T00:53:53","modified_gmt":"2026-02-28T03:53:53","slug":"ley-n-21-430-sobre-garantias-y-proteccion-integral-de-los-derechos-de-la-ninez-y-adolescencia-ano-junio-2024-120-pag-autor-ester-valenzuela-rivera-y-francisco-estrada-vasquez","status":"publish","type":"product","link":"https:\/\/bibliotecajuridicavirtual.cl\/index.php\/product\/ley-n-21-430-sobre-garantias-y-proteccion-integral-de-los-derechos-de-la-ninez-y-adolescencia-ano-junio-2024-120-pag-autor-ester-valenzuela-rivera-y-francisco-estrada-vasquez\/","title":{"rendered":"Ley N\u00b0 21.430 Sobre garant\u00edas y Protecci\u00f3n integral de los derechos de la ni\u00f1ez y adolescencia. A\u00f1o Junio 2024\/120 P\u00e1g. Autor  Ester Valenzuela Rivera y Francisco Estrada V\u00e1squez"},"content":{"rendered":"<p>La Ley 21.430 es un estatuto legal novedoso en el derecho chileno que regula un conjunto de derechos en favor de un segmento espec\u00edfico de la poblaci\u00f3n. Este trabajo examina los principios y derechos que se le reconocen a ni\u00f1as, ni\u00f1os y adolescentes solo por ser tales. De alguna manera la ley operativiza los derechos ya declarados en la Convenci\u00f3n Internacional sobre Derechos del Ni\u00f1o y est\u00e1 llamada a ser la ley marco del<br \/>\nnuevo derecho de la ni\u00f1ez y adolescencia.<br \/>\nDentro de sus principios juega un rol central el art\u00edculo 7, que regula el inter\u00e9s superior del ni\u00f1o, ni\u00f1a o adolescente y establece, en su inciso quinto, diez criterios para su determinaci\u00f3n.<br \/>\nLos derechos contenidos en la ley son tanto civiles como pol\u00edticos y se instituyen tambi\u00e9n algunos derechos\u00a0novedosos en nuestro ordenamiento como al medio ambientes o respecto de la publicidad y el consumo.<br \/>\nFinalmente, y en la parte m\u00e1s problem\u00e1tica de la ley, se presenta y analiza el procedimiento de protecci\u00f3n administrativa, donde el actor m\u00e1s relevante es la Oficina Local de Ni\u00f1ez. Se estudian las reglas generales, las medidas a aplicar, y la complicada delimitaci\u00f3n de competencias respecto de los tribunales de familia.<\/p>\n","protected":false},"excerpt":{"rendered":"<p>La Ley 21.430 es un estatuto legal novedoso en el derecho chileno que regula un conjunto de derechos en favor de un segmento espec\u00edfico de la poblaci\u00f3n. Este trabajo examina los principios y derechos que se le reconocen a ni\u00f1as, ni\u00f1os y adolescentes solo por ser tales. De alguna manera la ley operativiza los derechos ya declarados en la Convenci\u00f3n Internacional sobre Derechos del Ni\u00f1o y est\u00e1 llamada a ser la ley marco del nuevo derecho de la ni\u00f1ez y adolescencia. Dentro de sus principios juega un rol central el art\u00edculo 7, que regula el inter\u00e9s superior del ni\u00f1o, ni\u00f1a o adolescente y establece, en su inciso quinto, diez criterios para su determinaci\u00f3n. Los derechos contenidos en la ley son tanto civiles como pol\u00edticos y se instituyen tambi\u00e9n algunos derechos\u00a0novedosos en nuestro ordenamiento como al medio ambientes o respecto de la publicidad y el consumo. Finalmente, y en la parte m\u00e1s problem\u00e1tica de la ley, se presenta y analiza el procedimiento de protecci\u00f3n administrativa, donde el actor m\u00e1s relevante es la Oficina Local de Ni\u00f1ez. Se estudian las reglas generales, las medidas a aplicar, y la complicada delimitaci\u00f3n de competencias respecto de los tribunales de familia.<\/p>\n","protected":false},"featured_media":1713,"comment_status":"open","ping_status":"closed","template":"","meta":{"inline_featured_image":false,"_joinchat":[]},"product_brand":[],"product_cat":[38,29],"product_tag":[],"class_list":{"0":"post-1673","1":"product","2":"type-product","3":"status-publish","4":"has-post-thumbnail","6":"product_cat-editorial-der-ediciones","7":"product_cat-familia-y-del-menor","8":"product_shipping_class-a-convenir","10":"first","11":"instock","12":"shipping-taxable","13":"purchasable","14":"product-type-simple"},"_links":{"self":[{"href":"https:\/\/bibliotecajuridicavirtual.cl\/index.php\/wp-json\/wp\/v2\/product\/1673","targetHints":{"allow":["GET"]}}],"collection":[{"href":"https:\/\/bibliotecajuridicavirtual.cl\/index.php\/wp-json\/wp\/v2\/product"}],"about":[{"href":"https:\/\/bibliotecajuridicavirtual.cl\/index.php\/wp-json\/wp\/v2\/types\/product"}],"replies":[{"embeddable":true,"href":"https:\/\/bibliotecajuridicavirtual.cl\/index.php\/wp-json\/wp\/v2\/comments?post=1673"}],"wp:featuredmedia":[{"embeddable":true,"href":"https:\/\/bibliotecajuridicavirtual.cl\/index.php\/wp-json\/wp\/v2\/media\/1713"}],"wp:attachment":[{"href":"https:\/\/bibliotecajuridicavirtual.cl\/index.php\/wp-json\/wp\/v2\/media?parent=1673"}],"wp:term":[{"taxonomy":"product_brand","embeddable":true,"href":"https:\/\/bibliotecajuridicavirtual.cl\/index.php\/wp-json\/wp\/v2\/product_brand?post=1673"},{"taxonomy":"product_cat","embeddable":true,"href":"https:\/\/bibliotecajuridicavirtual.cl\/index.php\/wp-json\/wp\/v2\/product_cat?post=1673"},{"taxonomy":"product_tag","embeddable":true,"href":"https:\/\/bibliotecajuridicavirtual.cl\/index.php\/wp-json\/wp\/v2\/product_tag?post=1673"}],"curies":[{"name":"wp","href":"https:\/\/api.w.org\/{rel}","templated":true}]}}