{"id":1674,"date":"2026-02-28T00:53:24","date_gmt":"2026-02-28T03:53:24","guid":{"rendered":"https:\/\/bibliotecajuridicavirtual.cl\/?post_type=product&#038;p=1674"},"modified":"2026-02-28T00:53:55","modified_gmt":"2026-02-28T03:53:55","slug":"codigo-procesal-penal-sistematizado-con-jurisprudencia-4ta-edicion-iii-tomos-ano-2024-1-734-pag-autor-veronica-barrera-miranda","status":"publish","type":"product","link":"https:\/\/bibliotecajuridicavirtual.cl\/index.php\/product\/codigo-procesal-penal-sistematizado-con-jurisprudencia-4ta-edicion-iii-tomos-ano-2024-1-734-pag-autor-veronica-barrera-miranda\/","title":{"rendered":"C\u00f3digo Procesal Penal &#8211; Sistematizado con Jurisprudencia &#8211; 4ta Edici\u00f3n &#8211; III Tomos. A\u00f1o 2024\/ 1.734 P\u00e1g. Autor Ver\u00f3nica Barrera Miranda"},"content":{"rendered":"<p>&nbsp;<\/p>\n<p class=\"thomsonreuterscl-dynamic-description-0-x-dynamicDescriptionItem\">En esta nueva edici\u00f3n del C\u00f3digo Procesal Penal Sistematizado con Jurisprudencia, no solo se ha realizado un trabajo de actualizaci\u00f3n normativa y de las concordancias que relacionan su articulado con aquellas otras normas legales con que se vincula, sino que, adem\u00e1s y principalmente, se ha realizado una selecci\u00f3n y ampliaci\u00f3n de la jurisprudencia, relacionada con cada art\u00edculo de esta norma.<\/p>\n<p class=\"thomsonreuterscl-dynamic-description-0-x-dynamicDescriptionItem\">Esta versi\u00f3n es el resultado del trabajo y la experiencia que el equipo editorial de Thomson Reuters ha adquirido durante a\u00f1os en el manejo de la normativa legal en nuestras diversas publicaciones impresas y electr\u00f3nicas, y en la selecci\u00f3n y an\u00e1lisis de la jurisprudencia emitida por los tribunales de justicia y los organismos administrativos nacionales.<\/p>\n<p>Puedes descargar el \u00edndice del Tomo\u00a0 I <a href=\"https:\/\/libromar.cl\/index.php?controller=attachment&amp;id_attachment=47\"><strong>aqu\u00ed.<\/strong><\/a><\/p>\n<p>Puedes descargar el \u00edndice del Tomo\u00a0 II <a href=\"https:\/\/libromar.cl\/index.php?controller=attachment&amp;id_attachment=48\"><strong>aqu\u00ed.<\/strong><\/a><\/p>\n<p>Puedes descargar el \u00edndice del Tomo\u00a0 III <a href=\"https:\/\/libromar.cl\/index.php?controller=attachment&amp;id_attachment=49\"><strong>aqu\u00ed.<\/strong><\/a><\/p>\n","protected":false},"excerpt":{"rendered":"<p>&nbsp; En esta nueva edici\u00f3n del C\u00f3digo Procesal Penal Sistematizado con Jurisprudencia, no solo se ha realizado un trabajo de actualizaci\u00f3n normativa y de las concordancias que relacionan su articulado con aquellas otras normas legales con que se vincula, sino que, adem\u00e1s y principalmente, se ha realizado una selecci\u00f3n y ampliaci\u00f3n de la jurisprudencia, relacionada con cada art\u00edculo de esta norma. Esta versi\u00f3n es el resultado del trabajo y la experiencia que el equipo editorial de Thomson Reuters ha adquirido durante a\u00f1os en el manejo de la normativa legal en nuestras diversas publicaciones impresas y electr\u00f3nicas, y en la selecci\u00f3n y an\u00e1lisis de la jurisprudencia emitida por los tribunales de justicia y los organismos administrativos nacionales. Puedes descargar el \u00edndice del Tomo\u00a0 I aqu\u00ed. Puedes descargar el \u00edndice del Tomo\u00a0 II aqu\u00ed. Puedes descargar el \u00edndice del Tomo\u00a0 III aqu\u00ed.<\/p>\n","protected":false},"featured_media":1714,"comment_status":"open","ping_status":"closed","template":"","meta":{"inline_featured_image":false,"_joinchat":[]},"product_brand":[],"product_cat":[34],"product_tag":[],"class_list":{"0":"post-1674","1":"product","2":"type-product","3":"status-publish","4":"has-post-thumbnail","6":"product_cat-procesal-penal","7":"product_shipping_class-a-convenir","9":"first","10":"instock","11":"shipping-taxable","12":"purchasable","13":"product-type-simple"},"_links":{"self":[{"href":"https:\/\/bibliotecajuridicavirtual.cl\/index.php\/wp-json\/wp\/v2\/product\/1674","targetHints":{"allow":["GET"]}}],"collection":[{"href":"https:\/\/bibliotecajuridicavirtual.cl\/index.php\/wp-json\/wp\/v2\/product"}],"about":[{"href":"https:\/\/bibliotecajuridicavirtual.cl\/index.php\/wp-json\/wp\/v2\/types\/product"}],"replies":[{"embeddable":true,"href":"https:\/\/bibliotecajuridicavirtual.cl\/index.php\/wp-json\/wp\/v2\/comments?post=1674"}],"wp:featuredmedia":[{"embeddable":true,"href":"https:\/\/bibliotecajuridicavirtual.cl\/index.php\/wp-json\/wp\/v2\/media\/1714"}],"wp:attachment":[{"href":"https:\/\/bibliotecajuridicavirtual.cl\/index.php\/wp-json\/wp\/v2\/media?parent=1674"}],"wp:term":[{"taxonomy":"product_brand","embeddable":true,"href":"https:\/\/bibliotecajuridicavirtual.cl\/index.php\/wp-json\/wp\/v2\/product_brand?post=1674"},{"taxonomy":"product_cat","embeddable":true,"href":"https:\/\/bibliotecajuridicavirtual.cl\/index.php\/wp-json\/wp\/v2\/product_cat?post=1674"},{"taxonomy":"product_tag","embeddable":true,"href":"https:\/\/bibliotecajuridicavirtual.cl\/index.php\/wp-json\/wp\/v2\/product_tag?post=1674"}],"curies":[{"name":"wp","href":"https:\/\/api.w.org\/{rel}","templated":true}]}}