{"id":1676,"date":"2026-02-28T00:53:24","date_gmt":"2026-02-28T03:53:24","guid":{"rendered":"https:\/\/bibliotecajuridicavirtual.cl\/?post_type=product&#038;p=1676"},"modified":"2026-02-28T00:53:59","modified_gmt":"2026-02-28T03:53:59","slug":"topicos-relevantes-de-responsabilidad-civil-elementos-y-nociones-fundamentales-ano-2024-628-pag-autor-renzo-munita-marambio","status":"publish","type":"product","link":"https:\/\/bibliotecajuridicavirtual.cl\/index.php\/product\/topicos-relevantes-de-responsabilidad-civil-elementos-y-nociones-fundamentales-ano-2024-628-pag-autor-renzo-munita-marambio\/","title":{"rendered":"T\u00f3picos Relevantes de Responsabilidad Civil &#8211; Elementos y Nociones Fundamentales. A\u00f1o 2024\/ 628 P\u00e1g. Autor Renzo Munita Marambio"},"content":{"rendered":"<p>\u00cdNDICE<\/p>\n<p>RESE\u00d1A<\/p>\n<p>La g\u00e9nesis de esta obra, la cual me precio de dirigir, dice relaci\u00f3n con la recopilaci\u00f3n en formato de cap\u00edtulos de algunas de las ponencias que fueron presentadas en seminarios organizados en la Universidad del Desarrollo, al alero de su Facultad de Derecho y del Centro de Derecho Regulatorio y Empresa.<br \/>\nSin perjuicio de lo anterior, tambi\u00e9n refleja el compromiso de autores que sin haber participado en las referidas instancias de discusi\u00f3n acad\u00e9mica, aceptaron con entusiasmo la invitaci\u00f3n a formar parte del libro. En atenci\u00f3n a la naturaleza de los contribuciones recibidas, me pareci\u00f3 adecuado organizarlas en cuatro secciones.<br \/>\nA la primera la denomin\u00e9, En torno al hecho generador: contornos de imputabilidad; a la segunda, En torno al da\u00f1o: piedra angular de la responsabilidad; a la tercera, En torno a la causalidad: conexiones y desconexiones; y a la cuarta, Responsabilidad civil: m\u00e1s all\u00e1 de sus elementos. Intent\u00e9 procurar que cada uno de los cap\u00edtulos ingresen sin forzamientos en este intento de plan, de manera de mantener el equilibrio de la obra y de dar cuenta de un modesto af\u00e1n metodol\u00f3gico.<\/p>\n<p>&nbsp;<\/p>\n<p>I<strong>. En torno al hecho generador: contornos de imputabilidad<\/strong><\/p>\n<p>\u2013 ALGUNAS NOTAS SOBRE LA CULPA INFRACCIONAL Y SUS L\u00cdMITES<br \/>\nFelipe Diez Ringele<\/p>\n<p>\u2013 LA VULNERACI\u00d3N DE LA CONFIANZA RAZONABLE COMO CRITERIO DE ATRIBUCI\u00d3N DE RESPONSABILIDAD CIVIL: UN DESAF\u00cdO PENDIENTE EN EL DERECHO CHILENO<br \/>\nPatricia Ver\u00f3nica L\u00f3pez D\u00edaz<\/p>\n<p>\u2013 OBLIGACIONES CONTRA\u00cdDAS POR EL PATROCINANTE Y MANDATARIO JUDICIAL: CALIFICACI\u00d3N Y DETERMINACI\u00d3N DE LAS CONDUCTAS QUE ORIGINAN RESPONSABILIDAD<br \/>\nJaime Ram\u00edrez Cifuentes<\/p>\n<p>\u2013 EL RIESGO DE LA IMPOSIBILIDAD JUR\u00cdDICA EN EL ARRENDAMIENTO. UNA MIRADA DESDE LA OPINI\u00d3N DE LOS TRIBUNALES<br \/>\n\u00c1lvaro Vidal<\/p>\n<p><strong>II. En torno al da\u00f1o: piedra angular de la responsabilidad<\/strong><\/p>\n<p>\u2013 REFLEXIONES SOBRE LA NOCI\u00d3N DE DA\u00d1O EN LA LEX AQUILIA Y EN LAS SIETE PARTIDAS: DAMNUM INIURA DATUM, DA\u00d1O EMERGENTE Y LUCRO CESANTE<br \/>\nEduardo Andrades Rivas \u2013 Francisco Y\u00e1nquez Sabugo<\/p>\n<p>\u2013 EL DA\u00d1O COLECTIVO Y SUS LIMITACIONES<br \/>\n\u00cd\u00f1igo de la Maza Gazmuri<\/p>\n<p>-SOBRE LA PRESCRIPCiON DE LA ACCI\u00d3N POR HECHO IL\u00cdCITO<br \/>\nRam\u00f3n Dom\u00ednguez \u00c1guila<\/p>\n<p>-ANGUSTIA, ANSIEDAD Y ESTR\u00c9S COMO PERJUICIO INDEMNIZABLE<br \/>\nChristofher Elso Kotzing<br \/>\n\u00bfEs neutra la distinci\u00f3n entre las voces da\u00f1o y perjuicio para el derecho de la responsabilidad civil en Chile?<br \/>\nLuis L\u00f3pez Fuentes<\/p>\n<p>-NUEVAMENTE SOBRE LOS CONTORNOS DEL PRINCIPIO DE REPARACI\u00d3N INTEGRAL DEL DA\u00d1O EN SU APLICACI\u00d3N AL DA\u00d1O MORAL O EXTRAPATRIMONIAL<br \/>\nCarmen Dom\u00ednguez Hidalgo<\/p>\n<p><strong>III. en torno a la causalidad: conexiones y desconexiones<\/strong><br \/>\n\u00bfQU\u00c9 HA DICHO LA CORTE SUPREMA SOBRE LA CAUSALIDAD NORMATIVA?<br \/>\nCristian Aedo Barrena<\/p>\n<p>-LA RESPONSABILIDAD PROPORCIONAL COMO SOLUCI\u00d3N ANTE LA INCERTEZA CAUSAL EN LA RESPONSABILIDAD POR INCUMPLIMIENTO DEL DEBER DE INFORMACI\u00d3N DEL M\u00c9DICO<br \/>\nEdison Calahorrano Latorre<br \/>\n-\u00bfCAUSA DE UN DA\u00d1O O ENRIQUECIMIENTO SIN CAUSA? LA CONFUSI\u00d3N ENTRE LA RESPONSABILIDAD CIVIL Y EL ENRIQUECIMIENTO INJUSTIFICADO EN UN CASO RECIENTE<br \/>\nCarlos C\u00e9spedes Mu\u00f1oz<br \/>\n-DE LA CAUSALIDAD Y DE LA PROHIBICI\u00d3N DE REGRESO COMO CRITERIO OBSTACULIZADOR DEL V\u00cdNCULO<br \/>\nRenzo Esteban Munita Marambio<br \/>\n-EL HECHO DEL TERCERO COMO CAUSAL DE EXCLUSI\u00d3N DE LA RESPONSABILIDAD CIVIL<br \/>\nCarlos Pizarro Wilson<br \/>\n-\u00bfEXISTE UN NEXO CAUSAL DISTINTO DE AQUEL QUE UNE AL HECHO GENERADOR CON EL DA\u00d1O?<br \/>\nChristophe Qu\u00e9zel-Ambrunaz<\/p>\n<p><strong>IV. responsabilidad civil: m\u00e1s all\u00e1 de sus elementos<\/strong><br \/>\n-LA POSICI\u00d3N SUBJETIVA DEL ACREEDOR FRENTE AL DEUDOR INSOLVENTE EN LA RELACI\u00d3N JUR\u00cdDICA OBLIGATORIA<br \/>\nPedro Antonio Goi\u0107 Martini\u0107<br \/>\n-OBLIGACIONES CONCURRENTES (Y SU CONEXI\u00d3N CON LAS OBLIGACIONES SOLIDARIAS)<br \/>\nR. Andr\u00e9s Kuncar Oneto<\/p>\n<p>-DELIMITACI\u00d3N DE LAS ACCIONES RESARCITORIAS, RESTITUTORIAS Y DE ENRIQUECIMIENTO IL\u00cdCITO EN LA LEY N\u00b0 17.336 DE PROPIEDAD INTELECTUAL<br \/>\nRuperto Pinochet OlavE.<br \/>\n-LA RELACI\u00d3N ENTRE LA RESPONSABILIDAD CIVIL Y EL SISTEMA DE SEGURIDAD SOCIAL EN MATERIA DE ACCIDENTES DE TRABAJO Y ENFERMEDADES PROFESIONALES EN FRANCIA<br \/>\nVincent Rivollier<\/p>\n<p>&nbsp;<\/p>\n<p>&nbsp;<\/p>\n","protected":false},"excerpt":{"rendered":"<p>Escr\u00edbenos al +56930565235 \/ www.bibliotecajuridicavirtual.cl<\/p>\n<p>Env\u00edos a todo Chile \/ Starken-correos<\/p>\n<p>&nbsp;<\/p>\n","protected":false},"featured_media":1716,"comment_status":"open","ping_status":"closed","template":"","meta":{"inline_featured_image":false,"_joinchat":[]},"product_brand":[],"product_cat":[27],"product_tag":[],"class_list":{"0":"post-1676","1":"product","2":"type-product","3":"status-publish","4":"has-post-thumbnail","6":"product_cat-civil","7":"product_shipping_class-a-convenir","9":"first","10":"instock","11":"shipping-taxable","12":"purchasable","13":"product-type-simple"},"_links":{"self":[{"href":"https:\/\/bibliotecajuridicavirtual.cl\/index.php\/wp-json\/wp\/v2\/product\/1676","targetHints":{"allow":["GET"]}}],"collection":[{"href":"https:\/\/bibliotecajuridicavirtual.cl\/index.php\/wp-json\/wp\/v2\/product"}],"about":[{"href":"https:\/\/bibliotecajuridicavirtual.cl\/index.php\/wp-json\/wp\/v2\/types\/product"}],"replies":[{"embeddable":true,"href":"https:\/\/bibliotecajuridicavirtual.cl\/index.php\/wp-json\/wp\/v2\/comments?post=1676"}],"wp:featuredmedia":[{"embeddable":true,"href":"https:\/\/bibliotecajuridicavirtual.cl\/index.php\/wp-json\/wp\/v2\/media\/1716"}],"wp:attachment":[{"href":"https:\/\/bibliotecajuridicavirtual.cl\/index.php\/wp-json\/wp\/v2\/media?parent=1676"}],"wp:term":[{"taxonomy":"product_brand","embeddable":true,"href":"https:\/\/bibliotecajuridicavirtual.cl\/index.php\/wp-json\/wp\/v2\/product_brand?post=1676"},{"taxonomy":"product_cat","embeddable":true,"href":"https:\/\/bibliotecajuridicavirtual.cl\/index.php\/wp-json\/wp\/v2\/product_cat?post=1676"},{"taxonomy":"product_tag","embeddable":true,"href":"https:\/\/bibliotecajuridicavirtual.cl\/index.php\/wp-json\/wp\/v2\/product_tag?post=1676"}],"curies":[{"name":"wp","href":"https:\/\/api.w.org\/{rel}","templated":true}]}}