{"id":1677,"date":"2026-02-28T00:53:24","date_gmt":"2026-02-28T03:53:24","guid":{"rendered":"https:\/\/bibliotecajuridicavirtual.cl\/?post_type=product&#038;p=1677"},"modified":"2026-02-28T00:54:04","modified_gmt":"2026-02-28T03:54:04","slug":"regulacion-internacional-del-conocimiento-tradicional-como-combatir-la-biopirateria-ano-2024-162-pag-autor-sergio-cortes-beltran","status":"publish","type":"product","link":"https:\/\/bibliotecajuridicavirtual.cl\/index.php\/product\/regulacion-internacional-del-conocimiento-tradicional-como-combatir-la-biopirateria-ano-2024-162-pag-autor-sergio-cortes-beltran\/","title":{"rendered":"Regulaci\u00f3n Internacional del Conocimiento Tradicional &#8211; Como combatir la biopirater\u00eda. A\u00f1o 2024\/ 162 P\u00e1g. Autor Sergio Cort\u00e9s Beltr\u00e1n"},"content":{"rendered":"<p>&nbsp;<\/p>\n<p>En la presente obra se estudia la regulaci\u00f3n jur\u00eddica del conocimiento tradicional desde una perspectiva multidisciplinaria de derecho internacional.<\/p>\n<p>Para abordar el tema se parte por describir qu\u00e9 son los Conocimientos Tradicionales, quienes son sus titulares, cu\u00e1les son sus caracter\u00edsticas y qu\u00e9 modelos de apropiaci\u00f3n y protecci\u00f3n tienen.\u00a0Se analiza la cobertura del conocimiento tradicional por los derechos de propiedad intelectual y como \u00e9sta a veces facilita\u00a0 la apropiaci\u00f3n indebida del mismo, lo que se conoce com\u00fanmente como biopirater\u00eda.<\/p>\n<p>Luego se estudia el debate actual sobre el conocimiento tradicional y el combate a la biopirater\u00eda en distintos foros internacionales, partiendo por aquellos vinculados con los Derechos Humanos, pasando por los relacionados con el Medio Ambiente, y terminando con los que se refieren a la econom\u00eda, el comercio internacional y la propiedad intelectual.\u00a0\u00a0Culmina el libro ofreciendo posibles soluciones de\u00a0<em>lege lata<\/em>\u00a0y de\u00a0<em>lege ferenda<\/em>\u00a0para la regulaci\u00f3n internacional de esta clase de conocimientos.<\/p>\n<p>&nbsp;<\/p>\n<p>Indice<\/p>\n<p>CAP\u00cdTULO 1\u00b0: INTRODUCCI\u00d3N<\/p>\n<p>CAP\u00cdTULO 2\u00b0: CONOCIMIENTOS TRADICIONALES<br \/>\n2.1 CONCEPTO<br \/>\n2.2. TITULARES DE LOS CONOCIMIENTOS TRADICIONALES<br \/>\n2.3. CARACTER\u00cdSTICAS DE LOS CONOCIMIENTOS TRADICIONALES<br \/>\n2.4. MODELOS DE APROPIACI\u00d3N Y PROTECCI\u00d3N DEL CONOCIMIENTO TRADICIONAL<\/p>\n<p>CAP\u00cdTULO 3\u00b0: COBERTURA DEL CONOCIMIENTO TRADICIONAL POR LOS DERECHOS DE PROPIEDAD INTELECTUAL<br \/>\n3.1. DERECHOS DE AUTOR<br \/>\n3.2. PATENTES<br \/>\n3.2.1. PATENTES Y BIODIVERSIDAD<br \/>\n3.3. SECRETOS EMPRESARIALES<br \/>\n3.4. INDICACIONES GEOGR\u00c1FICAS<br \/>\n3.5. MARCAS COMERCIALES<\/p>\n<p>CAP\u00cdTULO 4\u00b0: APROPIACI\u00d3N INDEBIDA DEL CONOCIMIENTO TRADICIONAL Y ALGUNOS CASOS DE BIOPIRATER\u00cdA<br \/>\n4.1. EL CONCEPTO DE APROPIACI\u00d3N INDEBIDA Y BIOPIRA- TER\u00cdA<br \/>\n4.2. ALGUNOS CASOS DE BIOPIRATER\u00cdA<br \/>\n4.2.1. EN MATERIA DE PATENTES<br \/>\n4.2.2. EN MATERIA DE DERECHOS DE AUTOR<br \/>\n4.2.3 EN MATERIA DE MARCAS<br \/>\n4.2.4 EN MATERIA DE INDICACIONES GEOGR\u00c1FICAS<br \/>\n4.2.5. EN MATERIA DE SECRETOS EMPRESARIALES<\/p>\n<p>CAP\u00cdTULO 5\u00b0: EL DEBATE ACTUAL SOBRE EL CONOCIMIENTO TRADICIONAL EN FOROS INTERNACIONALES<br \/>\n5.1 LOS ACUERDOS DE LA UNESCO<br \/>\n5.2 TRATADOS DE DERECHOS HUMANOS<br \/>\n5.2.1. DECLARACI\u00d3N DE LOS DERECHOS DE LOS PUEBLOS IND\u00cdGENAS<br \/>\n5.2.2. EL CONVENIO 169 DE LA OIT<br \/>\n5.3. LOS ACUERDOS DE LA FAO<br \/>\n5.4. LA ORGANIZACI\u00d3N MUNDIAL DE LA PROPIEDAD<br \/>\nINTELECTUAL (OMPI)<br \/>\n5.5 -LA CONVENCI\u00d3N SOBRE LA DIVERSIDAD BIOL\u00d3GICA (CDB)<br \/>\n5.6. EL ACUERDO TRIPS<br \/>\n5.6.1- NEGOCIACIONES EN LA RONDA URUGUAY<br \/>\n5.6.2. NEGOCIACIONES ENTRE MARRAKECH Y DOHA<br \/>\n5.6.3. NEGOCIACIONES EN LA RONDA DOHA<br \/>\n5.6.3.1. REVELACI\u00d3N OBLIGATORIA DE LA FUENTE Y ORIGEN DEL CONOCIMIENTO TRADICIONAL EN EL ACUERDO TRIPS .<br \/>\n5.6.3.2. REVELACI\u00d3N EN UN MECANISMO ADMINISTRADO POR LA OMPI<br \/>\n5.6.3.3. REVELACI\u00d3N SEPARADA (FUERA DEL DERECHO DE PATENTES)<br \/>\n5.6.3.4. EL USO DE LA LEGISLACI\u00d3N NACIONAL EN LUGAR DE UNA OBLIGACI\u00d3N DE REVELACI\u00d3N INTERNACIONAL<br \/>\n5.7. R\u00c9GIMEN TRIPS PLUS<br \/>\n5.8. COMUNIDAD ANDINA DE NACIONES<\/p>\n<p>CAP\u00cdTULO 6\u00b0: POSIBLES SOLUCIONES<br \/>\n6.1. REINTERPRETACI\u00d3N DE TRATADOS INTERNACIONLES<br \/>\n6.2. CONTRATOS, TORTS Y CUASICONTRATOS<br \/>\n6.3. DOMINIO P\u00daBLICO PAGADO<br \/>\n6.4. SOLUCIONES DE LEGE FERENDA<\/p>\n<p>CAP\u00cdTULO 7\u00b0: CONCLUSI\u00d3N<br \/>\nBIBLIOGRAF\u00cdA<\/p>\n","protected":false},"excerpt":{"rendered":"<p style=\"text-align: right;\"><span style=\"color: #ff6600;\">PROXIMANENTE <\/span><\/p>\n<p style=\"text-align: right;\"><span style=\"color: #ff6600;\">DESPACHOS A PARTIR DEL 12 DE JULIO<\/span><\/p>\n","protected":false},"featured_media":1717,"comment_status":"open","ping_status":"closed","template":"","meta":{"inline_featured_image":false,"_joinchat":[]},"product_brand":[],"product_cat":[27,43],"product_tag":[],"class_list":{"0":"post-1677","1":"product","2":"type-product","3":"status-publish","4":"has-post-thumbnail","6":"product_cat-civil","7":"product_cat-derecho-internacional","8":"product_shipping_class-a-convenir","10":"first","11":"instock","12":"shipping-taxable","13":"purchasable","14":"product-type-simple"},"_links":{"self":[{"href":"https:\/\/bibliotecajuridicavirtual.cl\/index.php\/wp-json\/wp\/v2\/product\/1677","targetHints":{"allow":["GET"]}}],"collection":[{"href":"https:\/\/bibliotecajuridicavirtual.cl\/index.php\/wp-json\/wp\/v2\/product"}],"about":[{"href":"https:\/\/bibliotecajuridicavirtual.cl\/index.php\/wp-json\/wp\/v2\/types\/product"}],"replies":[{"embeddable":true,"href":"https:\/\/bibliotecajuridicavirtual.cl\/index.php\/wp-json\/wp\/v2\/comments?post=1677"}],"wp:featuredmedia":[{"embeddable":true,"href":"https:\/\/bibliotecajuridicavirtual.cl\/index.php\/wp-json\/wp\/v2\/media\/1717"}],"wp:attachment":[{"href":"https:\/\/bibliotecajuridicavirtual.cl\/index.php\/wp-json\/wp\/v2\/media?parent=1677"}],"wp:term":[{"taxonomy":"product_brand","embeddable":true,"href":"https:\/\/bibliotecajuridicavirtual.cl\/index.php\/wp-json\/wp\/v2\/product_brand?post=1677"},{"taxonomy":"product_cat","embeddable":true,"href":"https:\/\/bibliotecajuridicavirtual.cl\/index.php\/wp-json\/wp\/v2\/product_cat?post=1677"},{"taxonomy":"product_tag","embeddable":true,"href":"https:\/\/bibliotecajuridicavirtual.cl\/index.php\/wp-json\/wp\/v2\/product_tag?post=1677"}],"curies":[{"name":"wp","href":"https:\/\/api.w.org\/{rel}","templated":true}]}}