{"id":1685,"date":"2026-02-28T00:53:25","date_gmt":"2026-02-28T03:53:25","guid":{"rendered":"https:\/\/bibliotecajuridicavirtual.cl\/?post_type=product&#038;p=1685"},"modified":"2026-02-28T00:54:23","modified_gmt":"2026-02-28T03:54:23","slug":"bienes-francisco-talep-pardo-actualizado-a-julio-ano-2024-212-paginas","status":"publish","type":"product","link":"https:\/\/bibliotecajuridicavirtual.cl\/index.php\/product\/bienes-francisco-talep-pardo-actualizado-a-julio-ano-2024-212-paginas\/","title":{"rendered":"BIENES &#8211; Francisco Talep Pardo actualizado a julio a\u00f1o 2024 \/ 212 P\u00e1ginas"},"content":{"rendered":"<h6 style=\"font-weight: 400;\">Este trabajo constituye un manual de estudio, un instrumento que permita un mejor entendimiento de una materia altamente compleja. As\u00ed, no se podr\u00eda pretender agotar el estudio de la misma; ello ser\u00eda motivo de una obra superlativa, propia de un tratado y un maestro tras ella.<\/h6>\n<h6 style=\"font-weight: 400;\">Un buen estudiante jam\u00e1s debe perder de vista que su texto es primordial es el C\u00f3digo, la asistencia y atenci\u00f3n en clases, los textos complementarios de la materia a tratar y sobre todo la dedicaci\u00f3n, esfuerzo, sacrificio y estudio, \u00fanicos medios para lograr la excelencia que el d\u00eda de ma\u00f1ana los distinguir\u00e1 frente a sus pares.<\/h6>\n<h5 style=\"font-weight: 400;\"><\/h5>\n<h5 style=\"font-weight: 400;\"><b><strong>EL OBJETO.\u00a0<\/strong><\/b><b><strong>LAS COSAS O BIENES COMO CONTENIDO DE LOS DERECHOS<\/strong><\/b><\/h5>\n<ol>\n<li style=\"font-weight: 400;\">\n<h5>Ideas generales<\/h5>\n<h5>II. Clasificaci\u00f3n de las cosas corporales<\/h5>\n<h5>III. Clasificaci\u00f3n de las cosas incorporales<\/h5>\n<h5>IV. Teor\u00eda general del patrimonio<\/h5>\n<h5>V. De la propiedad<\/h5>\n<h5>VI. La ocupaci\u00f3n<\/h5>\n<h5>VII. La accesi\u00f3n<\/h5>\n<h5>VIII. La tradici\u00f3n<\/h5>\n<h5>IX. La posesi\u00f3n<\/h5>\n<h5>X. La prescripci\u00f3n adquisitiva<\/h5>\n<h5>Generalidades<\/h5>\n<h5>La Prescripci\u00f3n Adquisitiva<\/h5>\n<h5>Prescripci\u00f3n ordinaria<\/h5>\n<h5>Prescripci\u00f3n extraordinaria<\/h5>\n<\/li>\n<li style=\"font-weight: 400;\">\n<h5>De las limitaciones al dominio<\/h5>\n<\/li>\n<\/ol>\n<h5 style=\"font-weight: 400;\">XII. De la protecci\u00f3n de los bienes y de los derechos reales<\/h5>\n","protected":false},"excerpt":{"rendered":"<p>Novedad a\u00f1o 2024 &#8211; Pocas Unidades<\/p>\n","protected":false},"featured_media":1736,"comment_status":"open","ping_status":"closed","template":"","meta":{"inline_featured_image":false,"_joinchat":[]},"product_brand":[],"product_cat":[27,26],"product_tag":[],"class_list":{"0":"post-1685","1":"product","2":"type-product","3":"status-publish","4":"has-post-thumbnail","6":"product_cat-civil","7":"product_cat-derecho","9":"first","10":"instock","11":"shipping-taxable","12":"purchasable","13":"product-type-simple"},"_links":{"self":[{"href":"https:\/\/bibliotecajuridicavirtual.cl\/index.php\/wp-json\/wp\/v2\/product\/1685","targetHints":{"allow":["GET"]}}],"collection":[{"href":"https:\/\/bibliotecajuridicavirtual.cl\/index.php\/wp-json\/wp\/v2\/product"}],"about":[{"href":"https:\/\/bibliotecajuridicavirtual.cl\/index.php\/wp-json\/wp\/v2\/types\/product"}],"replies":[{"embeddable":true,"href":"https:\/\/bibliotecajuridicavirtual.cl\/index.php\/wp-json\/wp\/v2\/comments?post=1685"}],"wp:featuredmedia":[{"embeddable":true,"href":"https:\/\/bibliotecajuridicavirtual.cl\/index.php\/wp-json\/wp\/v2\/media\/1736"}],"wp:attachment":[{"href":"https:\/\/bibliotecajuridicavirtual.cl\/index.php\/wp-json\/wp\/v2\/media?parent=1685"}],"wp:term":[{"taxonomy":"product_brand","embeddable":true,"href":"https:\/\/bibliotecajuridicavirtual.cl\/index.php\/wp-json\/wp\/v2\/product_brand?post=1685"},{"taxonomy":"product_cat","embeddable":true,"href":"https:\/\/bibliotecajuridicavirtual.cl\/index.php\/wp-json\/wp\/v2\/product_cat?post=1685"},{"taxonomy":"product_tag","embeddable":true,"href":"https:\/\/bibliotecajuridicavirtual.cl\/index.php\/wp-json\/wp\/v2\/product_tag?post=1685"}],"curies":[{"name":"wp","href":"https:\/\/api.w.org\/{rel}","templated":true}]}}