{"id":1686,"date":"2026-02-28T00:53:25","date_gmt":"2026-02-28T03:53:25","guid":{"rendered":"https:\/\/bibliotecajuridicavirtual.cl\/?post_type=product&#038;p=1686"},"modified":"2026-02-28T00:54:24","modified_gmt":"2026-02-28T03:54:24","slug":"lecciones-de-derecho-constitucional-iii-derecho-constitucional-organico-francisco-zuniga-urbina-julio-ano-2024-423-paginas","status":"publish","type":"product","link":"https:\/\/bibliotecajuridicavirtual.cl\/index.php\/product\/lecciones-de-derecho-constitucional-iii-derecho-constitucional-organico-francisco-zuniga-urbina-julio-ano-2024-423-paginas\/","title":{"rendered":"Lecciones de Derecho Constitucional III &#8211; Derecho Constitucional Org\u00e1nico, Francisco Z\u00fa\u00f1iga Urbina &#8211; julio a\u00f1o 2024 \u2013 423 P\u00e1ginas"},"content":{"rendered":"<p style=\"font-weight: 400;\">Este tomo III comprende el desarrollo del derecho constitucional positivo en su parte org\u00e1nica. Se aborda la organizaci\u00f3n b\u00e1sica del Estado, los \u201cpoderes\u201d cl\u00e1sicos, las autonom\u00edas y la reforma constitucional, as\u00ed como los procesos de cambio constitucional.<\/p>\n<p style=\"font-weight: 400;\">Este volumen confirma la conjunci\u00f3n entre constitucionalismo y positivismo; y por ende, el compromiso del autor con el sistema republicado democr\u00e1tico.<\/p>\n<p style=\"font-weight: 400;\">\n<p style=\"font-weight: 400;\"><b><strong>CAP\u00cdTULO V<\/strong><\/b><br \/>\n<b><strong>DERECHO CONSTITUCIONAL POSITIVO &#8211; PARTE ORG\u00c1NICA DE LA CONSTITUCI\u00d3N<\/strong><\/b><\/p>\n<p style=\"font-weight: 400;\">INTRODUCCI\u00d3N<\/p>\n<ol>\n<li style=\"font-weight: 400;\"><b><strong>A) TEOR\u00cdA DE LAS FUNCIONES DEL PODER ESTATAL. POTESTADES, COMPETENCIAS Y PROCEDIMIENTOS<\/strong><\/b>\n<p>i) Potestades<br \/>\nii) Competencia<br \/>\niii) Procedimiento<\/li>\n<li style=\"font-weight: 400;\"><b><strong>B) TEOR\u00cdA DE LOS \u00d3RGANOS DEL ESTADO. PODERES DEL ESTADO<\/strong><\/b>\n<p>i) Constituci\u00f3n y sistema de potestades (reglas de competencia). Configuraci\u00f3n del r\u00e9gimen y tipo de gobierno presidencia-lista<br \/>\nii) Autonom\u00edas constitucionales<\/li>\n<li style=\"font-weight: 400;\"><b><strong>C) ESTADO DE DERECHO. AUTOLIMITACI\u00d3N Y DERECHOS P\u00daBLICOS SUBJETIVOS<\/strong><\/b>\n<p><b><strong> Gobierno y Administraci\u00f3n: Presidente de la Rep\u00fablica (Poder Ejecutivo)<\/strong><\/b><br \/>\n1.1. Proleg\u00f3menos hist\u00f3ricos<br \/>\n1.2. Funciones: Gobierno y Administraci\u00f3n<br \/>\n1.3. Estatuto del Presidente de la Rep\u00fablica. Elecci\u00f3n presidencial<br \/>\n1.3.1. Requisitos de elegibilidad<br \/>\n1.3.2. Elecci\u00f3n presidencial<br \/>\n1.4. Subrogaci\u00f3n y reemplazo<br \/>\n1.5. Atribuciones<br \/>\n1.5.1. Atribuciones constituyentes<br \/>\n1.5.2. Atribuciones legislativas<br \/>\n1.5.3. Atribuciones gubernativas<br \/>\n1.5.4. Atribuciones administrativas<br \/>\n1.5.5. Atribuciones judiciales<br \/>\n1.6. Ministros de Estado. Ministerios y subsecretar\u00edas<br \/>\n1.7. Bases Generales de la Administraci\u00f3n del Estado (Ley No 18.575)<br \/>\n1.8. Principios de transparencia, probidad y publicidad<br \/>\n1.9. Estados de Excepci\u00f3n Constitucional<\/li>\n<li style=\"font-weight: 400;\"><b><strong> Congreso Nacional (Poder Legislativo)<\/strong><\/b><br \/>\n2.1. Sinopsis hist\u00f3rica<br \/>\n2.1.1. Introducci\u00f3n<br \/>\n2.1.2. Historia Externa (parlamento medieval y moderno, ante la representaci\u00f3n pol\u00edtica)<br \/>\n2.1.3. Historia Interna: Congreso Nacional desde 1811<br \/>\n2.2. Derecho parlamentario<br \/>\n2.3. Composici\u00f3n y generaci\u00f3n (representaci\u00f3n: principio democr\u00e1tico y principio contramayoritario)<br \/>\n2.3.1. C\u00e1mara de Diputadas y Diputados. Senado de la Rep\u00fablica. \u00d3rganos internos y bicamerales<br \/>\n2.3.2. Funciones del Congreso Nacional y atribuciones de las c\u00e1maras<br \/>\n2.3.3. Principio de autonormaci\u00f3n reglamentaria<br \/>\n2.4. Funcionamiento del Congreso Nacional<br \/>\n2.4.1. Legislatura \u00fanica<br \/>\n2.4.2. Periodo legislativo<br \/>\n2.4.3. Qu\u00f3rum de sesiones<br \/>\n2.5. Estatuto del parlamentario y funci\u00f3n p\u00fablica<br \/>\n2.5.1. Prohibiciones parlamentarias (Inhabilidades, incompatibilidades e incapacidades)<br \/>\n2.5.1.1. Inhabilidades<br \/>\n2.5.1.2. Incompatibilidades<br \/>\n2.5.1.3. Incapacidades<br \/>\n2.5.2. Causales de cesaci\u00f3n en el cargo parlamentario<br \/>\n2.5.3. Privilegios parlamentarios (colectivos e individuales)<br \/>\n2.5.4. Reemplazo de parlamentarios<br \/>\n2.6. Atribuciones exclusivas de la C\u00e1mara de Diputadas y Diputados. Naturaleza jur\u00eddico-pol\u00edtica de la acusaci\u00f3n en juicio pol\u00edtico, y procedimiento<br \/>\n2.6.1. Acusaci\u00f3n en juicio pol\u00edtico<br \/>\n2.6.2. Procedimiento<br \/>\n2.7. Atribuciones exclusivas del Senado<br \/>\n2.8. Atribuciones exclusivas del Congreso<br \/>\n2.9. Dominio legal y procedimiento legislativo<br \/>\n2.9.1. Etapas del procedimiento legislativo: iniciativa y origen, discusi\u00f3n, aprobaci\u00f3n, sanci\u00f3n, promulgaci\u00f3n y publicaci\u00f3n<br \/>\n2.9.1.1. Iniciativa<br \/>\n2.9.1.2. Origen<br \/>\n2.9.1.3. Discusi\u00f3n<br \/>\n2.9.1.4. Aprobaci\u00f3n<br \/>\n2.9.1.5. Sanci\u00f3n<br \/>\n2.9.1.6. Promulgaci\u00f3n<br \/>\n2.9.1.7. Publicaci\u00f3n<br \/>\n2.9.2. Dominio legal y tipos de ley (Principio de jerarqu\u00eda normativa o principio de distribuci\u00f3n de materias)<br \/>\n2.9.2.1. Tipos de ley. Factor material<br \/>\n2.9.2.2. Factor material en las categor\u00edas de ley<br \/>\n2.9.3. Legislaci\u00f3n regular, legislaci\u00f3n irregular y legislaci\u00f3n delegada<br \/>\n2.10. Ley de Presupuestos del Sector P\u00fablico<br \/>\n2.11. Congreso Pleno. Resabio hist\u00f3rico<\/li>\n<li style=\"font-weight: 400;\"><b><strong> Poder Judicial. Corte Suprema como \u00f3rgano constitucional. Organizaci\u00f3n de \u00e9ste (sistema justicial)<\/strong><\/b><br \/>\n3.1. Jurisdicci\u00f3n estatal<br \/>\n3.2. Principios constitucionales del Poder Judicial<br \/>\n3.2.1. Principio de jurisdicci\u00f3n<br \/>\n3.2.2. Principio de independencia<br \/>\n3.2.3. Principio de legalidad<br \/>\n3.2.4. Principio de inexcusabilidad<br \/>\n3.2.5. Principio de imperio<br \/>\n3.2.6. Principio de generaci\u00f3n mixta<br \/>\n3.2.7. Principio de responsabilidad<br \/>\n3.2.8. Principio de inamovilidad<br \/>\n3.3. Superintendencia de la Corte Suprema. El problema del \u201cGobierno del Poder Judicial\u201d<br \/>\n3.3.1. Superintendencia directiva, correccional y econ\u00f3mica<br \/>\n3.3.2. Potestad reglamentaria y constitucionalidad de los autos acordados de la Corte Suprema<br \/>\n3.3.3. El tema del contencioso administrativo y los nuevos tribunales especiales (art\u00edculos 38 inciso 2o y 76 Constituci\u00f3n)<br \/>\n3.3.4. Corte Suprema y poderes p\u00fablicos. El \u201cgobierno judicial\u201d<\/li>\n<li style=\"font-weight: 400;\"><b><strong> Ministerio P\u00fablico. El nuevo proceso penal acusatorio garantista<\/strong><\/b><br \/>\n4.1. El concepto de Ministerio P\u00fablico<br \/>\n4.2. Antecedentes hist\u00f3ricos<br \/>\n4.3. La relaci\u00f3n entre Ministerio P\u00fablico y el sistema penal acusatorio<br \/>\n4.4. El dilema de la incardinaci\u00f3n del Ministerio P\u00fablico<br \/>\n4.5. Caracter\u00edsticas org\u00e1nicas del Ministerio P\u00fablico<br \/>\n4.6. Caracter\u00edsticas funcionales del Ministerio P\u00fablico<br \/>\n4.7. Principios rectores de la actividad del Ministerio P\u00fablico<br \/>\n4.8. El sistema de generaci\u00f3n de los cargos del Ministerio P\u00fablico<br \/>\n4.9. El r\u00e9gimen de inhabilitaciones y prohibiciones de los fiscales<br \/>\n4.10. El sistema de control de los fiscales<br \/>\n4.11. El r\u00e9gimen de remoci\u00f3n de los fiscales<br \/>\n4.12. El sistema de responsabilidad de los fiscales<\/li>\n<li style=\"font-weight: 400;\"><b><strong> Tribunal Constitucional<\/strong><\/b><br \/>\n5.1. Justicia Constitucional: problemas te\u00f3rico-pr\u00e1cticos del control abstracto y concreto de constitucionalidad, y su monopolio por el Tribunal Constitucional. Dualidad de judicatura: proceso de constitucionalidad y proceso de amparo de derechos fundamentales<br \/>\n5.2. Composici\u00f3n<br \/>\n5.3. Organizaci\u00f3n y funcionamiento<br \/>\n5.4. Funciones y atribuciones. Tipolog\u00eda de las competencias del Tribunal, y en especial, control abstracto-concreto de constitucionalidad<br \/>\n5.4.1. Control de constitucionalidad de la ley y de actos estatales<br \/>\n5.4.2. Control de eficacia de derechos fundamentales<br \/>\n5.4.3. Heterocomposici\u00f3n de conflictos de poder<br \/>\n5.4.4. Contencioso sancionatorio de la cl\u00e1usula de protecci\u00f3n de la democracia constitucional<br \/>\n5.4.5. Procedimiento ante el Tribunal Constitucional<br \/>\n5.4.6. Competencia del Tribunal Constitucional<br \/>\n5.4.6.1. Ejercer el control de constitucionalidad de las leyes que interpreten alg\u00fan precepto de la Constituci\u00f3n, de las leyes org\u00e1nicas constitucionales y de las normas de un tratado que versen sobre materias propias de estas \u00faltimas, antes de su promulgaci\u00f3n<br \/>\n5.4.6.2. Resolver sobre las cuestiones de constitucionalidad de los autos acordados dictados por la Corte Suprema, las Cortes de Apelaciones y el Tribunal Calificador de Elecciones<br \/>\n5.4.6.3. Resolver las cuestiones sobre constitucionalidad que se susciten durante la tramitaci\u00f3n de los proyectos de ley o de reforma constitucional y de los tratados sometidos a la aprobaci\u00f3n del Congreso<br \/>\n5.4.6.4. Resolver las cuestiones que se susciten sobre la constitucionalidad de un decreto con fuerza de ley<br \/>\n5.4.6.5. Resolver las cuestiones que se susciten sobre constitucionalidad con relaci\u00f3n a la convocatoria a un plebiscito, sin perjuicio de las atribuciones que correspondan al Tribunal Calificador de Elecciones<br \/>\n5.4.6.6. Resolver, por la mayor\u00eda de sus miembros en ejercicio, la inaplicabilidad de un precepto legal cuya aplicaci\u00f3n en cualquier gesti\u00f3n que se siga ante un tribunal ordinario o especial, resulte contraria a la Constituci\u00f3n<br \/>\n5.4.6.7. Resolver por la mayor\u00eda de los cuatro quintos de sus integrantes en ejercicio, la inconstitucionalidad de un precepto legal declarado inaplicable en conformidad a lo dispuesto en el numeral anterior<br \/>\n5.4.6.8. Resolver los reclamos en caso de que el Presi- dente de la Rep\u00fablica no promulgue una ley cuando deba hacerlo o promulgue un texto diverso del que constitucionalmente corresponda<br \/>\n5.4.6.9. Resolver sobre la constitucionalidad de un decreto o resoluci\u00f3n del Presidente de la Rep\u00fablica que la Contralor\u00eda General de la Rep\u00fablica haya representado por estimarlo inconstitucional, cuando sea requerido por el Presidente en conformidad al art\u00edculo 99<br \/>\n5.4.6.10. Declarar la inconstitucionalidad de las organizaciones y de los movimientos o partidos pol\u00edticos, como asimismo la responsabilidad de las personas que hubieran tenido participaci\u00f3n en los hechos que motivaron la declaraci\u00f3n de inconstitucionalidad<br \/>\n5.4.6.11. Informar al Senado en los casos a que se refiere el art\u00edculo 53 n\u00famero 7) de esta Constituci\u00f3n<br \/>\n5.4.6.12. Resolver las contiendas de competencia que se susciten entre las autoridades pol\u00edticas o administrativas y los tribunales de justicia, que no correspondan al Senado<br \/>\n5.4.6.13. Resolver sobre las inhabilidades constitucionales o legales que afecten a una persona para ser designada Ministro de Estado, permanecer en dicho cargo o desempe\u00f1ar simult\u00e1neamente otras funciones<br \/>\n5.4.6.14. Pronunciarse sobre las inhabilidades, incompatibilidades y causales de cesaci\u00f3n en el cargo de los parlamentarios<br \/>\n5.4.6.15. Calificar la inhabilidad invocada por un parlamentario en los t\u00e9rminos del inciso final del art\u00edculo 60 y pronunciarse sobre su renuncia al cargo<br \/>\n5.4.6.16. Y, resolver sobre la constitucionalidad de los decretos supremos, cualquiera sea el vicio invocado, incluyendo aqu\u00e9llos que fueren dictados en el ejercicio de la potestad reglamentaria aut\u00f3noma del Presidente de la Rep\u00fablica cuando se refieran a materias que pudieran estar reservadas a la ley por mandato del art\u00edculo 63<br \/>\n5.5. Efectos de las sentencias del Tribunal<\/li>\n<li style=\"font-weight: 400;\"><b><strong> Justicia Electoral: cuestiones electorales como cuestiones pol\u00edtico-jur\u00eddicas<\/strong><\/b><br \/>\n6.1. Sinopsis hist\u00f3rica<br \/>\n6.2. Tribunal Calificador de Elecciones: Composici\u00f3n, organizaci\u00f3n y funcionamiento. Competencias y procedimientos. Efecto de las resoluciones del Tribunal Calificador de Elecciones<br \/>\n6.2.1. Composici\u00f3n<br \/>\n6.2.2. Estatuto<br \/>\n6.2.3. Organizaci\u00f3n<br \/>\n6.2.4. Funcionamiento<br \/>\n6.2.5. Competencias<br \/>\n6.2.6. Procedimiento<br \/>\n6.2.7. Sentencias y efectos<br \/>\n6.2.8. Servicio Electoral<br \/>\n6.3 Tribunales Electorales Regionales: Composici\u00f3n, organizaci\u00f3n y funcionamiento. Competencias y procedimientos. Efecto de las resoluciones e imperio<br \/>\n6.3.1. Composici\u00f3n<br \/>\n6.3.2. Estatuto<br \/>\n6.3.3. Organizaci\u00f3n<br \/>\n6.3.4. Funcionamiento<br \/>\n6.3.5. Competencias y procedimientos<\/li>\n<li style=\"font-weight: 400;\"><b><strong> Funci\u00f3n de control y Contralor\u00eda General de la Rep\u00fablica<\/strong><\/b><br \/>\n7.1. Contralor\u00eda General de la Rep\u00fablica: Antecedentes hist\u00f3ricos<br \/>\n7.2. Nombramiento, estatuto y destituci\u00f3n del Contralor<br \/>\n7.3. Funciones y atribuciones (Constituci\u00f3n y Ley No 10.336), Toma de raz\u00f3n y decreto de insistencia: en especial, control de legalidad y auditorias<br \/>\n7.3.1. Control de legalidad<br \/>\n7.4. Tribunal de Cuentas<br \/>\n7.5. Relaciones con el Tribunal Constitucional<br \/>\n7.6. Organizaci\u00f3n y funcionamiento<br \/>\n7.7. La instituci\u00f3n del Ombudsman o Defensor del pueblo en el derecho comparado<\/li>\n<li style=\"font-weight: 400;\"><b><strong> Fuerzas armadas, de orden y seguridad p\u00fablica<\/strong><\/b><br \/>\n8.1. Fuerzas Armadas. Concepto y naturaleza jur\u00eddica en la Administraci\u00f3n del Estado. Estatuto Org\u00e1nico del MDN (Ley No 20.424)<br \/>\n8.2. Nombramiento: art\u00edculos 7 y 46 Ley org\u00e1nica constitucional FF.AA.<br \/>\n8.3. Caracter\u00edsticas: art\u00edculo 2o Ley org\u00e1nica constitucional FF.AA.<br \/>\n8.4. Funciones de las F.F.A.A. en el sistema pol\u00edtico<br \/>\n8.5. Fuerzas de Orden y Seguridad P\u00fablica. Concepto y naturaleza jur\u00eddica<br \/>\n8.6. Nombramiento: art\u00edculos 10 y 51 Ley org\u00e1nica constitucional de Carabineros<br \/>\n8.7. Caracter\u00edsticas: art\u00edculos 1o y 4o Ley org\u00e1nica constitucional de Carabineros<br \/>\n8.8. Funciones. El concepto de fuerza p\u00fablica<br \/>\n8.9. Estatuto org\u00e1nico de la PDI<\/li>\n<li style=\"font-weight: 400;\"><b><strong> Consejo de Seguridad Nacional<\/strong><\/b><br \/>\n9.1. Seguridad nacional como doctrina<br \/>\n9.2. Composici\u00f3n, organizaci\u00f3n y funcionamiento<br \/>\n9.3. Funciones-competencia<br \/>\n9.4. Ley No 20.424: Estado Mayor Conjunto como organismo de trabajo y asesor\u00eda del MDN (art\u00edculos 25 a 28), y derogaci\u00f3n de Ley No 7.144 (Consejo Superior de Defensa Nacional) y de DFL No 181, de 1960, MH (Consejo Superior de Seguridad Nacional)<\/li>\n<li style=\"font-weight: 400;\"><b><strong> Banco Central y Constituci\u00f3n Econ\u00f3mica<\/strong><\/b><br \/>\n10.1. Sinopsis Hist\u00f3rica<br \/>\n10.2. Organizaci\u00f3n y funcionamiento<br \/>\n10.3. Autonom\u00eda patrimonial y t\u00e9cnica<br \/>\n10.4. Funciones y atribuciones<\/li>\n<li style=\"font-weight: 400;\"><b><strong> Gobierno y Administraci\u00f3n Interior del Estado<\/strong><\/b><br \/>\n11.1. Forma jur\u00eddica de Estado: Estado unitario (art\u00edculo 3o Constituci\u00f3n)<br \/>\n11.2. Principios t\u00e9cnicos: centralizaci\u00f3n, descentralizaci\u00f3n administrativa, desconcentraci\u00f3n administrativa, delegaci\u00f3n y coordinaci\u00f3n<br \/>\n11.2.1. Principio de centralizaci\u00f3n<br \/>\n11.2.2. Principio de descentralizaci\u00f3n administrativa<br \/>\n11.2.3. Principio de desconcentraci\u00f3n administrativa<br \/>\n11.2.4. Principio de delegaci\u00f3n administrativa<br \/>\n11.2.5. Principio de coordinaci\u00f3n administrativa<br \/>\n11.3. Modificaciones constitucionales y legales: leyes No 20.990, de 2017; No 21.073 y No 21.074, de 2018<br \/>\n11.4. Gobierno y Administraci\u00f3n regional: intendentes, Gobernador Regional, gobierno regional y sus \u00f3rganos. El Delegado Presidencial Regional<br \/>\n11.4.1. Intendentes<br \/>\n11.4.2. Gobernador Regional<br \/>\n11.4.3. Gobierno Regional y sus \u00f3rganos<br \/>\n11.4.3.1. Competencia del Gobierno Regional<br \/>\n11.4.3.2. Atribuciones del Gobernador y del Consejo Regional<br \/>\n11.4.3.3. Organizaci\u00f3n interna<br \/>\n11.4.4. Delegado Presidencial Regional<br \/>\n11.5. Gobierno y Administraci\u00f3n provincial: gobernaci\u00f3n y el nuevo Delegado Presidencial Provincial, Comit\u00e9 T\u00e9cnico Asesor, Consejo Econ\u00f3mico y Social Provincial y delegados<br \/>\n11.5.1. Provincia<br \/>\n11.5.2. Gobernaci\u00f3n y el nuevo Delegado Presidencial Provincial<br \/>\n11.5.3. Comit\u00e9 T\u00e9cnico Asesor, Consejo Econ\u00f3mico y Social Provincial y delegados<br \/>\n11.6. Administraci\u00f3n comunal. Municipalidad: autarqu\u00eda y autonom\u00eda. \u00d3rganos internos (Alcalde y Concejo Municipal). Funciones y atribuciones. Organizaci\u00f3n interna. Participaci\u00f3n de la comunidad local: Ley No 20.500 y los Consejos de la Sociedad Civil<br \/>\n11.6.1. Municipalidad<br \/>\n11.6.2. Competencia (funciones y atribuciones)<br \/>\n11.6.2.1. Presupuesto municipal<br \/>\n11.6.3. \u00d3rganos municipales<br \/>\n11.6.4. Organizaci\u00f3n interna<br \/>\n11.6.5. Participaci\u00f3n de la comunidad local<br \/>\n11.7. Disposiciones generales y traspaso de competencia<br \/>\n11.8. \u00c1reas metropolitanas<br \/>\n11.9. Funci\u00f3n p\u00fablica municipal y estatuto<br \/>\n11.10. Territorios especiales<\/li>\n<li style=\"font-weight: 400;\"><b><strong> Poder constituyente derivado<\/strong><\/b><br \/>\n12.1. Reforma de la Constituci\u00f3n: rigidez y principio democr\u00e1tico<br \/>\n12.2. Ausencia de l\u00edmites a la reforma. El debate acerca de la justiciabilidad<br \/>\n12.3. Procedimiento y \u00d3rganos<br \/>\n12.3.1. Qu\u00f3rum ordinario y procedimiento<br \/>\n12.3.1.1. Iniciativa y origen<br \/>\n12.3.1.2. Discusi\u00f3n<br \/>\n12.3.1.3. Aprobaci\u00f3n<br \/>\n12.3.1.4. Sanci\u00f3n y veto<br \/>\n12.3.2. Qu\u00f3rum extraordinario y procedimiento. Plebiscito o reforma: promulgaci\u00f3n y publicaci\u00f3n<br \/>\n12.4. Poder Constituyente originario<br \/>\n12.5. Reforma constitucional y proceso constituyente<\/li>\n<\/ol>\n","protected":false},"excerpt":{"rendered":"<p>NOVEDAD JUR\u00cdDICA &#8211; RESERVA AHORA!<\/p>\n","protected":false},"featured_media":1737,"comment_status":"open","ping_status":"closed","template":"","meta":{"inline_featured_image":false,"_joinchat":[]},"product_brand":[],"product_cat":[33],"product_tag":[],"class_list":{"0":"post-1686","1":"product","2":"type-product","3":"status-publish","4":"has-post-thumbnail","6":"product_cat-constitucional","8":"first","9":"instock","10":"shipping-taxable","11":"purchasable","12":"product-type-simple"},"_links":{"self":[{"href":"https:\/\/bibliotecajuridicavirtual.cl\/index.php\/wp-json\/wp\/v2\/product\/1686","targetHints":{"allow":["GET"]}}],"collection":[{"href":"https:\/\/bibliotecajuridicavirtual.cl\/index.php\/wp-json\/wp\/v2\/product"}],"about":[{"href":"https:\/\/bibliotecajuridicavirtual.cl\/index.php\/wp-json\/wp\/v2\/types\/product"}],"replies":[{"embeddable":true,"href":"https:\/\/bibliotecajuridicavirtual.cl\/index.php\/wp-json\/wp\/v2\/comments?post=1686"}],"wp:featuredmedia":[{"embeddable":true,"href":"https:\/\/bibliotecajuridicavirtual.cl\/index.php\/wp-json\/wp\/v2\/media\/1737"}],"wp:attachment":[{"href":"https:\/\/bibliotecajuridicavirtual.cl\/index.php\/wp-json\/wp\/v2\/media?parent=1686"}],"wp:term":[{"taxonomy":"product_brand","embeddable":true,"href":"https:\/\/bibliotecajuridicavirtual.cl\/index.php\/wp-json\/wp\/v2\/product_brand?post=1686"},{"taxonomy":"product_cat","embeddable":true,"href":"https:\/\/bibliotecajuridicavirtual.cl\/index.php\/wp-json\/wp\/v2\/product_cat?post=1686"},{"taxonomy":"product_tag","embeddable":true,"href":"https:\/\/bibliotecajuridicavirtual.cl\/index.php\/wp-json\/wp\/v2\/product_tag?post=1686"}],"curies":[{"name":"wp","href":"https:\/\/api.w.org\/{rel}","templated":true}]}}