{"id":1687,"date":"2026-02-28T00:53:25","date_gmt":"2026-02-28T03:53:25","guid":{"rendered":"https:\/\/bibliotecajuridicavirtual.cl\/?post_type=product&#038;p=1687"},"modified":"2026-02-28T00:54:25","modified_gmt":"2026-02-28T03:54:25","slug":"lenguaje-juridico-claro-teoria-y-practica-en-el-derecho-chileno-claudia-poblete-o-jose-luis-alliende-l-jose-luis-guerrero-b-walter-de-la-rivera-l-guillermo-soto-v-carlos-vergara-b-junio","status":"publish","type":"product","link":"https:\/\/bibliotecajuridicavirtual.cl\/index.php\/product\/lenguaje-juridico-claro-teoria-y-practica-en-el-derecho-chileno-claudia-poblete-o-jose-luis-alliende-l-jose-luis-guerrero-b-walter-de-la-rivera-l-guillermo-soto-v-carlos-vergara-b-junio\/","title":{"rendered":"Lenguaje Jur\u00eddico Claro &#8211; Teor\u00eda y Pr\u00e1ctica en el Derecho Chileno\/ Claudia Poblete O. &#8211; Jos\u00e9 Luis Alliende L &#8211; Jos\u00e9 Luis Guerrero B &#8211; Walter de la Rivera L &#8211; Guillermo Soto V &#8211; Carlos Vergara B, junio a\u00f1o 2024 \/ 296 P\u00e1g."},"content":{"rendered":"<p style=\"font-weight: 400;\">En la actualidad, el lenguaje jur\u00eddico claro y el derecho a comprender son temas que adquieren cada d\u00eda m\u00e1s relevancia en Chile y en el mundo. Como respuesta a este creciente inter\u00e9s, nace esta obra desde un trabajo colectivo entre juristas y ling\u00fcistas que en conjunto se refieren al lenguaje claro y al derecho con foco en el ciudadano. Adem\u00e1s, desde una mirada con proyecci\u00f3n, se analiza la educaci\u00f3n jur\u00eddica en Chile desde la \u00f3ptica del lenguaje claro.<\/p>\n<p style=\"font-weight: 400;\">Los aspectos te\u00f3ricos se llevan a la pr\u00e1ctica al entregar propuestas concretas de c\u00f3mo abordar la claridad en la redacci\u00f3n de los documentos de la administraci\u00f3n y su articulaci\u00f3n con la perspectiva de g\u00e9nero. Tal como se se\u00f1ala Santiago Mu\u00f1oz Machado en el pr\u00f3logo: \u201cEste libro es un estudio pionero en lengua espa\u00f1ola acerca de la teor\u00eda y la pr\u00e1ctica del lenguaje jur\u00eddico claro.<\/p>\n<p style=\"font-weight: 400;\">Se suma a una bibliograf\u00eda que empieza a ser copiosa en varios idiomas. Es este un asunto que est\u00e1 preocupando cada d\u00eda m\u00e1s a juristas, a ling\u00fcistas, a las instituciones p\u00fablicas y a todas las entidades de car\u00e1cter privado que prestan alguna clase de servicios a los ciudadanos.\u201d<\/p>\n<p style=\"font-weight: 400;\"><b><strong>CAP\u00cdTULO I<\/strong><\/b><br \/>\n<b><strong>LENGUAJE CLARO<\/strong><\/b><br \/>\nClaudia Poblete Olmedo<\/p>\n<ol>\n<li style=\"font-weight: 400;\"><b><strong> \u00bfQU\u00c9 ES LENGUAJE CLARO?<\/strong><\/b><\/li>\n<\/ol>\n<p style=\"font-weight: 400;\">1.1. Breve historia, evoluci\u00f3n y experiencia comparada<br \/>\nA) Historia<br \/>\nB) Evoluci\u00f3n<br \/>\na. Nivel inicial<br \/>\nb. Nivel de integraci\u00f3n<br \/>\nc. Nivel de consolidaci\u00f3n<br \/>\nC) Experiencia comparada<br \/>\na. Suecia<br \/>\nb. Espa\u00f1a<br \/>\nc. M\u00e9xico<br \/>\nd. Colombia<br \/>\ne. Argentina<br \/>\nf. Per\u00fa<br \/>\ng. Uruguay<br \/>\nD) Chile<\/p>\n<p><b><strong>CAP\u00cdTULO II<\/strong><\/b><br \/>\n<b><strong>LA URGENCIA DEL USO DEL LENGUAJE CLARO EN EL \u00c1MBITO JUR\u00cdDICO<\/strong><\/b><br \/>\nJos\u00e9 Luis Alliende Leiva<\/p>\n<p><b><strong>1. \u00bfES NECESARIO CONOCER LA LEY?<\/strong><\/b><\/p>\n<ol start=\"2\">\n<li style=\"font-weight: 400;\"><b><strong> DIFUSI\u00d3N, CONOCIMIENTO Y EXIGIBILIDAD DE LA NORMA JUR\u00cdDICA<\/strong><\/b>2.1. La difusi\u00f3n como medio necesario de conocimiento<br \/>\n2.2. La cercan\u00eda al conocimiento efectivo de la ley: la idea del C\u00f3digo Civil<br \/>\n2.3. La disociaci\u00f3n entre publicaci\u00f3n y conocimiento efectivo de la ley: el C\u00f3digo Civil desde 1949<br \/>\n2.4. Difusi\u00f3n del acto administrativo de acuerdo con el inter\u00e9s involucrado: las reglas supletorias del procedimiento administrativo<br \/>\n2.5. Difusi\u00f3n de los actos municipales de inter\u00e9s general en el sitio electr\u00f3nico de la respectiva municipalidad<br \/>\n2.6. \u00bfQu\u00e9 problemas plantea la relaci\u00f3n entre difusi\u00f3n, conocimiento y exigibilidad?<\/li>\n<li style=\"font-weight: 400;\"><b><strong> CONOCIMIENTO O IGNORANIA DE LA LEY: UNA ALTERNATIVA EXCLUYENTE<\/strong><\/b><\/li>\n<li style=\"font-weight: 400;\"><b><strong> LA EXIGIBILIDAD DE LAS NORMAS JUR\u00cdDICAS SOLO PUEDE SUSTENTARSE EN EL CONOCIMIENTO DE ELLAS<\/strong><\/b>4.1. Porque es inherente al propio concepto de norma jur\u00eddica<br \/>\nA) La norma jur\u00eddica regula la conducta humana y le atribuye consecuencias al incumplimiento de su mandato<br \/>\nB) La atribuci\u00f3n de consecuencias o imputaci\u00f3n de responsabilidad des- cansa en el conocimiento de la conducta que era exigible<br \/>\n4.2. Porque vulnera compromisos internacionales sobre transferencia de las decisiones y actos jur\u00eddicos que incumban al p\u00fablico<br \/>\n4.3. Porque la ignorancia de las normas afecta las bases de la convivencia social<br \/>\n4.4. Porque vulnera derechos esenciales de la persona humana<br \/>\nA) La dignidad<br \/>\nB) La libertad<br \/>\nC) La igualdad<br \/>\n4.5. Porque la ignorancia de las normas atenta contra las instituciones democr\u00e1ticas<br \/>\n4.6. Atenta contra la participaci\u00f3n<br \/>\n4.7. Porque la ignorancia de las normas atenta contra el Estado de Derecho<\/li>\n<li style=\"font-weight: 400;\"><b><strong> LOS DESAF\u00cdOS DEL LENGUAJE JUR\u00cdDICO NORMATIVO CLARO<\/strong><\/b><\/li>\n<\/ol>\n<p style=\"font-weight: 400;\">5.1. La relaci\u00f3n tradicional de subordinaci\u00f3n entre la autoridad y la persona<br \/>\n5.2. La nueva relaci\u00f3n de equilibrio entre la autoridad y la persona<br \/>\n5.3. \u00bfPor qu\u00e9 la urgencia en aplicar el lenguaje claro al ejercicio de la potestad<\/p>\n<p style=\"font-weight: 400;\"><b><strong>CAP\u00cdTULO III<\/strong><\/b><br \/>\n<b><strong>LENGUAJE CLARO Y G\u00c9NERO GRAMATICAL EN ESPA\u00d1OL: MASCULINO GEN\u00c9RICO, MASCULINO AMPLIADO Y G\u00c9NERO INCLUSIVO<\/strong><\/b><br \/>\nGuillermo Soto Vergara<\/p>\n<ol>\n<li style=\"font-weight: 400;\">La pol\u00e9mica del g\u00e9nero gramatical<br \/>\n2. \u00bfQu\u00e9 es el g\u00e9nero gramatical?<br \/>\n3. La cuesti\u00f3n del g\u00e9nero gramatical en los sustantivos animados<br \/>\n4. Uso gen\u00e9rico del masculino<br \/>\n5. El masculino: g\u00e9nero por defecto no marcado<br \/>\n6. Del ort\u00f3nimo o unisex al sustantivo diferenciado<br \/>\n7. Dos alternativas al masculino gen\u00e9rico<br \/>\n8. \u00bfLa presidenta?<br \/>\n9. Conclusiones<\/li>\n<\/ol>\n<p style=\"font-weight: 400;\"><b><strong>CAP\u00cdTULO IV<\/strong><\/b><br \/>\n<b><strong>LA ENSE\u00d1ANZA DEL LENGUAJE CLARO EN LA FORMACI\u00d3N JUR\u00cdDICA, AVANCES Y RETROCESOS<\/strong><\/b><\/p>\n<p><b><strong>1. LENGUAJE JUR\u00cdDICO CLARO Y EL DERECHO A COMPRENDER \u201cESTESE AL M\u00c9RITO DE LOS AUTOS\u201d<\/strong><\/b><\/p>\n<ol start=\"2\">\n<li style=\"font-weight: 400;\"><b><strong> LA ENSE\u00d1ANZA DEL LENGUAJE JUR\u00cdDICO CLARO EN LAS FACULTADES DE DERECHO CHILENAS<\/strong><\/b><\/li>\n<li style=\"font-weight: 400;\"><b><strong> ALFABETIZACI\u00d3N EN LENGUAJE JURIDICO CLARO, ALGUNOS MODELOS<\/strong><\/b><\/li>\n<\/ol>\n<p style=\"font-weight: 400;\">3.1. Formaci\u00f3n de estrategias de comprensi\u00f3n y producci\u00f3n de discurso escrito y oran en contextos jur\u00eddicos: el caso de la Pontificia Universidad Cat\u00f3lica de Valpara\u00edso<br \/>\n3.2.\u00a0\u00a0Reflexiones finales y propuestas para la formaci\u00f3n en alfabetizaci\u00f3n acad\u00e9mica en el \u00e1mbito del derecho lenguaje jur\u00eddica claro<\/p>\n<p><b><strong>CAP\u00cdTULO V<\/strong><\/b><br \/>\n<b><strong>PROBLEMAS Y SOLUCIONES EN LA REDACCI\u00d3N JUR\u00cdDICA<\/strong><\/b><\/p>\n<p><b><strong>1. ESCRIBIR CON CLARIDAD. PROBLEMAS EN LA REDACCI\u00d3N JUR\u00cdDICA<\/strong><\/b><br \/>\nClaudia Poblete Olmedo y Carlos Vergara Barrales<\/p>\n<p style=\"font-weight: 400;\">1.1. El punto de partida del sentido: el p\u00e1rrafo<br \/>\n1.2. El p\u00e1rrafo en el contexto jur\u00eddico<br \/>\n1.3. P\u00e1rrafos con estructura clara<br \/>\nA) Enumeraci\u00f3n<br \/>\nB) Secuencia<br \/>\nC) Comparaci\u00f3n<br \/>\nD) Desarrollo de un concepto<br \/>\nE) Enunciado (problema)-soluci\u00f3n<br \/>\nF) Causa-efecto<br \/>\n1.4. Marcadores del discurso<br \/>\nA) Para establecer relaciones sem\u00e1nticas en el texto o discurso<br \/>\nB) Para ordenar apartados del texto o documento<br \/>\n1.5. Ejemplos de conectores en contexto<br \/>\n1.6. Modalizadores<br \/>\nA) Algunos modalizadores<br \/>\nB) Ejemplos de modalizadores en contexto<\/p>\n<ol start=\"2\">\n<li style=\"font-weight: 400;\"><b><strong> ESCRIBIR CON CLARIDAD. ASPECTOS FORMALES: PUNTUACI\u00d3N Y ORTOGRAF\u00cdA EN CONTEXTO JUR\u00cdDICO<\/strong><\/b><br \/>\nClaudia Poblete Olmedo y Carlos Vergara Barrales<\/li>\n<\/ol>\n<p style=\"font-weight: 400;\">2.1. Signos de puntaci\u00f3n y significado<br \/>\n2.2. Puntuaci\u00f3n en el contexto jur\u00eddico<br \/>\nA) Signos dobles<br \/>\nB) Punto final: casos especiales en los que no se escribe punto final<br \/>\nC) Uso de las comas<br \/>\nD) Uso de punto y coma<br \/>\nE) Uso de dos puntos<br \/>\nG) Punto y aparte y punto y seguido<br \/>\nH) P\u00e1rrafo de una sola oraci\u00f3n<br \/>\nI) P\u00e1rrafo con exceso de incisos<br \/>\nJ) Uso de comillas y el punto de cierre<br \/>\nK) La puntuaci\u00f3n de enumeraciones en forma de lista<br \/>\nL) Uso de corchetes<br \/>\n2.3. N\u00fameros y enumeraci\u00f3n en textos legales<br \/>\nA) Los n\u00fameros romanos se escriben con may\u00fascula. Solo se admiten en min\u00fascula en la enumeraci\u00f3n de apartados o en elementos de listas en las normas jur\u00eddicas<br \/>\nB) En el caso de los n\u00fameros ar\u00e1bigos, si bien la RAE (2010) se\u00f1ala que no deben utilizarse ni el punto ni la coma para separar los grupos de tres d\u00edgitos en la parte entera de un n\u00famero y solo admite el uso de un peque\u00f1o espacio en blanco, en Chile est\u00e1 muy extendido el uso del punto para separar los miles. Tal como se muestra a continuaci\u00f3n<br \/>\nC) La RAE se\u00f1ala que no se hace separaci\u00f3n de miles cuando el n\u00famero de una serie, por ejemplo, en la numeraci\u00f3n de textos legales o sus divisiones<br \/>\nD) Cifras o palabras en las expresiones num\u00e9ricas<br \/>\n2.4. Adverbios latinos de valor iterativo<br \/>\n2.5. Uso de may\u00fasculas en contextos jur\u00eddico-administrativos<br \/>\nA) May\u00fasculas y min\u00fasculas en t\u00edtulos<br \/>\nB) Algunos casos de may\u00fasculas de nombres comunes<br \/>\n2.6. Escritura de leyes: may\u00fasculas y min\u00fasculas<br \/>\n2.7. Cursiva en textos legales<br \/>\n2.8. Negrita en textos jur\u00eddicos<br \/>\n2.9. Abreviaturas y siglas en textos legales<br \/>\n2.10. Principales cambios ortogr\u00e1ficos<\/p>\n<ol start=\"3\">\n<li style=\"font-weight: 400;\"><b><strong> ESCRIBIR CON CLARIDAD. RECOMENDACIONES Y CRITERIOS DE CLARIDAD PARA LA REDACCI\u00d3N DE DOCUMENTOS JUR\u00cdDIOS<\/strong><\/b><br \/>\nClaudia Poblete Olmedo<\/li>\n<li style=\"font-weight: 400;\"><b><strong> ESCRIBIR CON CLARIDAD: CONSULTAS FRECUENTES<\/strong><\/b><br \/>\nWalter de la Rivera Ledesma<\/li>\n<\/ol>\n<p style=\"font-weight: 400;\">4.1. Dudas l\u00e9xicas y ortogr\u00e1ficas<br \/>\nA) Abocarse \/ Avocarse<br \/>\nB) Acentuaci\u00f3n en verbos con pronombres encl\u00edtios<br \/>\nC) Adolecer<br \/>\nD) Al, del<br \/>\nE) Asequible \/ accesible<br \/>\nF) Asimismo \/ As\u00ed mismo \/ A s\u00ed mismo<br \/>\nG) Avisar \/ Avisar de<br \/>\nH) Bianual \/ bienal<br \/>\nI) Cien por cien \/ cien por ciento \/ Ciento por ciento<br \/>\nJ) Cualquier, cualquiera, cualesquiera<br \/>\nK) Cuyo, cuya, cuyos, cuyas<br \/>\nL) Deber \/ Deber de<br \/>\nM) Deleznable<br \/>\nN) Detentar<br \/>\n\u00d1) D\u00f3nde \/ Ad\u00f3nde \/ A d\u00f3nde \/ Donde \/ Adonde \/ A donde<br \/>\nO) Enseguida \/ En seguida<br \/>\nP) En base a<br \/>\nQ) Infligir \/ Infringir<br \/>\nR) Junto a \/ Junto con<br \/>\nS) Le, les<br \/>\nT) Ocuparse de \/ Ocuparse en<br \/>\nU) Palabras con grupo inicial ps-<br \/>\nV) Por qu\u00e9 \/ Porqu\u00e9 \/ Porque \/ Por que<br \/>\nW) Prefijo post- \/ pos-<br \/>\nX) Prefijo ex<br \/>\nY) Prefijo extra-<br \/>\nZ) Prefijo super-<br \/>\nAA) Otros prefijos<br \/>\nBB) Prescribir \/ proscribir<br \/>\nCC) Quien, quienes<br \/>\nDD) Requerir \/ Requerir de<br \/>\nEE) Sendos, sendas<br \/>\nFF) Severo<br \/>\nGG) Sino \/Si no<br \/>\nHH) Sustantivos en aposici\u00f3n<br \/>\n4.2. Par\u00f3nimos t\u00f3nicos o acentuales<br \/>\n4.3. Locuciones y otras construcciones<br \/>\nA) Absolver de \/ absolver por<br \/>\nB) Antes de nada \/ Antes que nada \/ Antes de todo \/ Antes que todo<br \/>\nC) Caiga quien caiga \/ Caiga quien cayere<br \/>\nD) Como, por ejemplo<br \/>\nE) Conforme \/ Conforme a \/ Conforme con<br \/>\nF) Con (el, la, los, las) que \/ Con que \/ Con qu\u00e9 \/ Conque<br \/>\nG) Con relaci\u00f3n a \/ En relaci\u00f3n con \/ En relaci\u00f3n a<br \/>\nH) De acuerdo a \/ De acuerdo con<br \/>\nI) De conformidad a \/ De conformidad con<br \/>\nJ) Delante (cerca, detr\u00e1s\u2026) m\u00edo \/ Delante (cerca, detr\u00e1s\u2026) de m\u00ed<br \/>\nK) El mismo, la misma, los mismos, las mismas<br \/>\nL) En conformidad a \/ En conformidad con<br \/>\nM) En la medida en que \/ En la medida que \/ En la medida de que<br \/>\nN) En relaci\u00f3n a<br \/>\n\u00d1) Estar de acuerdo con \/ Estar de acuerdo en<br \/>\nO) Hacer menci\u00f3n de \/ Hacer menci\u00f3n a<br \/>\nP) Junto con lo anterior \/ adem\u00e1s de lo anterior<br \/>\nQ) Que su \/ Que sus<br \/>\nR) Sea cual sea \/ Sea cual fuere<br \/>\nS) Sea lo que sea \/ Sea lo que fuere<br \/>\n4.4. Uso de locuciones latinas<br \/>\n4.5. Voces extranjeras<br \/>\n4.6. Deque\u00edsmo y que\u00edsmo<br \/>\nA) Deque\u00edsmo<br \/>\nB) Que\u00edsmo<br \/>\n4.7. Algunas expresiones redundantes<\/p>\n<p><b><strong>CAP\u00cdTULO VI<\/strong><\/b><br \/>\n<b><strong>RECEPCI\u00d3N DEL LENGUAJE CLARO EN EL ORDENAMIENTO JUR\u00cdDICO CHILENO<\/strong><\/b><br \/>\nJos\u00e9 Luis Alliende Leiva<\/p>\n<ol>\n<li style=\"font-weight: 400;\"><b><strong> EL RECONOCIMIENTO DEL USO DEL LENGUAJE CLARO COMO UN DERECHO<\/strong><\/b><\/li>\n<\/ol>\n<p style=\"font-weight: 400;\">1.1. Atenciones de salud<br \/>\nA) Requisitos de la informaci\u00f3n a los pacientes en general<br \/>\nB) Requisitos de la informaci\u00f3n a los pacientes afectados en su salud mental<br \/>\nC) Requisitos del trato a las personas con trastorno del espectro autista<br \/>\nD) Requisitos de la informaci\u00f3n contenida en folletos<br \/>\n1.2. Obligaciones tributarias<br \/>\n1.3. Informaci\u00f3n por medio de cat\u00e1logos o comunicaci\u00f3n a distancia<br \/>\n1.4. Registro de Emisiones y Transferencia de Contaminantes<br \/>\n1.5. Informaci\u00f3n sobre documentos relacionados con planificaci\u00f3n territorial<br \/>\n1.6. Servicios de acceso a internet<br \/>\n1.7. Manuales sobre productos que utilicen combustibles gaseosos o l\u00edquidos<br \/>\n1.8. Denuncia de siniestros<br \/>\n1.9. Informaci\u00f3n de tr\u00e1nsito a\u00e9reo<br \/>\n1.10. Participaci\u00f3n ciudadana en el Consejo para la Transparencia<br \/>\n1.11. Recomendaciones generales a los \u00f3rganos de la Administraci\u00f3n del Estado<\/p>\n<ol start=\"2\">\n<li style=\"font-weight: 400;\"><b><strong> LAS PROPUESTAS DE RECONOCIMIENTO M\u00c1S AMPLIO<\/strong><\/b><\/li>\n<\/ol>\n<p style=\"font-weight: 400;\">2.1. A nivel constitucional<br \/>\nA) En el proyecto de Constituci\u00f3n Pol\u00edtica de 2022: como principio integrante del deber de fundamentaci\u00f3n de las sentencias<br \/>\nB) En el proyecto de Constituci\u00f3n Pol\u00edtica de 2023: como principio reglamentario com\u00fan de todo el proceso de redacci\u00f3n del texto constitucional<br \/>\n2.2. A nivel legal: como principio integrante del derecho de acceso a la informaci\u00f3n<br \/>\n2.3. A nivel de gesti\u00f3n administrativa<\/p>\n<ol start=\"3\">\n<li style=\"font-weight: 400;\"><b><strong> CONCLUSIONES<\/strong><\/b><\/li>\n<\/ol>\n","protected":false},"excerpt":{"rendered":"<p>HAZ TU RESERVA!<\/p>\n","protected":false},"featured_media":1738,"comment_status":"open","ping_status":"closed","template":"","meta":{"inline_featured_image":false,"_joinchat":[]},"product_brand":[],"product_cat":[27,26,44],"product_tag":[],"class_list":{"0":"post-1687","1":"product","2":"type-product","3":"status-publish","4":"has-post-thumbnail","6":"product_cat-civil","7":"product_cat-derecho","8":"product_cat-filosofia-del-derecho-y-introduccion","10":"first","11":"instock","12":"shipping-taxable","13":"purchasable","14":"product-type-simple"},"_links":{"self":[{"href":"https:\/\/bibliotecajuridicavirtual.cl\/index.php\/wp-json\/wp\/v2\/product\/1687","targetHints":{"allow":["GET"]}}],"collection":[{"href":"https:\/\/bibliotecajuridicavirtual.cl\/index.php\/wp-json\/wp\/v2\/product"}],"about":[{"href":"https:\/\/bibliotecajuridicavirtual.cl\/index.php\/wp-json\/wp\/v2\/types\/product"}],"replies":[{"embeddable":true,"href":"https:\/\/bibliotecajuridicavirtual.cl\/index.php\/wp-json\/wp\/v2\/comments?post=1687"}],"wp:featuredmedia":[{"embeddable":true,"href":"https:\/\/bibliotecajuridicavirtual.cl\/index.php\/wp-json\/wp\/v2\/media\/1738"}],"wp:attachment":[{"href":"https:\/\/bibliotecajuridicavirtual.cl\/index.php\/wp-json\/wp\/v2\/media?parent=1687"}],"wp:term":[{"taxonomy":"product_brand","embeddable":true,"href":"https:\/\/bibliotecajuridicavirtual.cl\/index.php\/wp-json\/wp\/v2\/product_brand?post=1687"},{"taxonomy":"product_cat","embeddable":true,"href":"https:\/\/bibliotecajuridicavirtual.cl\/index.php\/wp-json\/wp\/v2\/product_cat?post=1687"},{"taxonomy":"product_tag","embeddable":true,"href":"https:\/\/bibliotecajuridicavirtual.cl\/index.php\/wp-json\/wp\/v2\/product_tag?post=1687"}],"curies":[{"name":"wp","href":"https:\/\/api.w.org\/{rel}","templated":true}]}}