{"id":1688,"date":"2026-02-28T00:53:25","date_gmt":"2026-02-28T03:53:25","guid":{"rendered":"https:\/\/bibliotecajuridicavirtual.cl\/?post_type=product&#038;p=1688"},"modified":"2026-02-28T00:54:27","modified_gmt":"2026-02-28T03:54:27","slug":"debido-proceso-garantias-fundamentales-para-una-buena-justicia-manuel-rodriguez-vega-rodrigo-bordachar-urrutia-334-paginas-junio-ano-2024","status":"publish","type":"product","link":"https:\/\/bibliotecajuridicavirtual.cl\/index.php\/product\/debido-proceso-garantias-fundamentales-para-una-buena-justicia-manuel-rodriguez-vega-rodrigo-bordachar-urrutia-334-paginas-junio-ano-2024\/","title":{"rendered":"Debido Proceso &#8211; Garant\u00edas Fundamentales para una buena Justicia \/ Manuel Rodr\u00edguez Vega &#8211; Rodrigo Bordachar Urrutia, 334 P\u00e1ginas &#8211; Junio a\u00f1o 2024"},"content":{"rendered":"<p style=\"font-weight: 400;\">No hay libertad sin justicia, y para garantizar que la justicia sea tal, se requiere que las personas tengan acceso al derecho (como norma), pero tambi\u00e9n a que exista un \u00f3rgano que cautele la titularidad y ejercicio de los derechos y obligaciones. Se necesita, por tanto, de una buena administraci\u00f3n de justicia que vele y de garant\u00edas a todos los intervinientes, que ser\u00e1n juzgados por un tribunal independiente e imparcial y ser\u00e1n\u00a0escuchados, donde tendr\u00e1n la oportunidad de presentar evidencias y de controvertir la prueba contraria, la decisi\u00f3n deber\u00e1 ser dictada dentro de un plazo razonable y que debe ser motivada producto de un proceso racional llevado por el juzgador.<\/p>\n<p style=\"font-weight: 400;\">Todo ello forma, pero no limita, la garant\u00eda del debido proceso que es un conjunto complejo y cambiante de garant\u00edas procesales, pero que no se limita a un campo netamente judicial. Intentar definirlo solo redunda en marginar sus contornos en un mundo cambiante, prueba de ello es que el debido proceso ha ampliado sus alcances a otras \u00e1reas en las cuales existe un \u00f3rgano decisor, como en el derecho administrativo.<\/p>\n<p style=\"font-weight: 400;\">Esta obra procura analizar el debido proceso desde sus or\u00edgenes hist\u00f3ricos hasta su aplicaci\u00f3n extensiva al derecho penal (desde donde surgieron sus primeras nociones), al derecho civil, al derecho administrativo e incluso a algunos procedimientos especiales como el arbitraje; para relevar su importancia, muchas veces oculta tras las normas sustantivas.<\/p>\n<ol>\n<li style=\"font-weight: 400;\"><b><strong> INTRODUCCI\u00d3N<\/strong><\/b><\/li>\n<li style=\"font-weight: 400;\"><b><strong> ORIGEN Y CONCEPTUALIZACI\u00d3N<\/strong><\/b><\/li>\n<li style=\"font-weight: 400;\"><b><strong> CONTENIDO SEG\u00daN LA NORMATIVA Y JURISPRUDENCIA INTERNACIONAL Y NACIONAL<\/strong><\/b><\/li>\n<li style=\"font-weight: 400;\"><b><strong> DERECHOS FUNDAMENTALES QUE DERIVAN DE LA GARANT\u00cdA DEL DEBIDO PROCESO<\/strong><\/b>4.1. El derecho a la acci\u00f3n o tutela judicial efectiva<br \/>\n4.2. Acceso a la justicia y acceso al derecho<br \/>\n4.3. Derecho al juez o jueza natural<br \/>\n4.4. Derecho a defensa<br \/>\n4.5. Derecho a ser emplazado o emplazada<br \/>\n4.6. Igualdad de partes y principio contradictorio<br \/>\n4.7. Derecho a la prueba<br \/>\n4.8. Derecho a ser juzgado o juzgada en un plazo razonable<br \/>\n4.9. Derecho a la motivaci\u00f3n de la decisi\u00f3n judicial<br \/>\n4.10. Derecho a la no doble persecuci\u00f3n (cosa juzgada)<br \/>\n4.11. Derecho al recurso<br \/>\nA) El derecho al recurso judicial efectivo<br \/>\nB) Derecho al recurso como derecho a la instancia<br \/>\n4.12. Garant\u00edas de tipo org\u00e1nicas y funcionales<b><strong>5. RESOLUCI\u00d3N JUDICIAL ANTE LA COLISI\u00d3N DE DERECHOS Y GARANT\u00cdAS<\/strong><\/b><\/li>\n<\/ol>\n<p style=\"font-weight: 400;\">5.1. Operaciones comprendidas en la aplicaci\u00f3n de principios constitucionales<br \/>\nA) La identificaci\u00f3n de los principios<br \/>\nB) La ponderaci\u00f3n de los principios<br \/>\n5.2. Principio de proporcionalidad<br \/>\nA) Los requisitos de la proporcionalidad<br \/>\na. Debe perseguir una finalidad leg\u00edtima o idoneidad teleol\u00f3gica<br \/>\nb. Debe ser adecuada o id\u00f3nea para la promoci\u00f3n (no necesariamente la realizaci\u00f3n) de dicho objetivo leg\u00edtimo (adecuaci\u00f3n) o idoneidad t\u00e9cnica<br \/>\nc. Debe ser necesaria y, entre varias alternativas de intervenci\u00f3n, debe preferirse la que afecte menos a los derechos involucrados (m\u00ednimo de intervenci\u00f3n)<br \/>\nd. La gravedad de la intervenci\u00f3n ha de ser la adecuada al objetivo de la intervenci\u00f3n o proporcionalidad en sentido estricto<br \/>\nB) Alcances y utilidad del examen de proporcionalidad en la labor jurisdiccional<\/p>\n<ol start=\"6\">\n<li style=\"font-weight: 400;\"><b><strong> EL DEBIDO PROCESO EN LOS PROCEDIMIENTOS CIVILES Y ARBITRALES<\/strong><\/b><\/li>\n<\/ol>\n<p style=\"font-weight: 400;\">6.1. Herramientas preventivas y correctivas de vulneraciones al debido proceso en el procedimiento civil y algunos casos no cubiertos por estas<br \/>\nA) Autorizaci\u00f3n judicial<br \/>\nB) Nulidad procesal<br \/>\nC) Recurso de casaci\u00f3n en la forma<br \/>\na. Haber sido pronunciada la sentencia por un tribunal incompetente o integrado en contravenci\u00f3n a lo dispuesto por la ley (art\u00edculo 768 N\u00ba 1 del CPC)<br \/>\nb. Haber sido pronunciada por un juez o con la concurrencia de un juez legalmente implicado, o cuya recusaci\u00f3n est\u00e9 pendiente o haya sido declarada por tribunal competente (art\u00edculo 768 N\u00ba 1 del CPC)<br \/>\ni. Motivos de imparcialidad objetiva no recogidos en las causales de implicancia y recusaci\u00f3n<br \/>\nii. Situaciones que por conculcar la independencia judicial privan de imparcialidad subjetiva al tribunal<br \/>\nc. Haber sido acordada en los tribunales colegiados por menor n\u00famero de votos o pronunciada por menor n\u00famero de jueces que el requerido por la ley o con la concurrencia de jueces que no asistieron a la vista de la causa y viceversa (art\u00edculo 768 N\u00ba 3 del CPC)<br \/>\nd. Haber sido dada la sentencia ultra petita, esto es, otorgando m\u00e1s de lo pedido por las partes, o extendi\u00e9ndola a puntos no sometidos a la decisi\u00f3n del tribunal, sin perjuicio de la facultad que este tenga 768 N\u00ba 4 del CPC)<br \/>\ne. Haber sido pronunciada la sentencia con omisi\u00f3n de cualquiera de los requisitos enumerados en el art\u00edculo 170 del C\u00f3digo de Procedimiento Civil (art\u00edculo 768 N\u00ba 5 del CPC)<br \/>\ni. Alcance del control de fundamentaci\u00f3n<br \/>\nii. Fundamentaci\u00f3n en la determinaci\u00f3n de da\u00f1o moral y monto de indemnizaci\u00f3n<br \/>\niii. Fundamentos o consideraciones contradictorias<br \/>\nf. Haber sido dada contra otra pasada en autoridad de cosa juzgada, siempre que esta se haya alegado oportunamente en el juicio (art\u00edculo 768 N\u00ba 6 del CPC)<br \/>\ng. En contener decisiones contradictorias (art\u00edculo 768 N\u00ba 7 del CPC)<br \/>\nh. En haber sido dada en apelaci\u00f3n legalmente declarada desistida (art\u00edculo 768 N\u00ba 8 del CPC)<br \/>\ni. Haberse faltado a alg\u00fan tr\u00e1mite o diligencia declarados esenciales por la ley o a cualquier otro requisito por cuyo defecto las leyes prevengan expresamente que hay nulidad (art\u00edculo 786 N\u00ba 9 del CPC)<br \/>\nD) Casaci\u00f3n en la forma de oficio<br \/>\nE) Vulneraciones al debido proceso no comprendidas en las causales del recurso de casaci\u00f3n en la forma<br \/>\nF) Recurso de casaci\u00f3n en el fondo<br \/>\na. Derecho a ser juzgado en un plazo razonable<br \/>\nF) Prueba il\u00edcita en materia civil<br \/>\nG) Infracci\u00f3n de jurisprudencia como infracci\u00f3n a una garant\u00eda fundamental<br \/>\nH) Medidas para mejor resolver del art\u00edculo 159 del C\u00f3digo de Procedimiento Civil como infracci\u00f3n al debido proceso<br \/>\nI) Delegaci\u00f3n de la recepci\u00f3n de prueba como infracci\u00f3n al principio de legalidad y al debido proceso<br \/>\n6.2. El debido proceso en el arbitraje<br \/>\nA) Arbitraje y juez natural<br \/>\nB) Independencia e imparcialidad de los \u00e1rbitros<br \/>\nC) El respeto al principio de contradictorio y la igualdad de armas en el arbitraje<\/p>\n<ol start=\"7\">\n<li style=\"font-weight: 400;\"><b><strong> EL DEBIDO PROCESO EN LOS PROCEDIMIENTOS ADMINISTRATIVOS<\/strong><\/b>7.1. Derecho a un \u00f3rgano independiente e imparcial<br \/>\n7.2. Derecho a defensa, respeto del contradictorio y derecho a la prueba en el procedimiento administrativo<br \/>\n7.3. Derecho a la fundamentaci\u00f3n del acto administrativo<br \/>\n7.4. Decisi\u00f3n dentro de un plazo razonable<br \/>\n7.5. Derecho al recurso y a la impugnaci\u00f3n del acto<b><strong>8. EL DEBIDO PROCESO EN LOS PROCEDIMIENTOS PENALES<\/strong><\/b><\/li>\n<\/ol>\n<p style=\"font-weight: 400;\">8.1. Contenido del debido proceso en los procedimientos penales y distinci\u00f3n de la mera infracci\u00f3n legal<br \/>\n8.2. Principio de proporcionalidad en el procedimiento penal<br \/>\nA) Proporcionalidad en las medidas intrusivas. Entrada y registro a lugar cerrado<br \/>\nB) Proporcionalidad en las medidas cautelares personales<br \/>\nC) Proporcionalidad y exclusi\u00f3n de prueba il\u00edcita<br \/>\n8.3. Herramientas procesales para el resguardo del debido proceso en el procedimiento penal: autorizaci\u00f3n judicial previa, cautela de garant\u00edas, nulidad procesal, audiencia de control de legalidad de la detenci\u00f3n, exclusi\u00f3n de prueba il\u00edcita, recurso de nulidad, acci\u00f3n de revisi\u00f3n y acci\u00f3n de amparo constitucional<br \/>\nA) Autorizaci\u00f3n judicial previa<br \/>\nB) Cautela de garant\u00edas<br \/>\nC) Nulidad procesal<br \/>\na. La orden judicial es, en t\u00e9rminos generales, legalmente improcedente<br \/>\nb. \u00d3rdenes judiciales que claramente carecen de todo fundamento<br \/>\nc. \u00d3rdenes judiciales emitidas sobre la base de informaci\u00f3n falsa<br \/>\nD) Audiencia de control de legalidad de la detenci\u00f3n<br \/>\na. Definici\u00f3n y fuente normativa<br \/>\nb. La \u201cdetenci\u00f3n\u201d como objeto de control jurisdiccional<br \/>\nc. Control de \u201clegalidad\u201d<br \/>\ni. Situaci\u00f3n legal de flagrancia y no delito flagrante<br \/>\nii. Orden judicial de detenci\u00f3n<br \/>\niii. Detenci\u00f3n del art\u00edculo 129 inciso 4\u00ba del C\u00f3digo Procesal Penal<br \/>\niv. Presentaci\u00f3n del detenido dentro de plazo legal<br \/>\nv. Estatuto del detenido<br \/>\nd. Actuaciones u omisiones cuya ilegalidad conlleva la declaraci\u00f3n de ilegalidad de la detenci\u00f3n<br \/>\ne. Desarrollo de la audiencia de control de detenci\u00f3n<br \/>\nE) Audiencia de preparaci\u00f3n de juicio oral<br \/>\nF) Juicio oral<br \/>\nG) Recurso de nulidad<br \/>\na. Limitaciones derivadas de la restricci\u00f3n de su competencia. Re- conducci\u00f3n de la infracci\u00f3n denunciada mediante la causal de la letra a) del art\u00edculo 373 del C\u00f3digo Procesal Penal a alguno de los motivos absolutos de nulidad del art\u00edculo 374 del mismo C\u00f3digo<br \/>\nb. Limitaciones por la v\u00eda de adicionar elementos sujetos al control de admisibilidad previsto en los art\u00edculos 380 y 383 del C\u00f3digo Procesal Penal<br \/>\nc. Limitaciones por la v\u00eda de adelantar al examen de admisibilidad un pronunciamiento sobre el fondo de la controversia planteada en el recurso<br \/>\nd. Limitaciones por la v\u00eda de objetar la interposici\u00f3n conjunta de causales incompatibles<br \/>\ne. Limitaciones por la v\u00eda de declarar ciertas materias ajenas al recurso de nulidad<br \/>\ni. Desempe\u00f1o del defensor en las audiencias de preparaci\u00f3n del juicio oral y de juicio oral<br \/>\nii. No suspensi\u00f3n del procedimiento de conformidad al art\u00edculo 458 del C\u00f3digo Procesal Penal<br \/>\niii. Infracci\u00f3n de garant\u00edas fundamentales al interpretar el contenido de un tipo penal<br \/>\nf. Limitaciones por la v\u00eda de restringir la legitimidad para deducir el recurso<br \/>\ni. El recurso puede interponerse \u00fanicamente por el afectado directamente por la infracci\u00f3n de garant\u00edas<br \/>\nii. El recurso del Ministerio P\u00fablico y del querellante no puede descansar en infracci\u00f3n de garant\u00edas fundamentales<br \/>\ng. Limitaciones por la v\u00eda de condicionar la suerte del recurso a la formulaci\u00f3n de la causal de la letra e) del art\u00edculo 374 del C\u00f3digo Procesal Penal<br \/>\nh. Limitaciones por la v\u00eda de una interpretaci\u00f3n aritm\u00e9tica de los conceptos de sustancialidad de la infracci\u00f3n e influencia en lo dispositivo del fallo impugnado<br \/>\nH) Acci\u00f3n de revisi\u00f3n<br \/>\nI) Acci\u00f3n constitucional de amparo<\/p>\n","protected":false},"excerpt":{"rendered":"<p>Env\u00edos a todo Chile \/ Compra ahora<\/p>\n","protected":false},"featured_media":1739,"comment_status":"open","ping_status":"closed","template":"","meta":{"inline_featured_image":false,"_joinchat":[]},"product_brand":[],"product_cat":[26,39],"product_tag":[],"class_list":{"0":"post-1688","1":"product","2":"type-product","3":"status-publish","4":"has-post-thumbnail","6":"product_cat-derecho","7":"product_cat-procesal-civil","9":"first","10":"instock","11":"shipping-taxable","12":"purchasable","13":"product-type-simple"},"_links":{"self":[{"href":"https:\/\/bibliotecajuridicavirtual.cl\/index.php\/wp-json\/wp\/v2\/product\/1688","targetHints":{"allow":["GET"]}}],"collection":[{"href":"https:\/\/bibliotecajuridicavirtual.cl\/index.php\/wp-json\/wp\/v2\/product"}],"about":[{"href":"https:\/\/bibliotecajuridicavirtual.cl\/index.php\/wp-json\/wp\/v2\/types\/product"}],"replies":[{"embeddable":true,"href":"https:\/\/bibliotecajuridicavirtual.cl\/index.php\/wp-json\/wp\/v2\/comments?post=1688"}],"wp:featuredmedia":[{"embeddable":true,"href":"https:\/\/bibliotecajuridicavirtual.cl\/index.php\/wp-json\/wp\/v2\/media\/1739"}],"wp:attachment":[{"href":"https:\/\/bibliotecajuridicavirtual.cl\/index.php\/wp-json\/wp\/v2\/media?parent=1688"}],"wp:term":[{"taxonomy":"product_brand","embeddable":true,"href":"https:\/\/bibliotecajuridicavirtual.cl\/index.php\/wp-json\/wp\/v2\/product_brand?post=1688"},{"taxonomy":"product_cat","embeddable":true,"href":"https:\/\/bibliotecajuridicavirtual.cl\/index.php\/wp-json\/wp\/v2\/product_cat?post=1688"},{"taxonomy":"product_tag","embeddable":true,"href":"https:\/\/bibliotecajuridicavirtual.cl\/index.php\/wp-json\/wp\/v2\/product_tag?post=1688"}],"curies":[{"name":"wp","href":"https:\/\/api.w.org\/{rel}","templated":true}]}}