{"id":1700,"date":"2026-02-28T00:53:47","date_gmt":"2026-02-28T03:53:47","guid":{"rendered":"https:\/\/bibliotecajuridicavirtual.cl\/?post_type=product&#038;p=1700"},"modified":"2026-02-28T00:54:29","modified_gmt":"2026-02-28T03:54:29","slug":"propiedad-intelectual-y-transferencia-de-tecnologia-en-chile-isnel-martinez-montenegro-292-paginas-julio-2024","status":"publish","type":"product","link":"https:\/\/bibliotecajuridicavirtual.cl\/index.php\/product\/propiedad-intelectual-y-transferencia-de-tecnologia-en-chile-isnel-martinez-montenegro-292-paginas-julio-2024\/","title":{"rendered":"Propiedad Intelectual y transferencia de Tecnolog\u00eda en Chile, Isnel Mart\u00ednez Montenegro &#8211; 292 P\u00e1ginas Julio 2024"},"content":{"rendered":"<p style=\"font-weight: 400;\">Los derechos de propiedad intelectual y la transferencia de tecnolog\u00eda son una de las materias jur\u00eddicas m\u00e1s activas y propensas a su globalizaci\u00f3n, por tanto, es de vital importancia el aprendizaje y entendimiento de la institucionalidad de la protecci\u00f3n de los derechos de propiedad intelectual que involucren a los diferentes actores con sus mecanismos de transferencias de tecnolog\u00eda, a fin de generar v\u00ednculos, mejorar la innovaci\u00f3n y atender a las demandas de la sociedad, del sistema socio-productivo y del Estado.<\/p>\n<p style=\"font-weight: 400;\">La presente obra aspira ser m\u00e1s que una compilaci\u00f3n de temas sobre propiedad intelectual y transferencia de tecnolog\u00eda. Logramos mostrar las sinergias que existen entre ellas y sus aristas m\u00e1s importantes, junto a la necesaria complementariedad que surge en la interacci\u00f3n entre sus modalidades en el desarrollo de dicha disciplina jur\u00eddica.<\/p>\n<p style=\"font-weight: 400;\">Se realiza una exposici\u00f3n de los principales en la protecci\u00f3n de los derechos de propiedad intelectual frente al auge de las tecnolog\u00edas, incluso m\u00e1s all\u00e1 del contexto nacional.<\/p>\n<p style=\"font-weight: 400;\"><b><strong>SECCI\u00d3N I<\/strong><\/b><br \/>\n<b><strong>CONCEPTUALIZACI\u00d3N DE LOS DERECHOS INTELECTUALES<\/strong><\/b><\/p>\n<p style=\"font-weight: 400;\">I.1. Naturaleza jur\u00eddica de los derechos intelectuales<br \/>\nI.2. Regulaciones internacionales en torno a los derechos intelectuales<\/p>\n<p style=\"font-weight: 400;\"><b><strong>SECCI\u00d3N II<\/strong><\/b><br \/>\n<b><strong>INNOVACI\u00d3N TECNOL\u00d3GICA Y PROPIEDAD INTELECTUAL<\/strong><\/b><\/p>\n<p style=\"font-weight: 400;\">II.1. La innovaci\u00f3n tecnol\u00f3gica y su relaci\u00f3n con las invenciones laborales<\/p>\n<p style=\"font-weight: 400;\"><b><strong>SECCI\u00d3N III<\/strong><\/b><br \/>\n<b><strong>CONCEPTO DE INVENCIONES LABORALES<\/strong><\/b><\/p>\n<p style=\"font-weight: 400;\">III.1. Definici\u00f3n legal de invenciones laborales en el Derecho chileno y comparado<\/p>\n<p>III.2. Clasificaci\u00f3n de las invenciones laborales en el Derecho comparado<br \/>\nIII.2.1. M\u00e9xico<br \/>\nIII.2.2. Argentina<br \/>\nIII.2.3. Alemania<br \/>\nIII.2.4. Chile<\/p>\n<p>III.3. Requisitos de patentabilidad de las invenciones<br \/>\nIII.3.1. Novedad<br \/>\nIII.3.2. Actividad inventiva<br \/>\nIII.3.3. Aplicabilidad industrial<br \/>\nIII.3.4. Descripci\u00f3n suficiente de la invenci\u00f3n<br \/>\nIII.3.5. Materia protegible<\/p>\n<p>III.4. La titularidad y las remuneraciones de las invenciones en el Derecho comparado<\/p>\n<p>III.5. La soluci\u00f3n de conflictos en el Derecho chileno y comparado<\/p>\n<p style=\"font-weight: 400;\"><b><strong>SECCI\u00d3N IV<\/strong><\/b><br \/>\n<b><strong>LAS INVENCIONES LABORALES EN LAS UNIVERSIDADES<\/strong><\/b><\/p>\n<p style=\"font-weight: 400;\">IV.1. Antecedentes hist\u00f3ricos de la propiedad intelectual y el derecho de invenciones<br \/>\nIV.1.1. Algunos precedentes hist\u00f3ricos de las invenciones laborales en el Derecho espa\u00f1ol<\/p>\n<p>IV.2. Marco regulatorio en Chile y los casos de universidades y centros relevantes para la propuesta<\/p>\n<p>IV.3. Marco regulatorio en Espa\u00f1a y los casos de universidades y centros relevantes para la propuesta<\/p>\n<p>IV.4. Algunas conclusiones<\/p>\n<p style=\"font-weight: 400;\"><b><strong>SECCI\u00d3N V<\/strong><\/b><br \/>\n<b><strong>LAS MARCAS EN CHILE Y EL DERECHO COMPARADO. NOCIONES GENERALES SOBRE LOS SIGNOS DISTINTIVOS<\/strong><\/b><\/p>\n<p style=\"font-weight: 400;\">V.1. Generalidades<\/p>\n<p style=\"font-weight: 400;\">V.2. Regulaci\u00f3n internacional sobre marcas<br \/>\nV.2.1. Revisiones de la clasificaci\u00f3n de Niza<br \/>\nV.2.2. El registro internacional<br \/>\nV.2.3. Declaraci\u00f3n de concesi\u00f3n de la protecci\u00f3n o de denegaci\u00f3n de la protecci\u00f3n<br \/>\nV.2.3.1. Efectos del registro internacional<br \/>\nV.2.3.2. Ventajas del sistema de Madrid<\/p>\n<p>V.3. Aspectos relevantes sobre la marca comercial en Chile<br \/>\nV.3.1. Tipos de marca<\/p>\n<p style=\"font-weight: 400;\">V.4. Funciones de las marcas en Chile y en el Derecho comparado<\/p>\n<p>V.5. Algunos aspectos sobre r\u00e9gimen comparado de las marcas en Espa\u00f1a y Chile<br \/>\nA) Solicitud de una marca<br \/>\nB) Elecci\u00f3n de la marca<br \/>\nV.5.1. B\u00fasqueda de antecedentes registrales en Espa\u00f1a<br \/>\nV.5.1.1. Prohibiciones relativas<br \/>\nV.5.1.2. Prohibiciones relativas a otros derechos anteriores<br \/>\nV.5.1.3. Prohibici\u00f3n concerniente a las creaciones protegidas por un Derecho de propiedad industrial o intelectual<br \/>\nV.5.1.4. Prohibici\u00f3n concerniente a los nombres comerciales, denominaci\u00f3n o raz\u00f3n social de una persona jur\u00eddica que identifique a una persona distinta del solicitante<\/p>\n<p style=\"font-weight: 400;\">V.6. Prohibiciones de registro en Chile<br \/>\nV.6.1. Prohibiciones de registro fundadas en intereses generales<br \/>\nV.6.2. Se concluye que existe semejanza entre dos marcas en las siguientes situaciones<br \/>\nV.6.2.1. Ejemplos de signos semejantes a marcas previas para coberturas id\u00e9nticas o similares\/relacionadas, y por ende rechazados a registro<br \/>\nV.6.2.2. Jurisprudencia<br \/>\nV.6.3. En consecuencia, los elementos que constituyen esta prohibici\u00f3n de registro son<br \/>\nV.6.3.1. Jurisprudencia<\/p>\n<p style=\"font-weight: 400;\">V.7. Tramitaci\u00f3n de la solicitud en Espa\u00f1a<\/p>\n<p style=\"font-weight: 400;\">V.8. Tramitaci\u00f3n de la solicitud en Chile<\/p>\n<p style=\"font-weight: 400;\">V.9. Otorgamiento de fecha y hora a la solicitud en Espa\u00f1a<\/p>\n<p style=\"font-weight: 400;\">V.10. Productos o servicios a los que se aplicar\u00e1<br \/>\nV.10.1. Examen de forma en Espa\u00f1a<br \/>\nV.10.2. Remisi\u00f3n de la solicitud a la OEPM<br \/>\nV.10.3. Examen de licitud<br \/>\nV.10.3.1. Examen de fondo en Chile<br \/>\nV.10.3.2. Examen de fondo en Espa\u00f1a<\/p>\n<p style=\"font-weight: 400;\">V.11. Facultades del titular de la marca en Espa\u00f1a<\/p>\n<p style=\"font-weight: 400;\">V.12. Facultades del titular de la marca en Chile<\/p>\n<p style=\"font-weight: 400;\">V.13. Extinci\u00f3n de la marca en Espa\u00f1a<\/p>\n<p style=\"font-weight: 400;\">V.14. Extinci\u00f3n de la marca en Chile<\/p>\n<p style=\"font-weight: 400;\"><b><strong>SECCI\u00d3N VI<\/strong><\/b><br \/>\n<b><strong>DENOMINACI\u00d3N DE ORIGEN<\/strong><\/b><\/p>\n<p style=\"font-weight: 400;\">VI.1. Denominaciones de origen en Chile<br \/>\nVI.2. Denominaciones de origen en la Uni\u00f3n Europea: aproximaciones a las buenas pr\u00e1cticas de la regi\u00f3n<br \/>\nVI.3. An\u00e1lisis jur\u00eddico-normativo de las denominaciones de origen en Chile<br \/>\nVI.4. Las denominaciones de origen en Chile: relevancia para el desarrollo rural de la regi\u00f3n de La Araucan\u00eda y para la asociatividad de sus productos agr\u00edcolas<br \/>\nVI.5. El merk\u00e9n de la Araucan\u00eda chilena: v\u00ednculo entre los conocimientos tradicionales y la asociatividad<br \/>\nVI.6. Algunas conclusiones<\/p>\n<p style=\"font-weight: 400;\"><b><strong>SECCI\u00d3N VII<\/strong><\/b><br \/>\n<b><strong>PROPUESTA DE UN MODELO INSTITUCIONAL Y DE FOMENTO PARA LA GESTI\u00d3N DE LA CIENCIA, LA TECNOLOG\u00cdA Y LA INNOVACI\u00d3N EN LATINOAM\u00c9RICA<\/strong><\/b><\/p>\n<p style=\"font-weight: 400;\">VII.1. Contenido de las pol\u00edticas p\u00fablicas en materia de innovaci\u00f3n, ciencia y tecnolog\u00eda. Las bases conceptuales para el modelo<br \/>\nVII.2. Definici\u00f3n de las \u00e1reas para encauzar las investigaciones<br \/>\nVII.3. Inversi\u00f3n en Investigaci\u00f3n, desarrollo e innovaci\u00f3n<br \/>\nVII.4. Formaci\u00f3n de capital humano<br \/>\nVII.5. Institucionalidad<br \/>\nVII.6. Legislaci\u00f3n adecuada<br \/>\nVII.7. Promoci\u00f3n a la investigaci\u00f3n<br \/>\nVII.8. Protecci\u00f3n, gesti\u00f3n y defensa de los derechos de propiedad intelectual<br \/>\nVII.9. Control de la transferencia de tecnolog\u00eda. Pol\u00edtica de competencia<br \/>\nVII.10. Pol\u00edtica de competencia y defensa de los derechos de los consumidores<br \/>\nVII.11. Est\u00edmulo a la creaci\u00f3n y a la innovaci\u00f3n<br \/>\nVII.12. Adaptaci\u00f3n de las pol\u00edticas internas al contexto internacional<br \/>\nVII.13. Las pol\u00edticas p\u00fablicas en materia de tecnolog\u00eda de innovaci\u00f3n en la actualidad latinoamericana. Propuesta del modelo<br \/>\nVII.14. Conclusiones<\/p>\n<p style=\"font-weight: 400;\"><b><strong>SECCI\u00d3N VIII<\/strong><\/b><br \/>\n<b><strong>LA TECNOLOG\u00cdA Y LA ACTIVIDAD TECNOL\u00d3GICA 231<\/strong><\/b><\/p>\n<p style=\"font-weight: 400;\"><b><strong>SECCI\u00d3N IX<\/strong><\/b><br \/>\n<b><strong>LA TRANSFERENCIA DE CONOCIMIENTO E INVESTIGACI\u00d3N Y SUS RETOS ACTUALES PARA PA\u00cdSES EN V\u00cdAS DE DESARROLLO. UNA MIRADA DESDE CHILE<\/strong><\/b><\/p>\n<p style=\"font-weight: 400;\">IX.1. Aspectos relevantes para la apertura del debate<br \/>\nIX.2. Reconfiguraci\u00f3n del sistema de Transferencia de Tecnolog\u00eda en Chile<br \/>\nIX.3. Condiciones iniciales del sistema transferencia de tecnolog\u00eda en Chile<br \/>\nIX.4. Un cambio de chip en la configuraci\u00f3n del sistema es necesario<br \/>\nIX.5. Ordenaci\u00f3n y sistematizaci\u00f3n de las reglas actuales y vigentes a trav\u00e9s de la acci\u00f3n del Ministerio de Ciencia, Tecnolog\u00eda, Conocimiento e Innovaci\u00f3n para la transferencia de tecnolog\u00eda en Chile<br \/>\nIX.6. Transferencia tecnol\u00f3gica basada en los principios de creaci\u00f3n e innovaci\u00f3n tecnol\u00f3gica para el fomento y la gesti\u00f3n de la ciencia, la tecnolog\u00eda y la innovaci\u00f3n p\u00fablico-privada en Chile<br \/>\nIX.7. La importancia de la licencia y el know-how, a trav\u00e9s de la propiedad intelectual<br \/>\nIX.7.1. Tipolog\u00edas de Licencias<br \/>\nIX.7.2. Las licencias pueden ser no exclusivas o m\u00faltiples<br \/>\nIX.7.3. Licencias no voluntarias<\/p>\n","protected":false},"excerpt":{"rendered":"<p>Buscas un libro Jur\u00eddico.? Lo puedes encontrar en nuestra tienda virtual.<br \/>\nContamos con prestigiosos autores y muchas alternativas en sus diferentes materias al igual que grandes descuentos.! Vis\u00edtanos en <a class=\"KxQDwgDwXpATXpdySYebzQXSvdDFRYUhIvlM \" href=\"https:\/\/lnkd.in\/eiAG7jdZ\" target=\"_blank\" rel=\"noopener\" data-test-app-aware-link=\"\">https:\/\/lnkd.in\/eiAG7jdZ<\/a><br \/>\nEscr\u00edbenos al +56930565235 \/ <a class=\"KxQDwgDwXpATXpdySYebzQXSvdDFRYUhIvlM \" href=\"mailto:ventaslegallexglobal@gmail.com\" target=\"_self\" data-test-app-aware-link=\"\">ventaslegallexglobal@gmail.com<\/a><br \/>\nHacemos env\u00edos a todo Chile \u2013 Starken o Correos Chile \/ Te esperamos<\/p>\n<p>&nbsp;<\/p>\n","protected":false},"featured_media":1741,"comment_status":"open","ping_status":"closed","template":"","meta":{"inline_featured_image":false,"_joinchat":[]},"product_brand":[],"product_cat":[27,26,47],"product_tag":[],"class_list":{"0":"post-1700","1":"product","2":"type-product","3":"status-publish","4":"has-post-thumbnail","6":"product_cat-civil","7":"product_cat-derecho","8":"product_cat-sin-categorizar","10":"first","11":"instock","12":"shipping-taxable","13":"purchasable","14":"product-type-simple"},"_links":{"self":[{"href":"https:\/\/bibliotecajuridicavirtual.cl\/index.php\/wp-json\/wp\/v2\/product\/1700","targetHints":{"allow":["GET"]}}],"collection":[{"href":"https:\/\/bibliotecajuridicavirtual.cl\/index.php\/wp-json\/wp\/v2\/product"}],"about":[{"href":"https:\/\/bibliotecajuridicavirtual.cl\/index.php\/wp-json\/wp\/v2\/types\/product"}],"replies":[{"embeddable":true,"href":"https:\/\/bibliotecajuridicavirtual.cl\/index.php\/wp-json\/wp\/v2\/comments?post=1700"}],"wp:featuredmedia":[{"embeddable":true,"href":"https:\/\/bibliotecajuridicavirtual.cl\/index.php\/wp-json\/wp\/v2\/media\/1741"}],"wp:attachment":[{"href":"https:\/\/bibliotecajuridicavirtual.cl\/index.php\/wp-json\/wp\/v2\/media?parent=1700"}],"wp:term":[{"taxonomy":"product_brand","embeddable":true,"href":"https:\/\/bibliotecajuridicavirtual.cl\/index.php\/wp-json\/wp\/v2\/product_brand?post=1700"},{"taxonomy":"product_cat","embeddable":true,"href":"https:\/\/bibliotecajuridicavirtual.cl\/index.php\/wp-json\/wp\/v2\/product_cat?post=1700"},{"taxonomy":"product_tag","embeddable":true,"href":"https:\/\/bibliotecajuridicavirtual.cl\/index.php\/wp-json\/wp\/v2\/product_tag?post=1700"}],"curies":[{"name":"wp","href":"https:\/\/api.w.org\/{rel}","templated":true}]}}