{"id":1702,"date":"2026-02-28T00:53:47","date_gmt":"2026-02-28T03:53:47","guid":{"rendered":"https:\/\/bibliotecajuridicavirtual.cl\/?post_type=product&#038;p=1702"},"modified":"2026-02-28T00:54:31","modified_gmt":"2026-02-28T03:54:31","slug":"la-sociedad-por-acciones-spa-oscar-torres-zagal-edicion-septiembre-ano-2022-232-pag","status":"publish","type":"product","link":"https:\/\/bibliotecajuridicavirtual.cl\/index.php\/product\/la-sociedad-por-acciones-spa-oscar-torres-zagal-edicion-septiembre-ano-2022-232-pag\/","title":{"rendered":"La Sociedad por Acciones &#8220;SPA\u201d Oscar Torres Zagal &#8211; edici\u00f3n Septiembre a\u00f1o 2022 \/ 232 P\u00e1g."},"content":{"rendered":"<p style=\"font-weight: 400;\">El libro expone y explica el tipo societario, en las normas que\u00a0la regulan en el C\u00f3digo de Comercio, incorporada por la Ley N\u00b0 20.190 de 2017, en un completo panorama, con referencia al derecho comparado latinoamericano de Siglo XXI y a la doctrina nacional y extranjera.<\/p>\n<p style=\"font-weight: 400;\">Tiene por destinatarios a los operadores jur\u00eddicos de esta materia societaria, abogados, jueces y tambi\u00e9n a profesionales que utilizan el tipo societario para emprendimientos que requieren de una estructura corporativa \u00e1gil, acorde a la econom\u00eda en que se desarrollan las peque\u00f1as y medianas empresas. En esta \u00faltima dimensi\u00f3n, el libro pretende ser un instrumento \u00fatil para las PYMEs, en sus objetos de negocios.<\/p>\n<p style=\"font-weight: 400;\">Se considera especialmente el \u00e1mbito del levantamiento de capital de riesgo, su vinculaci\u00f3n con la Norma de Car\u00e1cter General N\u00b0 452 de 2021 de la Comisi\u00f3n para el Mercado Financiero y la creaci\u00f3n de un mercado de transacci\u00f3n de acciones y bonos de la SpA y la sociedad an\u00f3nima cerrada en la Ley de Mercado de Valores.<\/p>\n<p style=\"font-weight: 400;\">Termina el libro con un cap\u00edtulo final destinado a exponer una nueva mirada al gobierno corporativo de las sociedades de capital, mediante la incorporaci\u00f3n de los trabajadores a la propiedad accionaria, en un nuevo trato econ\u00f3mico entre capital y trabajo, con cita a economistas que proponen este modelo que se ha denominado de \u201ccogesti\u00f3n\u201d en Europa y que ya cuenta con valiosas experiencias en Chile, en un proceso auspicioso que reci\u00e9n se inicia.<\/p>\n<ol>\n<li style=\"font-weight: 400;\">La Sociedad por Acciones, su g\u00e9nesis en el derecho societario chileno y contexto comparado latinoamericano2. Caracter\u00edsticas jur\u00eddicas del tipo societario: Sociedad por Acciones y persona jur\u00eddica mercantil\n<p>3. Antecedentes relevantes en la tramitaci\u00f3n legislativa de la Sociedad por Acciones que revelan las caracter\u00edsticas del tipo societario<\/p>\n<p>4. La Sociedad por Acciones es un tipo societario af\u00edn para organizar el patrimonio familiar, empresas familiares, \u201cfamily office\u201d y empresas denominadas \u201cStartups\u201d, que requieren aporte de capital de inversionistas<\/p>\n<p>5. Regulaci\u00f3n de la Comisi\u00f3n para el Mercado Financiero mediante Norma de Car\u00e1cter General No 452, de 2021, para inversiones que no constituyen ofertas p\u00fablicas y que pueden financiar a las Sociedades por Acciones y an\u00f3nimas cerradas<\/p>\n<p>6. La definici\u00f3n legal de la Sociedad por Acciones<\/p>\n<p>7. Naturaleza Jur\u00eddica de la Sociedad por Acciones<\/p>\n<p>8. Car\u00e1cter Mercantil de la Sociedad por Acciones<\/p>\n<p>9. Constituci\u00f3n de la Sociedad por Acciones en el r\u00e9gimen del C\u00f3digo de Comercio<\/p>\n<p>10. Contenido de la escritura p\u00fablica o instrumento privado protocolizado ante Notario<\/p>\n<p>11. Contenido del extracto de la escritura p\u00fablica o instrumento protocolizado ante Notario que contiene el estatuto social de la SpA<\/p>\n<p>12. Vicios o anomal\u00edas societarias en la constituci\u00f3n de la Sociedad por Acciones<\/p>\n<p>13. Constituci\u00f3n de la Sociedad por Acciones mediante instrumento electr\u00f3nico en el sistema de la Ley No 20.659, de 2013, en el Registro de Empresas y Sociedades del Ministerio de Econom\u00eda<\/p>\n<p>14. El nombre, domicilio y objeto social de la SpA<br \/>\n1. El nombre de la Sociedad por Acciones<br \/>\n2. El domicilio de la Sociedad por Acciones<br \/>\n3. El objeto social de la Sociedad por Acciones<\/li>\n<li style=\"font-weight: 400;\">Capital social y acciones: clases y privilegios<\/li>\n<li style=\"font-weight: 400;\">Libro de Registro de Accionistas. Cesiones de acciones y otros actos jur\u00eddicos<\/li>\n<li style=\"font-weight: 400;\">R\u00e9gimen de responsabilidad patrimonial limitada de los accionistas<\/li>\n<li style=\"font-weight: 400;\">Aumento y reducci\u00f3n del capital social<\/li>\n<li style=\"font-weight: 400;\">Pactos de accionistas<\/li>\n<li style=\"font-weight: 400;\">Derecho a dividendos y acciones preferentes<\/li>\n<li style=\"font-weight: 400;\">\u00d3rganos societarios y administraci\u00f3n<\/li>\n<li style=\"font-weight: 400;\">Comunicaciones y notificaciones<\/li>\n<li style=\"font-weight: 400;\">R\u00e9gimen de soluci\u00f3n de controversias jur\u00eddicas. Arbitraje o Arbitramiento obligatorio<\/li>\n<li style=\"font-weight: 400;\">Regulaci\u00f3n supletoria a la Sociedad por Acciones por las normas que se aplican a las Sociedades An\u00f3nimas Cerradas<\/li>\n<li style=\"font-weight: 400;\">Transformaci\u00f3n de tipo Sociedad por Acciones al tipo Sociedad An\u00f3nima Abierta por disposici\u00f3n de ley<\/li>\n<li style=\"font-weight: 400;\">La divisi\u00f3n, transformaci\u00f3n y fusi\u00f3n de la Sociedad por Acciones<\/li>\n<li style=\"font-weight: 400;\">T\u00e9rmino de la sociedad por acciones y liquidaci\u00f3n<\/li>\n<li style=\"font-weight: 400;\">R\u00e9gimen Tributario aplicable a la Sociedad por Acciones y sus accionistas<br \/>\nA) R\u00e9gimen de la Circular No 46, de 2008, del Servicio de Impuestos Internos<br \/>\n(1) Obligaciones de las SpA<br \/>\n(2) Obligaciones de los accionistas<br \/>\nB) R\u00e9gimen especial PRO-PYMEs Ley No 21.256, de 2020<\/li>\n<li style=\"font-weight: 400;\">Consideraciones sobre abuso del derecho, fraude a la ley, exclusi\u00f3n de socio o accionista y levantamiento del velo en la SpA. R\u00e9gimen de responsabilidad civil de los accionistas, administradores, directores y gerentes de la SpA<\/li>\n<li style=\"font-weight: 400;\">R\u00e9gimen de prescripci\u00f3n extintiva general de obligaciones de la SpA<\/li>\n<li style=\"font-weight: 400;\">Conclusiones sobre la Sociedad por Acciones y su contexto econ\u00f3mico como instrumento organizativo de las PYMEs, en una mirada de crecimiento inclusivo. Financiamiento y participaci\u00f3n de los trabajadores en el gobierno corporativo<\/li>\n<\/ol>\n<p style=\"font-weight: 400;\">\n","protected":false},"excerpt":{"rendered":"<p>Env\u00edos a todo Chile \/ Reserva hoy tu libro!<\/p>\n","protected":false},"featured_media":1743,"comment_status":"open","ping_status":"closed","template":"","meta":{"inline_featured_image":false,"_joinchat":[]},"product_brand":[],"product_cat":[27,48,26],"product_tag":[],"class_list":{"0":"post-1702","1":"product","2":"type-product","3":"status-publish","4":"has-post-thumbnail","6":"product_cat-civil","7":"product_cat-comercial","8":"product_cat-derecho","10":"first","11":"instock","12":"shipping-taxable","13":"purchasable","14":"product-type-simple"},"_links":{"self":[{"href":"https:\/\/bibliotecajuridicavirtual.cl\/index.php\/wp-json\/wp\/v2\/product\/1702","targetHints":{"allow":["GET"]}}],"collection":[{"href":"https:\/\/bibliotecajuridicavirtual.cl\/index.php\/wp-json\/wp\/v2\/product"}],"about":[{"href":"https:\/\/bibliotecajuridicavirtual.cl\/index.php\/wp-json\/wp\/v2\/types\/product"}],"replies":[{"embeddable":true,"href":"https:\/\/bibliotecajuridicavirtual.cl\/index.php\/wp-json\/wp\/v2\/comments?post=1702"}],"wp:featuredmedia":[{"embeddable":true,"href":"https:\/\/bibliotecajuridicavirtual.cl\/index.php\/wp-json\/wp\/v2\/media\/1743"}],"wp:attachment":[{"href":"https:\/\/bibliotecajuridicavirtual.cl\/index.php\/wp-json\/wp\/v2\/media?parent=1702"}],"wp:term":[{"taxonomy":"product_brand","embeddable":true,"href":"https:\/\/bibliotecajuridicavirtual.cl\/index.php\/wp-json\/wp\/v2\/product_brand?post=1702"},{"taxonomy":"product_cat","embeddable":true,"href":"https:\/\/bibliotecajuridicavirtual.cl\/index.php\/wp-json\/wp\/v2\/product_cat?post=1702"},{"taxonomy":"product_tag","embeddable":true,"href":"https:\/\/bibliotecajuridicavirtual.cl\/index.php\/wp-json\/wp\/v2\/product_tag?post=1702"}],"curies":[{"name":"wp","href":"https:\/\/api.w.org\/{rel}","templated":true}]}}