{"id":1703,"date":"2026-02-28T00:53:47","date_gmt":"2026-02-28T03:53:47","guid":{"rendered":"https:\/\/bibliotecajuridicavirtual.cl\/?post_type=product&#038;p=1703"},"modified":"2026-02-28T00:54:32","modified_gmt":"2026-02-28T03:54:32","slug":"la-guia-del-compliance-responsabilidad-penal-de-las-empresas-modelos-de-prevencion-hector-hernandez-basualto-gloria-vargas-almonacid-osvaldo-artaza-varela-rodrigo-reyes-duarte-luciano-rojas","status":"publish","type":"product","link":"https:\/\/bibliotecajuridicavirtual.cl\/index.php\/product\/la-guia-del-compliance-responsabilidad-penal-de-las-empresas-modelos-de-prevencion-hector-hernandez-basualto-gloria-vargas-almonacid-osvaldo-artaza-varela-rodrigo-reyes-duarte-luciano-rojas\/","title":{"rendered":"La Gu\u00eda del Compliance &#8211; Responsabilidad Penal de las Empresas-Modelos de Prevenci\u00f3n\/H\u00e9ctor Hern\u00e1ndez Basualto &#8211; Gloria Vargas Almonacid &#8211; Osvaldo Artaza Varela &#8211; Rodrigo Reyes Duarte &#8211; Luciano Rojas, Julio 2024 \/ 360 P\u00e1g."},"content":{"rendered":"<p style=\"font-weight: 400;\">Con motivo de la dictaci\u00f3n de la Ley No 21.595, tanto el Estudio Colombara como Prelafit Compliance, participaron en numerosas charlas para el mundo privado y tambi\u00e9n en el debate p\u00fablico, para explicar los alcances de la ley, sus consecuencias, la mejor forma en que el mundo empresarial pod\u00eda adaptarse a ella y, lo m\u00e1s importante, las oportunidades que esta ley ofrec\u00eda para el sector privado.<\/p>\n<p style=\"font-weight: 400;\">Las consultas y requerimientos de los clientes los llevaron a concluir la necesidad de una publicaci\u00f3n sobre la ley, proyecto que impulsaron como Estudio Colombara y que lider\u00f3 H\u00e9ctor Hern\u00e1ndez, quien adem\u00e1s fue uno de los acad\u00e9micos que impuls\u00f3 la ley, sum\u00e1ndose luego el equipo de Prelafit Compliance, a trav\u00e9s de Gloria Vargas y Osvaldo Artaza.<\/p>\n<p style=\"font-weight: 400;\">El presente libro procura ofrecer una gu\u00eda para el desaf\u00edo que enfrentan las empresas, del modo m\u00e1s llano posible, pero sin perder rigurosidad. En \u00e9l se encuentra un an\u00e1lisis reflexivo de las implicancias jur\u00eddico-penales de los cambios legales, as\u00ed como, sobre todo, una orientaci\u00f3n para el dise\u00f1o e implementaci\u00f3n de un modelo de prevenci\u00f3n a la altura de las nuevas exigencias.<\/p>\n<p style=\"font-weight: 400;\"><b><strong>RESPONSABILIDAD PENAL DE LAS PERSONAS JUR\u00cdDICAS LUEGO DE LA LEY No 21.595. CAMBIOS PARA LA CONTINUIDAD<\/strong><\/b><br \/>\nH\u00e9ctor Hern\u00e1ndez Basualto<\/p>\n<ol>\n<li style=\"font-weight: 400;\">PRESUPUESTOS Y ALCANCES DE LA RESPONSABILIDAD PENAL DE LA PERSONA JUR\u00cdDICA<\/li>\n<li style=\"font-weight: 400;\">Contexto previo: a casi 15 a\u00f1os de la introducci\u00f3n de la responsabilidad penal de la persona jur\u00eddica en Chile<\/li>\n<li style=\"font-weight: 400;\">Las modificaciones introducidas por la Ley No 21.595<br \/>\n2.1. Ampliaci\u00f3n del elenco de personas jur\u00eddicas a las cuales es aplicable la ley<br \/>\n2.2. Ampliaci\u00f3n del cat\u00e1logo de delitos formalmente relevantes. Remisi\u00f3n<br \/>\n2.3. Ampliaci\u00f3n del c\u00edrculo de sujetos cuyo comportamiento delictivo puede acarrearle responsabilidad penal a la persona jur\u00eddica<br \/>\n2.3.1. Personas integradas en la org\u00e1nica de la empresa<br \/>\n2.3.2. En particular: quienes le prestan servicios<br \/>\n2.3.3. Ampliaci\u00f3n o aclaraci\u00f3n de las formas de intervenci\u00f3n relevantes<br \/>\n2.3.4. Primera regulaci\u00f3n de la responsabilidad penal de la persona jur\u00eddica en el contexto de grupos empresariales<br \/>\n2.4. Supresi\u00f3n de la exigencia de un comportamiento delictivo en inter\u00e9s o para el provecho de la persona jur\u00eddica<br \/>\n2.5. La exigencia de un delito perpetrado en el marco de la actividad de la empresa<br \/>\n2.6. La clave del sistema: la ausencia de un modelo adecuado y efectivamente implementado de prevenci\u00f3n de delitos<br \/>\n2.6.1. Consideraciones generales<br \/>\n2.6.2. En particular: modulaciones del modelo de prevenci\u00f3n ante distintos agentes<br \/>\n2.7. La autonom\u00eda de la responsabilidad penal de la persona jur\u00eddica<\/li>\n<li style=\"font-weight: 400;\">S\u00edntesis del nuevo marco legal<\/li>\n<li style=\"font-weight: 400;\">S\u00cdNTESIS DE OTRAS MODIFICACIONES SIGNIFICATIVAS<\/li>\n<li style=\"font-weight: 400;\">R\u00e9gimen de la multa<\/li>\n<li style=\"font-weight: 400;\">Supervisi\u00f3n de la persona jur\u00eddica<\/li>\n<li style=\"font-weight: 400;\">Imposici\u00f3n y ejecuci\u00f3n de las penas en caso de disoluci\u00f3n o transformaci\u00f3n de la persona jur\u00eddica<br \/>\n3.1. El problema y las reglas b\u00e1sicas<br \/>\n3.2. Reglas complementarias<br \/>\n3.2.1. Asset deal y transformaci\u00f3n encubierta<br \/>\n3.2.2. Regla subsidiaria sobre transferencias previas en caso de insuficiencia patrimonial<\/li>\n<li style=\"font-weight: 400;\">Comiso de ganancias<\/li>\n<\/ol>\n<p style=\"font-weight: 400;\"><b><strong>ORIGEN Y EVOLUCI\u00d3N DEL COMPLIANCE EN CHILE<\/strong><\/b><br \/>\nGloria Vargas Almonacid<\/p>\n<ol>\n<li style=\"font-weight: 400;\">ANTECEDENTES GENERALES<\/li>\n<li style=\"font-weight: 400;\">ORIGEN Y EVOLUCI\u00d3N DEL COMPLIANCE EN CHILE<\/li>\n<\/ol>\n<p style=\"font-weight: 400;\">III. LOS MODELOS O PROGRAMAS DE CUMPLIMIENTO Y EL SUJETO RESPONSABLE DE SU EJECUCI\u00d3N<\/p>\n<ol>\n<li style=\"font-weight: 400;\">EL COMPLIANCE DESDE UNA PERSPECTIVA MULTIDISCIPLINAR<\/li>\n<li style=\"font-weight: 400;\">Compliance penal o criminal compliance<br \/>\n2. Compliance en materia de consumo<br \/>\n3. Compliance laboral o labour compliance<br \/>\n4. Compliance medioambiental<br \/>\n5. Compliance en materia de libre competencia<br \/>\n6. Compliance en materia de protecci\u00f3n de datos personales o data protection<br \/>\n7. Compliance en materia de derechos humanos y g\u00e9nero<br \/>\n8. El compliance como instrumento de mejora del gobierno corporativo y la sostenibilidad empresarial<\/li>\n<li style=\"font-weight: 400;\">ALGUNAS TENDENCIAS Y DESAF\u00cdOS ACTUALES DEL COMPLIANCE EN EL \u00c1MBITO NACIONAL<\/li>\n<\/ol>\n<p style=\"font-weight: 400;\"><b><strong>EXIGENCIAS RELATIVAS AL COMPLIANCE QUE EMANAN DE LA LEY No 20.393 Y SUS MODIFICACIONES<\/strong><\/b><br \/>\nOsvaldo Artaza Varela<\/p>\n<p style=\"font-weight: 400;\"><b><strong>ELABORANDO UN MODELO DE PREVENCI\u00d3N DE DELITOS ADECUADO<\/strong><\/b><br \/>\nOsvaldo Artaza Varela &#8211; Rodrigo Reyes Duarte &#8211; Luciano Rojas Mor\u00e1n<\/p>\n<ol>\n<li style=\"font-weight: 400;\">ANTECEDENTES GENERALES<\/li>\n<li style=\"font-weight: 400;\">AN\u00c1LISIS DE RIESGOS: IDENTIFICACI\u00d3N Y EVALUACI\u00d3N<\/li>\n<li style=\"font-weight: 400;\">Identificando el riesgo<br \/>\na. \u00c1rea de compras<br \/>\nb. \u00c1rea de finanzas<br \/>\nc. \u00c1rea de operaciones<\/li>\n<li style=\"font-weight: 400;\">Evaluando el riesgo<br \/>\n2.1. Probabilidad<br \/>\n2.2. Impacto<br \/>\n2.3. Severidad del riesgo<\/li>\n<\/ol>\n<p style=\"font-weight: 400;\">III. ESTABLECIMIENTO DE PROTOCOLOS Y PROCEDIMIENTOS PARA PREVENIR Y DETECTAR CONDUCTAS DELICTIVAS<\/p>\n<ol>\n<li style=\"font-weight: 400;\">Controles preventivos<br \/>\n1.1. Difusi\u00f3n y capacitaci\u00f3n<br \/>\n1.1.1. Forma, contenido y efectividad de la difusi\u00f3n o capacitaci\u00f3n<br \/>\n1.2. Incorporaci\u00f3n expresa de normativa interna en los contratos de colaboradores<br \/>\n1.3. Debida diligencia (due diligence)<\/li>\n<li style=\"font-weight: 400;\">Controles detectivos<br \/>\n2.1. Canales seguros de denuncia y sanciones internas para el caso de incumplimiento<br \/>\n2.1.1. Tipos de denuncia<br \/>\n2.1.2. Contexto en canales de denuncia<br \/>\n2.1.3. Sistema de gesti\u00f3n del canal de denuncias<br \/>\n2.1.4. Funci\u00f3n de gesti\u00f3n de denuncias<br \/>\n2.1.5. Confidencialidad<\/li>\n<li style=\"font-weight: 400;\">Controles correctivos<br \/>\n3.1. Medidas disciplinarias<br \/>\n3.2. Controles espec\u00edficos<br \/>\n3.2.1. Riesgos de corrupci\u00f3n entre particulares en el proceso de compra de bienes o servicios<br \/>\n3.2.2. Controles espec\u00edficos en el proceso de confecci\u00f3n de memorias o estados financieros<br \/>\n3.2.3. Controles espec\u00edficos en el proceso de eliminaci\u00f3n de residuos en una empresa minera<br \/>\n3.3. Evaluaci\u00f3n peri\u00f3dica por tercero independiente, perfeccionamiento y actualizaci\u00f3n<\/li>\n<li style=\"font-weight: 400;\">Asignaci\u00f3n de responsabilidades: la funci\u00f3n del compliance<br \/>\n4.1. Medios y facultades del encargado de prevenci\u00f3n<br \/>\n4.2. Reporte a la administraci\u00f3n de la empresa<\/li>\n<\/ol>\n<p style=\"font-weight: 400;\"><b><strong>ANEXO<br \/>\n<\/strong><\/b><b><strong>DELITOS QUE DAN LUGAR A LA RESPONSABILIDAD PENAL DE LA PERSONA JUR\u00cdDICA<\/strong><\/b><\/p>\n<ol start=\"21\">\n<li style=\"font-weight: 400;\"><b><strong> Delitos en la Ley No 21.595<\/strong><\/b>Primera Categor\u00eda<\/li>\n<li style=\"font-weight: 400;\">Ley No 18.045, de mercado de valores<br \/>\n2. Decreto Ley No 3.583, que crea la Comisi\u00f3n para el Mercado Financiero<br \/>\n3. Ley No 18.840, LOC del Banco Central de Chile<br \/>\n4. Decreto Ley No 211<br \/>\n5. Ley General de Bancos<br \/>\n6. Ley No 20.416, de reorganizaci\u00f3n o cierre de micro y peque\u00f1as empresas en crisis<br \/>\n7. Ley No 20.345, sobre sistemas de compensaci\u00f3n y liquidaci\u00f3n de instrumentos financieros<br \/>\n8. DFL No 251, sobre compa\u00f1\u00edas de seguros, sociedades an\u00f3nimas y bolsas de comercio<br \/>\n9. Ley No 18.046, sobre sociedades an\u00f3nimas<br \/>\n10. C\u00f3digo Penal<\/li>\n<\/ol>\n<p>Segunda Categor\u00eda<\/p>\n<ul>\n<li style=\"font-weight: 400;\">Ley No 19.884, LOC sobre transparencia, l\u00edmite y control del gasto electoral<br \/>\n2. C\u00f3digo Tributario<br \/>\n3. DFL No 30, sobre ordenanza de aduanas<br \/>\n4. Ley General de Bancos<br \/>\n5. Ley sobre cuentas corrientes bancarias y cheques<br \/>\n6. Ley No 18.092, que dicta nuevas normas sobre letras de cambio y pagar\u00e9<br \/>\n7. Ley No 20.009, que establece un r\u00e9gimen de limitaci\u00f3n de responsabilidad para titulares o usuarios de tarjetas de pago y transacciones electr\u00f3nicas en caso de extrav\u00edo, hurto, robo o fraude<br \/>\n8. Decreto No 4.363, que aprueba texto definitivo de la Ley de Bosques<br \/>\n9. Ley No 20.283, sobre recuperaci\u00f3n del bosque nativo y fomento forestal<br \/>\n10. Ley No 18.892 General de Pesca y Acuicultura<br \/>\n11. Ley No 19.473, sobre caza<br \/>\n12. Ley No 20.962, que aplica convenci\u00f3n sobre el comercio internacional de especies amenazadas de flora y fauna silvestre<br \/>\n13. Ley No 17.288, que legisla sobre monumentos nacionales<br \/>\n14. Ley No 18.248, C\u00f3digo de Miner\u00eda<br \/>\n15. DFL No 1.122, C\u00f3digo de Aguas<br \/>\n16. Ley No 18.168, General de Telecomunicaciones<br \/>\n17. Decreto No 458, que aprueba nueva Ley General de Urbanismo y Construcciones<br \/>\n18. Ley No 18.690, sobre almacenes generales de dep\u00f3sito<br \/>\n19. Ley No 19.342, que regula derechos de obtentores de nuevas variedades vegetales<br \/>\n20. Ley No 21.459, que establece normas sobre delitos inform\u00e1ticos<br \/>\n21. Ley No 17.322, sobre normas para la cobranza judicial de cotizaciones, aportes y multas de las instituciones de seguridad social<br \/>\n22. Decreto Ley No 3.500, que establece un nuevo sistema de pensiones<br \/>\n23. DFL No 1, Ministerio de Salud<br \/>\n24. Ley No 20.190, que introduce adecuaciones tributarias e institucionales para el fomento de la industria de capital de riesgo y contin\u00faa el proceso de modernizaci\u00f3n del mercado de capitales<br \/>\n25. DFL No 251, sobre compa\u00f1\u00edas de seguro, sociedades an\u00f3nimas y bolsas de comercio<br \/>\n26. Ley No 20.920, que establece marco para la gesti\u00f3n de residuos, la responsabilidad extendida del productor y fomento al reciclaje<br \/>\n27. C\u00f3digo Penal<br \/>\n28. C\u00f3digo Penal. \u2018\u2018Cuando el hecho se realice con infracci\u00f3n de los deberes de cuidado impuestos por un giro de la empresa\u2019\u2019<br \/>\n29. Ley No 17.336, sobre propiedad intelectual<br \/>\n30. Ley No 21.255, que establece el Estatuto Chileno Ant\u00e1rtico<br \/>\n31. Ley No 20.417, que crea el Ministerio, el Servicio de Evaluaci\u00f3n Ambiental y la Superintendencia del Medio Ambiente<br \/>\n32. DFL No 4, fija texto refundido, coordinado y sistemaatizado de la Ley No 19.039 de Propiedad Industrial<\/li>\n<\/ul>\n<p>&nbsp;<\/p>\n<p style=\"font-weight: 400;\">Tercera Categor\u00eda<\/p>\n<ol>\n<li style=\"font-weight: 400;\">Ley No, LOC sobre transparencia, l\u00edmite y control del gasto electoral<br \/>\n2. Ley No 20.283, sobre recuperaci\u00f3n del bosque nativo y fomento forestal<br \/>\n3. Ley No 18.892, General de Pesca y Acuicultura, cuyo texto refundido, coordinado y\u00a0fue fijado por el Decreto No 430<br \/>\n4. Ley No 19.300, que aprueba ley sobre bases del medio ambiente<br \/>\n5. C\u00f3digo Penal<\/li>\n<\/ol>\n<p style=\"font-weight: 400;\">Cuarta Categor\u00eda<\/p>\n<ol>\n<li style=\"font-weight: 400;\">C\u00f3digo Penal<br \/>\n2. Ley No 19.913, que crea la unidad de an\u00e1lisis financiero y modifica diversas disposiciones en materia de lavado de activos<\/li>\n<li style=\"font-weight: 400;\"><b><strong> Delitos en otras leyes<\/strong><\/b><\/li>\n<li style=\"font-weight: 400;\">Ley No 18.314, que determina conductas terroristas y fija su penalidad<br \/>\n2. Ley No 17.798, sobre control de armas<br \/>\n3. C\u00f3digo Penal<\/li>\n<\/ol>\n","protected":false},"excerpt":{"rendered":"<p>Env\u00edos a todo Chile \/ Reservas.!<\/p>\n","protected":false},"featured_media":1744,"comment_status":"open","ping_status":"closed","template":"","meta":{"inline_featured_image":false,"_joinchat":[]},"product_brand":[],"product_cat":[26,30],"product_tag":[],"class_list":{"0":"post-1703","1":"product","2":"type-product","3":"status-publish","4":"has-post-thumbnail","6":"product_cat-derecho","7":"product_cat-penal","9":"first","10":"instock","11":"shipping-taxable","12":"purchasable","13":"product-type-simple"},"_links":{"self":[{"href":"https:\/\/bibliotecajuridicavirtual.cl\/index.php\/wp-json\/wp\/v2\/product\/1703","targetHints":{"allow":["GET"]}}],"collection":[{"href":"https:\/\/bibliotecajuridicavirtual.cl\/index.php\/wp-json\/wp\/v2\/product"}],"about":[{"href":"https:\/\/bibliotecajuridicavirtual.cl\/index.php\/wp-json\/wp\/v2\/types\/product"}],"replies":[{"embeddable":true,"href":"https:\/\/bibliotecajuridicavirtual.cl\/index.php\/wp-json\/wp\/v2\/comments?post=1703"}],"wp:featuredmedia":[{"embeddable":true,"href":"https:\/\/bibliotecajuridicavirtual.cl\/index.php\/wp-json\/wp\/v2\/media\/1744"}],"wp:attachment":[{"href":"https:\/\/bibliotecajuridicavirtual.cl\/index.php\/wp-json\/wp\/v2\/media?parent=1703"}],"wp:term":[{"taxonomy":"product_brand","embeddable":true,"href":"https:\/\/bibliotecajuridicavirtual.cl\/index.php\/wp-json\/wp\/v2\/product_brand?post=1703"},{"taxonomy":"product_cat","embeddable":true,"href":"https:\/\/bibliotecajuridicavirtual.cl\/index.php\/wp-json\/wp\/v2\/product_cat?post=1703"},{"taxonomy":"product_tag","embeddable":true,"href":"https:\/\/bibliotecajuridicavirtual.cl\/index.php\/wp-json\/wp\/v2\/product_tag?post=1703"}],"curies":[{"name":"wp","href":"https:\/\/api.w.org\/{rel}","templated":true}]}}