{"id":1707,"date":"2026-02-28T00:53:48","date_gmt":"2026-02-28T03:53:48","guid":{"rendered":"https:\/\/bibliotecajuridicavirtual.cl\/?post_type=product&#038;p=1707"},"modified":"2026-02-28T00:54:38","modified_gmt":"2026-02-28T03:54:38","slug":"registro-tributario-rentas-empresariales-hugo-contreras-urzua-leonel-gonzalez-silva-edicion-julio-2024-315-paginas","status":"publish","type":"product","link":"https:\/\/bibliotecajuridicavirtual.cl\/index.php\/product\/registro-tributario-rentas-empresariales-hugo-contreras-urzua-leonel-gonzalez-silva-edicion-julio-2024-315-paginas\/","title":{"rendered":"Registro Tributario Rentas Empresariales &#8211; Hugo Contreras Urz\u00faa &#8211; Leonel Gonz\u00e1lez Silva \/ edici\u00f3n Julio 2024 &#8211; 315 P\u00e1ginas"},"content":{"rendered":"<p style=\"font-weight: 400;\">An\u00e1lisis detallado del objetivo y contenido de cada una de las columnas de este Registro Tributario que deben llevar las empresas:<\/p>\n<p style=\"font-weight: 400;\">&#8211; Acogidas al R\u00e9gimen Parcialmente integrado, del art\u00edculo 14 letra A de la Ley de Impuesto a la Renta<br \/>\n&#8211; Pymes acogidas al r\u00e9gimen general, del art\u00edculo 14 letra D N\u00b03 de la Ley de Impuesto a la Renta.<\/p>\n<ul style=\"font-weight: 400;\">\n<li>Desarrollo de numerosos ejercicios pr\u00e1cticos desglosados por a\u00f1o tributario, aplicando las normas vigentes para cada uno de esos a\u00f1os y referidas a las l\u00edneas y recuadros del Formulario 22 que ha debido utilizarse en cada per\u00edodo tributario.<\/li>\n<li>Selecci\u00f3n de jurisprudencia administrativa relacionada con la materia.<\/li>\n<\/ul>\n<p style=\"font-weight: 400;\"><b><strong>CAP\u00cdTULO I<\/strong><\/b><br \/>\n<b><strong>EXPLICACI\u00d3N TE\u00d3RICA Y CONCEPTUAL DEL REGISTRO TRIBUTARIO DE RENTAS EMPRESARIALES<\/strong><\/b><\/p>\n<ol>\n<li style=\"font-weight: 400;\">REGISTRO DE RENTAS EMPRESARIALES (RRE)<\/li>\n<\/ol>\n<p style=\"font-weight: 400;\">1.1 Formato del registro de rentas empresariales de contribuyente acogidos al Art\u00edculo 14 letra A<br \/>\nRegistro rentas empresariales, Art. 14 letra A (RRE) (columna 3)<br \/>\nRegistro rentas empresariales, Art. 14 letra A (RRE) (columnas 4 y 5)<\/p>\n<ol start=\"2\">\n<li style=\"font-weight: 400;\">ANALISIS DE LAS DISTINTAS COLUMNAS DEL REGISTRO DE RENTAS EMPRESARIALES DE CONTRIBUYENTES ACOGIDOS AL ART\u00cdCULO 14 LETRA A<\/li>\n<\/ol>\n<p style=\"font-weight: 400;\">2.1 Rentas Afectas a Impuestos Finales (RAI)<br \/>\n2.2 Registro DDAN (Diferencias entre depreciaci\u00f3n acelerada y normal)<br \/>\n2.3 Registro REX (Rentas exentas o no afectas a impuestos finales)<br \/>\n2.4 Registro SAC (Saldo acumulado de cr\u00e9ditos)<\/p>\n<ol start=\"3\">\n<li style=\"font-weight: 400;\">ANALISIS DE LAS PRINCIPALES PARTIDAS QUE DEBEN REGISTRARSE ANUALMENTE EN EL REGISTRO DE RENTAS EMPRESARIALES DE EMPRESAS ACOGIDAS AL ARTICULO 14 LETRA A<\/li>\n<\/ol>\n<p style=\"font-weight: 400;\">3.1 Saldos iniciales o remanentes de utilidades y cr\u00e9ditos acumulados (positivos o negativos, seg\u00fan corresponda)<br \/>\n3.1.1 Saldos iniciales en el caso de Pymes que migran desde el art\u00edculo 14 letra D N\u00b0 3 al art\u00edculo 14 letra A<br \/>\n3.1.2 Saldos iniciales en el caso de PYMES que migran desde el art\u00edculo 14 letra D N\u00b0 8 al art\u00edculo 14 letra A<br \/>\n3.1.3 Saldos iniciales en el caso de empresa acogida a Renta Presunta (Art. 34) que migra al r\u00e9gimen del art\u00edculo 14 letra A<br \/>\n3.1.4 Saldos iniciales en el caso de empresas nuevas que nacen producto de<br \/>\na) Empresa individual que se convierte en EIRL o en sociedad de cualquier tipo<br \/>\nb) Nueva empresa que nace producto de la divisi\u00f3n de otra preexistente<br \/>\nc) Nueva empresa que nace producto de la Fusi\u00f3n por creaci\u00f3n de dos o m\u00e1s empresas preexistentes que se disuelven<br \/>\n3.2 Reclasificaciones ocurridas durante el ejercicio<br \/>\n3.3 Registro a la fecha de las siguientes reorganizaciones empresariales<br \/>\n3.4 Registros al t\u00e9rmino del a\u00f1o comercial<br \/>\n3.5 Otras Reclasificaciones e Incorporaciones del Ejercicio<br \/>\n3.6 Imputaciones al t\u00e9rmino del a\u00f1o comercial, en el siguiente orden<\/p>\n<ol start=\"4\">\n<li style=\"font-weight: 400;\">REGISTRO DE RENTAS EMPRESARIALES DE PYMES ACOGIDAS AL ARTICULO 14 LETRA D N\u00b0 3<\/li>\n<\/ol>\n<p style=\"font-weight: 400;\">4.1 Columnas del RRE de pymes acogidas al Art\u00edculo 14 letra D N\u00b0 3<br \/>\n4.2 Saldos iniciales del registro RAI al 01.01.2020 (Pymes Art. 14 D N\u00b0 3)<\/p>\n<p style=\"font-weight: 400;\"><b><strong>CAP\u00cdTULO II<\/strong><\/b><br \/>\n<b><strong>EJERCICIOS R\u00c9GIMEN PARCIALMENTE INTEGRADO<\/strong><\/b><br \/>\nArt\u00edculo 14 letra A<br \/>\nA\u00f1o Tributario 2024<\/p>\n<p style=\"font-weight: 400;\">Ejercicio N\u00b0 1: Sociedad an\u00f3nima inmobiliaria acogida al Art\u00edculo 14 letra A (r\u00e9gimen parcialmente integrado)<br \/>\nEjercicio N\u00b0 2: Sociedad de personas con SAC insuficiente para cubrir cr\u00e9dito de retiros. Se acoge al pago voluntario de impuesto de 1a categor\u00eda<br \/>\nEjercicio N\u00b0 3: Aries S.A. acogida al Art\u00edculo 14 letra A se divide el 31.08.2023, en un equivalente al 50% de su capital propio tributario, dando nacimiento a gama S.A.<br \/>\nEjercicio N\u00b0 4: Fusi\u00f3n de sociedades. Sociedad Calma S.A. Absorbe a Sociedad Reco S.A.<br \/>\nEjercicio N\u00b0 5: Sociedad de personas acogida al Art\u00edculo 14 letra A que efect\u00faa una devoluci\u00f3n de capital (Art. 17 N\u00b0 7 LIR)<br \/>\nEjercicio N\u00b0 6: Imputaci\u00f3n de p\u00e9rdida tributaria a dividendos percibidos y recuperaci\u00f3n de PPUA (A\u00f1o tributario 2024 \u00faltimo a\u00f1o de vigencia de esta norma)<br \/>\nEjercicio N\u00b0 7: Sociedad de personas acogida al Art\u00edculo 14 letra A (R\u00e9gimen parcialmente integrado) recibe dividendos con cr\u00e9dito por pago voluntario de 1a categor\u00eda<br \/>\nEjercicio N\u00b0 8: Sociedad por acciones, SpA, r\u00e9gimen 14-A con rescate de cuotas de fondos mutuos acogidos al Art\u00edculo 107<br \/>\nEjercicio N\u00b0 9: Sociedad Fenix Ltda. acogida al art\u00edculo 14 letra A con dividendos extranjeros (suplemento tributario del S.I.I. AT 2024)<\/p>\n<p style=\"font-weight: 400;\"><b><strong>CAP\u00cdTULO III<\/strong><\/b><br \/>\n<b><strong>EJERCICIOS R\u00c9GIMEN GENERAL PYMES<\/strong><\/b><br \/>\nArt\u00edculo 14 letra D No 3<br \/>\nA\u00f1o Tributario 2024<\/p>\n<p style=\"font-weight: 400;\">Ejercicio N\u00b0 1: Sociedad Bravo Ltda. acogida al r\u00e9gimen pro pyme del Art\u00edculo 14 letra D N\u00b0 3<\/p>\n<p>Ejercicio N\u00b0 2: Pyme acogida al art\u00edculo 14 letra D N\u00b03, con retiros que exceden del RAI<br \/>\nI. Antecedentes<br \/>\nLa sociedad constructora CALY LTDA, compuesta por las socias Carla y Lily, con un 50% de participaci\u00f3n en el capital c\/u. Opt\u00f3 por contabilidad simplificada.<\/p>\n<p style=\"font-weight: 400;\">Ejercicio N\u00b03 Sociedad Constructora Roma Ltda.<br \/>\nI. Antecedentes. Sociedad constructora ROMA LTDA, compuesta por dos socios, Roberto y Mario con un 50% de participaci\u00f3n en el capital c\/u. Opt\u00f3 por contabilidad simplificada.Socios no tienen parentesco entre ellos.<\/p>\n<p style=\"font-weight: 400;\"><b><strong>CAP\u00cdTULO IV<\/strong><\/b><br \/>\n<b><strong>EJERCICIOS R\u00c9GIMEN PARCIALMENTE INTEGRADO<\/strong><\/b><br \/>\nArt\u00edculo 14 letra A<br \/>\nA\u00f1o Tributario 2023<\/p>\n<p style=\"font-weight: 400;\">Ejercicio N\u00b0 1: Sociedad an\u00f3nima acogida al art\u00edculo 14 letra A (R\u00e9gimen parcialmente integrado)<br \/>\nEjercicio N\u00b0 2 beta S.A. acogida al Art\u00edculo 14 letra A se divide el 31.08.2022, en un equivalente al 50% de su capital propio tributario, dando nacimiento a Delta S.A.<br \/>\nEjercicio N\u00b0 3 Fusi\u00f3n de sociedades sociedad Alma S.A. absorbe a sociedad C\u00e1diz S.A.<br \/>\nEjercicio N\u00b0 4 Sociedad de personas acogida al Art\u00edculo 14 letra A que efect\u00faa una devoluci\u00f3n de capital (Art. 17 N\u00b0 7 LIR)<br \/>\nEjercicio N\u00b0 5: Sociedad de personas que percibe dividendos de fuente chilena y de fuente extranjera<br \/>\nEjercicio N\u00b0 6: Imputaci\u00f3n de p\u00e9rdida tributaria a dividendos percibidos y recuperaci\u00f3n de PPUA<br \/>\nSociedad an\u00f3nima acogida al Art\u00edculo 14 letra A, r\u00e9gimen semi integrado<br \/>\nEjercicio N\u00b0 7: Sociedad de personas acogida al Art\u00edculo 14 letra A (R\u00e9gimen parcialmente integrado)<br \/>\nEjercicio N\u00b0 8: Sociedad por acciones, SpA, con inversiones en otras sociedades (Art. 14 letra A)<\/p>\n<p style=\"font-weight: 400;\"><b><strong>CAP\u00cdTULO V<\/strong><\/b><br \/>\n<b><strong>EJERCICIOS R\u00c9GIMEN GENERAL PYMES<br \/>\n<\/strong><\/b>Art\u00edculo 14o letra D No 3<br \/>\nA\u00f1o Tributario 2023<\/p>\n<p style=\"font-weight: 400;\">Ejercicio N\u00b0 1: Regimen Pro pyme del Art\u00edculo 14 letra D No 3<br \/>\nI. La sociedad Rivas Ltda., que hasta el 31.12.2019 estuvo sujeta al r\u00e9gimen de renta atribuida, a partir del 01.01.2020 se acogi\u00f3 al r\u00e9gimen Pro Pyme establecido en el art\u00edculo 14 letra D) N\u00b0 3, optando por determinar su renta efectiva seg\u00fan contabilidad simplificada.<br \/>\nEjercicio N\u00b0 2: Pyme acogida al Art\u00edculo 14 letra D N\u00b0 3 desde el 01.01.2020<br \/>\n1. Sociedad de personas CAMY LTDA, compuesta por dos socias, Carolina y Mirella con un 50% de participaci\u00f3n en el capital c\/u. Opt\u00f3 por contabilidad simplificada. Socias no tienen parentesco entre ellas<\/p>\n<p style=\"font-weight: 400;\"><b><strong>CAP\u00cdTULO VI<\/strong><\/b><br \/>\n<b><strong>EJERCICIOS R\u00c9GIMEN PARCIALMENTE INTEGRADO<\/strong><\/b><br \/>\nArt\u00edculo 14 letra A<br \/>\nA\u00f1o Tributario 2022<\/p>\n<p style=\"font-weight: 400;\">Ejercicio N\u00b0 1: Empresa del actual r\u00e9gimen articulo 14 letra A, se acoge al ISFUT el d\u00eda 30.07.2021<br \/>\nEjercicio N\u00b0 2: Recuperaci\u00f3n de PPUA en el caso de empresa acogida al Art. 14 letra A<br \/>\nEjercicio N\u00b0 3: Sociedad acogida al Art\u00edculo 14 letra A (R\u00e9gimen parcialmente integrado)<br \/>\nEjercicio N\u00b0 4: Sociedad an\u00f3nima con inversiones en otras sociedades (Art. 14 letra A)<br \/>\nEjercicio N\u00b0 5: Determinaci\u00f3n de base imponible y del cr\u00e9dito IPE cuando se perciben dividendos de fuente extranjera (Ejemplo Sup. Trib. SII)<\/p>\n<p style=\"font-weight: 400;\"><b><strong>CAP\u00cdTULO VII<\/strong><\/b><br \/>\n<b><strong>EJERCICIOS R\u00c9GIMEN GENERAL PYMES<\/strong><\/b><br \/>\nArt\u00edculo 14 letra D No 3<br \/>\nA\u00f1o Tributario 2022<\/p>\n<p style=\"font-weight: 400;\">Ejercicio N\u00b0 1. Pyme acogida al Art\u00edculo 14 letra D N\u00b0 3 desde el 01.01.2020 (estaba al 31.12.2019 en el r\u00e9gimen de renta atribuida del ex Art\u00edculo 14 letra A)<\/p>\n<p style=\"font-weight: 400;\"><b><strong>CAP\u00cdTULO VIII<\/strong><\/b><br \/>\n<b><strong>TERMINOS DE GIRO<\/strong><\/b><\/p>\n<ol start=\"22\">\n<li style=\"font-weight: 400;\">REGIMEN PARCIALMENTE INTEGRADO DEL ARTICULO 14 LETRA A<br \/>\nParte pertinente de la Circular N\u00b0 73, de 22.12.2020<\/li>\n<li style=\"font-weight: 400;\">Tributaci\u00f3n sobre las rentas o cantidades acumuladas al t\u00e9rmino de giro de la empresa a contar del 1\u00b0 de enero de 2020<br \/>\n1.1. T\u00e9rmino de giro de empresas sujetas a la letra A) del art\u00edculo 14<br \/>\n1.2. Rentas o cantidades sujetas a la tributaci\u00f3n que establece el N\u00b0 1 del art\u00edculo 38 bis<br \/>\n1.3 Valor de adquisici\u00f3n para fines tributarios que corresponde a los bienes que se adjudiquen los propietarios de las empresas que terminan su giro<br \/>\n1.4 Costo tributario de los bienes adjudicados en caso de futuras enajenaciones de los mismos<\/li>\n<li style=\"font-weight: 400;\">R\u00c9GIMEN GENERAL PYMES DEL ART\u00cdCULO 14 LETRA D No 3<br \/>\nParte pertinente de la Circular N\u00b0 62, de 24.09.2020<\/li>\n<\/ol>\n<p style=\"font-weight: 400;\">1.13 Normas aplicables en caso de t\u00e9rmino del giro de un contribuyente acogido a lo dispuesto en el n\u00b0 3 de la letra d) del art\u00edculo 14<br \/>\n1.13.1 Rentas sujetas a la tributaci\u00f3n que establece el N\u00b0 2 del art\u00edculo 38 bis<br \/>\n1.13.2. Tributaci\u00f3n que afecta a las rentas o cantidades determinadas a la fecha de t\u00e9rmino de giro<br \/>\n1.13.3. Rentas determinadas al momento del t\u00e9rmino de giro cuando los propietarios son contribuyentes sujetos al IDPC<br \/>\n1.13.4. Opci\u00f3n por declarar las rentas o cantidades acumuladas en las empresas al t\u00e9rmino de giro como afectas al IGC aplicando la reliquidaci\u00f3n que la LIR establece<br \/>\n1.13.5. Valor de costo para fines tributarios que corresponde a los bienes que se adjudiquen los propietarios de las empresas que terminan su giro<\/p>\n<p style=\"font-weight: 400;\">Determinaci\u00f3n de rentas pendientes de tributaci\u00f3n a la fecha de t\u00e9rmino de giro en el caso de pymes acogidas al r\u00e9gimen de tributaci\u00f3n del N\u00b0 3 de la letra D) del Art\u00edculo 14 (Circular N\u00b0 62, de 24.09.2020)<\/p>\n<ol>\n<li style=\"font-weight: 400;\">C) REGIMEN PYMES TRANSPARENTE DEL ARTICULO 14 LETRA D N\u00b0 8<\/li>\n<\/ol>\n<p style=\"font-weight: 400;\">Parte pertinente de la Circular N\u00b0 62, de 24.09.2020<br \/>\n2.12. Normas aplicables en caso de t\u00e9rmino del giro de un contribuyente acogido a lo dispuesto en el N\u00b0 8 de la letra D) del art\u00edculo 14<\/p>\n<p style=\"font-weight: 400;\">Determinaci\u00f3n de renta pendiente de tributaci\u00f3n a la fecha de t\u00e9rmino de giro de empresa acogida al r\u00e9gimen de transparencia tributaria del N\u00b0 8 de la letra D) del Art\u00edculo 14, seg\u00fan inciso final del N\u00b0 2 del art\u00edculo 38 bis (Circular No 62, de 24.09.2020)<\/p>\n<p style=\"font-weight: 400;\"><b><strong>CAP\u00cdTULO IX<\/strong><\/b><br \/>\n<b><strong>SELECCI\u00d3N DE JURISPRUDENCIA ADMINISTRATIVA DEL S.I.I.<\/strong><\/b><\/p>\n<ul>\n<li style=\"font-weight: 400;\">R\u00e9gimen parcialmente integrado (art\u00edculo 14 letra A)\u2022 R\u00e9gimen pymes (articulo 14 letra D N\u00b0s 3 Y 8)<\/li>\n<\/ul>\n<ol>\n<li style=\"font-weight: 400;\">Requisitos para acogerse al r\u00e9gimen Pro pyme en el caso de empresas que inician actividades a contar del 01.01.2020<br \/>\n2. Ingresos provenientes de operaciones con empresas relacionadas en el extranjero en la base imponible del r\u00e9gimen pro pyme<br \/>\n3. Cr\u00e9dito por impuesto de primera categor\u00eda para propietarios de empresas acogidas al r\u00e9gimen Pro pyme transparente usuarios de zona franca<br \/>\n4. Reconocimiento del ingreso por pago con tarjeta de cr\u00e9dito sin inter\u00e9s en r\u00e9gimen pro pyme<br \/>\n5. C\u00f3mputo de los ingresos del art\u00edculo 107 de la Ley sobre impuesto a la renta para los efectos del r\u00e9gimen pro pyme<br \/>\n6. Tratamiento tributario de egresos y cr\u00e9ditos generados en el r\u00e9gimen Pro pyme<br \/>\n7. aviso de cambio de r\u00e9gimen por incumplir requisitos de permanencia en r\u00e9gimen pro pyme<br \/>\n8. Pago anticipado de contrato de promesa de compraventa de bien ra\u00edz en r\u00e9gimen Pro pyme<br \/>\n9. R\u00e9gimen tributario aplicable a sociedad absorbente en proceso de fusi\u00f3n<br \/>\n10. Cr\u00e9dito del art\u00edculo 33 bis de la ley sobre impuesto a la renta en empresas del N\u00b0 3 de la letra d) del art\u00edculo 14<br \/>\n11. Reajuste de los retiros y sus cr\u00e9ditos en el caso de pymes del art\u00edculo 14 d 3<br \/>\n12. Rescate o enajenaci\u00f3n de cuotas de fondos mutuos no se consideran para el tope del 35%<br \/>\n13. C\u00f3mputo del 35% de rentas pasivas que permiten a un pyme clasificarse en el r\u00e9gimen del art\u00edculo 14 letra d<br \/>\n14. Ingresos percibidos por contratos de promesa de venta de inmuebles celebrados por empresa pyme del r\u00e9gimen 14 d 3<br \/>\n15. Determinaci\u00f3n del cr\u00e9dito del art\u00edculo 33 bis en el caso de pymes acogidas al art\u00edculo 14 letra d<br \/>\n16. Retenci\u00f3n de impuesto adicional en el caso de pymes acogidas al r\u00e9gimen transparente del art\u00edculo 14 letra d N\u00b0 8<br \/>\n17. Bonos de alivio pymes de la ley N\u00b0 21.354, de 17.06.2021<br \/>\n18. Momento en que deben considerarse \u201cpagados\u201d los egresos que indica para efectos del art\u00edculo 14, letra d), N\u00b0 3, letra (f), de la ley sobre impuesto a la renta<\/li>\n<\/ol>\n<p style=\"font-weight: 400;\"><b><strong>Ap\u00e9ndice. Impuesto \u00fanico sustitutivo sobre el RAI al 31.12.2023, Ley N\u00b0 21.681, D.O. 01.07.2024<\/strong><\/b><\/p>\n","protected":false},"excerpt":{"rendered":"<p>ENV\u00cdOS A TODO CHILE \/ HAZ TU RESERVA AHORA<\/p>\n","protected":false},"featured_media":1763,"comment_status":"open","ping_status":"closed","template":"","meta":{"inline_featured_image":false,"_joinchat":[]},"product_brand":[],"product_cat":[26,28],"product_tag":[],"class_list":{"0":"post-1707","1":"product","2":"type-product","3":"status-publish","4":"has-post-thumbnail","6":"product_cat-derecho","7":"product_cat-tributario","9":"first","10":"instock","11":"shipping-taxable","12":"purchasable","13":"product-type-simple"},"_links":{"self":[{"href":"https:\/\/bibliotecajuridicavirtual.cl\/index.php\/wp-json\/wp\/v2\/product\/1707","targetHints":{"allow":["GET"]}}],"collection":[{"href":"https:\/\/bibliotecajuridicavirtual.cl\/index.php\/wp-json\/wp\/v2\/product"}],"about":[{"href":"https:\/\/bibliotecajuridicavirtual.cl\/index.php\/wp-json\/wp\/v2\/types\/product"}],"replies":[{"embeddable":true,"href":"https:\/\/bibliotecajuridicavirtual.cl\/index.php\/wp-json\/wp\/v2\/comments?post=1707"}],"wp:featuredmedia":[{"embeddable":true,"href":"https:\/\/bibliotecajuridicavirtual.cl\/index.php\/wp-json\/wp\/v2\/media\/1763"}],"wp:attachment":[{"href":"https:\/\/bibliotecajuridicavirtual.cl\/index.php\/wp-json\/wp\/v2\/media?parent=1707"}],"wp:term":[{"taxonomy":"product_brand","embeddable":true,"href":"https:\/\/bibliotecajuridicavirtual.cl\/index.php\/wp-json\/wp\/v2\/product_brand?post=1707"},{"taxonomy":"product_cat","embeddable":true,"href":"https:\/\/bibliotecajuridicavirtual.cl\/index.php\/wp-json\/wp\/v2\/product_cat?post=1707"},{"taxonomy":"product_tag","embeddable":true,"href":"https:\/\/bibliotecajuridicavirtual.cl\/index.php\/wp-json\/wp\/v2\/product_tag?post=1707"}],"curies":[{"name":"wp","href":"https:\/\/api.w.org\/{rel}","templated":true}]}}