{"id":1708,"date":"2026-02-28T00:53:48","date_gmt":"2026-02-28T03:53:48","guid":{"rendered":"https:\/\/bibliotecajuridicavirtual.cl\/?post_type=product&#038;p=1708"},"modified":"2026-02-28T00:54:39","modified_gmt":"2026-02-28T03:54:39","slug":"la-terminacion-unilateral-del-contrato-fernando-sciolla-albornoz-edicion-julio-2024-260-paginas","status":"publish","type":"product","link":"https:\/\/bibliotecajuridicavirtual.cl\/index.php\/product\/la-terminacion-unilateral-del-contrato-fernando-sciolla-albornoz-edicion-julio-2024-260-paginas\/","title":{"rendered":"La Terminaci\u00f3n Unilateral del Contrato \/ Fernando Sciolla Albornoz &#8211; edici\u00f3n julio 2024 &#8211; 260 P\u00e1ginas"},"content":{"rendered":"<p style=\"font-weight: 400;\">Este trabajo busca contribuir a la construcci\u00f3n de una mejor comprensi\u00f3n dogm\u00e1tica de \u201cla terminaci\u00f3n unilateral del contrato\u201d como instituci\u00f3n.<\/p>\n<p style=\"font-weight: 400;\">Si bien ella puede parecer como una figura demasiado espec\u00edfica del derecho privado, su configuraci\u00f3n es de alta complejidad y en ella inciden, como se demostrar\u00e1, distintos \u00e1mbitos de lo que componen al derecho civil patrimonial.<\/p>\n<p style=\"font-weight: 400;\">En efecto, este trabajo proceder\u00e1 en primer lugar analizar c\u00f3mo esta figura se inserta dentro del fen\u00f3meno de la extinci\u00f3n del contrato, para luego exponer su regulaci\u00f3n y c\u00f3mo \u00e9sta se diferencia de otras instituciones del derecho privado. Finalmente, se analizar\u00e1 c\u00f3mo se manifiesta ella c\u00f3mo facultad, junto con la eventual responsabilidad civil, y sus efectos, que de ella puedan nacer.<\/p>\n<p style=\"font-weight: 400;\"><b><strong>CAP\u00cdTULO I<\/strong><\/b><br \/>\n<b><strong>LA INSERCI\u00d3N DE LA TERMINACI\u00d3N UNILATERAL DEL CONTRATO EN EL DERECHO CIVIL CHILENO<\/strong><\/b><\/p>\n<ol>\n<li style=\"font-weight: 400;\">La extinci\u00f3n del contrato<br \/>\n2. La inserci\u00f3n de la terminaci\u00f3n unilateral del contrato en el esquema de la extinci\u00f3n del contrato<br \/>\n3. La extinci\u00f3n contractual y la terminaci\u00f3n unilateral del contrato, junto con sus fundamentos, desde una breve perspectiva hist\u00f3rica<\/li>\n<\/ol>\n<p style=\"font-weight: 400;\"><b><strong>CAP\u00cdTULO II<\/strong><\/b><br \/>\n<b><strong>LA REGULACI\u00d3N DE LA TERMINACI\u00d3N UNILATERAL DEL CONTRATO<\/strong><\/b><\/p>\n<ol>\n<li style=\"font-weight: 400;\">La terminaci\u00f3n unilateral del contrato en el C\u00f3digo Civil de Chile: casos regulados expresamente de forma legal<br \/>\nA) Contrato de arrendamiento<br \/>\nB) Contrato de mandato<br \/>\nC) Contrato de sociedad civil<\/li>\n<li style=\"font-weight: 400;\">La autonom\u00eda de la voluntad como fuente de la terminaci\u00f3n unilateral del contrato<br \/>\nA) Terminaci\u00f3n unilateral del contrato, por autonom\u00eda de la voluntad, de car\u00e1cter causada<br \/>\nB) Terminaci\u00f3n unilateral del contrato, por autonom\u00eda de la voluntad, sin expresi\u00f3n de causa<\/li>\n<\/ol>\n<p style=\"font-weight: 400;\"><b><strong>CAP\u00cdTULO III<\/strong><\/b><br \/>\n<b><strong>DIFERENCIAS ENTRE LA TERMINACI\u00d3N UNILATERAL DEL CONTRATO Y OTRAS INSTITUCIONES DEL DERECHO CIVIL<\/strong><\/b><\/p>\n<ol>\n<li style=\"font-weight: 400;\">Nulidad del contrato<br \/>\n2. Renuncia de derechos subjetivos<br \/>\n3. Resciliaci\u00f3n<br \/>\n4. Revocaci\u00f3n<br \/>\n5. Resoluci\u00f3n<br \/>\n6. Desistimiento<br \/>\n7. S\u00edntesis y postura adoptada en cuanto a su naturaleza<\/li>\n<\/ol>\n<p style=\"font-weight: 400;\"><b><strong>CAP\u00cdTULO IV<\/strong><\/b><br \/>\n<b><strong>LA TERMINACI\u00d3N UNILATERAL DEL CONTRATO VISTA COMO FACULTAD<\/strong><\/b><\/p>\n<ol>\n<li style=\"font-weight: 400;\">Contratos en los cuales encaja la terminaci\u00f3n unilateral del contrato<br \/>\nA) La terminaci\u00f3n unilateral del contrato en relaci\u00f3n con la clasificaci\u00f3n que distingue entre contratos de ejecuci\u00f3n instant\u00e1nea, ejecuci\u00f3n diferida y de tracto sucesivo<br \/>\nB) La terminaci\u00f3n unilateral del contrato en relaci\u00f3n con los contratos intuito personae<br \/>\nC) Fundamento por el cual la terminaci\u00f3n unilateral del contrato cuadra con los contratos indicados<\/li>\n<li style=\"font-weight: 400;\">La facultad que emana de la terminaci\u00f3n unilateral del contrato vista como el acto jur\u00eddico en que ella se materializa<br \/>\nA) Es un acto jur\u00eddico unilateral<br \/>\nB) Es un acto jur\u00eddico, por regla general, consensual<br \/>\nC) Es un acto jur\u00eddico que nace de una condici\u00f3n y se manifiesta como tal<br \/>\nD) Es un acto jur\u00eddico excepcional<br \/>\nE) Es un acto jur\u00eddico que debe ser notificado<br \/>\nF) Es un acto que, por regla general, contempla u otorga un plazo<br \/>\nG) Es un acto jur\u00eddico que produce la extinci\u00f3n del contrato siempre de forma total<br \/>\nH) Es un acto jur\u00eddico irrevocable<\/li>\n<li style=\"font-weight: 400;\">La facultad de terminar unilateralmente el contrato a la luz del art\u00edculo 1444 del C\u00f3digo Civil<\/li>\n<li style=\"font-weight: 400;\">\u00bfPodr\u00eda entenderse, eventualmente, incorporada la facultad de terminar unilateralmente un contrato de forma extraordinaria?<\/li>\n<\/ol>\n<p style=\"font-weight: 400;\"><b><strong>CAP\u00cdTULO V<\/strong><\/b><br \/>\n<b><strong>RESPONSABILIDAD CIVIL Y OTRAS CONSECUENCIAS QUE PUEDEN SURGIR A PARTIR DE LA TERMINACI\u00d3N UNILATERAL DEL CONTRATO<\/strong><\/b><\/p>\n<ol>\n<li style=\"font-weight: 400;\">El ejercicio de la terminaci\u00f3n unilateral del contrato como un acto abusivo<br \/>\n2. El rol de la causa del acto jur\u00eddico de terminaci\u00f3n unilateral para aquellos casos que \u00e9sta ha sido establecida \u201csin expresi\u00f3n de causa\u201d<br \/>\n3. Si bien la terminaci\u00f3n unilateral del contrato no es retroactiva y no se producen efectos restitutorios, sin embargo, \u00bfello es absoluto?<br \/>\n4. Convenciones que regulan a la responsabilidad civil en caso de que haya terminaci\u00f3n unilateral del contrato<\/li>\n<li style=\"font-weight: 400;\">Art\u00edculos, fuentes y libros citados y consultados<br \/>\nII. Jurisprudencia citada y consultada<\/li>\n<\/ol>\n","protected":false},"excerpt":{"rendered":"<p>ENV\u00cdOS A TODO CHILE \/ HAZ TU RESERVA<\/p>\n","protected":false},"featured_media":1764,"comment_status":"open","ping_status":"closed","template":"","meta":{"inline_featured_image":false,"_joinchat":[]},"product_brand":[],"product_cat":[27,48,26],"product_tag":[],"class_list":{"0":"post-1708","1":"product","2":"type-product","3":"status-publish","4":"has-post-thumbnail","6":"product_cat-civil","7":"product_cat-comercial","8":"product_cat-derecho","10":"first","11":"instock","12":"shipping-taxable","13":"purchasable","14":"product-type-simple"},"_links":{"self":[{"href":"https:\/\/bibliotecajuridicavirtual.cl\/index.php\/wp-json\/wp\/v2\/product\/1708","targetHints":{"allow":["GET"]}}],"collection":[{"href":"https:\/\/bibliotecajuridicavirtual.cl\/index.php\/wp-json\/wp\/v2\/product"}],"about":[{"href":"https:\/\/bibliotecajuridicavirtual.cl\/index.php\/wp-json\/wp\/v2\/types\/product"}],"replies":[{"embeddable":true,"href":"https:\/\/bibliotecajuridicavirtual.cl\/index.php\/wp-json\/wp\/v2\/comments?post=1708"}],"wp:featuredmedia":[{"embeddable":true,"href":"https:\/\/bibliotecajuridicavirtual.cl\/index.php\/wp-json\/wp\/v2\/media\/1764"}],"wp:attachment":[{"href":"https:\/\/bibliotecajuridicavirtual.cl\/index.php\/wp-json\/wp\/v2\/media?parent=1708"}],"wp:term":[{"taxonomy":"product_brand","embeddable":true,"href":"https:\/\/bibliotecajuridicavirtual.cl\/index.php\/wp-json\/wp\/v2\/product_brand?post=1708"},{"taxonomy":"product_cat","embeddable":true,"href":"https:\/\/bibliotecajuridicavirtual.cl\/index.php\/wp-json\/wp\/v2\/product_cat?post=1708"},{"taxonomy":"product_tag","embeddable":true,"href":"https:\/\/bibliotecajuridicavirtual.cl\/index.php\/wp-json\/wp\/v2\/product_tag?post=1708"}],"curies":[{"name":"wp","href":"https:\/\/api.w.org\/{rel}","templated":true}]}}