{"id":1721,"date":"2026-02-28T00:54:14","date_gmt":"2026-02-28T03:54:14","guid":{"rendered":"https:\/\/bibliotecajuridicavirtual.cl\/?post_type=product&#038;p=1721"},"modified":"2026-02-28T00:54:46","modified_gmt":"2026-02-28T03:54:46","slug":"regimen-de-alimentos-cuidado-personal-y-relacion-directa-y-regular-aplicado-a-la-decision-judicial-nel-greeven-bobadilla-francesco-carretta-munoz-142-pag-ano-2020","status":"publish","type":"product","link":"https:\/\/bibliotecajuridicavirtual.cl\/index.php\/product\/regimen-de-alimentos-cuidado-personal-y-relacion-directa-y-regular-aplicado-a-la-decision-judicial-nel-greeven-bobadilla-francesco-carretta-munoz-142-pag-ano-2020\/","title":{"rendered":"R\u00e9gimen de Alimentos, Cuidado Personal y Relaci\u00f3n Directa y Regular Aplicado a la Decisi\u00f3n Judicial \/ Nel Greeven Bobadilla &#8211; Francesco Carretta Mu\u00f1oz &#8211; 142 P\u00e1g. a\u00f1o 2020"},"content":{"rendered":"<p style=\"font-weight: 400;\">La importancia del derecho de alimentos, de mantener una relaci\u00f3n directa y regular con los hijos y a su cuidado personal, se refleja en los n\u00fameros dados a conocer por el Instituto Nacional de Estad\u00edsticas en el \u00faltimo informe anual (2018) sobre la justicia, donde se consigna que el total de causas conocidas por los juzgados de familia en las tres materias corresponde a m\u00e1s de la mitad del total de los asuntos que son llamados a resolver. Este conteo va en progresi\u00f3n, puesto que dicha suma ha tenido un sostenido aumento en los \u00faltimos a\u00f1os.<\/p>\n<p>Para comprender estos derechos, se parte de la base de que poseen una fisonom\u00eda similar en cuanto a que todos intentan tutelar las fricciones que pueden acontecer al interior de una familia. Se trata de tres v\u00e9rtices de un mismo objetivo, de tal manera que, para sostener su carga, deber\u00edan estar sim\u00e9tricamente ajustadas. Sin embargo, estos tres derechos se insertan en leyes que se han ido forjando de manera aislada, no interrelacionadamente y, por lo tanto, de manera asim\u00e9trica. Es decir, en momentos distintos, en base a pol\u00edticas y tesis jur\u00eddicas distintas.<\/p>\n<p>En raz\u00f3n de lo anterior, en esta obra los autores se han propuesto intentar sistematizar, de acuerdo a la legislaci\u00f3n vigente, las formas, requisitos y condiciones a trav\u00e9s de los cuales transitan por el ordenamiento jur\u00eddico los derechos en referencia, con una \u00f3ptica enfocada a la forma c\u00f3mo los jueces resuelven estos asuntos.<\/p>\n<ol>\n<li style=\"font-weight: 400;\"><b><strong> R\u00e9gimen de cuidado personal (RCP)<\/strong><\/b><br \/>\n1.1. Concepto y alcance<br \/>\n1.2. La \u00f3ptica actual de la apreciaci\u00f3n del derecho<br \/>\n1.3. Sistematizaci\u00f3n y estructura del derecho<br \/>\n1.4. Contenido<br \/>\n1.5. Principios rectores<br \/>\nA) El inter\u00e9s superior del ni\u00f1o<br \/>\nB) El derecho a ser o\u00eddo y la autonom\u00eda progresiva<br \/>\nC) El principio de corresponsabilidad<br \/>\n1.6. Reglas de atribuci\u00f3n<br \/>\nA) Legal<br \/>\nB) Convencional<br \/>\nC) Judicial<br \/>\na. Otorgamiento a uno de los padres<br \/>\nb. Otorgamiento a un tercero<br \/>\ni. NNA no reconocido por ninguno de sus progenitores<br \/>\nii. Inhabilidad f\u00edsica o moral de ambos padres<br \/>\n1.7. Criterios para el establecimiento judicial del r\u00e9gimen<br \/>\n1.8. Normas procesales sobre el r\u00e9gimen de cuidado personal<br \/>\nA) Competencia<br \/>\nB) Procedimiento<br \/>\nC) Cumplimiento<br \/>\n1.9. Preguntas orientadoras<\/p>\n<p><b><strong>2. Relaci\u00f3n directa y regular<\/strong><\/b><br \/>\n2.1. Introducci\u00f3n<br \/>\n2.2. Fundamentos y principios que dirigen la instituci\u00f3n<br \/>\n2.3. Principio de corresponsabilidad. Cuidado personal compartido y RDR<br \/>\n2.4. Defnici\u00f3n y consagraci\u00f3n legal<br \/>\n2.5. Determinaci\u00f3n del r\u00e9gimen<br \/>\nA) Determinaci\u00f3n convencional<br \/>\nB) Determinaci\u00f3n judicial<br \/>\nC) Facultad ofciosa del juez en el establecimiento del r\u00e9gimen<br \/>\nD) Incumplimiento del r\u00e9gimen<br \/>\na. Incumplimiento del padre titular del r\u00e9gimen<br \/>\nb. Incumplimiento del padre custodio<br \/>\nc. Otras causales de privaci\u00f3n del r\u00e9gimen<br \/>\n2.6. Compensaci\u00f3n de la RDR<br \/>\n2.7. RDR con los abuelos y terceros<br \/>\n2.8. Preguntas orientadoras<\/p>\n<p><b><strong>3. El derecho de alimentos<\/strong><\/b><br \/>\n3.1. El fundamento del derecho de alimentos y su importancia<br \/>\n3.2. Plan de estudio<br \/>\n3.3. Aspectos sustantivos del derecho de alimentos<br \/>\nA) Concepto y contenido del derecho<br \/>\nB) Caracter\u00edsticas<br \/>\nC) Clasifcaci\u00f3n de los alimentos<br \/>\na. Seg\u00fan la fuente de la obligaci\u00f3n<br \/>\nb. Seg\u00fan el contenido de la pensi\u00f3n alimenticia<br \/>\nc. Seg\u00fan el momento procesal en que se decretan y la permanencia o transitoriedad de las prestaciones<br \/>\nD) Titulares<br \/>\na. Alimentos entre c\u00f3nyuges<br \/>\nb. Alimentos a los descendientes<br \/>\nc. Alimentos a los ascendientes<br \/>\nd. Alimentos a los hermanos<br \/>\ne. Entre los titulares del contrato de donaci\u00f3n<br \/>\nE) Inicio, duraci\u00f3n y extinci\u00f3n de los alimentos<br \/>\na. Inicio<br \/>\ni. Tasaci\u00f3n de los alimentos provisorios a prop\u00f3sito de la \u201cprimera demanda\u201d<br \/>\nb. Duraci\u00f3n<br \/>\nc. Extinci\u00f3n<br \/>\ni. Muerte del alimentario<br \/>\nii. Edad y estudios del alimentario<br \/>\niii. Injuria atroz<br \/>\niv. Dolo<br \/>\nv. Sentencia en juicio de fliaci\u00f3n<br \/>\nF) La prescripci\u00f3n<br \/>\na. Problem\u00e1tica<br \/>\nb. Intenci\u00f3n del legislador<br \/>\nc. Suspensi\u00f3n de la prescripci\u00f3n<br \/>\nd. Interrupci\u00f3n<br \/>\ne. Inconvenientes procesales con la excepci\u00f3n de prescripci\u00f3n<br \/>\nG) Alimentos pagados despu\u00e9s de caducado el derecho<br \/>\nH) Determinaci\u00f3n del quantum de la pensi\u00f3n<br \/>\n3.4. Aspectos procesales del derecho de alimentos<br \/>\n3.5. La determinaci\u00f3n del derecho: los alimentos devengados<br \/>\n3.6. Los acuerdos sobre alimentos<br \/>\nA) Mediaci\u00f3n<br \/>\nB) El avenimiento y la conciliaci\u00f3n<br \/>\nC) Transacci\u00f3n<br \/>\nD) Efectos comunes<br \/>\n3.7. El juicio de alimentos<br \/>\nA) Supletoriedad<br \/>\nB) Competencia relativa<br \/>\nC) Competencia absoluta<br \/>\nD) Patrocinio<br \/>\nE) Representaci\u00f3n judicial<br \/>\nF) Legitimaci\u00f3n<br \/>\nG) Estructura y fases de su tramitaci\u00f3n<br \/>\nH) Alimentos provisorios<br \/>\nI) Facultad de acceder provisionalmente a lo pedido en la demanda<br \/>\n3.8. Ejecuci\u00f3n forzosa de los alimentos<br \/>\nA) Caracter\u00edsticas generales del procedimiento de ejecuci\u00f3n<br \/>\nB) M\u00e9todos de cumplimiento y estructura del procedimiento ejecutivo<br \/>\nC) M\u00e9todos coactivos de cumplimiento<br \/>\na. M\u00e9todo directo: el arresto<br \/>\ni. Clasifcaci\u00f3n<br \/>\nii. Procedimiento de apremio<br \/>\niii. Tramitaci\u00f3n de los arrestos<br \/>\nb. M\u00e9todo indirecto: excepci\u00f3n de no pago de los alimentos<br \/>\n3.9. M\u00e9todo patrimonial: el juicio ejecutivo de alimentos<br \/>\n3.10. M\u00e9todo subsidiario: la demanda en contra de los abuelos<br \/>\n3.11. Medidas accesorias<br \/>\nA) Suspensi\u00f3n de licencia de conducir<br \/>\nB) Autorizaci\u00f3n de salida del pa\u00eds de los hijos sin permiso del deudor<br \/>\nC) Medidas relacionadas al r\u00e9gimen de sociedad conyugal<br \/>\n3.12. Tutela cautelar en el procedimiento de determinaci\u00f3n y cobro de los alimentos<br \/>\nA) Medidas precautorias<br \/>\nB) Arraigo<br \/>\nC) Hipoteca o prenda<br \/>\nD) Garant\u00edas de la devoluci\u00f3n de impuestos<br \/>\nE) Retenci\u00f3n de las remuneraciones<br \/>\n3.13. Tutela de la buena fe en el juicio de alimentos<br \/>\nA) Transparencia patrimonial del deudor<br \/>\nB) Declaraci\u00f3n de patrimonio<br \/>\nC) Acci\u00f3n pauliana de alimentos<br \/>\n3.14. Protecci\u00f3n de la buena fe procesal en la tramitaci\u00f3n del procedimiento<br \/>\nA) Multa por incidentes dilatorios<br \/>\nB) Fair play en la ejecuci\u00f3n<br \/>\nC) Mala fe del empleador del alimentante<br \/>\nD) Mala fe de terceros<br \/>\nE) Mala fe del deudor<br \/>\n3.15. Franquicias que la ley otorga a los alimentantes en los procedimientos seguidos en su contra por el no pago de los alimentos<br \/>\nA) Suspensi\u00f3n de los apremios<br \/>\nB) Recurso de amparo<br \/>\n3.16. Preguntas orientadoras<\/li>\n<\/ol>\n","protected":false},"excerpt":{"rendered":"<p>ENV\u00cdOS A TODO CHILE \/ HAZ TU RESERVA<\/p>\n","protected":false},"featured_media":1766,"comment_status":"open","ping_status":"closed","template":"","meta":{"inline_featured_image":false,"_joinchat":[]},"product_brand":[],"product_cat":[27,26,29],"product_tag":[],"class_list":{"0":"post-1721","1":"product","2":"type-product","3":"status-publish","4":"has-post-thumbnail","6":"product_cat-civil","7":"product_cat-derecho","8":"product_cat-familia-y-del-menor","10":"first","11":"instock","12":"shipping-taxable","13":"purchasable","14":"product-type-simple"},"_links":{"self":[{"href":"https:\/\/bibliotecajuridicavirtual.cl\/index.php\/wp-json\/wp\/v2\/product\/1721","targetHints":{"allow":["GET"]}}],"collection":[{"href":"https:\/\/bibliotecajuridicavirtual.cl\/index.php\/wp-json\/wp\/v2\/product"}],"about":[{"href":"https:\/\/bibliotecajuridicavirtual.cl\/index.php\/wp-json\/wp\/v2\/types\/product"}],"replies":[{"embeddable":true,"href":"https:\/\/bibliotecajuridicavirtual.cl\/index.php\/wp-json\/wp\/v2\/comments?post=1721"}],"wp:featuredmedia":[{"embeddable":true,"href":"https:\/\/bibliotecajuridicavirtual.cl\/index.php\/wp-json\/wp\/v2\/media\/1766"}],"wp:attachment":[{"href":"https:\/\/bibliotecajuridicavirtual.cl\/index.php\/wp-json\/wp\/v2\/media?parent=1721"}],"wp:term":[{"taxonomy":"product_brand","embeddable":true,"href":"https:\/\/bibliotecajuridicavirtual.cl\/index.php\/wp-json\/wp\/v2\/product_brand?post=1721"},{"taxonomy":"product_cat","embeddable":true,"href":"https:\/\/bibliotecajuridicavirtual.cl\/index.php\/wp-json\/wp\/v2\/product_cat?post=1721"},{"taxonomy":"product_tag","embeddable":true,"href":"https:\/\/bibliotecajuridicavirtual.cl\/index.php\/wp-json\/wp\/v2\/product_tag?post=1721"}],"curies":[{"name":"wp","href":"https:\/\/api.w.org\/{rel}","templated":true}]}}