{"id":1724,"date":"2026-02-28T00:54:14","date_gmt":"2026-02-28T03:54:14","guid":{"rendered":"https:\/\/bibliotecajuridicavirtual.cl\/?post_type=product&#038;p=1724"},"modified":"2026-02-28T00:55:00","modified_gmt":"2026-02-28T03:55:00","slug":"la-jornada-de-trabajo-de-40-horas-analisis-de-la-ley-n21-561-ruben-gajardo-morales-318-pag-julio-2024","status":"publish","type":"product","link":"https:\/\/bibliotecajuridicavirtual.cl\/index.php\/product\/la-jornada-de-trabajo-de-40-horas-analisis-de-la-ley-n21-561-ruben-gajardo-morales-318-pag-julio-2024\/","title":{"rendered":"La Jornada de Trabajo de 40 Horas &#8211; An\u00e1lisis de la Ley N\u00b021.561- Rub\u00e9n Gajardo Morales, 318 P\u00e1g. \/Julio 2024"},"content":{"rendered":"<p style=\"font-weight: 400;\">La Ley N\u00b0 21.561 que \u201cmodifica el C\u00f3digo del Trabajo con el objeto de reducir la jornada laboral\u201d, introduce importantes reformas a la regulaci\u00f3n legal sobre la materia, y que por lo tanto amerita un an\u00e1lisis pormenorizado de sus disposiciones. Al igual que su predecesora, la Ley No 19.751 de 2001 que rebaj\u00f3 la jornada ordinaria de trabajo de 48 a 45 horas semanales, su tramitaci\u00f3n no estuvo exenta de pol\u00e9mica, con argumentos y posiciones encontradas. Al igual que en aquella oportunidad, parte importante del empresariado se mostr\u00f3 reacio a la reforma argumentando razones econ\u00f3micas, de impacto en la productividad y en el da\u00f1o a las peque\u00f1as empresas, pero afortunadamente, como en aquella ocasi\u00f3n, primaron los argumentos relativos al derecho del trabajador a un mayor tiempo de descanso que le permita alcanzar su realizaci\u00f3n espiritual y material, mediante la conciliaci\u00f3n del trabajo con su vida personal y material.<\/p>\n<p style=\"font-weight: 400;\">Pero esta nueva legislaci\u00f3n no se limita a establecer la rebaja de la jornada de trabajo, sino que incursiona en otras materias vinculadas al tiempo de trabajo, como, por ejemplo, los mecanismos de registro y control de las horas de trabajo, la adopci\u00f3n de nuevos permisos para la conciliaci\u00f3n del trabajo con la vida personal y familiar, la limitaci\u00f3n de las hip\u00f3tesis de trabajadores sin jornada de trabajo, medidas de fomento a las micro, peque\u00f1as y medianas empresas, etc.<\/p>\n<p style=\"font-weight: 400;\">De esta manera, la presente obra se enfoca en el estudio de estas modificaciones, contextualiz\u00e1ndolas, compar\u00e1ndolas con la normativa anterior y analizando detalladamente sus innovaciones, destacando sus ventajas, pero tambi\u00e9n observando los que, en nuestro concepto, constituyen sus principales debilidades.<\/p>\n<p style=\"font-weight: 400;\"><b><strong>CAP\u00cdTULO I<\/strong><\/b><br \/>\n<b><strong>LA JORNADA DE TRABAJO<\/strong><\/b><\/p>\n<ol>\n<li style=\"font-weight: 400;\">Concepto<br \/>\n2. Importancia hist\u00f3rica<br \/>\n3. Evoluci\u00f3n hist\u00f3rica<br \/>\n4. Experiencia anterior reducci\u00f3n de 48 a 45 horas en Chile<\/li>\n<\/ol>\n<p style=\"font-weight: 400;\"><b><strong>CAP\u00cdTULO II<\/strong><\/b><br \/>\n<b><strong>LA JORNADA DE TRABAJO EN LA LEGISLACI\u00d3N NACIONAL ANTERIOR A LA LEY NO 21.561<\/strong><\/b><\/p>\n<ol>\n<li style=\"font-weight: 400;\">Jornada ordinaria<br \/>\n\u2013 Concepto legal<br \/>\n\u2013 Duraci\u00f3n y distribuci\u00f3n de la jornada ordinaria<\/li>\n<li style=\"font-weight: 400;\">Jornada extraordinaria<\/li>\n<li style=\"font-weight: 400;\">Exclusiones de jornada<\/li>\n<li style=\"font-weight: 400;\">Jornadas excepcionales<\/li>\n<li style=\"font-weight: 400;\">Exclusiones descanso semanal<\/li>\n<li style=\"font-weight: 400;\">Jornada parcial<\/li>\n<li style=\"font-weight: 400;\">Jornadas especiales<br \/>\n\u2013 Trabajadores de hoteles, restaurantes o clubes<br \/>\n\u2013 Trabajador agr\u00edcola<br \/>\n\u2013 Choferes y auxiliares de la locomoci\u00f3n colectiva interurbana y de servicios interurbanos de transporte de pasajeros<br \/>\n\u2013 Choferes de veh\u00edculos de carga terrestre interurbana<br \/>\n\u2013 Tripulaci\u00f3n de ferrocarriles<br \/>\n\u2013 Chofer o auxiliar de servicios de transporte rural colectivo de pasajeros<br \/>\n\u2013 Choferes de servicios de transporte urbano colectivo de pasajeros<br \/>\n\u2013 Trabajador embarcado o gente de mar<br \/>\n\u2013 Trabajador casa particular<br \/>\n\u2013 Tripulantes de vuelo y cabina<br \/>\n\u2013 Trabajo a distancia y teletrabajo<br \/>\n\u2013 Teleoperadores<br \/>\n\u2013 Deportistas profesionales<br \/>\n\u2013 Trabajadores de plataformas digitales independientes<br \/>\n\u2013 Jornada bisemanal<\/li>\n<li style=\"font-weight: 400;\">Extensi\u00f3n de jornada por motivos excepcionales<br \/>\n\u2013 Dependientes de comercio<br \/>\n\u2013 Situaciones de emergencia<\/li>\n<\/ol>\n<p style=\"font-weight: 400;\"><b><strong>CAP\u00cdTULO III<\/strong><\/b><br \/>\n<b><strong>LA JORNADA DE TRABAJO DE 40 HORAS SEMANALES<\/strong><\/b><\/p>\n<ol>\n<li style=\"font-weight: 400;\">Historia de la Ley No 21.461 que modifica el C\u00f3digo del Trabajo con el objeto de reducir la jornada laboral<br \/>\n2. Alcance y contenido de la reforma: Jornada de trabajo y otras materias<\/li>\n<\/ol>\n<p style=\"font-weight: 400;\"><b><strong>CAP\u00cdTULO IV<\/strong><\/b><br \/>\n<b><strong>LEY NO 21.561: CONSIDERACIONES GENERALES<\/strong><\/b><\/p>\n<ol>\n<li style=\"font-weight: 400;\">Entrada en vigencia diferida<br \/>\nA. Un a\u00f1o desde la publicaci\u00f3n de la Ley<br \/>\nB. Vigencia diferida de 1 a 5 a\u00f1os<\/li>\n<li style=\"font-weight: 400;\">Sin menoscabo para el trabajador3. Incorporaci\u00f3n a los contratos individuales y colectivos por el solo ministerio de la ley4. Aplicaci\u00f3n anticipada voluntaria<\/li>\n<li style=\"font-weight: 400;\">Importancia de la manifestaci\u00f3n de voluntad del trabajador<\/li>\n<li style=\"font-weight: 400;\">Situaci\u00f3n de las horas extraordinarias de trabajo<\/li>\n<li style=\"font-weight: 400;\">Incorporaci\u00f3n de otras materias distintas a la jornada de trabajo<\/li>\n<\/ol>\n<p style=\"font-weight: 400;\"><b><strong>CAP\u00cdTULO V<\/strong><\/b><br \/>\n<b><strong>MODIFICACIONES RELATIVAS A LA JORNADA DE TRABAJO<\/strong><\/b><\/p>\n<ol>\n<li style=\"font-weight: 400;\">Jornada ordinaria<br \/>\nA. Forma de distribuci\u00f3n de la jornada<br \/>\nB. Forma de establecer la distribuci\u00f3n de la jornada de trabajo: Calendario diario y semanal<br \/>\nC. El acuerdo del trabajador<br \/>\nD. El acuerdo de la organizaci\u00f3n sindical<br \/>\nE. Forma de alcanzar el acuerdo<br \/>\nF. La necesidad de modificar los contratos de trabajo<br \/>\nG. Procedencia de las horas extraordinarias de trabajo<br \/>\nH. Situaci\u00f3n del tiempo destinado a colaci\u00f3n<br \/>\nI. Situaci\u00f3n de los trabajadores que dejan de prestar servicios<br \/>\nJ. Vigencia diferida<br \/>\nK. La falta de acuerdo: Las distintas interpretaciones<\/li>\n<li style=\"font-weight: 400;\">Jornada extraordinaria<\/li>\n<li style=\"font-weight: 400;\">Jornada Parcial<\/li>\n<li style=\"font-weight: 400;\">Excepciones al descanso dominical<\/li>\n<li style=\"font-weight: 400;\">Jornadas especiales<\/li>\n<\/ol>\n<p style=\"font-weight: 400;\"><b><strong>CAP\u00cdTULO VI<\/strong><\/b><br \/>\n<b><strong>OTRAS MODIFICACIONES A LA LEGISLACI\u00d3N LABORAL<\/strong><\/b><\/p>\n<ol>\n<li style=\"font-weight: 400;\">Eliminaci\u00f3n del art\u00edculo 375 del C\u00f3digo del Trabajo<\/li>\n<li style=\"font-weight: 400;\">Registro y control de Asistencia<br \/>\nA. Respecto a esta modificaci\u00f3n, la Direcci\u00f3n del Trabajo ha se\u00f1alado que la misma presenta las siguientes caracter\u00edsticas<br \/>\nB. Sistemas electr\u00f3nicos de registro y control de asistencia<br \/>\n\u2013 Situaci\u00f3n de las autorizaciones otorgadas con anterioridad a la Ley No 215.561<br \/>\n\u2013 Sistemas de registro y control de asistencia en soporte papel<\/li>\n<li style=\"font-weight: 400;\">Modificaci\u00f3n al inciso segundo del art\u00edculo 22 del C\u00f3digo del Trabajo: Limitaci\u00f3n a las exclusiones de jornada de trabajo<br \/>\n\u2013 Mecanismo de resoluci\u00f3n de controversias<br \/>\nVigencia<\/li>\n<li style=\"font-weight: 400;\">Eliminaci\u00f3n del inciso 4o del art\u00edculo 22 del C\u00f3digo del Trabajo<\/li>\n<li style=\"font-weight: 400;\">La compensaci\u00f3n de horas extraordinarias de trabajo con d\u00edas adicionales de descanso<br \/>\nProcedimiento<br \/>\nForma de compensaci\u00f3n<br \/>\nL\u00edmite<br \/>\nPlazo de otorgamiento<\/li>\n<li style=\"font-weight: 400;\">Bandas horarias para padres y madres trabajadores<br \/>\nProcedimiento<br \/>\nMecanismo de resoluci\u00f3n de controversias<\/li>\n<li style=\"font-weight: 400;\">Nuevo l\u00edmite semanal de Jornada: 4 d\u00edas de trabajo y 3 d\u00edas de descanso<\/li>\n<li style=\"font-weight: 400;\">Las jornadas excepcionales de trabajo y descanso<br \/>\nA. Configuraci\u00f3n normativa<br \/>\nB. Plazo para emitir la resoluci\u00f3n<br \/>\nC. Cambio de paradigma: del deber de fiscalizarlas \u201ccondiciones de higiene y seguridad en el trabajo a velar por el cumplimiento de las disposiciones sobre salud y seguridad en el trabajo\u201d<br \/>\nD. Reducci\u00f3n de la jornada de trabajo<br \/>\nE. L\u00edmites y par\u00e1metros de distribuci\u00f3n<br \/>\nEl procedimiento<br \/>\nDe la autorizaci\u00f3n<br \/>\nF. Entrada en vigencia<br \/>\nG. Situaci\u00f3n de las resoluciones ya aprobadas con anterioridad a la ley<br \/>\nH. Cumplimiento de la gradualidad establecida en la ley<\/li>\n<\/ol>\n<p style=\"font-weight: 400;\"><b><strong>CAP\u00cdTULO VII<\/strong><\/b><br \/>\n<b><strong>MODIFICACI\u00d3N A OTROS CUERPOS LEGALES<\/strong><\/b><\/p>\n<ol>\n<li style=\"font-weight: 400;\">Ley No 21.327, sobre modernizaci\u00f3n de la Direcci\u00f3n del Trabajo<br \/>\n2. Ley No 19.518, que fija nuevo Estatuto de Capacitaci\u00f3n y Empleo<\/li>\n<\/ol>\n<p style=\"font-weight: 400;\"><b><strong>CAP\u00cdTULO VIII<\/strong><\/b><br \/>\n<b><strong>CUADRO COMPARATIVO ENTRE EL TEXTO DEL C\u00d3DIGO DEL TRABAJO Y DEM\u00c1S NORMAS PERTINENTES EN SUS VERSIONES ANTERIOR Y POSTERIOR A LAS MODIFICACIONES INTRODUCIDAS POR LA LEY No 21.561<\/strong><\/b><\/p>\n<p style=\"font-weight: 400;\"><b><strong>CAP\u00cdTULO IX<\/strong><\/b><br \/>\n<b><strong>FISCALIZACI\u00d3N Y SANCIONES<\/strong><\/b><\/p>\n<ol>\n<li style=\"font-weight: 400;\">Incorporaci\u00f3n al tipificador infraccional de la Direcci\u00f3n del Trabajo<\/li>\n<li style=\"font-weight: 400;\">Monto de las multas<br \/>\nA. Definici\u00f3n de los criterios para determinar la gravedad de una infracci\u00f3n<br \/>\nB. Determinaci\u00f3n de los valores de cada criterio<br \/>\nC. Determinaci\u00f3n del valor total de los criterios<\/li>\n<li style=\"font-weight: 400;\">Programas de cumplimiento asistido<br \/>\nA. Procedimiento de fiscalizaci\u00f3n<br \/>\na) Procedimiento general dirigido a medianas y grandes empresas<br \/>\nb) Procedimiento especial en caso de denuncias o programas dirigido a micro y peque\u00f1os empresarios<\/li>\n<\/ol>\n<p style=\"font-weight: 400;\"><b><strong>ANEXOS<\/strong><\/b><\/p>\n<p><b><strong>DICTAMEN N\u00b0 81\/02<\/strong><\/b><\/p>\n<p style=\"font-weight: 400;\"><b><strong>DECRETO No 38 (Ministerio del Trabajo y Previsi\u00f3n Social) Establece requisitos obligatorios y procedimiento de autorizaci\u00f3n para los sistemas electr\u00f3nicos de registro y control de la asistencia y determinaci\u00f3n de las horas de trabajo<\/strong><\/b><\/p>\n<p style=\"font-weight: 400;\">T\u00edtulo I. MARCO NORMATIVO<br \/>\nT\u00edtulo II. CONSIDERACIONES GENERALES<br \/>\nT\u00edtulo III. CONSIDERACIONES T\u00c9CNICAS<br \/>\nT\u00edtulo IV. CONSIDERACIONES JUR\u00cdDICAS<br \/>\nT\u00edtulo V. CERTIFICACI\u00d3N Y AUTORIZACI\u00d3N DE USO DECRETO No 48 (Ministerio del Trabajo y Previsi\u00f3n Social; Subsecretar\u00eda del Trabajo). Aprueba reglamento que determina los l\u00edmites y par\u00e1metros de distribuci\u00f3n de los sistemas excepcionales de jornadas de trabajo y descanso, conforme con lo establecido por el art\u00edculo 38 del C\u00f3digo del Trabajo<br \/>\nT\u00edtulo I. DISPOSICIONES GENERALES<br \/>\nT\u00edtulo II. CASOS CALIFICADOS EN LOS SISTEMAS EXCEPCIONALES DE JORNADA DE TRABAJO Y DESCANSOS<br \/>\nT\u00edtulo III. DE LOS L\u00cdMITES Y PAR\u00c1METROS GENERALES A TODAS LAS FAENAS<br \/>\nT\u00edtulo IV. DE LOS CRITERIOS ESPECIALES PARA FAENAS SEG\u00daN SE UBIQUEN DENTRO O FUERA DE UN CENTRO URBANO<br \/>\nP\u00e1rrafo primero. Criterios y requisitos espec\u00edficos para faenas ubicadas fuera de centros urbanos<br \/>\nP\u00e1rrafo segundo. Criterios y requisitos espec\u00edficos para faenas ubicadas dentro de centros urbanos<br \/>\nT\u00edtulo V. DEL ACUERDO DE LAS PERSONAS TRABAJADORAS INVOLUCRADAS<br \/>\nT\u00edtulo VI. DE LA FISCALIZACI\u00d3N DE LAS CONDICIONES DE SEGURIDAD Y SALUD EN EL TRABAJO COMPATIBLES<br \/>\nT\u00edtulo VII. SISTEMAS EXCEPCIONALES MARCO DE DISTRIBUCI\u00d3N DE JORNADAS Y DESCANSOS<br \/>\nT\u00edtulo VIII. PROCEDIMIENTOS DE AUTORIZACI\u00d3N DE SISTEMAS EXCEPCIONALES DE DISTRIBUCI\u00d3N DE JORNADAS Y DESCANSOS<br \/>\nP\u00e1rrafo primero. De la autorizaci\u00f3n<br \/>\nP\u00e1rrafo segundo. De la renovaci\u00f3n<br \/>\nP\u00e1rrafo tercero. De las disposiciones finales<\/p>\n","protected":false},"excerpt":{"rendered":"<p>ENVIOS A TODO CHILE \/ STARKEN &#8211; CORROS<\/p>\n","protected":false},"featured_media":1769,"comment_status":"open","ping_status":"closed","template":"","meta":{"inline_featured_image":false,"_joinchat":[]},"product_brand":[],"product_cat":[26,41],"product_tag":[],"class_list":{"0":"post-1724","1":"product","2":"type-product","3":"status-publish","4":"has-post-thumbnail","6":"product_cat-derecho","7":"product_cat-laboral","9":"first","10":"instock","11":"shipping-taxable","12":"purchasable","13":"product-type-simple"},"_links":{"self":[{"href":"https:\/\/bibliotecajuridicavirtual.cl\/index.php\/wp-json\/wp\/v2\/product\/1724","targetHints":{"allow":["GET"]}}],"collection":[{"href":"https:\/\/bibliotecajuridicavirtual.cl\/index.php\/wp-json\/wp\/v2\/product"}],"about":[{"href":"https:\/\/bibliotecajuridicavirtual.cl\/index.php\/wp-json\/wp\/v2\/types\/product"}],"replies":[{"embeddable":true,"href":"https:\/\/bibliotecajuridicavirtual.cl\/index.php\/wp-json\/wp\/v2\/comments?post=1724"}],"wp:featuredmedia":[{"embeddable":true,"href":"https:\/\/bibliotecajuridicavirtual.cl\/index.php\/wp-json\/wp\/v2\/media\/1769"}],"wp:attachment":[{"href":"https:\/\/bibliotecajuridicavirtual.cl\/index.php\/wp-json\/wp\/v2\/media?parent=1724"}],"wp:term":[{"taxonomy":"product_brand","embeddable":true,"href":"https:\/\/bibliotecajuridicavirtual.cl\/index.php\/wp-json\/wp\/v2\/product_brand?post=1724"},{"taxonomy":"product_cat","embeddable":true,"href":"https:\/\/bibliotecajuridicavirtual.cl\/index.php\/wp-json\/wp\/v2\/product_cat?post=1724"},{"taxonomy":"product_tag","embeddable":true,"href":"https:\/\/bibliotecajuridicavirtual.cl\/index.php\/wp-json\/wp\/v2\/product_tag?post=1724"}],"curies":[{"name":"wp","href":"https:\/\/api.w.org\/{rel}","templated":true}]}}