{"id":1725,"date":"2026-02-28T00:54:14","date_gmt":"2026-02-28T03:54:14","guid":{"rendered":"https:\/\/bibliotecajuridicavirtual.cl\/?post_type=product&#038;p=1725"},"modified":"2026-02-28T00:55:06","modified_gmt":"2026-02-28T03:55:06","slug":"tratado-de-derecho-procesal-de-familia-cristian-lepin-molina-cristian-maturana-miquel-814-paginas-ano-agosto-2024","status":"publish","type":"product","link":"https:\/\/bibliotecajuridicavirtual.cl\/index.php\/product\/tratado-de-derecho-procesal-de-familia-cristian-lepin-molina-cristian-maturana-miquel-814-paginas-ano-agosto-2024\/","title":{"rendered":"Tratado de Derecho Procesal de Familia &#8211; Cristi\u00e1n Lepin Molina &#8211; Cristi\u00e1n Maturana Miquel \/814 P\u00e1ginas a\u00f1o Agosto 2024"},"content":{"rendered":"<p>El Tratado de Derecho Procesal de Familia es el fruto del esfuerzo conjunto de reconocidos acad\u00e9micos, especialistas en el \u00e1rea y con gran experiencia profesional y conocimiento del sistema procesal de familia, que, desde distintos \u00e1mbitos del ejercicio profesional, otorgan a los operadores jur\u00eddicos una mirada amplia y renovada de la doctrina procesal Familiar. Para ello, los destacados autores desarrollan cada una de las tem\u00e1ticas y, en su calidad de expertos analizan de forma completa y rigurosa los distintos t\u00f3picos y complejidades de los procedimientos de competencia de la judicatura especializada de familia. El Tratado se compone de tres partes: la primera aborda los aspectos generales de los tribunales de familia; la segunda parte trata sobre el procedimiento ordinario y los procedimientos especiales; y, la tercera parte, se aboca al an\u00e1lisis de los recursos en materia de familia y la etapa de ejecuci\u00f3n de las pensiones de alimentos y la compensaci\u00f3n econ\u00f3mica.<\/p>\n<p>\u00cdndice<br \/>\nPresentaci\u00f3n\u00a0\u00a0 \u00a0\u00a0\u00a0 \u00a013<br \/>\nParte I<br \/>\nTRIBUNALES DE FAMILIA:<br \/>\nASPECTOS GENERALES<br \/>\nTribunales de familia: estructura, organizaci\u00f3n y competencia\u00a0\u00a0 \u00a0\u00a0\u00a0 \u00a017<br \/>\nCristian Maturana Miquel<br \/>\nPrincipios del proceso\u00a0\u00a0 \u00a0\u00a0\u00a0 \u00a043<br \/>\nRen\u00e9 N\u00fa\u00f1ez \u00c1vila<br \/>\nEl derecho del ni\u00f1o a ser o\u00eddo\u00a0\u00a0 \u00a0\u00a0\u00a0 \u00a071<br \/>\nFrancesco Carretta Mu\u00f1oz<br \/>\nInter\u00e9s superior del ni\u00f1o como garant\u00eda procesal\u00a0\u00a0 \u00a0\u00a0\u00a0 \u00a0105<br \/>\nCristi\u00e1n Lepin Molina<br \/>\nEnfoque de g\u00e9nero en las resoluciones judiciales\u00a0\u00a0 \u00a0\u00a0\u00a0 \u00a0127<br \/>\nJessica Arenas Paredes<br \/>\nCurador ad litem y representaci\u00f3n judicial de ni\u00f1os, ni\u00f1as y adolescentes\u00a0\u00a0 \u00a0\u00a0\u00a0 \u00a0161<br \/>\nRicardo P\u00e9rez de Arce Molina<br \/>\nPotestades del Juez de Familia: medidas cautelares\u00a0\u00a0 \u00a0\u00a0\u00a0 \u00a0183<br \/>\nNel Greeven Bobadilla<br \/>\nResoluci\u00f3n alternativa de conflictos: mediaci\u00f3n familiar\u00a0\u00a0 \u00a0\u00a0\u00a0 \u00a0223<br \/>\nIsaac Ravetllat Ballest\u00e9<br \/>\nCarmen Brevis Torres<\/p>\n<p>Parte II<br \/>\nPROCEDIMIENTO ORDINARIO Y ESPECIALES<br \/>\nProcedimiento ordinario\u00a0\u00a0 \u00a0\u00a0\u00a0 \u00a0243<br \/>\nRicardo P\u00e9rez de Arce Molina<br \/>\nReglas generales, nulidad e incidentes\u00a0\u00a0 \u00a0\u00a0\u00a0 \u00a0273<br \/>\nFelipe Pulgar Bravo<br \/>\nLa prueba en los procedimientos de familia\u00a0\u00a0 \u00a0\u00a0\u00a0 \u00a0301<br \/>\nJorge Larroucau Torres<br \/>\nPeritajes psicol\u00f3gicos en los procedimientos de familia\u00a0\u00a0 \u00a0\u00a0\u00a0 \u00a0337<br \/>\nMar\u00eda Isabel Salinas Chaud<br \/>\nAspectos procesales del divorcio\u00a0\u00a0 \u00a0\u00a0\u00a0 \u00a0359<br \/>\nCristi\u00e1n Lepin Molina<br \/>\nAspectos procesales de la compensaci\u00f3n econ\u00f3mica\u00a0\u00a0 \u00a0\u00a0\u00a0 \u00a0389<br \/>\nCristi\u00e1n Lepin Molina<br \/>\nProcedimiento sobre violencia intrafamiliar\u00a0\u00a0 \u00a0\u00a0\u00a0 \u00a0413<br \/>\nGabriel Mu\u00f1oz Bonacic<br \/>\nProcedimiento sobre medidas de protecci\u00f3n de ni\u00f1os, ni\u00f1as y adolescentes\u00a0\u00a0 \u00a0\u00a0\u00a0 \u00a0449<br \/>\nBel\u00e9n Lama G\u00e1lvez<br \/>\nProcedimiento contravencional\u00a0\u00a0 \u00a0\u00a0\u00a0 \u00a0477<br \/>\nGabriel Mu\u00f1oz Bonacic<br \/>\nProcedimiento declarativo de alimentos\u00a0\u00a0 \u00a0\u00a0\u00a0 \u00a0511<br \/>\nCarlos S\u00e1nchez Grez<br \/>\nProcedimiento sobre adopci\u00f3n\u00a0\u00a0 \u00a0\u00a0\u00a0 \u00a0535<br \/>\nGabriel Mu\u00f1oz Bonacic<br \/>\nProcedimiento sobre autorizaci\u00f3n para salida del pa\u00eds de ni\u00f1os, ni\u00f1as y adolescentes\u00a0\u00a0 \u00a0\u00a0\u00a0 \u00a0571<br \/>\nGabriel Mu\u00f1oz Bonacic<br \/>\nProcedimiento sobre sustracci\u00f3n internacional de menores\u00a0\u00a0 \u00a0\u00a0\u00a0 \u00a0591<br \/>\nJuan Francisco Zarricueta Baeza<br \/>\nProcedimiento sobre cambio de sexo y nombre registral\u00a0\u00a0 \u00a0\u00a0\u00a0 \u00a0601<br \/>\nPablo Cornejo Aguilera<br \/>\nAspectos procesales de la declaraci\u00f3n de bien familiar\u00a0\u00a0 \u00a0\u00a0\u00a0 \u00a0615<br \/>\nGabriel Silva Ruz<br \/>\nProblemas en la noci\u00f3n de acciones de filiaci\u00f3n\u00a0\u00a0 \u00a0\u00a0\u00a0 \u00a0627<br \/>\nEduardo Gandulfo Ram\u00edrez<br \/>\nParte III<br \/>\nRECURSOS Y ETAPA DE EJECUCI\u00d3N<br \/>\nCoherencia del sistema recursivo de familia con un r\u00e9gimen general de impugnaci\u00f3n\u00a0\u00a0 \u00a0\u00a0\u00a0 \u00a0681<br \/>\nCristian Maturana Miquel<br \/>\nLa sana cr\u00edtica y su control a trav\u00e9s de los recursos en materia de familia\u00a0\u00a0 \u00a0\u00a0\u00a0 \u00a0703<br \/>\nJavier Maturana Baeza<br \/>\nCumplimiento de la pensi\u00f3n de alimentos\u00a0\u00a0 \u00a0\u00a0\u00a0 \u00a0735<br \/>\nPablo Cornejo Aguilera<br \/>\nJessica Sandoval Barra<br \/>\nCumplimiento de la compensaci\u00f3n econ\u00f3mica\u00a0\u00a0 \u00a0\u00a0\u00a0 \u00a0785<br \/>\nChristian Varela Barra<\/p>\n","protected":false},"excerpt":{"rendered":"<p>NOVEDAD JUR\u00cdDICA &#8211; ENV\u00cdOS A TODO CHILE STARKEN &#8211; CORREOS<\/p>\n","protected":false},"featured_media":1778,"comment_status":"open","ping_status":"closed","template":"","meta":{"inline_featured_image":false,"_joinchat":[]},"product_brand":[],"product_cat":[26,29],"product_tag":[],"class_list":{"0":"post-1725","1":"product","2":"type-product","3":"status-publish","4":"has-post-thumbnail","6":"product_cat-derecho","7":"product_cat-familia-y-del-menor","9":"first","10":"instock","11":"shipping-taxable","12":"purchasable","13":"product-type-simple"},"_links":{"self":[{"href":"https:\/\/bibliotecajuridicavirtual.cl\/index.php\/wp-json\/wp\/v2\/product\/1725","targetHints":{"allow":["GET"]}}],"collection":[{"href":"https:\/\/bibliotecajuridicavirtual.cl\/index.php\/wp-json\/wp\/v2\/product"}],"about":[{"href":"https:\/\/bibliotecajuridicavirtual.cl\/index.php\/wp-json\/wp\/v2\/types\/product"}],"replies":[{"embeddable":true,"href":"https:\/\/bibliotecajuridicavirtual.cl\/index.php\/wp-json\/wp\/v2\/comments?post=1725"}],"wp:featuredmedia":[{"embeddable":true,"href":"https:\/\/bibliotecajuridicavirtual.cl\/index.php\/wp-json\/wp\/v2\/media\/1778"}],"wp:attachment":[{"href":"https:\/\/bibliotecajuridicavirtual.cl\/index.php\/wp-json\/wp\/v2\/media?parent=1725"}],"wp:term":[{"taxonomy":"product_brand","embeddable":true,"href":"https:\/\/bibliotecajuridicavirtual.cl\/index.php\/wp-json\/wp\/v2\/product_brand?post=1725"},{"taxonomy":"product_cat","embeddable":true,"href":"https:\/\/bibliotecajuridicavirtual.cl\/index.php\/wp-json\/wp\/v2\/product_cat?post=1725"},{"taxonomy":"product_tag","embeddable":true,"href":"https:\/\/bibliotecajuridicavirtual.cl\/index.php\/wp-json\/wp\/v2\/product_tag?post=1725"}],"curies":[{"name":"wp","href":"https:\/\/api.w.org\/{rel}","templated":true}]}}