{"id":1729,"date":"2026-02-28T00:54:14","date_gmt":"2026-02-28T03:54:14","guid":{"rendered":"https:\/\/bibliotecajuridicavirtual.cl\/?post_type=product&#038;p=1729"},"modified":"2026-02-28T00:55:13","modified_gmt":"2026-02-28T03:55:13","slug":"procedimientos-especiales-y-actos-judiciales-no-contenciosos-explicaciones-y-formularios-8va-edicion-actualizada-ano-agosto-2024","status":"publish","type":"product","link":"https:\/\/bibliotecajuridicavirtual.cl\/index.php\/product\/procedimientos-especiales-y-actos-judiciales-no-contenciosos-explicaciones-y-formularios-8va-edicion-actualizada-ano-agosto-2024\/","title":{"rendered":"Procedimientos Especiales y Actos Judiciales No Contenciosos\/Explicaciones y Formularios &#8211; 8va. edici\u00f3n actualizada a\u00f1o Agosto 2024"},"content":{"rendered":"<p style=\"font-weight: 400;\">Descripci\u00f3n<\/p>\n<p style=\"font-weight: 400;\">INCLUYE MODIFICACION LEYES: 21.394 &#8211; 21.461<\/p>\n<p style=\"font-weight: 400;\">\u201cProcedimientos Especiales y Actos Judiciales No Contenciosos\u201d. Pr\u00e1ctica Forense\u201d, es un texto que incluye en su primera parte las normas procesales en las cuales se tramita dicho juicio, para despu\u00e9s insertar los diferentes formularios de las diferentes demandas y los principales escritos de mera tramitaci\u00f3n.<\/p>\n<p style=\"font-weight: 400;\">En el cap\u00edtulo de los actos judiciales no contenciosos, se incluyen los principales tr\u00e1mites o instituciones regulados en el C\u00f3digo Civil y en algunas leyes complementarias, que son de aplicaci\u00f3n permanente en nuestra judicatura civil.<\/p>\n<p style=\"font-weight: 400;\">Se debe hacer presente que en esta edici\u00f3n se han ampliado con nuevos temas en la parte de los actos judiciales no contenciosos agreg\u00e1ndose, la parte org\u00e1nica y la correspondiente pr\u00e1ctica forense, con el escrito principal de solicitud y de mera tramitaci\u00f3n.<\/p>\n<p style=\"font-weight: 400;\">Lo cual sin duda ayudar\u00e1 a los abogados en la consulta del Juicio y en la elaboraci\u00f3n de la demanda o solicitud, seg\u00fan corresponda, teniendo en consideraci\u00f3n y lo realmente importante todo en un mismo texto. Teni\u00e9ndose presente que el libro est\u00e1 debidamente actualizado, con todas y cada una de las reformas introducidas a los diferentes C\u00f3digos y leyes vigentes hasta antes del cierre de esta edici\u00f3n.<\/p>\n<p style=\"font-weight: 400;\">\n","protected":false},"excerpt":{"rendered":"<p>Descripci\u00f3n INCLUYE MODIFICACION LEYES: 21.394 &#8211; 21.461 \u201cProcedimientos Especiales y Actos Judiciales No Contenciosos\u201d. Pr\u00e1ctica Forense\u201d, es un texto que incluye en su primera parte las normas procesales en las cuales se tramita dicho juicio, para despu\u00e9s insertar los diferentes formularios de las diferentes demandas y los principales escritos de mera tramitaci\u00f3n. En el cap\u00edtulo de los actos judiciales no contenciosos, se incluyen los principales tr\u00e1mites o instituciones regulados en el C\u00f3digo Civil y en algunas leyes complementarias, que son de aplicaci\u00f3n permanente en nuestra judicatura civil. Se debe hacer presente que en esta edici\u00f3n se han ampliado con nuevos temas en la parte de los actos judiciales no contenciosos agreg\u00e1ndose, la parte org\u00e1nica y la correspondiente pr\u00e1ctica forense, con el escrito principal de solicitud y de mera tramitaci\u00f3n. Lo cual sin duda ayudar\u00e1 a los abogados en la consulta del Juicio y en la elaboraci\u00f3n de la demanda o solicitud, seg\u00fan corresponda, teniendo en consideraci\u00f3n y lo realmente importante todo en un mismo texto. Teni\u00e9ndose presente que el libro est\u00e1 debidamente actualizado, con todas y cada una de las reformas introducidas a los diferentes C\u00f3digos y leyes vigentes hasta antes del cierre de esta edici\u00f3n.<\/p>\n","protected":false},"featured_media":1782,"comment_status":"open","ping_status":"closed","template":"","meta":{"inline_featured_image":false,"_joinchat":[]},"product_brand":[],"product_cat":[45,27,26],"product_tag":[],"class_list":{"0":"post-1729","1":"product","2":"type-product","3":"status-publish","4":"has-post-thumbnail","6":"product_cat-administrativo","7":"product_cat-civil","8":"product_cat-derecho","10":"first","11":"instock","12":"shipping-taxable","13":"purchasable","14":"product-type-simple"},"_links":{"self":[{"href":"https:\/\/bibliotecajuridicavirtual.cl\/index.php\/wp-json\/wp\/v2\/product\/1729","targetHints":{"allow":["GET"]}}],"collection":[{"href":"https:\/\/bibliotecajuridicavirtual.cl\/index.php\/wp-json\/wp\/v2\/product"}],"about":[{"href":"https:\/\/bibliotecajuridicavirtual.cl\/index.php\/wp-json\/wp\/v2\/types\/product"}],"replies":[{"embeddable":true,"href":"https:\/\/bibliotecajuridicavirtual.cl\/index.php\/wp-json\/wp\/v2\/comments?post=1729"}],"wp:featuredmedia":[{"embeddable":true,"href":"https:\/\/bibliotecajuridicavirtual.cl\/index.php\/wp-json\/wp\/v2\/media\/1782"}],"wp:attachment":[{"href":"https:\/\/bibliotecajuridicavirtual.cl\/index.php\/wp-json\/wp\/v2\/media?parent=1729"}],"wp:term":[{"taxonomy":"product_brand","embeddable":true,"href":"https:\/\/bibliotecajuridicavirtual.cl\/index.php\/wp-json\/wp\/v2\/product_brand?post=1729"},{"taxonomy":"product_cat","embeddable":true,"href":"https:\/\/bibliotecajuridicavirtual.cl\/index.php\/wp-json\/wp\/v2\/product_cat?post=1729"},{"taxonomy":"product_tag","embeddable":true,"href":"https:\/\/bibliotecajuridicavirtual.cl\/index.php\/wp-json\/wp\/v2\/product_tag?post=1729"}],"curies":[{"name":"wp","href":"https:\/\/api.w.org\/{rel}","templated":true}]}}