{"id":1747,"date":"2026-02-28T00:54:35","date_gmt":"2026-02-28T03:54:35","guid":{"rendered":"https:\/\/bibliotecajuridicavirtual.cl\/?post_type=product&#038;p=1747"},"modified":"2026-02-28T00:55:18","modified_gmt":"2026-02-28T03:55:18","slug":"el-estudio-practico-de-los-titulos-en-nuestra-legislacion-libro-homenaje-autor-lorenzo-de-la-maza-rivadeneira-118-paginas-ano-2024","status":"publish","type":"product","link":"https:\/\/bibliotecajuridicavirtual.cl\/index.php\/product\/el-estudio-practico-de-los-titulos-en-nuestra-legislacion-libro-homenaje-autor-lorenzo-de-la-maza-rivadeneira-118-paginas-ano-2024\/","title":{"rendered":"El Estudio Pr\u00e1ctico de los T\u00edtulos en Nuestra Legislaci\u00f3n \u2013 Libro Homenaje, Autor: Lorenzo De La Maza Rivadeneira &#8211; 118 P\u00e1ginas, a\u00f1o 2024"},"content":{"rendered":"<p>\u00cdNDICE<\/p>\n<p>El estudio pr\u00e1ctico de los t\u00edtulos en el Derecho Civil.. 15<br \/>\n1.- Objeto y materia del estudio \u2026\u2026\u2026\u2026\u2026\u2026\u2026\u2026\u2026.. 15<br \/>\n2.- Porqu\u00e9 es necesario el estudio de t\u00edtulos\u2026\u2026\u2026.. 16<br \/>\na) Ocupaci\u00f3n\u2026\u2026\u2026\u2026\u2026\u2026\u2026\u2026\u2026\u2026\u2026\u2026\u2026\u2026\u2026\u2026\u2026. 16<br \/>\nb) Accesi\u00f3n\u2026\u2026\u2026\u2026\u2026\u2026\u2026\u2026\u2026\u2026\u2026\u2026\u2026\u2026\u2026\u2026\u2026\u2026. 17<br \/>\nc) Prescripci\u00f3n\u2026\u2026\u2026\u2026\u2026\u2026\u2026\u2026\u2026\u2026\u2026\u2026\u2026\u2026\u2026\u2026.. 17<br \/>\nd) Ley \u2026\u2026\u2026\u2026\u2026\u2026\u2026\u2026\u2026\u2026\u2026\u2026\u2026\u2026\u2026\u2026\u2026\u2026\u2026\u2026\u2026 17<br \/>\ne) Tradici\u00f3n \u2026\u2026\u2026\u2026\u2026\u2026\u2026\u2026\u2026\u2026\u2026\u2026\u2026\u2026\u2026\u2026\u2026\u2026 18<br \/>\nf) Sucesi\u00f3n por causa de muerte\u2026\u2026\u2026\u2026\u2026\u2026\u2026.. 18<br \/>\n3.- Lapso de t\u00edtulos que se estudian\u2026\u2026\u2026\u2026\u2026\u2026\u2026.. 19<br \/>\n4.- Resultado del estudio \u2026\u2026\u2026\u2026\u2026\u2026\u2026\u2026\u2026\u2026\u2026\u2026\u2026 19<br \/>\n5.- Formaci\u00f3n de los t\u00edtulos \u2026\u2026\u2026\u2026\u2026\u2026\u2026\u2026\u2026\u2026\u2026.. 21<br \/>\n6.- Antecedentes que estudiaremos generalmente .. 21<br \/>\n1o.- Inscripci\u00f3n de dominio con certificado de<br \/>\nvigencia\u2026\u2026\u2026\u2026\u2026\u2026\u2026\u2026\u2026\u2026\u2026\u2026\u2026\u2026\u2026\u2026\u2026.. 21<br \/>\n2o.- Inscripci\u00f3n de 15 a\u00f1os\u2026\u2026\u2026\u2026\u2026\u2026\u2026\u2026\u2026\u2026. 22<br \/>\n3o.- T\u00edtulos de 15 a\u00f1os \u2026\u2026\u2026\u2026\u2026\u2026\u2026\u2026\u2026\u2026\u2026\u2026. 23<br \/>\n4o.- Certificado de grav\u00e1men y prohibiciones \u2026. 24<br \/>\n5o.- Otros documentos que hay que solicitar<br \/>\npara un estudio de t\u00edtulos \u2026\u2026\u2026\u2026\u2026\u2026\u2026\u2026. 25<br \/>\n6o.- De otros certificados que son necesarios \u2026. 26<\/p>\n<p>1.- Certificado de litigios\u2026\u2026\u2026\u2026\u2026\u2026\u2026\u2026\u2026\u2026\u2026.. 26<br \/>\n2.- Certificado del repertorio\u2026\u2026\u2026\u2026\u2026\u2026\u2026\u2026\u2026.. 26<br \/>\n3.- Certificado de no existir embargo o prohi-<br \/>\nbiciones a la fecha de una transferencia<br \/>\ndeterminada\u2026\u2026\u2026\u2026\u2026\u2026\u2026\u2026\u2026\u2026\u2026\u2026\u2026\u2026\u2026\u2026 26<br \/>\n4.- Planos de propiedad\u2026\u2026\u2026\u2026\u2026\u2026\u2026\u2026\u2026\u2026\u2026\u2026 27<br \/>\n5.- Certificado de contribuciones del semestre<br \/>\ncorrespondiente\u2026\u2026\u2026\u2026\u2026\u2026\u2026\u2026\u2026\u2026\u2026\u2026\u2026\u2026. 27<br \/>\n6.- Certificado de pavimentaci\u00f3n \u2026\u2026\u2026\u2026\u2026\u2026\u2026. 28<br \/>\n7.- Certificado de urbanizaci\u00f3n\u2026\u2026\u2026\u2026\u2026\u2026\u2026\u2026. 28<br \/>\n7o.- De los errores u omisiones en los t\u00edtulos \u2026 30<br \/>\nAdquisiciones del inmueble por tradici\u00f3n\u2026\u2026\u2026\u2026\u2026\u2026 30<br \/>\n1) Compraventa \u2026\u2026\u2026\u2026\u2026\u2026\u2026\u2026\u2026\u2026\u2026\u2026\u2026\u2026\u2026\u2026\u2026 31<br \/>\nDiversas clases de compraventa\u2026\u2026\u2026\u2026\u2026\u2026\u2026\u2026\u2026\u2026.. 31<br \/>\na) Compraventa privada \u2026\u2026\u2026\u2026\u2026\u2026\u2026\u2026\u2026\u2026\u2026\u2026\u2026 32<br \/>\n1) Solemnidad \u2026\u2026\u2026\u2026\u2026\u2026\u2026\u2026\u2026\u2026\u2026\u2026\u2026\u2026\u2026\u2026.. 32<br \/>\n2) Consentimiento \u2026\u2026\u2026\u2026\u2026\u2026\u2026\u2026\u2026\u2026\u2026\u2026\u2026\u2026.. 33<\/p>\n<p>Personas jur\u00eddicas de Derecho P\u00fablico Chi-<br \/>\nlenas \u2026\u2026\u2026\u2026\u2026\u2026\u2026\u2026\u2026\u2026\u2026\u2026\u2026\u2026\u2026\u2026\u2026\u2026\u2026\u2026\u2026 36<\/p>\n<p>Bien Municipal\u2026\u2026\u2026\u2026\u2026\u2026\u2026\u2026\u2026\u2026\u2026\u2026\u2026\u2026\u2026\u2026. 36<\/p>\n<p>Bienes de la Iglesia Cat\u00f3lica y sus organis-<br \/>\nmos \u2026\u2026\u2026\u2026\u2026\u2026\u2026\u2026\u2026\u2026\u2026\u2026\u2026\u2026\u2026\u2026\u2026\u2026\u2026\u2026\u2026.. 37<\/p>\n<p>Sociedades colectivas civiles \u2026\u2026\u2026\u2026\u2026\u2026\u2026\u2026\u2026.. 38<br \/>\nSociedad colectiva mercantil\u2026\u2026\u2026\u2026\u2026\u2026\u2026\u2026\u2026.. 39<br \/>\nSociedad de responsabilidad limitada \u2026\u2026\u2026\u2026\u2026 40<br \/>\nSociedad an\u00f3nima sea civil o comercial \u2026\u2026\u2026.. 40<br \/>\nSociedades en comanditas\u2026\u2026\u2026\u2026\u2026\u2026\u2026\u2026\u2026\u2026.. 42<br \/>\n3) Capacidad\u2026\u2026\u2026\u2026\u2026\u2026\u2026\u2026\u2026\u2026\u2026\u2026\u2026\u2026\u2026\u2026\u2026. 43<br \/>\n1.- Hombre o mujer soltero mayor de edad \u2026\u2026. 43<br \/>\n2.- Hombre o mujer soltero menor de edad \u2026\u2026. 44<br \/>\n3.- Hombre casado menor de edad \u2026\u2026\u2026\u2026\u2026\u2026. 45<br \/>\n4.- Hombre o mujer viudo mayor de edad \u2026\u2026.. 45<\/p>\n<p>5.- Hombre o mujer viudo menor de edad\u2026\u2026\u2026 45<br \/>\n6.- Hombre casado mayor de edad\u2026\u2026\u2026\u2026\u2026\u2026.. 45<br \/>\n7.- Mujer casada mayor de edad\u2026\u2026\u2026\u2026\u2026\u2026\u2026.. 46<br \/>\n8.- Mujer casada menor de edad\u2026\u2026\u2026\u2026\u2026\u2026\u2026.. 47<br \/>\n9.- Personas bajo guarda por otra raz\u00f3n que<br \/>\nlo menor de edad\u2026\u2026\u2026\u2026\u2026\u2026\u2026\u2026\u2026\u2026\u2026\u2026\u2026.. 48<br \/>\n4) El Objeto \u2026\u2026\u2026\u2026\u2026\u2026\u2026\u2026\u2026\u2026\u2026\u2026\u2026\u2026\u2026\u2026\u2026\u2026 49<\/p>\n<p>1.- Es menester hacer hincapi\u00e9 que el inmue-<br \/>\nble debe estar inscrito en el departamento en<\/p>\n<p>el que est\u00e9 ubicado este\u2026\u2026\u2026\u2026\u2026\u2026\u2026\u2026\u2026\u2026\u2026\u2026 49<br \/>\n2.- Deslindes \u2026\u2026\u2026\u2026\u2026\u2026\u2026\u2026\u2026\u2026\u2026\u2026\u2026\u2026\u2026\u2026\u2026. 49<br \/>\n3.- Diferencias de cabida \u2026\u2026\u2026\u2026\u2026\u2026\u2026\u2026\u2026\u2026\u2026. 50<br \/>\n4.- Compraventa de acciones y derechos de un<br \/>\npredio \u2026\u2026\u2026\u2026\u2026\u2026\u2026\u2026\u2026\u2026\u2026\u2026\u2026\u2026\u2026\u2026\u2026\u2026\u2026\u2026.. 50<\/p>\n<p>5.- Pisos o departamentos o locales de un edi-<br \/>\nficio\u2026\u2026\u2026\u2026\u2026\u2026\u2026\u2026\u2026\u2026\u2026\u2026\u2026\u2026\u2026\u2026\u2026\u2026\u2026\u2026\u2026\u2026 51<\/p>\n<p>6.- Entrega del inmueble \u2026\u2026\u2026\u2026\u2026\u2026\u2026\u2026\u2026\u2026\u2026. 52<br \/>\nEl pago del precio\u2026\u2026\u2026\u2026\u2026\u2026\u2026\u2026\u2026\u2026\u2026\u2026\u2026\u2026\u2026 54<br \/>\nObjeto l\u00edcito en el contrato\u2026\u2026\u2026\u2026\u2026\u2026\u2026\u2026\u2026\u2026.. 55<br \/>\n5) Causa L\u00edcita \u2026\u2026\u2026\u2026\u2026\u2026\u2026\u2026\u2026\u2026\u2026\u2026\u2026\u2026\u2026\u2026. 58<\/p>\n<p>6) Obligaciones anexas al contrato de compra-<br \/>\nventa\u2026\u2026\u2026\u2026\u2026\u2026\u2026\u2026\u2026\u2026\u2026\u2026\u2026\u2026\u2026\u2026\u2026\u2026\u2026\u2026\u2026. 59<\/p>\n<p>b) Compraventa en remate p\u00fablico voluntario \u2026\u2026 60<br \/>\nc) Compraventa en remate judicial consecuencia<br \/>\nde un juicio ejecutivo\u2026\u2026\u2026\u2026\u2026\u2026\u2026\u2026\u2026\u2026\u2026\u2026\u2026. 61<br \/>\nd) Compraventa en remate judicial consecuencia<br \/>\nde un juicio de quiebra\u2026\u2026\u2026\u2026\u2026\u2026\u2026\u2026\u2026\u2026\u2026\u2026. 63<br \/>\ne) Compraventa en remate consecuencia de una<br \/>\nsesi\u00f3n de bienes \u2026\u2026\u2026\u2026\u2026\u2026\u2026\u2026\u2026\u2026\u2026\u2026\u2026\u2026\u2026.. 64<br \/>\n1.- Cesi\u00f3n a un acreedor \u2026\u2026\u2026\u2026\u2026\u2026\u2026\u2026\u2026\u2026\u2026. 64<br \/>\n2.- Cesi\u00f3n a varios acreedores \u2026\u2026\u2026\u2026\u2026\u2026\u2026\u2026.. 64<br \/>\n3.- Permuta\u2026\u2026\u2026\u2026\u2026\u2026\u2026\u2026\u2026\u2026\u2026\u2026\u2026\u2026\u2026\u2026\u2026\u2026 66<\/p>\n<p>4.- La sociedad\u2026\u2026\u2026\u2026\u2026\u2026\u2026\u2026\u2026\u2026\u2026\u2026\u2026\u2026\u2026\u2026. 66<br \/>\n1) Sociedades civiles, excluidas las an\u00f3nimas,<br \/>\nque se rigen por las reglas de las comerciales<br \/>\nan\u00f3nimas \u2026\u2026\u2026\u2026\u2026\u2026\u2026\u2026\u2026\u2026\u2026\u2026\u2026\u2026\u2026\u2026\u2026\u2026\u2026 68<br \/>\n2) Sociedad Comercial \u2026\u2026\u2026\u2026\u2026\u2026\u2026\u2026\u2026\u2026\u2026\u2026.. 69<br \/>\nEl problema de la nulidad de la sociedad por<br \/>\nla omisi\u00f3n de un requisito de formalidad \u2026\u2026\u2026. 70<br \/>\nEl Mandato \u2026\u2026\u2026\u2026\u2026\u2026\u2026\u2026\u2026\u2026\u2026\u2026\u2026\u2026\u2026\u2026\u2026\u2026 70<br \/>\nReglas Esenciales \u2026\u2026\u2026\u2026\u2026\u2026\u2026\u2026\u2026\u2026\u2026\u2026\u2026\u2026\u2026 71<br \/>\nLa transacci\u00f3n \u2026\u2026\u2026\u2026\u2026\u2026\u2026\u2026\u2026\u2026\u2026\u2026\u2026\u2026\u2026\u2026. 72<br \/>\nDaci\u00f3n en pago \u2026\u2026\u2026\u2026\u2026\u2026\u2026\u2026\u2026\u2026\u2026\u2026\u2026\u2026\u2026\u2026 74<br \/>\nLa novaci\u00f3n\u2026\u2026\u2026\u2026\u2026\u2026\u2026\u2026\u2026\u2026\u2026\u2026\u2026\u2026\u2026\u2026\u2026\u2026 75<br \/>\nLa donaci\u00f3n revocable \u2026\u2026\u2026\u2026\u2026\u2026\u2026\u2026\u2026\u2026\u2026\u2026.. 75<br \/>\nLa donaci\u00f3n irrevocable\u2026\u2026\u2026\u2026\u2026\u2026\u2026\u2026\u2026\u2026\u2026\u2026 76<br \/>\nA) Capacidad del donante\u2026\u2026\u2026\u2026\u2026\u2026\u2026\u2026\u2026\u2026\u2026 77<br \/>\nB) Capacidad del donatario \u2026\u2026\u2026\u2026\u2026\u2026\u2026\u2026\u2026\u2026 77<br \/>\nRenta Vitalicia\u2026\u2026\u2026\u2026\u2026\u2026\u2026\u2026\u2026\u2026\u2026\u2026\u2026\u2026\u2026\u2026.. 78<br \/>\nCenso Vitalicio \u2026\u2026\u2026\u2026\u2026\u2026\u2026\u2026\u2026\u2026\u2026\u2026\u2026\u2026\u2026\u2026. 79<br \/>\nEnajenaciones de inmueble, en relaci\u00f3n con<br \/>\nla sociedad conyugal \u2026\u2026\u2026\u2026\u2026\u2026\u2026\u2026\u2026\u2026\u2026\u2026\u2026. 79<br \/>\nSituaciones \u2026\u2026\u2026\u2026\u2026\u2026\u2026\u2026\u2026\u2026\u2026\u2026\u2026\u2026\u2026\u2026\u2026\u2026 79<br \/>\n1) Inmueble adquirido por el marido antes del<br \/>\nmatrimonio o durante la sociedad conyugal a<br \/>\nt\u00edtulo gratuito\u2026\u2026\u2026\u2026\u2026\u2026\u2026\u2026\u2026\u2026\u2026\u2026\u2026\u2026\u2026\u2026\u2026 79<br \/>\n2) Inmueble adquirido por la mujer antes del<br \/>\nmatrimonio o durante la sociedad conyugal a<br \/>\nt\u00edtulo gratuito\u2026\u2026\u2026\u2026\u2026\u2026\u2026\u2026\u2026\u2026\u2026\u2026\u2026\u2026\u2026\u2026\u2026 80<br \/>\n3) Inmueble aportado conforme al No 6 del<br \/>\nArt. 1725\u2026\u2026\u2026\u2026\u2026\u2026\u2026\u2026\u2026\u2026\u2026\u2026\u2026\u2026\u2026\u2026\u2026\u2026\u2026. 80<br \/>\n4) Inmueble adquirido por el marido o la mujer<br \/>\nmediante subrogaci\u00f3n \u2026\u2026\u2026\u2026\u2026\u2026\u2026\u2026\u2026\u2026\u2026\u2026.. 80<\/p>\n<p>5) Inmueble propio del marido, en caso de ad-<br \/>\nministraci\u00f3n extraordinaria de la sociedad con-<br \/>\nyugal por la mujer \u2026\u2026\u2026\u2026\u2026\u2026\u2026\u2026\u2026\u2026\u2026\u2026\u2026\u2026.. 80<\/p>\n<p>6) Inmueble propio de la mujer, ejerciendo este<br \/>\nla administraci\u00f3n extraordinaria \u2026\u2026\u2026\u2026\u2026\u2026\u2026. 81<br \/>\n7) Inmueble de la sociedad conyugal\u2026\u2026\u2026\u2026\u2026.. 81<br \/>\n1) Bien propio del marido o de la mujer \u2026\u2026\u2026\u2026 81<br \/>\n2) Bienes sociales \u2026\u2026\u2026\u2026\u2026\u2026\u2026\u2026\u2026\u2026\u2026\u2026\u2026\u2026\u2026 82<\/p>\n<p>Enajenaciones de bienes reservados de la mu-<br \/>\njer casada \u2026\u2026\u2026\u2026\u2026\u2026\u2026\u2026\u2026\u2026\u2026\u2026\u2026\u2026\u2026\u2026\u2026\u2026.. 82<\/p>\n<p>Principales grav\u00e1menes que pueden afectar el<br \/>\ninmueble\u2026\u2026\u2026\u2026\u2026\u2026\u2026\u2026\u2026\u2026\u2026\u2026\u2026\u2026\u2026\u2026\u2026\u2026\u2026. 83<br \/>\n1) Propiedad fiduciaria \u2026\u2026\u2026\u2026\u2026\u2026\u2026\u2026\u2026\u2026\u2026\u2026. 84<br \/>\n2) Usufructo, uso y habitaci\u00f3n\u2026\u2026\u2026\u2026\u2026\u2026\u2026\u2026.. 84<br \/>\n3) Censo, y censo vitalicio\u2026\u2026\u2026\u2026\u2026\u2026\u2026\u2026\u2026\u2026\u2026 85<br \/>\n4) Hipoteca\u2026\u2026\u2026\u2026\u2026\u2026\u2026\u2026\u2026\u2026\u2026\u2026\u2026\u2026\u2026\u2026\u2026\u2026. 85<br \/>\n5) Servidumbre\u2026\u2026\u2026\u2026\u2026\u2026\u2026\u2026\u2026\u2026\u2026\u2026\u2026\u2026\u2026\u2026. 86<br \/>\n6) Arrendamiento \u2026\u2026\u2026\u2026\u2026\u2026\u2026\u2026\u2026\u2026\u2026\u2026\u2026\u2026\u2026 87<br \/>\n7) Prohibiciones voluntarias \u2026\u2026\u2026\u2026\u2026\u2026\u2026\u2026\u2026.. 88<br \/>\n8) Condiciones suspensivas o resolutorias \u2026\u2026.. 88<br \/>\n1.- Propiedad fiduciaria \u2026\u2026\u2026\u2026\u2026\u2026\u2026\u2026\u2026\u2026\u2026\u2026 88<br \/>\n2.- Usufructo, uso y habitaci\u00f3n \u2026\u2026\u2026\u2026\u2026\u2026\u2026\u2026 89<br \/>\n3.- Censo y censo vitalicio \u2026\u2026\u2026\u2026\u2026\u2026\u2026\u2026\u2026\u2026.. 89<br \/>\n4.- Hipoteca \u2026\u2026\u2026\u2026\u2026\u2026\u2026\u2026\u2026\u2026\u2026\u2026\u2026\u2026\u2026\u2026\u2026.. 89<br \/>\nHipoteca con cl\u00e1usula de garant\u00eda general \u2026\u2026\u2026\u2026\u2026. 91<br \/>\nPosposici\u00f3n de la hipoteca \u2026\u2026\u2026\u2026\u2026\u2026\u2026\u2026\u2026\u2026\u2026\u2026\u2026. 91<br \/>\nCesi\u00f3n de cr\u00e9dito garantizado con hipoteca\u2026\u2026\u2026\u2026\u2026 92<\/p>\n<p>Saldo de precio, que en la misma escritura de com-<br \/>\npraventa, queda garantizada con hipotecadas del<\/p>\n<p>inmueble \u2026\u2026\u2026\u2026\u2026\u2026\u2026\u2026\u2026\u2026\u2026\u2026\u2026\u2026\u2026\u2026\u2026\u2026\u2026\u2026\u2026.. 92<\/p>\n<p>Pueden presentarse algunos casos especiales que<br \/>\nconviene recordar \u2026\u2026\u2026\u2026\u2026\u2026\u2026\u2026\u2026\u2026\u2026\u2026\u2026\u2026\u2026\u2026\u2026.. 93<br \/>\nDeben recordarse los principios que afectan al<br \/>\narrendamiento de bienes de incapaces \u2026\u2026\u2026\u2026\u2026\u2026\u2026. 96<br \/>\nT\u00edtulos de la propiedad austral\u2026\u2026\u2026\u2026\u2026\u2026\u2026\u2026\u2026\u2026\u2026. 96<br \/>\nPropiedad ind\u00edgena \u2026\u2026\u2026\u2026\u2026\u2026\u2026\u2026\u2026\u2026\u2026\u2026\u2026\u2026\u2026\u2026\u2026 99<br \/>\nLey sobre cooperativas de peque\u00f1os agricultores \u2026\u2026 100<br \/>\nI.- Inmueble adquiridos por sucesi\u00f3n por causa<br \/>\nde muerte\u2026\u2026\u2026\u2026\u2026\u2026\u2026\u2026\u2026\u2026\u2026\u2026\u2026\u2026\u2026\u2026\u2026\u2026\u2026 100<br \/>\nA.- Existe un heredero\u2026\u2026\u2026\u2026\u2026\u2026\u2026\u2026\u2026\u2026\u2026\u2026.. 100<br \/>\nB.- Existe un heredero y conyugue \u2026\u2026\u2026\u2026\u2026\u2026. 103<br \/>\nC.- Varios Herederos \u2026\u2026\u2026\u2026\u2026\u2026\u2026\u2026\u2026\u2026\u2026\u2026\u2026. 103<\/p>\n<p>II.- Inmueble adquirido en una partici\u00f3n realiza-<br \/>\nda de com\u00fan acuerdo por los interesados \u2026\u2026\u2026 105<\/p>\n<p>1.- Comparescencia\u2026\u2026\u2026\u2026\u2026\u2026\u2026\u2026\u2026\u2026\u2026\u2026\u2026\u2026 106<br \/>\n2.- Capacidad\u2026\u2026\u2026\u2026\u2026\u2026\u2026\u2026\u2026\u2026\u2026\u2026\u2026\u2026\u2026\u2026\u2026 106<br \/>\n3.- Requisitos anteriores para que tenga valor .. 107<br \/>\n4.- Requisito coet\u00e1neo \u2026\u2026\u2026\u2026\u2026\u2026\u2026\u2026\u2026\u2026\u2026\u2026.. 107<br \/>\n5.- Requisito posterior \u2026\u2026\u2026\u2026\u2026\u2026\u2026\u2026\u2026\u2026\u2026\u2026.. 108<\/p>\n<p>III.- Inmueble adquirido en una partici\u00f3n realiza-<br \/>\nda por un partidor\u2026\u2026\u2026\u2026\u2026\u2026\u2026\u2026\u2026\u2026\u2026\u2026\u2026\u2026.. 109<\/p>\n<p>1. Individualizaci\u00f3n del inmueble adjudicado\u2026. 110<br \/>\n2. Individualizaci\u00f3n de los interesados\u2026\u2026\u2026\u2026.. 110<br \/>\n3. Ejercicio de la acci\u00f3n de partici\u00f3n\u2026\u2026\u2026\u2026\u2026.. 110<br \/>\n4. Designaci\u00f3n del partidor \u2026\u2026\u2026\u2026\u2026\u2026\u2026\u2026\u2026\u2026 111<br \/>\n5. Emplazamiento de las partes\u2026\u2026\u2026\u2026\u2026\u2026\u2026\u2026 112<br \/>\n6. Plazo legal, pr\u00f3rrogas y renovaciones\u2026\u2026\u2026\u2026 112<br \/>\n7. Concurrencia al juicio \u2026\u2026\u2026\u2026\u2026\u2026\u2026\u2026\u2026\u2026\u2026. 113<br \/>\n8. El acuerdo de que resulta la adjudicaci\u00f3n \u2026. 114<br \/>\n9. Hipoteca legal\u2026\u2026\u2026\u2026\u2026\u2026\u2026\u2026\u2026\u2026\u2026\u2026\u2026\u2026\u2026.. 117<br \/>\n10. El Laudo y la Ordenata\u2026\u2026\u2026\u2026\u2026\u2026\u2026\u2026\u2026\u2026. 117<\/p>\n","protected":false},"excerpt":{"rendered":"<p>Reserva tu libro \/ Env\u00edos a todo Chile Starken &#8211; Correos<\/p>\n","protected":false},"featured_media":1785,"comment_status":"open","ping_status":"closed","template":"","meta":{"inline_featured_image":false,"_joinchat":[]},"product_brand":[],"product_cat":[27,26],"product_tag":[],"class_list":{"0":"post-1747","1":"product","2":"type-product","3":"status-publish","4":"has-post-thumbnail","6":"product_cat-civil","7":"product_cat-derecho","9":"first","10":"instock","11":"shipping-taxable","12":"purchasable","13":"product-type-simple"},"_links":{"self":[{"href":"https:\/\/bibliotecajuridicavirtual.cl\/index.php\/wp-json\/wp\/v2\/product\/1747","targetHints":{"allow":["GET"]}}],"collection":[{"href":"https:\/\/bibliotecajuridicavirtual.cl\/index.php\/wp-json\/wp\/v2\/product"}],"about":[{"href":"https:\/\/bibliotecajuridicavirtual.cl\/index.php\/wp-json\/wp\/v2\/types\/product"}],"replies":[{"embeddable":true,"href":"https:\/\/bibliotecajuridicavirtual.cl\/index.php\/wp-json\/wp\/v2\/comments?post=1747"}],"wp:featuredmedia":[{"embeddable":true,"href":"https:\/\/bibliotecajuridicavirtual.cl\/index.php\/wp-json\/wp\/v2\/media\/1785"}],"wp:attachment":[{"href":"https:\/\/bibliotecajuridicavirtual.cl\/index.php\/wp-json\/wp\/v2\/media?parent=1747"}],"wp:term":[{"taxonomy":"product_brand","embeddable":true,"href":"https:\/\/bibliotecajuridicavirtual.cl\/index.php\/wp-json\/wp\/v2\/product_brand?post=1747"},{"taxonomy":"product_cat","embeddable":true,"href":"https:\/\/bibliotecajuridicavirtual.cl\/index.php\/wp-json\/wp\/v2\/product_cat?post=1747"},{"taxonomy":"product_tag","embeddable":true,"href":"https:\/\/bibliotecajuridicavirtual.cl\/index.php\/wp-json\/wp\/v2\/product_tag?post=1747"}],"curies":[{"name":"wp","href":"https:\/\/api.w.org\/{rel}","templated":true}]}}