{"id":1748,"date":"2026-02-28T00:54:35","date_gmt":"2026-02-28T03:54:35","guid":{"rendered":"https:\/\/bibliotecajuridicavirtual.cl\/?post_type=product&#038;p=1748"},"modified":"2026-02-28T00:55:19","modified_gmt":"2026-02-28T03:55:19","slug":"teoria-de-la-interpretacion-juridica-pablo-rodriguez-grez-3-edicion-actualizada-agosto-ano-2024-134-paginas","status":"publish","type":"product","link":"https:\/\/bibliotecajuridicavirtual.cl\/index.php\/product\/teoria-de-la-interpretacion-juridica-pablo-rodriguez-grez-3-edicion-actualizada-agosto-ano-2024-134-paginas\/","title":{"rendered":"Teor\u00eda de la Interpretaci\u00f3n Jur\u00eddica \/ Pablo Rodr\u00edguez Grez &#8211;  3\u00b0 edici\u00f3n actualizada agosto a\u00f1o 2024 &#8211; 134 P\u00e1ginas"},"content":{"rendered":"<p style=\"font-weight: 400;\">La obra \u201cTeor\u00eda de la intrepretaci\u00f3n jur\u00eddica\u201d, actualizada y presentada en esta ocasi\u00f3n por Ediciones Jur\u00eddicas de Santiago, nos ofrece una excelente oportunidad para acercarnos a una visi\u00f3n contempor\u00e1nea del tema, que tiene en cuenta los nuevos elementos incorporados al sistema normativo nacional en relaci\u00f3n con esta materia, adem\u00e1s de lo contenido en sus p\u00e1ginas con anterioridad. Recordemos que este texto comienza con un necesario \u00e9nfasis en la conceptualizaci\u00f3n del Estado de Derecho, como pilar imprescindible en el proceso de interpretaci\u00f3n jur\u00eddica, ya que esta \u00faltima se basa en todas las normas y comportamientos sociales regulados por el primero.<\/p>\n<p style=\"font-weight: 400;\">El presente texto consta de ocho cap\u00edtulos, en los que se abordan, adem\u00e1s del Estado de Derecho mencionado anteriormente, algunos conceptos y definiciones fundamentales referidos a las normas generales y particulares; la teor\u00eda tradicional y las fases del proceso interpretativo; la discrecionalidad del juez; la interpretaci\u00f3n de las normas particulares; as\u00ed como las necesarias conclusiones, dado el rompimiento te\u00f3rico con muchas ense\u00f1anzas tradicionales sobre el tema.<\/p>\n<p style=\"font-weight: 400;\">Fruto de una valiosa experiencia profesional y de largas reflexiones sobre la materia, la teor\u00eda interpretativa que se propone en esta obra, resalta el valor de la normativa jur\u00eddica particular -surgida de las normas generales- que, en la pr\u00e1ctica, es la que rige la vida social, y se nutre, a su vez, de las costumbres y del alma de cada pueblo. En ese contexto, le atribuimos tambi\u00e9n un papel determinante a los Tribunales de Justicia, espacios donde se cultiva con mayor fuerza el Derecho, el cual requiere del total compromiso y honestidad profesional de sus jueces, para que su raz\u00f3n primera: hacer justicia, se convierta en una realidad cotidiana.<\/p>\n<p style=\"font-weight: 400;\">Dicho todo lo anterior, es destacable mencionar que el Derecho lo creamos y recreamos todos cada d\u00eda, no s\u00f3lo los expertos en el tema; ah\u00ed reside su mayor valor a la hora de aquilatar su papel trascendental en nuestra sana convivencia como sociedad.<\/p>\n<p style=\"font-weight: 400;\">Conscientes, entonces, de nuestra responsabilidad, y del necesario rigor interpretativo a la hora de teorizar sobre un tema de tal envergadura, ponemos a su disposici\u00f3n este texto, con la esperanza de sumar otras voces a este debate.<\/p>\n<p style=\"font-weight: 400;\"><b><strong>CAP\u00cdTULO I<\/strong><\/b><br \/>\n<b><strong>EL ESTADO DE DERECHO<\/strong><\/b><\/p>\n<ol>\n<li style=\"font-weight: 400;\">Conceptualizaci\u00f3n<br \/>\nB. Componentes del Estado de Derecho<br \/>\nC. Ingrediente axiol\u00f3gico<br \/>\nD. Derecho y realizaci\u00f3n espont\u00e1nea<br \/>\nE. Plasticidad Axiol\u00f3gica del Derecho<br \/>\nF. Lagunas legales<br \/>\nG. Autotutela del orden jur\u00eddico<br \/>\nH. Creador del Derecho<br \/>\nI. Conclusiones<\/li>\n<\/ol>\n<p style=\"font-weight: 400;\"><b><strong>CAP\u00cdTULO II<\/strong><\/b><br \/>\n<b><strong>ALGUNOS CONCEPTOS Y DEFINICIONES FUNDAMENTALES<\/strong><\/b><\/p>\n<ol>\n<li style=\"font-weight: 400;\">Normas generales y particulares<br \/>\n2. La norma general tiene una voluntad o sentido propio, ajeno al de su autor<br \/>\n3. El sentido de la norma no es m\u00e1s que su significado, esto es, aquello que la norma dice<br \/>\n4. La tarea del legislador en materia interpretativa no es tan importante como se ha querido creer tradicionalmente<br \/>\n5. La norma o regla particular puede contener un cierto grado de abstracci\u00f3n<br \/>\n6. La denominada fase de interpretaci\u00f3n formal est\u00e1 regulada en la ley civil en lo que dice relaci\u00f3n con las normas generales<br \/>\n7. La fase de interpretaci\u00f3n sustancial no est\u00e1 tratada en el sistema legal en forma sistematizada y ordenada<br \/>\n8. La costumbre no es una expresi\u00f3n normativa<br \/>\n9. Toda interpretaci\u00f3n debe fundarse en la coherencia del ordenamiento jur\u00eddico<br \/>\n10. La equidad obliga al int\u00e9rprete a divorciarse del sistema normativo para encontrar la soluci\u00f3n que se busca al margen del mismo o en otra categor\u00eda<\/li>\n<\/ol>\n<p style=\"font-weight: 400;\"><b><strong>CAP\u00cdTULO III<\/strong><\/b><br \/>\n<b><strong>LA INTERPRETACI\u00d3N<\/strong><\/b><\/p>\n<ol>\n<li style=\"font-weight: 400;\">Teor\u00eda tradicional de la interpretaci\u00f3n<br \/>\nB. Fases de la interpretaci\u00f3n<br \/>\nC. Interpretaci\u00f3n con fuerza obligatoria o poder de autoridad<\/li>\n<\/ol>\n<p style=\"font-weight: 400;\"><b><strong>CAP\u00cdTULO IV<\/strong><\/b><br \/>\n<b><strong>FASE FORMAL DEL PROCESO INTERPRETATIVO<\/strong><\/b><\/p>\n<ol>\n<li style=\"font-weight: 400;\">Sentido de la norma<br \/>\nB. Subfases de la interpretaci\u00f3n formal<br \/>\nC. Elementos para completar las tres subfases de interpretaci\u00f3n formal<\/li>\n<\/ol>\n<p style=\"font-weight: 400;\">Primera subfase<\/p>\n<p style=\"font-weight: 400;\">Segunda subfase<\/p>\n<ol>\n<li style=\"font-weight: 400;\">Elemento hist\u00f3rico<br \/>\n2. Elemento l\u00f3gico<br \/>\n3. Elemento sistem\u00e1tico<\/li>\n<\/ol>\n<p style=\"font-weight: 400;\">Tercera subfase<\/p>\n<ol>\n<li style=\"font-weight: 400;\">Elemento basado en el esp\u00edritu general de la legislaci\u00f3n<br \/>\n2. Elemento fundado en la equidad<\/li>\n<\/ol>\n<p style=\"font-weight: 400;\"><b><strong>CAP\u00cdTULO V<\/strong><\/b><\/p>\n<ol>\n<li style=\"font-weight: 400;\">Fase sustancial de la interpretaci\u00f3n<\/li>\n<li style=\"font-weight: 400;\">Criterio de la coherencia l\u00f3gica o gen\u00e9tica<br \/>\n2. Criterio de coherencia axiol\u00f3gica o teleol\u00f3gica<br \/>\n3. Criterio de coherencia org\u00e1nica<br \/>\n4. Criterio de coherencia jurisprudencial<\/li>\n<li style=\"font-weight: 400;\">Fase sustancial de la interpretaci\u00f3n cuando no existe norma fundante<\/li>\n<li style=\"font-weight: 400;\">Criterio de coherencia anal\u00f3gica<br \/>\n2. Criterio de coherencia global<br \/>\n3. Criterio de coherencia en la equidad<\/li>\n<li style=\"font-weight: 400;\">Fase sustancial de la interpretaci\u00f3n cuando el int\u00e9rprete est\u00e1 facultado para resolver en conciencia<\/li>\n<li style=\"font-weight: 400;\">Situaci\u00f3n especial de los \u00e1rbitros arbitradores<\/li>\n<\/ol>\n<p style=\"font-weight: 400;\"><b><strong>CAP\u00cdTULO VI<\/strong><\/b><br \/>\n<b><strong>DISCRECIONALIDAD DEL JUEZ<\/strong><\/b><\/p>\n<ol>\n<li style=\"font-weight: 400;\">Selecci\u00f3n de la norma general aplicable o de los principios generales que inspiran el fallo<br \/>\nB. Elaboraci\u00f3n de la regla particular<br \/>\nC. Sentido de la equidad en el juez<br \/>\nD. La amenaza de la discrecionalidad absoluta<br \/>\nE. La discrecionalidad en austin, Hart y Dworkin<br \/>\nF. Sistema legal chileno<\/li>\n<\/ol>\n<p style=\"font-weight: 400;\"><b><strong>CAP\u00cdTULO VII<\/strong><\/b><\/p>\n<ol>\n<li style=\"font-weight: 400;\">Interpretaci\u00f3n de normas particulares<\/li>\n<li style=\"font-weight: 400;\">Fase de interpretaci\u00f3n formal de las normas particulares<\/li>\n<li style=\"font-weight: 400;\">a) Decreto supremo<br \/>\nb) Sentencia judicial<br \/>\nc) Contratos y convenciones<br \/>\nd) Testamentos<\/li>\n<li style=\"font-weight: 400;\">Fase de interpretaci\u00f3n sustancial de normas particulares<\/li>\n<li style=\"font-weight: 400;\">Situaci\u00f3n especial de la costumbre<\/li>\n<\/ol>\n<p style=\"font-weight: 400;\"><b><strong>CAP\u00cdTULO VIII<\/strong><\/b><br \/>\n<b><strong>CONCLUSIONES<\/strong><\/b><\/p>\n","protected":false},"excerpt":{"rendered":"<p>ENV\u00cdOS A TODO EL PA\u00cdS \/ STARKEN &#8211; CORREOS<\/p>\n","protected":false},"featured_media":1786,"comment_status":"open","ping_status":"closed","template":"","meta":{"inline_featured_image":false,"_joinchat":[]},"product_brand":[],"product_cat":[27,26,40,44],"product_tag":[],"class_list":{"0":"post-1748","1":"product","2":"type-product","3":"status-publish","4":"has-post-thumbnail","6":"product_cat-civil","7":"product_cat-derecho","8":"product_cat-ediciones-juridica-de-santiago","9":"product_cat-filosofia-del-derecho-y-introduccion","11":"first","12":"instock","13":"shipping-taxable","14":"purchasable","15":"product-type-simple"},"_links":{"self":[{"href":"https:\/\/bibliotecajuridicavirtual.cl\/index.php\/wp-json\/wp\/v2\/product\/1748","targetHints":{"allow":["GET"]}}],"collection":[{"href":"https:\/\/bibliotecajuridicavirtual.cl\/index.php\/wp-json\/wp\/v2\/product"}],"about":[{"href":"https:\/\/bibliotecajuridicavirtual.cl\/index.php\/wp-json\/wp\/v2\/types\/product"}],"replies":[{"embeddable":true,"href":"https:\/\/bibliotecajuridicavirtual.cl\/index.php\/wp-json\/wp\/v2\/comments?post=1748"}],"wp:featuredmedia":[{"embeddable":true,"href":"https:\/\/bibliotecajuridicavirtual.cl\/index.php\/wp-json\/wp\/v2\/media\/1786"}],"wp:attachment":[{"href":"https:\/\/bibliotecajuridicavirtual.cl\/index.php\/wp-json\/wp\/v2\/media?parent=1748"}],"wp:term":[{"taxonomy":"product_brand","embeddable":true,"href":"https:\/\/bibliotecajuridicavirtual.cl\/index.php\/wp-json\/wp\/v2\/product_brand?post=1748"},{"taxonomy":"product_cat","embeddable":true,"href":"https:\/\/bibliotecajuridicavirtual.cl\/index.php\/wp-json\/wp\/v2\/product_cat?post=1748"},{"taxonomy":"product_tag","embeddable":true,"href":"https:\/\/bibliotecajuridicavirtual.cl\/index.php\/wp-json\/wp\/v2\/product_tag?post=1748"}],"curies":[{"name":"wp","href":"https:\/\/api.w.org\/{rel}","templated":true}]}}