{"id":1753,"date":"2026-02-28T00:54:36","date_gmt":"2026-02-28T03:54:36","guid":{"rendered":"https:\/\/bibliotecajuridicavirtual.cl\/?post_type=product&#038;p=1753"},"modified":"2026-02-28T00:55:24","modified_gmt":"2026-02-28T03:55:24","slug":"teoria-del-delito-parte-especial-y-criminologia-latinoamericana-y-feminista-sofia-andrea-curatolo-prologo-del-prof-eugenio-raul-zaffaroni","status":"publish","type":"product","link":"https:\/\/bibliotecajuridicavirtual.cl\/index.php\/product\/teoria-del-delito-parte-especial-y-criminologia-latinoamericana-y-feminista-sofia-andrea-curatolo-prologo-del-prof-eugenio-raul-zaffaroni\/","title":{"rendered":"TEOR\u00cdA DEL DELITO Parte Especial y Criminolog\u00eda Latinoamericana y Feminista &#8211; Sof\u00eda Andrea Curatolo &#8211; Pr\u00f3logo del Prof. Eugenio Ra\u00fal Zaffaroni"},"content":{"rendered":"<p>TEOR\u00cdA DEL DELITO Estructura de la teor\u00eda del delito &#8211; La conducta jur\u00eddico penal- Tipicidad &#8211; Antijuridicidad &#8211; Culpabilidad. PARTE ESPECIAL Conceptos generales &#8211; Delitos contra las personas &#8211; Homicidio o lesiones en ri\u00f1a &#8211; Abandono de personas &#8211; Delitos contra la libertad &#8211; Violaci\u00f3n de secretos y de la privacidad &#8211; Delitos contra la propiedad &#8211; Estafas y otras defraudaciones &#8211; Delitos contra el orden p\u00fablico CRIMINOLOG\u00cdA Andan\u00e7as da Inquisi\u00e7\u00e3o no Brasil. &#8211; Disciplinarismo, contractualismo, empirismo y religiosidad &#8211; El pan\u00f3ptico. Positivimo criminol\u00f3gico &#8211; Racismo In(con)stitucional &#8211; Funcionalismo. Interaccionismo. &#8211; La cuesti\u00f3n del g\u00e9nero en los delitos de cuello blanco &#8211; Las condenadas de la tierra: el saber criminol\u00f3gico contra las mujeres &#8211; La subcultura. Las t\u00e9cnicas de neutralizaci\u00f3n. Criminolog\u00eda luhmanniana. El conflictivismo. Criminolog\u00eda cr\u00edtica radical. Criminolog\u00eda cautelar preventiva de masacres &#8211; Criminolog\u00eda feminista.<\/p>\n","protected":false},"excerpt":{"rendered":"<p>Buscas un libro Jur\u00eddico.? Lo puedes encontrar en nuestra tienda virtual.<br \/>\nContamos con prestigiosos autores y muchas alternativas en sus diferentes materias al igual que grandes descuentos.! Vis\u00edtanos en <a class=\"PxxmMLACwEGNeKyVHxYCskDzzJAEcLVgZk \" tabindex=\"0\" href=\"https:\/\/lnkd.in\/eiAG7jdZ\" target=\"_blank\" rel=\"noopener\" data-test-app-aware-link=\"\">https:\/\/lnkd.in\/eiAG7jdZ<\/a><br \/>\nEscr\u00edbenos al +56930565235 \/ <a class=\"PxxmMLACwEGNeKyVHxYCskDzzJAEcLVgZk \" tabindex=\"0\" href=\"mailto:ventaslegallexglobal@gmail.com\" target=\"_self\" data-test-app-aware-link=\"\">ventaslegallexglobal@gmail.com<\/a><br \/>\nHacemos env\u00edos a todo Chile \u2013 Starken o Correos Chile \/ Te esperamos<\/p>\n<p>&nbsp;<\/p>\n","protected":false},"featured_media":1791,"comment_status":"open","ping_status":"closed","template":"","meta":{"inline_featured_image":false,"_joinchat":[]},"product_brand":[],"product_cat":[26,37,30],"product_tag":[],"class_list":{"0":"post-1753","1":"product","2":"type-product","3":"status-publish","4":"has-post-thumbnail","6":"product_cat-derecho","7":"product_cat-novedades-de-otras-editoriales","8":"product_cat-penal","10":"first","11":"instock","12":"sale","13":"shipping-taxable","14":"purchasable","15":"product-type-simple"},"_links":{"self":[{"href":"https:\/\/bibliotecajuridicavirtual.cl\/index.php\/wp-json\/wp\/v2\/product\/1753","targetHints":{"allow":["GET"]}}],"collection":[{"href":"https:\/\/bibliotecajuridicavirtual.cl\/index.php\/wp-json\/wp\/v2\/product"}],"about":[{"href":"https:\/\/bibliotecajuridicavirtual.cl\/index.php\/wp-json\/wp\/v2\/types\/product"}],"replies":[{"embeddable":true,"href":"https:\/\/bibliotecajuridicavirtual.cl\/index.php\/wp-json\/wp\/v2\/comments?post=1753"}],"wp:featuredmedia":[{"embeddable":true,"href":"https:\/\/bibliotecajuridicavirtual.cl\/index.php\/wp-json\/wp\/v2\/media\/1791"}],"wp:attachment":[{"href":"https:\/\/bibliotecajuridicavirtual.cl\/index.php\/wp-json\/wp\/v2\/media?parent=1753"}],"wp:term":[{"taxonomy":"product_brand","embeddable":true,"href":"https:\/\/bibliotecajuridicavirtual.cl\/index.php\/wp-json\/wp\/v2\/product_brand?post=1753"},{"taxonomy":"product_cat","embeddable":true,"href":"https:\/\/bibliotecajuridicavirtual.cl\/index.php\/wp-json\/wp\/v2\/product_cat?post=1753"},{"taxonomy":"product_tag","embeddable":true,"href":"https:\/\/bibliotecajuridicavirtual.cl\/index.php\/wp-json\/wp\/v2\/product_tag?post=1753"}],"curies":[{"name":"wp","href":"https:\/\/api.w.org\/{rel}","templated":true}]}}