{"id":1754,"date":"2026-02-28T00:54:36","date_gmt":"2026-02-28T03:54:36","guid":{"rendered":"https:\/\/bibliotecajuridicavirtual.cl\/?post_type=product&#038;p=1754"},"modified":"2026-02-28T00:55:25","modified_gmt":"2026-02-28T03:55:25","slug":"manual-introductorio-a-los-derechos-humanos-y-garantias-constitucionales-parte-general-parte-especial","status":"publish","type":"product","link":"https:\/\/bibliotecajuridicavirtual.cl\/index.php\/product\/manual-introductorio-a-los-derechos-humanos-y-garantias-constitucionales-parte-general-parte-especial\/","title":{"rendered":"MANUAL INTRODUCTORIO A LOS DERECHOS HUMANOS Y GARANT\u00cdAS CONSTITUCIONALES. Parte General \/ Parte Especial"},"content":{"rendered":"<p>Parte general \u2022 INTRODUCCI\u00d3N A LOS DERECHOS HUMANOS Y GARANT\u00cdAS CONSTITUCIONALES \u2022 BREVE AN\u00c1LISIS CONCEPTUAL DESDE UNA PERSPECTIVA DE G\u00c9NERO \u2022 EL DERECHO FINANCIERO COMO UNA PIEZA FUNDAMENTAL PARA LA EFECTIVIZACI\u00d3N DE LOS DERECHOS HUMANOS \u2022 FUENTES DEL DERECHO INTERNACIONAL DE LOS DERECHOS HUMANOS \u2022 LAS RELACIONES ENTRE EL DERECHO INTERNACIONAL Y EL DERECHO INTERNO ARGENTINO \u2022 RESPONSABILIDAD INTERNACIONAL DEL ESTADO POR VIOLACI\u00d3N A LOS DERECHOS HUMANOS \u2022 LA RESPONSABILIDAD PENAL INDIVIDUAL POR VIOLACIONES MASIVAS A LOS DERECHOS HUMANOS EN EL DERECHO INTERNACIONAL PENAL \u2022 EL SISTEMA UNIVERSAL DE PROTECCI\u00d3N DE LOS DERECHOS HUMANOS \u2022 SISTEMA INTERAMERICANO DE PROTECCI\u00d3N DE DERECHOS HUMANOS \u2022 GARANT\u00cdAS CONSTITUCIONALES. AMPARO \u2022 HABEAS DATA \u2022 HABEAS CORPUS \u2022 BREVE ACERCAMIENTO AL CONSTITUCIONALISMO DIGITAL Parte Especial \u2022 EL DERECHO A LA VIDA: UNA MIRADA CON PERSPECTIVA DE G\u00c9NERO. REFLEXIONES SOBRE EL ABORTO Y LA EUTANASIA \u2022 DERECHO A LA IGUALDAD \u2022 DIVERSIDADES, G\u00c9NERO Y DERECHOS HUMANOS \u2022 ACCESO A LA JUSTICIA CON PERSPECTIVA DE G\u00c9NEROS \u2022 DISCAPACIDAD Y MUJERES: SOBRE LA B\u00daSQUEDA DEL RECONOCIMIENTO DE DERECHOS Y EL DERRIBAMIENTO DE BARRERAS \u2022 DERECHO DE LAS INFANCIAS \u2022 DERECHOS HUMANOS DE LOS ADULTOS MAYORES \u2022 DERECHO A LA PRIVACIDAD E INTIMIDAD \u2022 LIBERTAD DE EXPRESI\u00d3N Y ACCESO A LA INFORMACI\u00d3N \u2022 AN\u00c1LISIS DE LOS L\u00cdMITES A LA LIBERTAD DE EXPRESI\u00d3N \u2022 LIBERTAD PERSONAL Y PENA PRIVATIVA \u2022 DERECHOS POL\u00cdTICOS \u2022 NACIONALIDAD, MIGRACI\u00d3N Y DERECHOS HUMANOS \u2022 DERECHO A LA SALUD. DESARROLLO Y ACTUALES DESAF\u00cdOS EN LA ARGENTINA \u2022 DERECHO A LA EDUCACI\u00d3N COMO DERECHO HUMANO \u2022 DERECHO HUMANO A TRABAJAR \u2022 DERECHO A LA VIVIENDA \u2022 DERECHO HUMANO AL AMBIENTE \u2022 DERECHO A LA AUTODETERMINACI\u00d3N DE LOS PUEBLOS IND\u00cdGENAS \u2022 EL DERECHO HUMANO AL CONSUMO \u2022 DERECHOS HUMANOS, INTERNET Y NUEVAS TECNOLOG\u00cdAS<\/p>\n","protected":false},"excerpt":{"rendered":"<p>Clarisa del Carmen Cancino &#8211;\u00a0 Maria Florencia Del barrio &#8211; Maria Candela Ruano<\/p>\n<p>708 P\u00e1ginas \/ Agosto a\u00f1o 2024<\/p>\n<p>Vis\u00edtanos\u00a0 en www.bibliotecajuridicavirtual.cl \/ Escr\u00edbenos al +56930565235 \/ Env\u00edos a todo Chile &#8211; Starken &#8211; Correos<\/p>\n<p>&nbsp;<\/p>\n","protected":false},"featured_media":1792,"comment_status":"open","ping_status":"closed","template":"","meta":{"inline_featured_image":false,"_joinchat":[]},"product_brand":[],"product_cat":[27,33,26],"product_tag":[],"class_list":{"0":"post-1754","1":"product","2":"type-product","3":"status-publish","4":"has-post-thumbnail","6":"product_cat-civil","7":"product_cat-constitucional","8":"product_cat-derecho","10":"first","11":"instock","12":"shipping-taxable","13":"purchasable","14":"product-type-simple"},"_links":{"self":[{"href":"https:\/\/bibliotecajuridicavirtual.cl\/index.php\/wp-json\/wp\/v2\/product\/1754","targetHints":{"allow":["GET"]}}],"collection":[{"href":"https:\/\/bibliotecajuridicavirtual.cl\/index.php\/wp-json\/wp\/v2\/product"}],"about":[{"href":"https:\/\/bibliotecajuridicavirtual.cl\/index.php\/wp-json\/wp\/v2\/types\/product"}],"replies":[{"embeddable":true,"href":"https:\/\/bibliotecajuridicavirtual.cl\/index.php\/wp-json\/wp\/v2\/comments?post=1754"}],"wp:featuredmedia":[{"embeddable":true,"href":"https:\/\/bibliotecajuridicavirtual.cl\/index.php\/wp-json\/wp\/v2\/media\/1792"}],"wp:attachment":[{"href":"https:\/\/bibliotecajuridicavirtual.cl\/index.php\/wp-json\/wp\/v2\/media?parent=1754"}],"wp:term":[{"taxonomy":"product_brand","embeddable":true,"href":"https:\/\/bibliotecajuridicavirtual.cl\/index.php\/wp-json\/wp\/v2\/product_brand?post=1754"},{"taxonomy":"product_cat","embeddable":true,"href":"https:\/\/bibliotecajuridicavirtual.cl\/index.php\/wp-json\/wp\/v2\/product_cat?post=1754"},{"taxonomy":"product_tag","embeddable":true,"href":"https:\/\/bibliotecajuridicavirtual.cl\/index.php\/wp-json\/wp\/v2\/product_tag?post=1754"}],"curies":[{"name":"wp","href":"https:\/\/api.w.org\/{rel}","templated":true}]}}