{"id":1756,"date":"2026-02-28T00:54:36","date_gmt":"2026-02-28T03:54:36","guid":{"rendered":"https:\/\/bibliotecajuridicavirtual.cl\/?post_type=product&#038;p=1756"},"modified":"2026-02-28T00:55:26","modified_gmt":"2026-02-28T03:55:26","slug":"deber-de-renegociacion-contractual-entre-la-fuerza-obligatoria-y-la-teoria-de-la-imprevision-nelson-gallardo-benavides","status":"publish","type":"product","link":"https:\/\/bibliotecajuridicavirtual.cl\/index.php\/product\/deber-de-renegociacion-contractual-entre-la-fuerza-obligatoria-y-la-teoria-de-la-imprevision-nelson-gallardo-benavides\/","title":{"rendered":"Deber de Renegociaci\u00f3n Contractual  Entre la Fuerza Obligatoria y la Teor\u00eda de la Imprevisi\u00f3n. Nelson Gallardo Benavides"},"content":{"rendered":"<p style=\"font-weight: 400;\">La presente obra, profundiza sobre el deber de renegociaci\u00f3n contractual, herramienta relevante en el Moderno Derecho de las Obligaciones y Contratos, ante la compleja actualidad en el cumplimiento de diversos negocios jur\u00eddicos, merced de la implacable situaci\u00f3n econ\u00f3mica de nuestro pa\u00eds por causa de la inestabilidad pol\u00edtica, la seguridad, las secuelas que ha dejado el COVID-19, y otras circunstancias de origen internacional, como el proceso inflacionario por las tensiones entre Estados Unidos y China, o la carencia de ciertos bienes y servicios por la lamentable guerra entre Rusia y Ucrania. Ergo la renegociaci\u00f3n-deber constituye una alternativa de preservaci\u00f3n de los v\u00ednculos contractuales distinta a la teor\u00eda de la imprevisi\u00f3n, cuya aplicaci\u00f3n ha sido mayoritariamente descartada por nuestra jurisprudencia; por consiguiente, el deber de renegociaci\u00f3n se traduce en una nueva irradiaci\u00f3n instrumental de la cl\u00e1usula rebus sic stantibus, pero perfeccionada, puesto que concilia los efectos de la imprevisi\u00f3n con los designios del principio pacta sunt servanda.<\/p>\n<p style=\"font-weight: 400;\">Producto de lo anterior, en este libro se examina el origen hist\u00f3rico y el actual contexto del deber de renegociaci\u00f3n en el Derecho Comparado, en diversos Instrumentos de Soft Law y en nuestro medio. Se examina tambi\u00e9n a la excesiva onerosidad en el cumplimiento, como \u00fanica causal de activaci\u00f3n de la figura, profundizando en su delimitaci\u00f3n conceptual, criterios de concurrencia y las propuestas remediales para combatirla, entre las que se encuentran la mencionada imprevisi\u00f3n y la renegociaci\u00f3n-deber, sea que act\u00faen conjunta o separadamente, marcando el \u00e9nfasis en las vinculaciones y diferencias que ambos institutos reportan. Adem\u00e1s, se elabora una sistematizaci\u00f3n de la teor\u00eda del deber de renegociaci\u00f3n, abordando su concepto, fuentes, naturaleza jur\u00eddica, requisitos, tipo de obligaciones que genera, los argumentos en los que se basa su menester positivizaci\u00f3n, su aplicaci\u00f3n convencional (en su proceso) o jurisprudencial (en sus consecuencias), culminando con el desarrollo del proceso renegocial, las posibilidades de terminaci\u00f3n y sus efectos.<\/p>\n<p style=\"font-weight: 400;\"><b><strong>CAP\u00cdTULO PRIMERO<\/strong><\/b><br \/>\n<b><strong>CONTEXTO HIST\u00d3RICO Y JUR\u00cdDICO DEL DEBER DE RENEGOCIACI\u00d3N CONTRACTUAL<\/strong><\/b><\/p>\n<ol>\n<li style=\"font-weight: 400;\">Breve referencia al origen de la negociaci\u00f3n<br \/>\nB. Etimolog\u00eda, concepto de negociaci\u00f3n y su derivaci\u00f3n a la renegociaci\u00f3n<br \/>\nC. La renegociaci\u00f3n en el Derecho Privado: factibilidad de su aplicaci\u00f3n en el iter contractual<br \/>\nD. Contexto internacional sobre el deber de renegociaci\u00f3n contractual<br \/>\nE. Contexto nacional del deber de renegociaci\u00f3n contractual<\/li>\n<\/ol>\n<p style=\"font-weight: 400;\"><b><strong>CAP\u00cdTULO SEGUNDO<\/strong><\/b><br \/>\n<b><strong>LA EXCESIVA ONEROSIDAD POR CAUSA SOBREVINIENTE: PROBLEM\u00c1TICA A ENFRENTAR<\/strong><\/b><\/p>\n<ol>\n<li style=\"font-weight: 400;\">\u00bfEn qu\u00e9 consiste la excesiva onerosidad sobreviniente?<br \/>\na.1. Determinaci\u00f3n conceptual<br \/>\na.2. Criterio creciente y decreciente para la determinaci\u00f3n de la excesiva onerosidad<br \/>\na.3. Frustraci\u00f3n del fin del contrato y excesiva onerosidad<\/li>\n<li style=\"font-weight: 400;\">Propuesta remedial ante una alteraci\u00f3n sobrevenida de las circunstancias que genera la excesiva onerosidad<br \/>\nb.1. Vinculaci\u00f3n entre la imprevisi\u00f3n contractual y el deber de renegociaci\u00f3n<br \/>\nb.1.1. Interrelaci\u00f3n detectada<br \/>\nb.1.2. Situaci\u00f3n ideal (de lege ferenda): Construcci\u00f3n y promulgaci\u00f3n legislativa del deber de renegociaci\u00f3n contractual y de la teor\u00eda de la imprevisi\u00f3n<br \/>\nb.1.3. Situaci\u00f3n intermedia (de lege ferenda): Construcci\u00f3n y promulgaci\u00f3n legislativa \u00fanicamente del deber de renegociaci\u00f3n contractual<br \/>\nb.1.4. Situaci\u00f3n inminente (de lege data): Aplicaci\u00f3n del deber de renegociaci\u00f3n, derivado del principio de buena fe contractual (art\u00edculo 1546 del C\u00f3digo Civil)<br \/>\nb.2. Prevenci\u00f3n<\/li>\n<li style=\"font-weight: 400;\">Teor\u00eda de la imprevisi\u00f3n: remedial \u00fatil ante la excesiva onerosidad sobreviniente<br \/>\nc.1. Breve referencia al origen de la imprevisi\u00f3n contractual<br \/>\nc.2. Concepto, requisitos y efectos de la imprevisi\u00f3n contractual<br \/>\nc.2.1. Concepto de imprevisi\u00f3n contractual<br \/>\nc.2.2. Requisitos de la teor\u00eda de la imprevisi\u00f3n<br \/>\nc.2.3. Efectos de la imprevisi\u00f3n<br \/>\nc.3. Teor\u00eda de la imprevisi\u00f3n y excesiva onerosidad sobreviniente: diferencia conceptual<br \/>\nc.4. Ausencia de regulaci\u00f3n de la imprevisi\u00f3n contractual en Chile<br \/>\nc.5. \u00bfQu\u00e9 ha dicho nuestra jurisprudencia sobre la imprevisi\u00f3n contractual?<br \/>\nc.6. Regulaci\u00f3n de la imprevisi\u00f3n en el contexto latinoamericano<\/li>\n<\/ol>\n<p>D. Deber de renegociaci\u00f3n contractual: remedial \u00fatil ante la excesiva onerosidad sobreviniente<\/p>\n<p style=\"font-weight: 400;\"><b><strong>CAP\u00cdTULO TERCERO<\/strong><\/b><br \/>\n<b><strong>DEBER DE RENEGOCIACI\u00d3N CONTRACTUAL: NOTAS GENERALES, PRESUPUESTOS Y FUNDAMENTOS<\/strong><\/b><\/p>\n<ol>\n<li style=\"font-weight: 400;\">Generalidades y presupuestos del deber de renegociaci\u00f3na.1. Concepto del deber de renegociaci\u00f3n contractual<br \/>\na.2. Fuentes del deber de renegociaci\u00f3n contractual<br \/>\na.3. Naturaleza jur\u00eddica del deber de renegociaci\u00f3n contractual<br \/>\na.4. Presupuestos de activaci\u00f3n de la renegociaci\u00f3n-deber<br \/>\na.4.1. Prevenci\u00f3n y presupuestos<br \/>\na.4.2. Que el contrato sea oneroso conmutativo, de tracto sucesivo, de ejecuci\u00f3n diferida, peri\u00f3dica o continuada<br \/>\na.4.3. Que ocurra una alteraci\u00f3n sobrevenida, extraordinaria e imprevisible de las circunstancias propias del alea del contrato al momento de su formaci\u00f3n<br \/>\na.4.4. Que el cambio de circunstancias provoque que una de las prestaciones se torne excesivamente onerosa (para el deudor), o se vea reducida excesivamente su valor (para el acreedor)<br \/>\na.4.5. Que el afectado con la excesiva onerosidad no haya asumido el riesgo del cambio de circunstancias sobrevenido, extraordinario e imprevisible<br \/>\na.4.6. Que el afectado con la excesiva onerosidad no haya participado en la generaci\u00f3n de los eventos que la provocaron<br \/>\na.4.7. Que la parte afectada solicite la renegociaci\u00f3n en el m\u00e1s breve plazo, sin demoras injustificadas<br \/>\na.4.8. Que el que solicita la renegociaci\u00f3n no se encuentre constituido en mora<br \/>\na.5. Deber de renegociaci\u00f3n contractual: fuente de obligaciones de medio y no de resultado<\/li>\n<li style=\"font-weight: 400;\">Argumentos que justifican la regulaci\u00f3n y\/o aplicaci\u00f3n jurisprudencial del deber de renegociaci\u00f3n contractual<\/li>\n<\/ol>\n<p style=\"font-weight: 400;\">b.1. Deber de renegociaci\u00f3n: el \u00faltimo basti\u00f3n de la libertad contractual<br \/>\nb.2. Principio de la buena fe contractual: desde sus funciones hacia el deber de renegociaci\u00f3n<br \/>\nb.3. Deber de renegociaci\u00f3n contractual: herramienta del principio del equilibrio contractual<br \/>\nb.4. Principio favor contractus y su vinculaci\u00f3n con la renegociaci\u00f3n-deber<br \/>\nb.5. Renegociaci\u00f3n-deber: herramienta de minimizaci\u00f3n de da\u00f1os por parte del acreedor<\/p>\n<p style=\"font-weight: 400;\"><b><strong>CAP\u00cdTULO CUARTO<\/strong><\/b><br \/>\n<b><strong>PROCESO DE RENEGOCIACI\u00d3N CONTRACTUAL Y CONSECUENCIAS<\/strong><\/b><\/p>\n<ol>\n<li style=\"font-weight: 400;\">Desarrollo del proceso renegocial<\/li>\n<\/ol>\n<p style=\"font-weight: 400;\">a.1. Autodeterminaci\u00f3n procedimental<br \/>\na.2. Propuesta de proceso renegocial<br \/>\na.3. Suspensi\u00f3n prestacional durante la renegociaci\u00f3n: car\u00e1cter excepcional<br \/>\na.4. Aceptar una propuesta razonable: m\u00e1s que un deber, consecuencia de la buena fe<\/p>\n<ol>\n<li style=\"font-weight: 400;\">Resultado y consecuencias de la renegociaci\u00f3n<\/li>\n<\/ol>\n<p style=\"font-weight: 400;\">b.1. Fracaso de la renegociaci\u00f3n<br \/>\nb.1.1. Consecuencias<br \/>\nb.1.1.1. Frustraci\u00f3n justificada<br \/>\nb.1.1.2. Frustraci\u00f3n injustificada<br \/>\nb.1.2. Procedimiento aplicable ante la intervenci\u00f3n judicial<br \/>\nb.2. Triunfo de la renegociaci\u00f3n contractual<br \/>\nb.2.1. Mutuo disenso o resciliaci\u00f3n<br \/>\nb.2.2. Pacto modificatorio<\/p>\n","protected":false},"excerpt":{"rendered":"<p>1\u00b0 edici\u00f3n \/ 242 P\u00e1ginas\u00a0 \/ Agosto a\u00f1o 2023<\/p>\n<p>V\u00eds\u00edtanos en www.bibliotecajuridicavirtual.cl &#8211; Escr\u00edbenos al +56930565235<\/p>\n<p>Env\u00edos a todo Chile &#8211; Starken \/ Correos<\/p>\n<p>&nbsp;<\/p>\n","protected":false},"featured_media":1794,"comment_status":"open","ping_status":"closed","template":"","meta":{"inline_featured_image":false,"_joinchat":[]},"product_brand":[],"product_cat":[27,26],"product_tag":[],"class_list":{"0":"post-1756","1":"product","2":"type-product","3":"status-publish","4":"has-post-thumbnail","6":"product_cat-civil","7":"product_cat-derecho","9":"first","10":"instock","11":"shipping-taxable","12":"purchasable","13":"product-type-simple"},"_links":{"self":[{"href":"https:\/\/bibliotecajuridicavirtual.cl\/index.php\/wp-json\/wp\/v2\/product\/1756","targetHints":{"allow":["GET"]}}],"collection":[{"href":"https:\/\/bibliotecajuridicavirtual.cl\/index.php\/wp-json\/wp\/v2\/product"}],"about":[{"href":"https:\/\/bibliotecajuridicavirtual.cl\/index.php\/wp-json\/wp\/v2\/types\/product"}],"replies":[{"embeddable":true,"href":"https:\/\/bibliotecajuridicavirtual.cl\/index.php\/wp-json\/wp\/v2\/comments?post=1756"}],"wp:featuredmedia":[{"embeddable":true,"href":"https:\/\/bibliotecajuridicavirtual.cl\/index.php\/wp-json\/wp\/v2\/media\/1794"}],"wp:attachment":[{"href":"https:\/\/bibliotecajuridicavirtual.cl\/index.php\/wp-json\/wp\/v2\/media?parent=1756"}],"wp:term":[{"taxonomy":"product_brand","embeddable":true,"href":"https:\/\/bibliotecajuridicavirtual.cl\/index.php\/wp-json\/wp\/v2\/product_brand?post=1756"},{"taxonomy":"product_cat","embeddable":true,"href":"https:\/\/bibliotecajuridicavirtual.cl\/index.php\/wp-json\/wp\/v2\/product_cat?post=1756"},{"taxonomy":"product_tag","embeddable":true,"href":"https:\/\/bibliotecajuridicavirtual.cl\/index.php\/wp-json\/wp\/v2\/product_tag?post=1756"}],"curies":[{"name":"wp","href":"https:\/\/api.w.org\/{rel}","templated":true}]}}