{"id":1757,"date":"2026-02-28T00:54:36","date_gmt":"2026-02-28T03:54:36","guid":{"rendered":"https:\/\/bibliotecajuridicavirtual.cl\/?post_type=product&#038;p=1757"},"modified":"2026-02-28T00:55:30","modified_gmt":"2026-02-28T03:55:30","slug":"la-convencion-sobre-los-derechos-del-nino-y-la-nina-reflexiones-acerca-de-los-derechos-de-la-infancia-y-la-adolescencia-isaac-ravetllat-balleste","status":"publish","type":"product","link":"https:\/\/bibliotecajuridicavirtual.cl\/index.php\/product\/la-convencion-sobre-los-derechos-del-nino-y-la-nina-reflexiones-acerca-de-los-derechos-de-la-infancia-y-la-adolescencia-isaac-ravetllat-balleste\/","title":{"rendered":"La convenci\u00f3n sobre los derechos del ni\u00f1o y la ni\u00f1a: reflexiones acerca de los derechos de la infancia y la adolescencia. Isaac Ravetllat Ballest\u00e9"},"content":{"rendered":"<p>Con la presente monograf\u00eda, transcurridos ya m\u00e1s de treinta y cinco a\u00f1os desde la aprobaci\u00f3n\u00a0de la Convenci\u00f3n sobre los Derechos del Ni\u00f1o y la Ni\u00f1a, asumimos el reto de acercar todo un\u00a0conjunto de reflexiones cr\u00edticas sobre el contenido de dicho tratado internacional as\u00ed como de\u00a0su desarrollo pr\u00e1ctico a un p\u00fablico muy amplio y heterog\u00e9neo, no tan solo por lo que a su\u00a0formaci\u00f3n acad\u00e9mica y profesional se refiere, sino tambi\u00e9n por una cuesti\u00f3n etaria. Para dar\u00a0cumplimiento a este doble objetivo es que en todos los cap\u00edtulos ? cinco en total ? de los que\u00a0se compone esta obra se incluye un espacio de an\u00e1lisis elaborado y pensado especialmente<br \/>\npara trabajar con ni\u00f1as, ni\u00f1os y adolescentes. La idea es que ni\u00f1as, ni\u00f1os y adolescentes, ya\u00a0sea directamente o a trav\u00e9s de sus educadores o educadoras o adultos responsables, tengan\u00a0tambi\u00e9n la oportunidad de acercarse al documento que ha significado un verdadero antes y\u00a0un despu\u00e9s en su reconocimiento como sujetos titulares y activos de derechos.<br \/>\nLa invitaci\u00f3n est\u00e1 cursada, a conocer pues, el fascinante mundo de los derechos de la infancia y la adolescencia de la mano de la Convenci\u00f3n sobre los Derechos del Ni\u00f1o y la Ni\u00f1a. Les aseguramos que el viaje es desafiante, enriquecedor y que a nadie deja indiferente.<\/p>\n","protected":false},"excerpt":{"rendered":"<p>1\u00b0 edici\u00f3n actualizada agosto 2024 \/ 276 P\u00e1ginas<\/p>\n<p>Escr\u00edbenos al +56930565235 Vis\u00edtanos en www.bibliotecajuridicavirtual.cl<\/p>\n<p>Env\u00edos a todo Chile \/ Starken &#8211; Correos<\/p>\n<p>&nbsp;<\/p>\n","protected":false},"featured_media":1812,"comment_status":"open","ping_status":"closed","template":"","meta":{"inline_featured_image":false,"_joinchat":[]},"product_brand":[],"product_cat":[26,29],"product_tag":[],"class_list":{"0":"post-1757","1":"product","2":"type-product","3":"status-publish","4":"has-post-thumbnail","6":"product_cat-derecho","7":"product_cat-familia-y-del-menor","9":"first","10":"instock","11":"shipping-taxable","12":"purchasable","13":"product-type-simple"},"_links":{"self":[{"href":"https:\/\/bibliotecajuridicavirtual.cl\/index.php\/wp-json\/wp\/v2\/product\/1757","targetHints":{"allow":["GET"]}}],"collection":[{"href":"https:\/\/bibliotecajuridicavirtual.cl\/index.php\/wp-json\/wp\/v2\/product"}],"about":[{"href":"https:\/\/bibliotecajuridicavirtual.cl\/index.php\/wp-json\/wp\/v2\/types\/product"}],"replies":[{"embeddable":true,"href":"https:\/\/bibliotecajuridicavirtual.cl\/index.php\/wp-json\/wp\/v2\/comments?post=1757"}],"wp:featuredmedia":[{"embeddable":true,"href":"https:\/\/bibliotecajuridicavirtual.cl\/index.php\/wp-json\/wp\/v2\/media\/1812"}],"wp:attachment":[{"href":"https:\/\/bibliotecajuridicavirtual.cl\/index.php\/wp-json\/wp\/v2\/media?parent=1757"}],"wp:term":[{"taxonomy":"product_brand","embeddable":true,"href":"https:\/\/bibliotecajuridicavirtual.cl\/index.php\/wp-json\/wp\/v2\/product_brand?post=1757"},{"taxonomy":"product_cat","embeddable":true,"href":"https:\/\/bibliotecajuridicavirtual.cl\/index.php\/wp-json\/wp\/v2\/product_cat?post=1757"},{"taxonomy":"product_tag","embeddable":true,"href":"https:\/\/bibliotecajuridicavirtual.cl\/index.php\/wp-json\/wp\/v2\/product_tag?post=1757"}],"curies":[{"name":"wp","href":"https:\/\/api.w.org\/{rel}","templated":true}]}}