{"id":1761,"date":"2026-02-28T00:54:36","date_gmt":"2026-02-28T03:54:36","guid":{"rendered":"https:\/\/bibliotecajuridicavirtual.cl\/?post_type=product&#038;p=1761"},"modified":"2026-02-28T00:55:34","modified_gmt":"2026-02-28T03:55:34","slug":"sancion-administrativa-analisis-de-los-criterios-de-graduacion-proporcionalidad-y-discrecionalidad-catalina-alejandra-baeza-marras-joaquim-andres-lepe-vergara","status":"publish","type":"product","link":"https:\/\/bibliotecajuridicavirtual.cl\/index.php\/product\/sancion-administrativa-analisis-de-los-criterios-de-graduacion-proporcionalidad-y-discrecionalidad-catalina-alejandra-baeza-marras-joaquim-andres-lepe-vergara\/","title":{"rendered":"Sanci\u00f3n Administrativa &#8211; An\u00e1lisis de los Criterios de Graduaci\u00f3n: Proporcionalidad y Discrecionalidad &#8211; Catalina Alejandra Baeza Marr\u00e1s &#8211; Joaqu\u00edm Andr\u00e9s Lepe Vergara"},"content":{"rendered":"<p>En el \u00faltimo tiempo, el Derecho Administrativo Sancionador ha adquirido gran relevancia. Lo anterior se debe a que, ante la proliferaci\u00f3n de<br \/>\ninstituciones jur\u00eddicas que entran en el mercado a brindar servicios de<br \/>\ndiversas \u00edndoles (por ejemplo, servicios el\u00e9ctricos, de salud, de educaci\u00f3n)<br \/>\no a trabajar en nuestra econom\u00eda extractiva (por ejemplo, en materias<br \/>\nambientales), se ha puesto en evidencia la necesidad de un derecho regulatorio que fiscalice y sancione para salvaguardar la efectividad de las<br \/>\npol\u00edticas p\u00fablicas que dichas instituciones han de respetar.<br \/>\nSin embargo, lo anterior ha puesto en manifiesto el desorden normativo que existe en el Derecho Administrativo Sancionador en nuestro<br \/>\nordenamiento. As\u00ed, la regulaci\u00f3n de este se encuentra dispersa y altamente<br \/>\ntecnificada. Lo anterior ha implicado que variadas discusiones resurjan<br \/>\nen la doctrina y jurisprudencia nacional una y otra vez, dando cuenta que<br \/>\nincluso los pilares fundantes de esta sede del derecho, a\u00fan no se encuentran zanjadas en nuestro ordenamiento.<br \/>\nEn ese sentido, a\u00fan existe discusi\u00f3n sobre qu\u00e9 constituye una sanci\u00f3n,<br \/>\nla dependencia o independencia del Derecho Administrativo Sancionador<br \/>\ndel Derecho Penal, qu\u00e9 principios del \u00faltimo se han de aplicar al primero<br \/>\ny en qu\u00e9 medida. En efecto, en nuestro ordenamiento y a nivel doctrinario,<br \/>\na\u00fan no existe una opini\u00f3n uniforme sobre la constitucionalidad de la potestad sancionatoria y, c\u00f3mo se han de aplicar las facultades discrecionales.<br \/>\nConsecuencialmente, dada la disputa anterior y el desorden normativo,<br \/>\ntodav\u00eda se encuentra en discusi\u00f3n c\u00f3mo funcionan los mecanismos de<br \/>\ncontrol de las decisiones de la Administraci\u00f3n y c\u00f3mo son acogidos en la<br \/>\njurisprudencia.<br \/>\nIncluso, la poca uniformidad normativa se torna m\u00e1s grave a\u00fan, en<br \/>\ncuanto normas de variadas leyes sectoriales han sido actualizadas para<br \/>\npropender hacia una imposici\u00f3n de sanciones con especial foco en la<br \/>\nproporcionalidad, dejando algunas desactualizadas con disputas ante el<br \/>\nTribunal Constitucional. AN\u00c1LISIS DE LOS CRITERIOS DE GRADUACI\u00d3N DE LA SANCI\u00d3N ADMINISTRATIVA\u2026<br \/>\n12<br \/>\nA partir de todo lo anterior, surge la necesidad de investigar y esclarecer las bases del Derecho Administrativo Sancionador actual en Chile.<br \/>\nTambi\u00e9n, surge la necesidad de dar cuenta de los mecanismos que ha de<br \/>\nutilizar la misma Administraci\u00f3n para hacer uso de sus potestades discrecionales apeg\u00e1ndose a la legalidad. Finalmente, es menester esclarecer<br \/>\nc\u00f3mo dichos nuevos mecanismos del principio de proporcionalidad son<br \/>\nsopesados por los jueces, el cual, adem\u00e1s de resolver casos individuales,<br \/>\nda luces de una pretendida comprensi\u00f3n integral de los nuevos conceptos jur\u00eddicos.<br \/>\nTeniendo presente lo reci\u00e9n expuesto, la presente tesis se funda en<br \/>\nla necesidad de realizar un trabajo investigativo que entregue un orden a<br \/>\nlas materias en disputa del Derecho Administrativo Sancionador. As\u00ed, es<br \/>\nnecesario entregar un contexto a las sanciones administrativas de multa y,<br \/>\nen espec\u00edfico, a los nuevos mecanismos de control de la proporcionalidad<br \/>\nde las multas administrativas, materializados en los criterios de graduaci\u00f3n<br \/>\nde dichas sanciones.<br \/>\nPor lo tanto, el objetivo de la presente tesis es caracterizar a los criterios<br \/>\nde graduaci\u00f3n de las sanciones administrativas de multa como manifestaci\u00f3n<br \/>\ndel principio de proporcionalidad y como l\u00edmite al ejercicio discrecional de<br \/>\nla potestad sancionadora de los \u00d3rganos Administrativos Sancionadores.<br \/>\nLos criterios de graduaci\u00f3n de las sanciones administrativas no se<br \/>\nencuentran precisados de una forma acabada en las diversas normativas,<br \/>\npermitiendo espacios para m\u00faltiples interpretaciones a sus conceptos<br \/>\njur\u00eddicos indeterminados. En ese sentido, la presente investigaci\u00f3n tiene<br \/>\npor fin esclarecer dichos conceptos jur\u00eddicos amplios y poco uniformes a<br \/>\ntrav\u00e9s de las normativas, entregando una comprensi\u00f3n \u00edntegra del rol de<br \/>\ndichos criterios y el objetivo que cumple cada uno.<br \/>\nEn la presente investigaci\u00f3n se analizar\u00e1n tres fuentes principales. En<br \/>\nprimer lugar, la regulaci\u00f3n de las materias en el ordenamiento jur\u00eddico<br \/>\ntanto nacional como comparado. En segundo lugar, una revisi\u00f3n amplia de<br \/>\nla doctrina nacional y comparada que abarca tanto los pilares fundamentales del Derecho Administrativo Sancionador como la conceptualizaci\u00f3n<br \/>\nde los criterios de graduaci\u00f3n de las sanciones. Finalmente, una revisi\u00f3n<br \/>\njurisprudencial sobre la aplicaci\u00f3n de los principios del Derecho Administrativo Sancionador en los diversos casos, con especial foco en la aplicaci\u00f3n<br \/>\nde los criterios de graduaci\u00f3n de las sanciones en los casos nacionales.<br \/>\nLa presente investigaci\u00f3n se estructura de la siguiente manera.<br \/>\nEn el primer cap\u00edtulo nos enfocaremos en proporcionar un marco<br \/>\nte\u00f3rico de la sanci\u00f3n administrativa. En ese sentido, se caracterizar\u00e1 la<br \/>\nsanci\u00f3n administrativa y se expondr\u00e1 la discusi\u00f3n constitucional sobre la<br \/>\npotestad sancionadora de la Administraci\u00f3n<\/p>\n<p><b>CAP\u00cdTULO I<\/b><br \/>\n<b>LA SANCI\u00d3N ADMINISTRATIVA<\/b><\/p>\n<ol>\n<li>A) Concepto amplio de sanci\u00f3n administrativa<br \/>\nB) La constitucionalidad de la sanci\u00f3n administrativa en general<\/li>\n<\/ol>\n<p><b>CAP\u00cdTULO II<\/b><br \/>\n<b>PRINCIPIOS QUE FORMAN EL DERECHO ADMINISTRATIVO SANCIONADOR<\/b><\/p>\n<ol>\n<li>A) Consecuencias de la calificaci\u00f3n de un \u00fanico poder punitivo estatal\n<p>B) Qu\u00e9 principios conforman el Derecho Administrativo Sancionador<\/p>\n<p>C) Principios sustantivos<br \/>\n(a) Legalidad<br \/>\n(I) Concepto<br \/>\n(II) Aplicaci\u00f3n en el Derecho Penal<br \/>\n(iii) Aplicaci\u00f3n en el Derecho Administrativo Sancionador<br \/>\n(i) Distinci\u00f3n del principio de legalidad con el principio de tipicidad<br \/>\n(ii) El principio de legalidad y la reserva legal<br \/>\n(b) Tipicidad<br \/>\n(i) Concepto<br \/>\n(ii) Aplicaci\u00f3n en el Derecho Penal<br \/>\n(iii) Aplicaci\u00f3n en el Derecho Administrativo<br \/>\n(c) Culpabilidad<br \/>\n(i) Concepto<br \/>\n(ii) Aplicaci\u00f3n en el Derecho Penal<br \/>\n(iii) Aplicaci\u00f3n en el Derecho Administrativo Sancionador<br \/>\n(d) Irretroactividad<br \/>\n(i) Concepto<br \/>\n(ii) Aplicaci\u00f3n en el Derecho Penal<br \/>\n(iii) Aplicaci\u00f3n en el Derecho Administrativo Sancionador<br \/>\n(e) Prescriptibilidad<br \/>\n(i) Concepto<br \/>\n(ii) Aplicaci\u00f3n en el Derecho Penal<br \/>\n(iii) Aplicaci\u00f3n en el Derecho Administrativo Sancionador<\/li>\n<li>D) Principios procesales<br \/>\n(a) Principio de un proceso previo, justo y racional<br \/>\n(i) Concepto<br \/>\n(ii) Aplicaci\u00f3n en el Derecho Penal<br \/>\n(iii) Aplicaci\u00f3n en el Derecho Administrativo Sancionador<br \/>\n(b) Principio de contradictoriedad<br \/>\n(i) Concepto<br \/>\n(ii) Aplicaci\u00f3n en el Derecho Penal<br \/>\n(iii) Aplicaci\u00f3n en el Derecho Administrativo Sancionador<br \/>\n(c) Principio de impugnabilidad<br \/>\n(i) Concepto<br \/>\n(ii) Aplicaci\u00f3n en el Derecho Penal<br \/>\n(iii) Aplicaci\u00f3n en el Derecho Administrativo Sancionador<br \/>\n(d) Non bis in idem<br \/>\n(i) Concepto<br \/>\n(ii) Aplicaci\u00f3n en el Derecho Penal<br \/>\n(iii) Aplicaci\u00f3n en el Derecho Administrativo Sancionador<\/li>\n<\/ol>\n<p><b>CAP\u00cdTULO III<\/b><br \/>\n<b>LA FORMA TRADICIONAL DE CONTROLAR LA DISCRECIONALIDAD EN LA APLICACI\u00d3N DE LA SANCI\u00d3N ADMINISTRATIVA<\/b><\/p>\n<ol>\n<li>A) La potestad discrecional<br \/>\n(a) Concepto de la potestad discrecional<br \/>\n(b) Las caracter\u00edsticas de la potestad discrecional<br \/>\n(c) Clasificaciones de la potestad discrecional<\/li>\n<li>B) Discrecionalidad y conceptos jur\u00eddicos indeterminados<\/li>\n<li>C) El control judicial y la discrecionalidad<br \/>\n(a) El control judicial en el derecho nacional<br \/>\n(b) Alcances del control judicial<br \/>\n(c) T\u00e9cnicas de control judicial de la discrecionalidad<br \/>\n(i) Control por medio de los elementos reglados<\/li>\n<li>Conceptualizaci\u00f3n de los elementos reglado y la forma decontrol<br \/>\nb. La desviaci\u00f3n de poder. Concepto y casos en los que procede<br \/>\nc. La prueba del vicio de desviaci\u00f3n de poder<br \/>\nd. Control por medio de los hechos determinantes<br \/>\ni. Conceptualizaci\u00f3n de los hechos determinantes y su forma de control<br \/>\nii. Sistema probatorio de los hechos determinantes<br \/>\n(ii) Control por medio de los principios generales del derecho<br \/>\na. Conceptualizaci\u00f3n de los principios<\/li>\n<\/ol>\n<p><b>CAP\u00cdTULO IV<\/b><br \/>\n<b>LA NUEVA FORMA DE CONTROL A TRAV\u00c9S DEL PRINCIPIO DE PROPORCIONALIDAD EN EL DERECHO ADMINISTRATIVO SANCIONADOR<\/b><\/p>\n<ol>\n<li>A) El concepto de proporcionalidad<\/li>\n<li>B) Desarrollo hist\u00f3rico del Principio de Proporcionalidad<br \/>\n(a) Robert Alexy y el Principio de Proporcionalidad<br \/>\n(b) Antecedentes hist\u00f3ricos del Principio de Proporcionalidad<\/p>\n<p>C) El Principio de Proporcionalidad en el Derecho Comparado<br \/>\n(i) Pa\u00edses que consagran de forma expresa el Principio de Proporcionalidad<br \/>\nEl Principio de Proporcionalidad en Espa\u00f1a<br \/>\nb. El Principio de Proporcionalidad en la Uni\u00f3n Europea<br \/>\nc. El Principio de Proporcionalidad en Canad\u00e1<br \/>\nd. El Principio de Proporcionalidad en Latinoam\u00e9rica<br \/>\n(ii) Pa\u00edses con consagraci\u00f3n discutida del Principio de Proporcionalidad<br \/>\na. El Principio de Proporcionalidad en Alemania<br \/>\nb. El Principio de Proporcionalidad en Estados Unidos<br \/>\nc. El Principio de Proporcionalidad en Israel<br \/>\n(iii) Pa\u00edses que no consagran expresamente el Principio de Proporcionalidad<br \/>\na. El Principio de Proporcionalidad en Francia<br \/>\nb. El Principio de Proporcionalidad en Holanda<br \/>\nc. El Principio de Proporcionalidad en Reino Unido<br \/>\nd. El Principio de Proporcionalidad en otros pa\u00edses de Latinoam\u00e9rica<\/li>\n<li>D) El Principio de Proporcionalidad en Chile<br \/>\n(i) El Principio de Proporcionalidad en el Derecho Constitucional<br \/>\n(ii) El Principio de Proporcionalidad en el Derecho Penal<br \/>\n(iii) El Principio de Proporcionalidad en el Derecho Administrativo<br \/>\n(iv) El Principio de Proporcionalidad en la regulaci\u00f3n de la potestad sancionatoria<br \/>\nRespecto a las normas que establecen rangos o m\u00e1rgenes para imponer una multa<br \/>\nb. El establecimiento de criterios objetivos de car\u00e1cter legal para la determinaci\u00f3n de una sanci\u00f3n administrativa<\/li>\n<\/ol>\n<p><b>CAP\u00cdTULO V<\/b><br \/>\n<b>AN\u00c1LISIS DE LOS CRITERIOS DE GRADUACI\u00d3N DE LAS SANCIONES DE MULTA<\/b><\/p>\n<ol>\n<li>A) Analisis en general de los criterios de graduaci\u00f3n de las sanciones<br \/>\n(a) Contexto normativo de los criterios<br \/>\n(b) Regulaci\u00f3n normativa de los criterios<br \/>\n(i) Regulaci\u00f3n legal de los criterios de graduaci\u00f3n<br \/>\n(ii) Bases Metodol\u00f3gicas para la determinaci\u00f3n de las sanciones<br \/>\n1) Concepto de Bases Metodol\u00f3gicas<br \/>\n2) Caracter\u00edsticas de las Bases Metodol\u00f3gicas]<br \/>\n3) Cu\u00e1les son las Bases existentes en nuestro ordenamiento jur\u00eddico<br \/>\n(c) Conceptualizaci\u00f3n de los criterios de graduaci\u00f3n<br \/>\n(d) Caracter\u00edsticas de los criterios de graduaci\u00f3n<br \/>\n(e) Clasificaci\u00f3n de los criterios de graduaci\u00f3n<br \/>\n(f) C\u00f3mo se aplican los criterios de graduaci\u00f3n<br \/>\n(g) La importancia de los criterios de graduaci\u00f3n: el Caso Cascada como \u00edcono y otros casos<br \/>\n(i) Los hechos en el Caso Cascada<br \/>\n(ii) Las sentencias del Tribunal Constitucional en el Caso Cascada<br \/>\nEl voto de mayor\u00eda<br \/>\nb. El voto de minor\u00eda<br \/>\n(iii) Las reacciones de la doctrina a las sentencias del Caso Cascada<br \/>\n(iv) Casos posteriores en donde se vislumbra la nueva tendencia en el Tribunal Constitucional<\/li>\n<li>B) An\u00e1lisis en particular de los criterios de graduaci\u00f3n<br \/>\n(a) Importancia del da\u00f1o causado, del peligro ocasionado o gravedad de la infracci\u00f3n .<br \/>\n(i) Regulaci\u00f3n normativa del criterio<br \/>\n(ii) Concepto del criterio<br \/>\n(iii) Tratamiento jurisprudencial del criterio<br \/>\nRespecto al an\u00e1lisis de la importancia de la magnitud de la infracci\u00f3n<br \/>\nb. Respecto a los conceptos de da\u00f1o causado y peligro ocasionado en la infracci\u00f3n<br \/>\n(b) Beneficio econ\u00f3mico obtenido con motivo de la infracci\u00f3n<br \/>\n(i) Regulaci\u00f3n normativa del criterio<br \/>\n(ii) Concepto del criterio<br \/>\n(iii) Tratamiento jurisprudencial del criterio<br \/>\n(c) Capacidad econ\u00f3mica del infractor<br \/>\n(i) Regulaci\u00f3n normativa del criterio<br \/>\n(ii) Concepto del criterio<br \/>\n(iii) Tratamiento jurisprudencial<br \/>\n(d) Intencionalidad en la comisi\u00f3n de la infracci\u00f3n<br \/>\n(i) Regulaci\u00f3n normativa del criterio<br \/>\n(ii) Concepto del criterio<br \/>\n(iii) Tratamiento jurisprudencial del criterio<br \/>\n(e) Conducta anterior del infractor<br \/>\n(i) Regulaci\u00f3n normativa del criterio<br \/>\n(ii) Concepto del criterio<br \/>\n(iii) Tratamiento jurisprudencial del criterio<br \/>\n(f) N\u00famero de personas afectadas<br \/>\n(i) Regulaci\u00f3n normativa del criterio<br \/>\n(ii) Concepto del criterio<br \/>\n(iii) Tratamiento jurisprudencial del criterio<br \/>\na) Doctrina citada<br \/>\nb) Informes citados<br \/>\nc) Tesis citadas<br \/>\nd) Normativa citada<br \/>\n(a) C\u00f3digos<br \/>\n(b) Leyes<br \/>\n(c) Decretos<br \/>\n(d) Historia de la Ley<br \/>\n(e) Bases metodol\u00f3gicas<br \/>\n(f) Reglamentos Internos<br \/>\ne) Derecho comparado<br \/>\nf) Jurisprudencia citada<br \/>\n(a) Constitucional<br \/>\n(b) Judicial<br \/>\n(i) Corte Suprema<br \/>\n(ii) Cortes de Apelaciones<br \/>\n(c) Administrativa<br \/>\n(d) Otros tribunales47<\/li>\n<\/ol>\n","protected":false},"excerpt":{"rendered":"<p>Libro de 260 P\u00e1ginas &#8211; edici\u00f3n a\u00f1o 2021<\/p>\n<p>Escr\u00edbenos al +56930565235 &#8211; Vis\u00edtanos en www.bibliotecajuridicavirtual.cl<\/p>\n<p>Env\u00edos a todo Chile \/ Starken &#8211; Correos<\/p>\n<p>&nbsp;<\/p>\n","protected":false},"featured_media":1816,"comment_status":"open","ping_status":"closed","template":"","meta":{"inline_featured_image":false,"_joinchat":[]},"product_brand":[],"product_cat":[45],"product_tag":[],"class_list":{"0":"post-1761","1":"product","2":"type-product","3":"status-publish","4":"has-post-thumbnail","6":"product_cat-administrativo","8":"first","9":"instock","10":"shipping-taxable","11":"purchasable","12":"product-type-simple"},"_links":{"self":[{"href":"https:\/\/bibliotecajuridicavirtual.cl\/index.php\/wp-json\/wp\/v2\/product\/1761","targetHints":{"allow":["GET"]}}],"collection":[{"href":"https:\/\/bibliotecajuridicavirtual.cl\/index.php\/wp-json\/wp\/v2\/product"}],"about":[{"href":"https:\/\/bibliotecajuridicavirtual.cl\/index.php\/wp-json\/wp\/v2\/types\/product"}],"replies":[{"embeddable":true,"href":"https:\/\/bibliotecajuridicavirtual.cl\/index.php\/wp-json\/wp\/v2\/comments?post=1761"}],"wp:featuredmedia":[{"embeddable":true,"href":"https:\/\/bibliotecajuridicavirtual.cl\/index.php\/wp-json\/wp\/v2\/media\/1816"}],"wp:attachment":[{"href":"https:\/\/bibliotecajuridicavirtual.cl\/index.php\/wp-json\/wp\/v2\/media?parent=1761"}],"wp:term":[{"taxonomy":"product_brand","embeddable":true,"href":"https:\/\/bibliotecajuridicavirtual.cl\/index.php\/wp-json\/wp\/v2\/product_brand?post=1761"},{"taxonomy":"product_cat","embeddable":true,"href":"https:\/\/bibliotecajuridicavirtual.cl\/index.php\/wp-json\/wp\/v2\/product_cat?post=1761"},{"taxonomy":"product_tag","embeddable":true,"href":"https:\/\/bibliotecajuridicavirtual.cl\/index.php\/wp-json\/wp\/v2\/product_tag?post=1761"}],"curies":[{"name":"wp","href":"https:\/\/api.w.org\/{rel}","templated":true}]}}