{"id":1770,"date":"2026-02-28T00:55:05","date_gmt":"2026-02-28T03:55:05","guid":{"rendered":"https:\/\/bibliotecajuridicavirtual.cl\/?post_type=product&#038;p=1770"},"modified":"2026-02-28T00:55:34","modified_gmt":"2026-02-28T03:55:34","slug":"criterios-jurisprudenciales-de-los-tribunales-superiores-de-justicia-volumen-ii-felipe-valenzuela-quiros","status":"publish","type":"product","link":"https:\/\/bibliotecajuridicavirtual.cl\/index.php\/product\/criterios-jurisprudenciales-de-los-tribunales-superiores-de-justicia-volumen-ii-felipe-valenzuela-quiros\/","title":{"rendered":"Criterios Jurisprudenciales de los Tribunales Superiores de Justicia, Volumen II &#8211; Felipe Valenzuela Quiros"},"content":{"rendered":"<p>Esta obra contiene 130 de las principales sentencias y tendencias jurisprudenciales de los tribunales superiores de justicia de Chile, en Derecho Civil, Procesal Civil, Inmobiliario y Construcci\u00f3n, Administrativo, Ambiental y El\u00e9ctrico, del a\u00f1o 2023. \u200b\u200bLos casos son resumidos por el autor, para luego incorporar los considerandos m\u00e1s relevantes de cada sentencia y as\u00ed facilitar su estudio y trazar los criterios jurisprudenciales de los tribunales.\u200b\u200bTambi\u00e9n contiene art\u00edculos escritos por abogados y acad\u00e9micos l\u00edderes en cada materia, los cuales analizan importantes puntos de derecho y tendencias jurisprudenciales llevadas adelante por los tribunales. \u200bEstos elementos hacen que esta obra sea necesaria para todos los que ejercen ante los tribunales de justicia y los \u00f3rganos de la administraci\u00f3n del Estado, para quienes en la academia estudian e investigan sobre estas materias y para funcionarios y jueces que, ineludiblemente, deben estar al d\u00eda sobre la jurisprudencia cuando conocen y resuelven los casos. \u200b<\/p>\n<p dir=\"ltr\"><strong>INTRODUCCI\u00d3N<br \/>\n<\/strong><strong>AD BONUM COMMUNE<\/p>\n<p><\/strong><\/p>\n<p dir=\"ltr\">I. El Derecho en la tradici\u00f3n jur\u00eddica cl\u00e1sica<\/p>\n<p dir=\"ltr\">II. Una propuesta de modelo para la creaci\u00f3n de jurisprudencia<br \/>\nIII. Deferencia y direcci\u00f3n<br \/>\nIV. Restaurando nuestras instituciones<\/p>\n<p><strong>PRIMER CAP\u00cdTULO<br \/>\n<\/strong><strong>DERECHO CIVIL<\/strong><\/p>\n<p dir=\"ltr\">I. Introducci\u00f3n. Introducci\u00f3n del Cap\u00edtulo sobre Derecho Civil del Volumen II<br \/>\nPedro Zelaya Etchegaray<br \/>\nII. Jurisprudencia<\/p>\n<p dir=\"ltr\"><strong>SEGUNDO CAP\u00cdTULO\u00a0<\/strong><\/p>\n<p dir=\"ltr\"><strong>DERECHO INMOBILIARIO Y CONSTRUCCI\u00d3N<\/strong><\/p>\n<p dir=\"ltr\">I. Introducci\u00f3n. Introducci\u00f3n a los criterios jurisprudenciales asentados en\u00a0 la industria inmobiliaria y de la construcci\u00f3n. \u00c9nfasis en\u00a0 las modalidades de ejecuci\u00f3n de obra y el deber de colaboraci\u00f3n<br \/>\nRicardo Padilla Parot<\/p>\n<p dir=\"ltr\">II. Jurisprudencia<\/p>\n<p><strong>TERCER CAP\u00cdTULO<br \/>\n<\/strong><strong>DERECHO PROCESA CIVIL<\/p>\n<p><\/strong><\/p>\n<p dir=\"ltr\">I. Introducci\u00f3n<br \/>\nII. Jurisprudencia<\/p>\n<p><strong>CAP\u00cdTULO CUARTO<br \/>\n<\/strong><strong>DERECHO ADMINISTRATIVO<br \/>\n<\/strong><br \/>\nI. Introducci\u00f3n. Comentario sentencias Derecho Administrativo a\u00f1o 2023<br \/>\nPablo Andr\u00e9s Alarc\u00f3n Ja\u00f1a<\/p>\n<p dir=\"ltr\">\nII. Jurisprudencia<\/p>\n<p dir=\"ltr\">\n<strong>QUINTO CAP\u00cdTULO<br \/>\n<\/strong><strong>DERECHO AMBIENTAL<br \/>\n<\/strong><br \/>\nI. Introducci\u00f3n<br \/>\nAlejandro Ruiz Fabres<\/p>\n<p dir=\"ltr\">II. Jurisprudencia<\/p>\n<p dir=\"ltr\"><strong>SEXTO CAP\u00cdTULO<br \/>\n<\/strong><strong>DERECHO EL\u00c9CTRICO<\/strong><\/p>\n<p dir=\"ltr\">I. Introducci\u00f3n. Responsabilidad de las Concesionarias de Servicio P\u00fablico El\u00e9ctrico a partir de su deber de mantenci\u00f3n de las instalaciones el\u00e9ctricas<br \/>\nCarolina Matthei Da Bove<\/p>\n<p dir=\"ltr\">II. Jurisprudencia<\/p>\n","protected":false},"excerpt":{"rendered":"<p>Edici\u00f3n Actualizada Septiembre a\u00f1o 2024 \/ Env\u00edos a todo Chile &#8211; Starken-Correos<\/p>\n<p>Escr\u00edbenos al +56930565235 Vis\u00edtanos en www.bibliotecajuridicavirtual.cl<\/p>\n<p>Te esperamos!<\/p>\n","protected":false},"featured_media":1817,"comment_status":"open","ping_status":"closed","template":"","meta":{"inline_featured_image":false,"_joinchat":[]},"product_brand":[],"product_cat":[45,27,48,26,31,46,49,42],"product_tag":[],"class_list":{"0":"post-1770","1":"product","2":"type-product","3":"status-publish","4":"has-post-thumbnail","6":"product_cat-administrativo","7":"product_cat-civil","8":"product_cat-comercial","9":"product_cat-derecho","10":"product_cat-derecho-ambiental","11":"product_cat-derecho-arbitral","12":"product_cat-juzgado-de-policia-local","13":"product_cat-thomson-reuters","15":"first","16":"instock","17":"shipping-taxable","18":"purchasable","19":"product-type-simple"},"_links":{"self":[{"href":"https:\/\/bibliotecajuridicavirtual.cl\/index.php\/wp-json\/wp\/v2\/product\/1770","targetHints":{"allow":["GET"]}}],"collection":[{"href":"https:\/\/bibliotecajuridicavirtual.cl\/index.php\/wp-json\/wp\/v2\/product"}],"about":[{"href":"https:\/\/bibliotecajuridicavirtual.cl\/index.php\/wp-json\/wp\/v2\/types\/product"}],"replies":[{"embeddable":true,"href":"https:\/\/bibliotecajuridicavirtual.cl\/index.php\/wp-json\/wp\/v2\/comments?post=1770"}],"wp:featuredmedia":[{"embeddable":true,"href":"https:\/\/bibliotecajuridicavirtual.cl\/index.php\/wp-json\/wp\/v2\/media\/1817"}],"wp:attachment":[{"href":"https:\/\/bibliotecajuridicavirtual.cl\/index.php\/wp-json\/wp\/v2\/media?parent=1770"}],"wp:term":[{"taxonomy":"product_brand","embeddable":true,"href":"https:\/\/bibliotecajuridicavirtual.cl\/index.php\/wp-json\/wp\/v2\/product_brand?post=1770"},{"taxonomy":"product_cat","embeddable":true,"href":"https:\/\/bibliotecajuridicavirtual.cl\/index.php\/wp-json\/wp\/v2\/product_cat?post=1770"},{"taxonomy":"product_tag","embeddable":true,"href":"https:\/\/bibliotecajuridicavirtual.cl\/index.php\/wp-json\/wp\/v2\/product_tag?post=1770"}],"curies":[{"name":"wp","href":"https:\/\/api.w.org\/{rel}","templated":true}]}}