{"id":1772,"date":"2026-02-28T00:55:05","date_gmt":"2026-02-28T03:55:05","guid":{"rendered":"https:\/\/bibliotecajuridicavirtual.cl\/?post_type=product&#038;p=1772"},"modified":"2026-02-28T00:55:36","modified_gmt":"2026-02-28T03:55:36","slug":"codigo-penal-sistematizado-con-jurisprudencia-5ta-edicion-actualizada-ano-2024-veronica-barrera-miranda-1-252-paginas","status":"publish","type":"product","link":"https:\/\/bibliotecajuridicavirtual.cl\/index.php\/product\/codigo-penal-sistematizado-con-jurisprudencia-5ta-edicion-actualizada-ano-2024-veronica-barrera-miranda-1-252-paginas\/","title":{"rendered":"C\u00f3digo Penal, Sistematizado con Jurisprudencia, 5ta. edici\u00f3n actualizada a\u00f1o 2024 \/ Ver\u00f3nica Barrera Miranda &#8211; 1.252 P\u00e1ginas"},"content":{"rendered":"<h1 class=\"product_title entry-title\">C\u00f3digo Penal, Sistematizado con Jurisprudencia, Quinta Edici\u00f3n<\/h1>\n<p class=\"thomsonreuterscl-dynamic-description-0-x-dynamicDescriptionItem\">En esta nueva edici\u00f3n del C\u00f3digo Penal Sistematizado con Jurisprudencia, no solo se ha realizado un trabajo de actualizaci\u00f3n normativa y de las concordancias que relacionan su articulado con aquellas otras normas legales con que se vincula, sino que, adem\u00e1s y principalmente, se ha realizado una selecci\u00f3n y ampliaci\u00f3n de la jurisprudencia, relacionada con cada art\u00edculo de esta norma.\u200b<\/p>\n<p class=\"thomsonreuterscl-dynamic-description-0-x-dynamicDescriptionItem\">\n<p class=\"thomsonreuterscl-dynamic-description-0-x-dynamicDescriptionItem\">\u200bEsta versi\u00f3n es el resultado del trabajo y la experiencia que el equipo editorial de Thomson Reuters ha adquirido durante a\u00f1os en el manejo de la normativa legal en nuestras diversas publicaciones impresas y electr\u00f3nicas, y en la selecci\u00f3n y an\u00e1lisis de la jurisprudencia emitida por los tribunales de justicia y los organismos administrativos nacionales.<\/p>\n","protected":false},"excerpt":{"rendered":"<p>C\u00f3digo Civil. Edici\u00f3n Estudiantil 2025 Javier Barrientos Grandon (Director) NUEVO FORMATO ANILLOS, TAPA DURA LUJO.<br \/>\nBuscas un libro Jur\u00eddico.? Lo puedes encontrar en nuestra tienda virtual.<br \/>\nContamos con prestigiosos autores y muchas alternativas en sus diferentes materias al igual que grandes descuentos.! Vis\u00edtanos en <a class=\"CrCGXEFrSeQMLGjdFHyODrzPbntGyfKQyPBYE \" tabindex=\"0\" href=\"https:\/\/lnkd.in\/eiAG7jdZ\" target=\"_blank\" rel=\"noopener\" data-test-app-aware-link=\"\">https:\/\/lnkd.in\/eiAG7jdZ<\/a><br \/>\nEscr\u00edbenos al +56930565235 \/ <a class=\"CrCGXEFrSeQMLGjdFHyODrzPbntGyfKQyPBYE \" tabindex=\"0\" href=\"mailto:ventaslegallexglobal@gmail.com\" target=\"_self\" data-test-app-aware-link=\"\">ventaslegallexglobal@gmail.com<\/a><br \/>\nHacemos env\u00edos a todo Chile \u2013 Starken o Correos Chile \/ Te esperamos<\/p>\n","protected":false},"featured_media":1819,"comment_status":"open","ping_status":"closed","template":"","meta":{"inline_featured_image":false,"_joinchat":[]},"product_brand":[],"product_cat":[30],"product_tag":[],"class_list":{"0":"post-1772","1":"product","2":"type-product","3":"status-publish","4":"has-post-thumbnail","6":"product_cat-penal","8":"first","9":"instock","10":"shipping-taxable","11":"purchasable","12":"product-type-simple"},"_links":{"self":[{"href":"https:\/\/bibliotecajuridicavirtual.cl\/index.php\/wp-json\/wp\/v2\/product\/1772","targetHints":{"allow":["GET"]}}],"collection":[{"href":"https:\/\/bibliotecajuridicavirtual.cl\/index.php\/wp-json\/wp\/v2\/product"}],"about":[{"href":"https:\/\/bibliotecajuridicavirtual.cl\/index.php\/wp-json\/wp\/v2\/types\/product"}],"replies":[{"embeddable":true,"href":"https:\/\/bibliotecajuridicavirtual.cl\/index.php\/wp-json\/wp\/v2\/comments?post=1772"}],"wp:featuredmedia":[{"embeddable":true,"href":"https:\/\/bibliotecajuridicavirtual.cl\/index.php\/wp-json\/wp\/v2\/media\/1819"}],"wp:attachment":[{"href":"https:\/\/bibliotecajuridicavirtual.cl\/index.php\/wp-json\/wp\/v2\/media?parent=1772"}],"wp:term":[{"taxonomy":"product_brand","embeddable":true,"href":"https:\/\/bibliotecajuridicavirtual.cl\/index.php\/wp-json\/wp\/v2\/product_brand?post=1772"},{"taxonomy":"product_cat","embeddable":true,"href":"https:\/\/bibliotecajuridicavirtual.cl\/index.php\/wp-json\/wp\/v2\/product_cat?post=1772"},{"taxonomy":"product_tag","embeddable":true,"href":"https:\/\/bibliotecajuridicavirtual.cl\/index.php\/wp-json\/wp\/v2\/product_tag?post=1772"}],"curies":[{"name":"wp","href":"https:\/\/api.w.org\/{rel}","templated":true}]}}