{"id":1774,"date":"2026-02-28T00:55:06","date_gmt":"2026-02-28T03:55:06","guid":{"rendered":"https:\/\/bibliotecajuridicavirtual.cl\/?post_type=product&#038;p=1774"},"modified":"2026-02-28T00:55:37","modified_gmt":"2026-02-28T03:55:37","slug":"tratado-de-contratos-4a-edicion-5-tomos-rodrigo-bercovitz-rodriguez-cano","status":"publish","type":"product","link":"https:\/\/bibliotecajuridicavirtual.cl\/index.php\/product\/tratado-de-contratos-4a-edicion-5-tomos-rodrigo-bercovitz-rodriguez-cano\/","title":{"rendered":"Tratado de Contratos 4\u00aa edici\u00f3n 5 tomos &#8211; Rodrigo Bercovitz Rodr\u00edguez-Cano"},"content":{"rendered":"<p>Esta cuarta edici\u00f3n del Tratado de Contratos sigue incluyendo una parte general y los distintos contratos civiles y mercantiles. Sale a la luz totalmente actualizada, y destinada, como las tres anteriores ediciones, a los profesionales del Derecho, que podr\u00e1n encontrar soluciones a sus problemas, debidamente argumentadas. La dimensi\u00f3n pr\u00e1ctica de la obra se completa con la inclusi\u00f3n de formularios de los distintos contratos en cada uno de los cap\u00edtulos, formularios que se han elaborado rigurosamente al ir acompa\u00f1ados de comentarios referidos al tratamiento dado al contrato en cuesti\u00f3n. El Tratado consta de cinco vol\u00famenes para dar una visi\u00f3n te\u00f3rica y pr\u00e1ctica de la contrataci\u00f3n, tanto civil como mercantil, a trav\u00e9s de un completo estudio de la doctrina y la jurisprudencia espa\u00f1olas.<\/p>\n","protected":false},"excerpt":{"rendered":"<p>Coordinadores: Nieves Moralejo Imbernon Mar\u00eda Susana Quicios Molina Sebasti\u00e1n L\u00f3pez Maza<\/p>\n<p>4\u00b0 Edici\u00f3n actualizada Septiembre a\u00f1o 2024 &#8211; 7.952 P\u00e1ginas (Obra de 5 tomos) Tapa dura<\/p>\n<p>Escr\u00edbenos al +56930565235 \/ Visita www.bibliotecajuridicavirtual.cl<\/p>\n<p>Env\u00edos a todo Chile Starken &#8211;\u00a0 Correos<\/p>\n","protected":false},"featured_media":1821,"comment_status":"open","ping_status":"closed","template":"","meta":{"inline_featured_image":false,"_joinchat":[]},"product_brand":[],"product_cat":[27,26],"product_tag":[],"class_list":{"0":"post-1774","1":"product","2":"type-product","3":"status-publish","4":"has-post-thumbnail","6":"product_cat-civil","7":"product_cat-derecho","9":"first","10":"instock","11":"shipping-taxable","12":"purchasable","13":"product-type-simple"},"_links":{"self":[{"href":"https:\/\/bibliotecajuridicavirtual.cl\/index.php\/wp-json\/wp\/v2\/product\/1774","targetHints":{"allow":["GET"]}}],"collection":[{"href":"https:\/\/bibliotecajuridicavirtual.cl\/index.php\/wp-json\/wp\/v2\/product"}],"about":[{"href":"https:\/\/bibliotecajuridicavirtual.cl\/index.php\/wp-json\/wp\/v2\/types\/product"}],"replies":[{"embeddable":true,"href":"https:\/\/bibliotecajuridicavirtual.cl\/index.php\/wp-json\/wp\/v2\/comments?post=1774"}],"wp:featuredmedia":[{"embeddable":true,"href":"https:\/\/bibliotecajuridicavirtual.cl\/index.php\/wp-json\/wp\/v2\/media\/1821"}],"wp:attachment":[{"href":"https:\/\/bibliotecajuridicavirtual.cl\/index.php\/wp-json\/wp\/v2\/media?parent=1774"}],"wp:term":[{"taxonomy":"product_brand","embeddable":true,"href":"https:\/\/bibliotecajuridicavirtual.cl\/index.php\/wp-json\/wp\/v2\/product_brand?post=1774"},{"taxonomy":"product_cat","embeddable":true,"href":"https:\/\/bibliotecajuridicavirtual.cl\/index.php\/wp-json\/wp\/v2\/product_cat?post=1774"},{"taxonomy":"product_tag","embeddable":true,"href":"https:\/\/bibliotecajuridicavirtual.cl\/index.php\/wp-json\/wp\/v2\/product_tag?post=1774"}],"curies":[{"name":"wp","href":"https:\/\/api.w.org\/{rel}","templated":true}]}}