{"id":1777,"date":"2026-02-28T00:55:06","date_gmt":"2026-02-28T03:55:06","guid":{"rendered":"https:\/\/bibliotecajuridicavirtual.cl\/?post_type=product&#038;p=1777"},"modified":"2026-02-28T00:55:39","modified_gmt":"2026-02-28T03:55:39","slug":"derecho-administrativo-sancionador-iberoamericano-jorge-femenias-rosa-fernanda-gomez-gonzalez-1edicion-actualizada-octubre-2024-1-268-paginas","status":"publish","type":"product","link":"https:\/\/bibliotecajuridicavirtual.cl\/index.php\/product\/derecho-administrativo-sancionador-iberoamericano-jorge-femenias-rosa-fernanda-gomez-gonzalez-1edicion-actualizada-octubre-2024-1-268-paginas\/","title":{"rendered":"Derecho Administrativo Sancionador Iberoamericano. Jorge Femen\u00edas &#8211; Rosa Fernanda G\u00f3mez Gonz\u00e1lez &#8211; 1\u00b0edici\u00f3n actualizada Octubre 2024 * 1.268 P\u00e1ginas"},"content":{"rendered":"<p>En un mundo globalizado, la evoluci\u00f3n del derecho administrativo sancionador<br \/>\nen Iberoam\u00e9rica se ha convertido en un pilar fundamental para el fortalecimiento<br \/>\ndel Estado de Derecho y la protecci\u00f3n de los derechos fundamentales.<br \/>\nEste libro ofrece un an\u00e1lisis exhaustivo y comparado de los sistemas sancionadores<br \/>\nen diversos pa\u00edses de la regi\u00f3n (Chile, Colombia, Espa\u00f1a, M\u00e9xico y Per\u00fa),<br \/>\nproporcionando una visi\u00f3n integral de su desarrollo, sus desaf\u00edos actuales y sus<br \/>\nperspectivas futuras.<br \/>\nA trav\u00e9s de una rigurosa investigaci\u00f3n y la colaboraci\u00f3n de destacados expertos<br \/>\nen la materia, se abordan temas clave como los principios del derecho sancionador,<br \/>\nla proporcionalidad de las sanciones, las garant\u00edas procesales y el control<br \/>\njudicial de las decisiones administrativas. Este compendio no solo es una<br \/>\nreferencia imprescindible para acad\u00e9micos y profesionales del derecho, sino<br \/>\ntambi\u00e9n una herramienta valiosa para legisladores y autoridades administrativas<br \/>\nen busca de mejorar y armonizar sus sistemas normativos.<br \/>\nEn suma, esta obra, adem\u00e1s de ofrecer una profunda reflexi\u00f3n te\u00f3rica, presenta<br \/>\nexperiencias comparadas que enriquecen el debate sobre los desaf\u00edos del derecho<br \/>\nadministrativo sancionador en Iberoam\u00e9rica.<\/p>\n<p>\u00cdndice<br \/>\nAbreviaturas\u00a0\u00a0 \u00a0\u00a0\u00a0 \u00a015<br \/>\nPresentaci\u00f3n de los Editores\u00a0\u00a0 \u00a0\u00a0\u00a0 \u00a021<br \/>\nJorge A. Femen\u00edas Salas<br \/>\nRosa Fernanda G\u00f3mez Gonz\u00e1lez<br \/>\nPalabras del Decano de la Facultad de Derecho de la Universidad de los Andes, Chile\u00a0\u00a0 \u00a0\u00a0\u00a0 \u00a025<br \/>\nJos\u00e9 Ignacio Mart\u00ednez Estay<br \/>\nPalabras del Decano de la Facultad de Derecho de la Pontificia Universidad Cat\u00f3lica de Chile\u00a0\u00a0 \u00a0\u00a0\u00a0 \u00a027<br \/>\nGabriel Bocksang Hola<br \/>\nIn memoriam de Alejandro Nieto: su influencia en el derecho administrativo sancionador nacional\u00a0\u00a0 \u00a0\u00a0\u00a0 \u00a029<br \/>\nRosa Fernanda G\u00f3mez Gonz\u00e1lez<br \/>\nPrimera Parte<br \/>\nR\u00e9gimen general del Derecho administrativo Sancionatorio<br \/>\nCap\u00edtulo Primero<br \/>\nConcepto y fundamento de la infracci\u00f3n y sanci\u00f3n administrativa\u00a0\u00a0 \u00a0\u00a0\u00a0 \u00a037<br \/>\nLa distinci\u00f3n entre la infracci\u00f3n administrativa y el delito\u00a0\u00a0 \u00a0\u00a0\u00a0 \u00a039<br \/>\nManuel G\u00f3mez Tomillo<br \/>\nNaturaleza de las infracciones administrativas\u00a0\u00a0 \u00a0\u00a0\u00a0 \u00a075<br \/>\njaime Arancibia Mattar<br \/>\nEl contenido simb\u00f3lico de la pena y su capacidad para proveer distinci\u00f3n con las sanciones administrativas\u00a0\u00a0 \u00a0\u00a0\u00a0 \u00a095<br \/>\nGonzalo Garc\u00eda Palominos<br \/>\nLa expansi\u00f3n de las sanciones administrativas y la necesidad de una ley general\u00a0\u00a0 \u00a0\u00a0\u00a0 \u00a0129<br \/>\nTom\u00e1s Cano Campos<br \/>\nLa desafiante tarea de comparar sistemas de derecho administrativo: el caso de las sanciones administrativas\u00a0\u00a0 \u00a0\u00a0\u00a0 \u00a0155<br \/>\nGuillermo Jim\u00e9nez Salas y Mart\u00edn Loo Guti\u00e9rrez<br \/>\nJurisprudencia funcionalista en materia de sanciones administrativas\u00a0\u00a0 \u00a0\u00a0\u00a0 \u00a0175<br \/>\nRa\u00fal Letelier Wartenberg y<br \/>\nTamara Arancibia Madriaga<br \/>\nRevisi\u00f3n judicial de sanciones administrativas: una mirada al dise\u00f1o institucional\u00a0\u00a0 \u00a0\u00a0\u00a0 \u00a0205<br \/>\nPablo M\u00e9ndez Ort\u00edz<br \/>\n\u00bfQu\u00e9 ha sido de la \u201csanci\u00f3n administrativa\u201d en Chile? \u00a0\u00a0 \u00a0\u00a0\u00a0 \u00a0233<br \/>\nNicol\u00e1s Enteiche Rosales<br \/>\nDise\u00f1o institucional y estrategia punitiva: incentivos para el foco en la sanci\u00f3n y para la regulaci\u00f3n responsiva\u00a0\u00a0 \u00a0\u00a0\u00a0 \u00a0257<br \/>\nCamilo Lled\u00f3 Veloso<br \/>\nIllecito pubblico, sanzioni amministrative e paesaggio\u00a0\u00a0 \u00a0\u00a0\u00a0 \u00a0281<br \/>\nGiuseppe Piperata<br \/>\nEl derecho administrativo sancionador latinoamericano: otro cap\u00edtulo en la construcci\u00f3n del Ius Publicum Commune\u00a0\u00a0 \u00a0\u00a0\u00a0 \u00a0295<br \/>\nSamuel Baena Carrillo<br \/>\nEl uso de la inteligencia artificial generativa en derecho administrativo sancionador: fronteras y directrices\u00a0\u00a0 \u00a0\u00a0\u00a0 \u00a0323<br \/>\nGonzalo \u00c1lvarez Seura<br \/>\nCap\u00edtulo Segundo<br \/>\nPrincipios que rigen el ejercicio de la potestad administrativa sancionadora\u00a0\u00a0 \u00a0\u00a0\u00a0 \u00a0337<br \/>\nPrincipios generales del derecho administrativo sancionador: fundamento constitucional y legal, derecho penal y derecho administrativo, principios sustantivos y procedimentales\u00a0\u00a0 \u00a0\u00a0\u00a0 \u00a0339<br \/>\nJoan Manuel Trayter Jim\u00e9nez<br \/>\nLa culpabilidad de las personas f\u00edsicas en el derecho administrativo sancionador\u00a0\u00a0 \u00a0\u00a0\u00a0 \u00a0363<br \/>\nAlberto Pic\u00f3n Arranz<br \/>\nCulpabilidad y sanciones administrativas: el r\u00e9gimen m\u00ednimo\u00a0\u00a0 \u00a0\u00a0\u00a0 \u00a0401<br \/>\nPablo Soto Delgado<br \/>\nEl g\u00e9nero del ius puniendi p\u00fablico en Colombia: dificultades que se generan en sus diversas especies en torno al respeto del non bis in idem\u00a0\u00a0 \u00a0\u00a0\u00a0 \u00a0419<br \/>\nMar\u00eda Raquel Molina Otero<br \/>\nEl principio de oportunidad en el derecho administrativo sancionatorio: \u00bfun paso m\u00e1s en la penalizaci\u00f3n de las sanciones administrativas en Colombia?\u00a0\u00a0 \u00a0\u00a0\u00a0 \u00a0459<br \/>\nAndr\u00e9s Fernando Ospina Garz\u00f3n<br \/>\nPrincipio de congruencia en el procedimiento sancionador\u00a0\u00a0 \u00a0\u00a0\u00a0 \u00a0487<br \/>\nCrist\u00f3bal Salvador Osorio Vargas<br \/>\nCap\u00edtulo Tercero<br \/>\nProcedimiento administrativo sancionador\u00a0\u00a0 \u00a0\u00a0\u00a0 \u00a0509<br \/>\nAspectos nucleares del procedimiento administrativo sancionador\u00a0\u00a0 \u00a0\u00a0\u00a0 \u00a0511<br \/>\nI\u00f1igo Sanz Rubiales<br \/>\nEl incumplimiento del deber de cuidado como presupuesto de la responsabilidad sancionadora y penal -la prueba de la infracci\u00f3n de los deberes de diligencia-\u00a0\u00a0 \u00a0\u00a0\u00a0 \u00a0535<br \/>\nRicardo Rivero Ortega<br \/>\nCaracterizaci\u00f3n jur\u00eddica del procedimiento administrativo sancionador en el ordenamiento jur\u00eddico peruano\u00a0\u00a0 \u00a0\u00a0\u00a0 \u00a0547<br \/>\nDiego Zegarra Valdivia<br \/>\nEl c\u00f3mputo del plazo de caducidad en el procedimiento administrativo sancionador peruano\u00a0\u00a0 \u00a0\u00a0\u00a0 \u00a0593<br \/>\nV\u00edctor Sebasti\u00e1n Baca Oneto<br \/>\n\u00bfSon exigibles los actos administrativos sancionatorios que est\u00e1n siendo impugnados ante tribunales?\u00a0\u00a0 \u00a0\u00a0\u00a0 \u00a0619<br \/>\nMat\u00edas Larroulet Philippi<br \/>\nSegunda Parte<br \/>\nAlgunos reg\u00edmenes administrativos sancionatorios especiales<br \/>\nCap\u00edtulo Primero<br \/>\nR\u00e9gimen administrativo sancionador en materia ambiental e h\u00eddrica\u00a0\u00a0 \u00a0\u00a0\u00a0 \u00a0649<br \/>\nLa cl\u00e1usula sancionadora en la normativa ambiental de la Uni\u00f3n Europea\u00a0\u00a0 \u00a0\u00a0\u00a0 \u00a0651<br \/>\nCovadonga Isabel Ballesteros Panizo<br \/>\nEl rumbo del derecho sancionador peruano: ius puniendi y control de la potestad sancionadora\u00a0\u00a0 \u00a0\u00a0\u00a0 \u00a0671<br \/>\nOrlando Vignolo Cueva<br \/>\nAvances y retos del procedimiento sancionatorio ambiental en Colombia\u00a0\u00a0 \u00a0\u00a0\u00a0 \u00a0697<br \/>\nMar\u00eda del Pilar Garc\u00eda Pach\u00f3n<br \/>\nLa aplicaci\u00f3n con \u201cmatices\u201d de los principios del derecho penal al derecho administrativo sancionatorio ambiental\u00a0\u00a0 \u00a0\u00a0\u00a0 \u00a0727<br \/>\nJuan Carlos Ferrada B\u00f3rquez<br \/>\nResponsabilidad punitiva ambiental: el rol de la sanci\u00f3n administrativa en el il\u00edcito penal\u00a0\u00a0 \u00a0\u00a0\u00a0 \u00a0753<br \/>\nGustavo Alarc\u00f3n del Pino<br \/>\nPlanes de cumplimiento ambiental y sanciones administrativas: herramientas cruciales para la protecci\u00f3n del medio ambiente en Chile\u00a0\u00a0 \u00a0\u00a0\u00a0 \u00a0779<br \/>\nGladys Camacho C\u00e9peda<br \/>\nConfianza leg\u00edtima como l\u00edmite de las sanciones ambientales: el caso de la consulta de pertinencia\u00a0\u00a0 \u00a0\u00a0\u00a0 \u00a0803<br \/>\nIv\u00e1n Hunter Ampuero<br \/>\nProgramas de cumplimiento y da\u00f1o ambiental en Chile: aplicaci\u00f3n de los principios del derecho sancionatorio para una recta interpretaci\u00f3n sobre su compatibilidad\u00a0\u00a0 \u00a0\u00a0\u00a0 \u00a0827<br \/>\nJorge A. Femen\u00edas Salas<br \/>\nPrincipio de proporcionalidad y eficacia de las sanciones administrativas en la tutela del medio ambiente\u00a0\u00a0 \u00a0\u00a0\u00a0 \u00a0849<br \/>\nAlina del Carmen Nettel Barrera y<br \/>\nAlejandro D\u00edaz Reyes<br \/>\nBreves apuntes sobre las medidas administrativas aplicables en el marco de los procedimientos administrativos de fiscalizaci\u00f3n y sanci\u00f3n ambiental en el ordenamiento jur\u00eddico peruano\u00a0\u00a0 \u00a0\u00a0\u00a0 \u00a0871<br \/>\nRam\u00f3n Huapaya Tapia<br \/>\nAn\u00e1lisis cr\u00edtico del r\u00e9gimen de cumplimiento y sanciones en el nuevo C\u00f3digo de Aguas\u00a0\u00a0 \u00a0\u00a0\u00a0 \u00a0941<br \/>\nChristian Rojas Calder\u00f3n<br \/>\nRecuento normativo y jurisprudencial sobre la aplicaci\u00f3n administrativa de multas por infracciones al C\u00f3digo de Aguas de Chile\u00a0\u00a0 \u00a0\u00a0\u00a0 \u00a0979<br \/>\nDaniela Rivera Bravo<br \/>\nCap\u00edtulo Segundo<br \/>\nReg\u00edmenes sancionatorios administrativos en sectores regulados\u00a0\u00a0 \u00a0\u00a0\u00a0 \u00a01011<br \/>\nSobre la caducidad de la concesi\u00f3n de servicios sanitarios\u00a0\u00a0 \u00a0\u00a0\u00a0 \u00a01013<br \/>\nJos\u00e9 Miguel Valdivia<br \/>\nR\u00e9gimen jur\u00eddico de las infracciones y sanciones urban\u00edsticas\u00a0\u00a0 \u00a0\u00a0\u00a0 \u00a01027<br \/>\nRosa Fernanda G\u00f3mez Gonz\u00e1lez<br \/>\nDerecho sancionatorio urbanistico encubierto en las normas de convivencia: disminuci\u00f3n de garant\u00edas sustanciales y procedimentales\u00a0\u00a0 \u00a0\u00a0\u00a0 \u00a01053<br \/>\nJorge Iv\u00e1n Rinc\u00f3n C\u00f3rdoba<br \/>\nMultas en los contratos administrativos: \u00bfsanciones administrativas? Reflexiones bajo la \u201cnueva ley de compras p\u00fablicas\u201d.\u00a0\u00a0 \u00a0\u00a0\u00a0 \u00a01099<br \/>\nPablo Andr\u00e9s Alarc\u00f3n Ja\u00f1a y<br \/>\nJos\u00e9 Luis Lara Arroyo<br \/>\nSanciones en el contrato p\u00fablico: razones para ir del garrote a la zanahoria\u00a0\u00a0 \u00a0\u00a0\u00a0 \u00a01125<br \/>\nClaudio Moraga Klenner<br \/>\nLas garant\u00edas m\u00ednimas de las empresas en el derecho europeo de la competencia\u00a0\u00a0 \u00a0\u00a0\u00a0 \u00a01147<br \/>\nLuc\u00eda Alarc\u00f3n Sotomayor<br \/>\nPanorama del derecho administrativo sancionador de la libre y leal competencia econ\u00f3mica en Colombia: viejos problemas y nuevas tendencias\u00a0\u00a0 \u00a0\u00a0\u00a0 \u00a01171<br \/>\nBernardo Carvajal S\u00e1nchez<br \/>\nLas sanciones a las administraciones p\u00fablicas derivadas de infracciones del derecho de la competencia: la problem\u00e1tica figura del facilitador p\u00fablico\u00a0\u00a0 \u00a0\u00a0\u00a0 \u00a01203<br \/>\nJavier Guill\u00e9n Caram\u00e9s<br \/>\nAnexo<br \/>\nCuadro sin\u00f3ptico sobre evoluci\u00f3n normativa de los procedimientos administrativos sancionatorios en Chile\u00a0\u00a0 \u00a0\u00a0\u00a0 \u00a01239<br \/>\nXimena Risco y Javiera Vinet<\/p>\n","protected":false},"excerpt":{"rendered":"<p>Buscas un libro Jur\u00eddico.? Lo puedes encontrar en nuestra tienda virtual.<br \/>\nContamos con prestigiosos autores y muchas alternativas en sus diferentes materias al igual que grandes descuentos.! Vis\u00edtanos en <a class=\"zSvKgyodXUoGbhUhxSWpxUXaFuhWtTKexrM \" tabindex=\"0\" href=\"https:\/\/lnkd.in\/eiAG7jdZ\" target=\"_blank\" rel=\"noopener\" data-test-app-aware-link=\"\">https:\/\/lnkd.in\/eiAG7jdZ<\/a><br \/>\nEscr\u00edbenos al +56930565235 \/ <a class=\"zSvKgyodXUoGbhUhxSWpxUXaFuhWtTKexrM \" tabindex=\"0\" href=\"mailto:ventaslegallexglobal@gmail.com\" target=\"_self\" data-test-app-aware-link=\"\">ventaslegallexglobal@gmail.com<\/a><br \/>\nHacemos env\u00edos a todo Chile \u2013 Starken o Correos Chile \/ Te esperamos<\/p>\n","protected":false},"featured_media":1824,"comment_status":"open","ping_status":"closed","template":"","meta":{"inline_featured_image":false,"_joinchat":[]},"product_brand":[],"product_cat":[45,26,47],"product_tag":[],"class_list":{"0":"post-1777","1":"product","2":"type-product","3":"status-publish","4":"has-post-thumbnail","6":"product_cat-administrativo","7":"product_cat-derecho","8":"product_cat-sin-categorizar","10":"first","11":"instock","12":"shipping-taxable","13":"purchasable","14":"product-type-simple"},"_links":{"self":[{"href":"https:\/\/bibliotecajuridicavirtual.cl\/index.php\/wp-json\/wp\/v2\/product\/1777","targetHints":{"allow":["GET"]}}],"collection":[{"href":"https:\/\/bibliotecajuridicavirtual.cl\/index.php\/wp-json\/wp\/v2\/product"}],"about":[{"href":"https:\/\/bibliotecajuridicavirtual.cl\/index.php\/wp-json\/wp\/v2\/types\/product"}],"replies":[{"embeddable":true,"href":"https:\/\/bibliotecajuridicavirtual.cl\/index.php\/wp-json\/wp\/v2\/comments?post=1777"}],"wp:featuredmedia":[{"embeddable":true,"href":"https:\/\/bibliotecajuridicavirtual.cl\/index.php\/wp-json\/wp\/v2\/media\/1824"}],"wp:attachment":[{"href":"https:\/\/bibliotecajuridicavirtual.cl\/index.php\/wp-json\/wp\/v2\/media?parent=1777"}],"wp:term":[{"taxonomy":"product_brand","embeddable":true,"href":"https:\/\/bibliotecajuridicavirtual.cl\/index.php\/wp-json\/wp\/v2\/product_brand?post=1777"},{"taxonomy":"product_cat","embeddable":true,"href":"https:\/\/bibliotecajuridicavirtual.cl\/index.php\/wp-json\/wp\/v2\/product_cat?post=1777"},{"taxonomy":"product_tag","embeddable":true,"href":"https:\/\/bibliotecajuridicavirtual.cl\/index.php\/wp-json\/wp\/v2\/product_tag?post=1777"}],"curies":[{"name":"wp","href":"https:\/\/api.w.org\/{rel}","templated":true}]}}