{"id":1795,"date":"2026-02-28T00:55:29","date_gmt":"2026-02-28T03:55:29","guid":{"rendered":"https:\/\/bibliotecajuridicavirtual.cl\/?post_type=product&#038;p=1795"},"modified":"2026-02-28T00:55:43","modified_gmt":"2026-02-28T03:55:43","slug":"intervencion-penal-en-la-migracion-el-delito-de-trafico-ilicito-de-migrantes-tania-gajardo-orellana","status":"publish","type":"product","link":"https:\/\/bibliotecajuridicavirtual.cl\/index.php\/product\/intervencion-penal-en-la-migracion-el-delito-de-trafico-ilicito-de-migrantes-tania-gajardo-orellana\/","title":{"rendered":"Intervenci\u00f3n Penal en la Migraci\u00f3n: El Delito de Tr\u00e1fico Il\u00edcito de Migrantes &#8211; Tania Gajardo Orellana"},"content":{"rendered":"<p>Esta obra es la primera en el \u00e1mbito nacional que se sumerge en los principales problemas jur\u00eddicos que presenta la intervenci\u00f3n penal en la gesti\u00f3n de la migraci\u00f3n al sancionar el tr\u00e1fico il\u00edcito de migrantes, con \u00e9nfasis en la delimitaci\u00f3n del injusto penal, m\u00e1s all\u00e1 de la mera definici\u00f3n del bien jur\u00eddico afectado. Comienza con la antesala f\u00e1ctica de los conceptos jur\u00eddicos, que posteriormente se entrelazan para dar vida a las distintas interpretaciones respecto del tipo penal en estudio: el movimiento humano y la autoprotecci\u00f3n del grupo asentado en un territorio.<\/p>\n<p>Recorre el camino a trav\u00e9s del que ambos llegaron a ser los conceptos jur\u00eddicos de mayor relevancia en la discusi\u00f3n: migraci\u00f3n y gesti\u00f3n de fronteras como ejercicio de la soberan\u00eda. Una vez conocido este camino y analizadas las dimensiones que estos van teniendo en distintas \u00e9pocas, tanto a nivel internacional dentro del contexto occidental, como a nivel nacional, se llega a la tipificaci\u00f3n, a la luz del Protocolo de Palermo, del tr\u00e1fico il\u00edcito de migrantes.<\/p>\n<p>El tipo penal se analiza desde una perspectiva novedosa, con \u00e9nfasis en la interpretaci\u00f3n normativa, realzando la importancia de ella en figuras en las que el bien jur\u00eddico no es claro, y que por ello no permite con facilidad una interpretaci\u00f3n teleol\u00f3gica centrada en \u00e9l. Concluye la monograf\u00eda proponiendo un sistema de delitos asociados a la migraci\u00f3n, en el que se delimita el injusto del tr\u00e1fico il\u00edcito de migrantes y con ello se presenta una interpretaci\u00f3n acorde a lo que proh\u00edbe esta controversial figura penal.<\/p>\n<p>CAP\u00cdTULO PRIMERO<br \/>\nPRIMEROS ANTECEDENTES EN LA TIPIFICACI\u00d3N DEL TR\u00c1FICO IL\u00cdCITO DE MIGRANTES. PRELUDIO DE LAS TRATATIVAS DE PALERMO<\/p>\n<p>1. Planteamiento de la relaci\u00f3n. Tr\u00e1nsito desde bases f\u00e1cticas hasta las normativas<\/p>\n<p>2. Antesala f\u00e1ctica: la movilidad humana y la autoprotecci\u00f3n del grupo humano<\/p>\n<p>3. Repercusiones normativas: conceptos jur\u00eddicos de migraci\u00f3n y de gesti\u00f3n de fronteras como ejercicio de la soberan\u00eda<br \/>\n3.1. Los Estados americanos y las primeras pol\u00edticas migratorias en el continente<br \/>\n3.2. Hitos europeos y migraci\u00f3n en Europa pre-Convenci\u00f3n de Palermo<\/p>\n<p>4. La gesti\u00f3n de fronteras y su relaci\u00f3n con el concepto de migraci\u00f3n<\/p>\n<p>5. La migraci\u00f3n y el refugio: nociones y consecuencias jur\u00eddicas<br \/>\n5.1. La migraci\u00f3n<br \/>\n5.2. El refugio<br \/>\n5.3. Relevancia del tratamiento jur\u00eddico diferenciado para el tr\u00e1fico il\u00edcito de migrantes<\/p>\n<p>CAP\u00cdTULO SEGUNDO<br \/>\nLA CONVENCI\u00d3N DE PALERMO Y SUS TRATATIVAS COMO REFUERZO DE LA INTERVENCI\u00d3N PENAL EN LA GESTI\u00d3N DE FRONTERAS<\/p>\n<p>1. Planteamiento: comienzo de la intervenci\u00f3n penal en la migraci\u00f3n en el contexto de los negocios il\u00edcitos<\/p>\n<p>2. La cooperaci\u00f3n internacional: desde los derechos de los trabajadores migrantes a las pol\u00edticas de seguridad<br \/>\n2.1. Primeros instrumentos internacionales: protecci\u00f3n de los trabajadores migrantes<br \/>\n2.2. La influencia de la creaci\u00f3n del espacio com\u00fan europeo<\/p>\n<p>3. Las tratativas de la Convenci\u00f3n de Palermo<br \/>\n3.1. La Convenci\u00f3n<br \/>\n3.2. El Protocolo contra el tr\u00e1fico\/contrabandode migrantes<\/p>\n<p>4. Algunas reflexiones respecto del deber de punici\u00f3n derivado del Protocolo de Palermo<br \/>\n4.1. Delito de transcendencia internacional versus crimen contra el derecho internacional<br \/>\n4.2. Contenido formal del deber de punici\u00f3n del Protocolo de Palermo contra el contrabando de migrantes<br \/>\n4.3. Contenido material de la obligaci\u00f3n de tipificar del Protocolo de Palermo contra el contrabando de migrantes<br \/>\n4.4. Clase de deber de punici\u00f3n y su concreci\u00f3n en la norma nacional<br \/>\n4.5. Estrategias de tipificaci\u00f3n en Espa\u00f1a, Alemania y Estados Unidos<\/p>\n<p>SEGUNDA PARTE<br \/>\nLA DIMENSI\u00d3N PENAL EN LA MIGRACI\u00d3N: \u00c1MBITO NACIONAL<\/p>\n<p>CAP\u00cdTULO TERCERO<\/p>\n<p>1. Planteamiento: desde la protecci\u00f3n administrativa a la penal<\/p>\n<p>2. Dimensi\u00f3n jur\u00eddico-administrativa de la migraci\u00f3n<\/p>\n<p>3. Dimensi\u00f3n jur\u00eddico penal de la migraci\u00f3n<\/p>\n<p>4. Smuggling of migrants como tipo penal de tr\u00e1fico\/contrabando il\u00edcito de migrantes<\/p>\n<p>5. Diferencias y similitudes entre el tr\u00e1fico il\u00edcito de migrantes y la trata de personas<br \/>\n5.1. Descripciones t\u00edpicas del contrabando\/tr\u00e1fico de migrantes y la trata de personas<br \/>\n5.2. Las motivaciones comunes entre ambas figuras: control de fronteras y la etiqueta de los derechos humanos<\/p>\n<p>CAP\u00cdTULO CUARTO<br \/>\nLA APOR\u00cdA DEL BIEN JUR\u00cdDICO: CAMBIO DE PERSPECTIVA<\/p>\n<p>1. Planteamiento: El problema de asunci\u00f3n de bienes tutelados<\/p>\n<p>2. Enfoque desde bienes jur\u00eddicos personal\u00edsimos<br \/>\n2.1. Integridad moral o dignidad humana<br \/>\n2.2. Situaci\u00f3n jur\u00eddico administrativa desmejorada (derechos de los migrantes)<\/p>\n<p>3. Bienes jur\u00eddicos institucionales<br \/>\n3.1. Protecci\u00f3n penal del sistema de control migratorio del Estado<br \/>\n3.2. Soberan\u00eda del Estado y orden p\u00fablico<\/p>\n<p>4. Delito pluriofensivo<\/p>\n<p>5. Breves consideraciones del bien jur\u00eddico en Alemania y Estados Unidos<br \/>\n5.1. Schleuserkriminalit\u00e4t Rechtsgut<br \/>\n5.2. Interest in the Smuggling unauthorized aliens<\/p>\n<p>6. Recepci\u00f3n de las corrientes expuestas en la jurisprudencia chilena<\/p>\n<p>TERCERA PARTE<br \/>\nPROPUESTA DE INTERVENCI\u00d3N PENAL: CONTRABANDO DE MIGRANTES Y SU UNIDAD SISTEM\u00c1TICA<\/p>\n<p>CAP\u00cdTULO QUINTO<\/p>\n<p>1. Planteamiento: Norma primaria e injusto culpable en el contrabando de migrantes<\/p>\n<p>2. Interpretaci\u00f3n normativa de la conducta t\u00edpica en el contrabando de migrantes chileno<\/p>\n<p>3. Conducta t\u00edpica<br \/>\n3.1. La promoci\u00f3n del ingreso ilegal<br \/>\n3.2. La facilitaci\u00f3n del ingreso ilegal<br \/>\n3.3. Identidad contractual y ejecuci\u00f3n perfecta del tipo: la mera actividad como central en la figura<br \/>\n3.4. La producci\u00f3n efectiva del ingreso ilegal como condici\u00f3n impropia de punibilidad y refuerzo de la mera actividad<br \/>\n3.5. El principio de ejecuci\u00f3n de la conducta fuera del territorio nacional: Delito de jurisdicci\u00f3n necesaria<\/p>\n<p>4. La motivaci\u00f3n: el \u00e1nimo de lucro<br \/>\n4.1. Significado espec\u00edfico bajo la identidad contractual<br \/>\n4.2. Interpretaciones del \u00e1nimo de lucro en el contrabando de migrantes<br \/>\n4.3. El efecto multiplicador de la conducta como consecuencia de la motivaci\u00f3n<\/p>\n<p>5. La participaci\u00f3n (\u00bfnecesaria?) del migrante<br \/>\n5.1. El extranjero no residente en el DL 1094<br \/>\n5.2. El extranjero no residente en la Ley N\u00b021.325<\/p>\n<p>6. La entrada ilegal como objeto de la conducta y como prestaci\u00f3n bajo la identidad contractual de la figura<br \/>\n6.1. El control\/selecci\u00f3n en el ingreso de personas<br \/>\n6.2. Derecho al ingreso y expectativas de ingreso<br \/>\n6.3. El sentido de los impedimentos prohibitivos y facultativos de ingreso<\/p>\n<p>CAP\u00cdTULO SEXTO<\/p>\n<p>1. Planteamiento: normas de sanci\u00f3n y propuesta sist\u00e9mica de injusto penal en el contrabando de migrantes chileno<\/p>\n<p>2. Prohibici\u00f3n de realizar negocios con la sustracci\u00f3n de los extranjeros al sistema de selecci\u00f3n estatal: propuesta de injusto en el contrabando de migrantes<\/p>\n<p>3. El equivalente funcional a modo de inter\u00e9s jur\u00eddico protegido<\/p>\n<p>4. Injusto propio del funcionario p\u00fablico fuera del negocio il\u00edcito<\/p>\n<p>5. Normas de sanci\u00f3n referidas al contrabando de migrantes<\/p>\n<p>6. El consentimiento o acuerdo del colaborador necesario adulto y las hip\u00f3tesis agravadas por las situaciones de peligro<br \/>\n6.1. Supuesto de \u201csi se pusiera en peligro\u201d<br \/>\n6.2. El peligro propio del traslado para el ingreso ilegal<br \/>\n6.3. El peligro generado por la intervenci\u00f3n del agente<br \/>\n6.4. Toma de postura acerca de la disponibilidad del migrante<br \/>\n6.5. Falta de consentimiento sobre cualquiera de los posibles peligros del ingreso ilegal<\/p>\n<p>7. La especial situaci\u00f3n de los ni\u00f1os, ni\u00f1as y adolescentes<\/p>\n<p>8. Sistematizaci\u00f3n de las sanciones asociadas al sistema de selecci\u00f3n-control<\/p>\n","protected":false},"excerpt":{"rendered":"<p>EDICI\u00d3N ACTUALIZADA AGOSTO 2024 \/ 494 P\u00e1ginas<\/p>\n<p>Escr\u00edbenos al +56930565235 \/ www.bibliotecajuridicavirtual.cl<\/p>\n<p>Env\u00edos a todo Chile \/ Starken-correos<\/p>\n<p>&nbsp;<\/p>\n","protected":false},"featured_media":1825,"comment_status":"open","ping_status":"closed","template":"","meta":{"inline_featured_image":false,"_joinchat":[]},"product_brand":[],"product_cat":[30],"product_tag":[],"class_list":{"0":"post-1795","1":"product","2":"type-product","3":"status-publish","4":"has-post-thumbnail","6":"product_cat-penal","8":"first","9":"instock","10":"shipping-taxable","11":"purchasable","12":"product-type-simple"},"_links":{"self":[{"href":"https:\/\/bibliotecajuridicavirtual.cl\/index.php\/wp-json\/wp\/v2\/product\/1795","targetHints":{"allow":["GET"]}}],"collection":[{"href":"https:\/\/bibliotecajuridicavirtual.cl\/index.php\/wp-json\/wp\/v2\/product"}],"about":[{"href":"https:\/\/bibliotecajuridicavirtual.cl\/index.php\/wp-json\/wp\/v2\/types\/product"}],"replies":[{"embeddable":true,"href":"https:\/\/bibliotecajuridicavirtual.cl\/index.php\/wp-json\/wp\/v2\/comments?post=1795"}],"wp:featuredmedia":[{"embeddable":true,"href":"https:\/\/bibliotecajuridicavirtual.cl\/index.php\/wp-json\/wp\/v2\/media\/1825"}],"wp:attachment":[{"href":"https:\/\/bibliotecajuridicavirtual.cl\/index.php\/wp-json\/wp\/v2\/media?parent=1795"}],"wp:term":[{"taxonomy":"product_brand","embeddable":true,"href":"https:\/\/bibliotecajuridicavirtual.cl\/index.php\/wp-json\/wp\/v2\/product_brand?post=1795"},{"taxonomy":"product_cat","embeddable":true,"href":"https:\/\/bibliotecajuridicavirtual.cl\/index.php\/wp-json\/wp\/v2\/product_cat?post=1795"},{"taxonomy":"product_tag","embeddable":true,"href":"https:\/\/bibliotecajuridicavirtual.cl\/index.php\/wp-json\/wp\/v2\/product_tag?post=1795"}],"curies":[{"name":"wp","href":"https:\/\/api.w.org\/{rel}","templated":true}]}}