{"id":1797,"date":"2026-02-28T00:55:29","date_gmt":"2026-02-28T03:55:29","guid":{"rendered":"https:\/\/bibliotecajuridicavirtual.cl\/?post_type=product&#038;p=1797"},"modified":"2026-02-28T00:55:46","modified_gmt":"2026-02-28T03:55:46","slug":"compilado-de-normas-de-derecho-penal-y-procesal-penal-2edicion-asociacion-de-fiscales","status":"publish","type":"product","link":"https:\/\/bibliotecajuridicavirtual.cl\/index.php\/product\/compilado-de-normas-de-derecho-penal-y-procesal-penal-2edicion-asociacion-de-fiscales\/","title":{"rendered":"Compilado de Normas de Derecho Penal y Procesal Penal, 2\u00b0Edici\u00f3n \/ Asociaci\u00f3n de Fiscales"},"content":{"rendered":"<p>Decreto N\u00ba 873. Aprueba Convenci\u00f3n Americana sobre Derechos Humanos, denominada \u201cPacto De San Jos\u00e9 de Costa Rica\u201d.<br \/>\nDecreto N\u00ba 1.640. Promulga la Convenci\u00f3n Interamericana para Prevenir, Sancionar y Erradicar la Violencia Contra la Mujer.<br \/>\nDecreto N\u00b0 830. Promulga Convenci\u00f3n sobre los Derechos del Ni\u00f1o.<br \/>\nConstituci\u00f3n Pol\u00edtica de la Rep\u00fablica.<br \/>\nC\u00f3digo Penal.<br \/>\nLey N\u00b0 19.696. Establece C\u00f3digo Procesal Penal.<br \/>\nDecreto N\u00b0 2.226. C\u00f3digo de Justicia Militar.<br \/>\nLey N\u00b0 17.336. Propiedad Intelectual.<br \/>\nLey N\u00b0 17.798. Sobre Control de Armas. Norma refundida, coordinada y sistematizada en Decreto N\u00b0 400.<br \/>\nLey N\u00b0 18.216. Establece penas que indica como sustitutivas a las penas privativas o restrictivas de libertad.<br \/>\nLey N\u00b0 18.290. Ley de Tr\u00e1nsito. Norma refundida, coordinada y sistematizada en Decreto con Fuerza de Ley N\u00b0 1.<br \/>\nLey N\u00b0 18.314. Determina conductas terroristas y fija su penalidad.<br \/>\nLey N\u00b0 19.327. De derechos y deberes en los espect\u00e1culos de f\u00fatbol profesional.<br \/>\nLey N\u00b0 19.640. Establece la Ley Org\u00e1nica Constitucional del Ministerio P\u00fablico.<br \/>\nLey N\u00b0 19.913. Crea la Unidad de An\u00e1lisis Financiero y modifica diversas disposiciones en materia de lavado y blanqueo de activos.<br \/>\nLey N\u00b0 20.000. Sustituye la Ley N\u00ba 19.366, que sanciona el tr\u00e1fico il\u00edcito de estupefacientes y sustancias sicotr\u00f3picas.<br \/>\nLey N\u00b0 20.009. Establece un r\u00e9gimen de limitaci\u00f3n de responsabilidad para titulares o usuarios de tarjetas de pago y transacciones electr\u00f3nicas en caso de extrav\u00edo, hurto, robo o fraude.<br \/>\nLey N\u00b0 20.066. Establece Ley de Violencia Intrafamiliar.<br \/>\nLey N\u00b0 20.084. Establece un sistema de responsabilidad de los adolescentes por infracciones a la ley penal.<br \/>\nLey N\u00b0 20.393. Establece la responsabilidad penal de las personas jur\u00eddicas en los delitos que indica.<br \/>\nLey N\u00b0 21.057. Regula entrevistas grabadas en video y, otras medidas de resguardo a menores de edad, v\u00edctimas de delitos sexuales.<br \/>\nDecreto Ley N\u00b0 2.460. Dicta Ley Org\u00e1nica de Investigaciones de Chile.<\/p>\n<p>&nbsp;<\/p>\n","protected":false},"excerpt":{"rendered":"<p>Escr\u00edbenos al +56930565235 \/ www.bibliotecajuridicavirtual<\/p>\n<p>Env\u00edos a todo Chile &#8211; Starken-correos<\/p>\n<p>&nbsp;<\/p>\n","protected":false},"featured_media":1827,"comment_status":"open","ping_status":"closed","template":"","meta":{"inline_featured_image":false,"_joinchat":[]},"product_brand":[],"product_cat":[30,34],"product_tag":[],"class_list":{"0":"post-1797","1":"product","2":"type-product","3":"status-publish","4":"has-post-thumbnail","6":"product_cat-penal","7":"product_cat-procesal-penal","9":"first","10":"instock","11":"shipping-taxable","12":"purchasable","13":"product-type-simple"},"_links":{"self":[{"href":"https:\/\/bibliotecajuridicavirtual.cl\/index.php\/wp-json\/wp\/v2\/product\/1797","targetHints":{"allow":["GET"]}}],"collection":[{"href":"https:\/\/bibliotecajuridicavirtual.cl\/index.php\/wp-json\/wp\/v2\/product"}],"about":[{"href":"https:\/\/bibliotecajuridicavirtual.cl\/index.php\/wp-json\/wp\/v2\/types\/product"}],"replies":[{"embeddable":true,"href":"https:\/\/bibliotecajuridicavirtual.cl\/index.php\/wp-json\/wp\/v2\/comments?post=1797"}],"wp:featuredmedia":[{"embeddable":true,"href":"https:\/\/bibliotecajuridicavirtual.cl\/index.php\/wp-json\/wp\/v2\/media\/1827"}],"wp:attachment":[{"href":"https:\/\/bibliotecajuridicavirtual.cl\/index.php\/wp-json\/wp\/v2\/media?parent=1797"}],"wp:term":[{"taxonomy":"product_brand","embeddable":true,"href":"https:\/\/bibliotecajuridicavirtual.cl\/index.php\/wp-json\/wp\/v2\/product_brand?post=1797"},{"taxonomy":"product_cat","embeddable":true,"href":"https:\/\/bibliotecajuridicavirtual.cl\/index.php\/wp-json\/wp\/v2\/product_cat?post=1797"},{"taxonomy":"product_tag","embeddable":true,"href":"https:\/\/bibliotecajuridicavirtual.cl\/index.php\/wp-json\/wp\/v2\/product_tag?post=1797"}],"curies":[{"name":"wp","href":"https:\/\/api.w.org\/{rel}","templated":true}]}}