{"id":1798,"date":"2026-02-28T00:55:29","date_gmt":"2026-02-28T03:55:29","guid":{"rendered":"https:\/\/bibliotecajuridicavirtual.cl\/?post_type=product&#038;p=1798"},"modified":"2026-02-28T00:55:48","modified_gmt":"2026-02-28T03:55:48","slug":"ley-n21-430-sobre-garantias-y-proteccion-de-los-derechos-de-la-ninez-y-adolescencia-carolina-salinas-suarez-alejandra-retamal-retamal","status":"publish","type":"product","link":"https:\/\/bibliotecajuridicavirtual.cl\/index.php\/product\/ley-n21-430-sobre-garantias-y-proteccion-de-los-derechos-de-la-ninez-y-adolescencia-carolina-salinas-suarez-alejandra-retamal-retamal\/","title":{"rendered":"Ley N\u00b021.430 Sobre Garant\u00edas y Protecci\u00f3n de los Derechos de la Ni\u00f1ez y Adolescencia &#8211; Carolina Salinas Su\u00e1rez &#8211; Alejandra Retamal Retamal"},"content":{"rendered":"<p style=\"font-weight: 400;\">La Ley N\u00b0 21.430 es un estatuto legal novedoso en el derecho chileno que regula un conjunto de derechos en favor de un segmento espec\u00edfico de la poblaci\u00f3n. Esta obra examina los principios y derechos que se le reconocen a ni\u00f1as, ni\u00f1os y adolescentes solo por ser tales. De alguna manera, la ley operativiza los derechos ya declarados en la<\/p>\n<p style=\"font-weight: 400;\">Convenci\u00f3n Internacional sobre Derechos del Ni\u00f1o, y est\u00e1 llamada a ser la ley marco del nuevo derecho de la ni\u00f1ez y adolescencia.<\/p>\n<p style=\"font-weight: 400;\">Dentro de sus principios juega un rol central el art\u00edculo 7, que regula el inter\u00e9s superior del ni\u00f1o, ni\u00f1a o adolescente y establece, en su inciso quinto, diez criterios para su determinaci\u00f3n.<\/p>\n<p style=\"font-weight: 400;\">Los derechos contenidos en la ley son tanto civiles como pol\u00edticos y se instituyen tambi\u00e9n algunos derechos novedosos en nuestro ordenamiento, como al medio ambiente o respecto de la publicidad y el consumo.<\/p>\n<p style=\"font-weight: 400;\">Finalmente, y en la parte m\u00e1s problem\u00e1tica de la ley, se presenta y analiza el procedimiento de protecci\u00f3n administrativa, donde el actor m\u00e1s relevante es la Oficina Local de Ni\u00f1ez. Se estudian las reglas generales, las medidas a aplicar, y la complicada delimitaci\u00f3n de competencias respecto de los tribunales de familia.<\/p>\n<p style=\"font-weight: 400;\">\n<ol>\n<li style=\"font-weight: 400;\"><b><strong> INTRODUCCI\u00d3N<\/strong><\/b><\/li>\n<\/ol>\n<p style=\"font-weight: 400;\">1.1. Antecedentes hist\u00f3ricos<br \/>\nA) Proyecto de ley del Ejecutivo de 2004<br \/>\nB) El intertanto<br \/>\nC) Proyecto de la ley de 2012<br \/>\nD) La discusi\u00f3n legislativa<\/p>\n<ol start=\"2\">\n<li style=\"font-weight: 400;\"><b><strong> ANTECEDENTES GENERALES<\/strong><\/b>\n<p>2.1. Fundamentos<br \/>\nA) Protecci\u00f3n integral<br \/>\n2.2. Estructura y caracter\u00edsticas generales<br \/>\n2.3. El proceso de reformas legales<br \/>\n2.4. El nuevo derecho de la ni\u00f1ez<\/li>\n<li style=\"font-weight: 400;\"><b><strong> AN\u00c1LISIS PARTICULAR<\/strong><\/b>\n<p>3.1. Normas generales y principios: objetivo, sujeto y obligados<br \/>\nA) El objeto de la Ley N\u00b0 21.430<br \/>\nB) El sujeto de la Ley N\u00b0 21.430<br \/>\nC) Los obligados por la Ley N\u00b0 21.430<br \/>\n3.2. Los principios rectores<br \/>\n3.3. Profusi\u00f3n de principios<br \/>\n3.4. Principios centrales<br \/>\nA) Inter\u00e9s superior del ni\u00f1o, ni\u00f1a o adolescente<br \/>\nB) No discriminaci\u00f3n<br \/>\nC) Partici\u00f3n<br \/>\nD) Autonom\u00eda progresiva<br \/>\nE) Fortalecimiento del rol protector de la familia<\/li>\n<li style=\"font-weight: 400;\"><b><strong> DERECHOS Y GARANT\u00cdAS<\/strong><\/b><\/li>\n<\/ol>\n<p style=\"font-weight: 400;\">4.1. Panor\u00e1mica del cat\u00e1logo<br \/>\nA) Garant\u00edas<br \/>\nB) Derechos<br \/>\n4.2. Derechos civiles y pol\u00edticos<br \/>\n4.3. Derechos econ\u00f3micos, sociales y culturales<br \/>\n4.4. Derechos novedosos<\/p>\n<ol start=\"5\">\n<li style=\"font-weight: 400;\"><b><strong> PROTECCI\u00d3N INTEGRAL<\/strong><\/b><\/li>\n<\/ol>\n<p style=\"font-weight: 400;\">5.1. Normas aplicables de aplicaci\u00f3n general<br \/>\n5.2. Deberes de la Administraci\u00f3n del Estado<br \/>\n5.3. Oficinas locales de la Ni\u00f1ez<br \/>\n5.4. Procedimiento de protecci\u00f3n administrativa<br \/>\n5.5. Derivaci\u00f3n entre tribunales de familia y las Oficinas Locales de la Ni\u00f1ez<\/p>\n<ol start=\"6\">\n<li style=\"font-weight: 400;\"><b><strong> SISTEMA DE GARANT\u00cdAS<\/strong><\/b><\/li>\n<\/ol>\n<p style=\"font-weight: 400;\">6.1. Institucionalidad de atenci\u00f3n a la ni\u00f1ez<br \/>\n6.2. Institucionalidad de monitoreo de derechos humanos<br \/>\nA) Comisiones Interinstitucionales de Superposici\u00f3n de Centros Privativos de Libertad<br \/>\nB) Instituto Nacional de Derechos Humanos<br \/>\nC) Defensor\u00eda de los Derechos de la Ni\u00f1ez<br \/>\nD) Mecanismo Nacional de Prevenci\u00f3n contra la tortura<br \/>\nE) Visitas de jueces y juezas de familia<br \/>\n6.3. Plan Nacional<\/p>\n","protected":false},"excerpt":{"rendered":"<p>Edici\u00f3n actualizada julio 2024 &#8211; 206 P\u00e1ginas<\/p>\n<p>Escr\u00edbenos al +56930565235 \/ www.bibliotecajuridicavirtual.cl<\/p>\n<p>Env\u00edos a todo Chile \/ Starken-correos<\/p>\n","protected":false},"featured_media":1828,"comment_status":"open","ping_status":"closed","template":"","meta":{"inline_featured_image":false,"_joinchat":[]},"product_brand":[],"product_cat":[29],"product_tag":[],"class_list":{"0":"post-1798","1":"product","2":"type-product","3":"status-publish","4":"has-post-thumbnail","6":"product_cat-familia-y-del-menor","8":"first","9":"instock","10":"shipping-taxable","11":"purchasable","12":"product-type-simple"},"_links":{"self":[{"href":"https:\/\/bibliotecajuridicavirtual.cl\/index.php\/wp-json\/wp\/v2\/product\/1798","targetHints":{"allow":["GET"]}}],"collection":[{"href":"https:\/\/bibliotecajuridicavirtual.cl\/index.php\/wp-json\/wp\/v2\/product"}],"about":[{"href":"https:\/\/bibliotecajuridicavirtual.cl\/index.php\/wp-json\/wp\/v2\/types\/product"}],"replies":[{"embeddable":true,"href":"https:\/\/bibliotecajuridicavirtual.cl\/index.php\/wp-json\/wp\/v2\/comments?post=1798"}],"wp:featuredmedia":[{"embeddable":true,"href":"https:\/\/bibliotecajuridicavirtual.cl\/index.php\/wp-json\/wp\/v2\/media\/1828"}],"wp:attachment":[{"href":"https:\/\/bibliotecajuridicavirtual.cl\/index.php\/wp-json\/wp\/v2\/media?parent=1798"}],"wp:term":[{"taxonomy":"product_brand","embeddable":true,"href":"https:\/\/bibliotecajuridicavirtual.cl\/index.php\/wp-json\/wp\/v2\/product_brand?post=1798"},{"taxonomy":"product_cat","embeddable":true,"href":"https:\/\/bibliotecajuridicavirtual.cl\/index.php\/wp-json\/wp\/v2\/product_cat?post=1798"},{"taxonomy":"product_tag","embeddable":true,"href":"https:\/\/bibliotecajuridicavirtual.cl\/index.php\/wp-json\/wp\/v2\/product_tag?post=1798"}],"curies":[{"name":"wp","href":"https:\/\/api.w.org\/{rel}","templated":true}]}}