{"id":1799,"date":"2026-02-28T00:55:29","date_gmt":"2026-02-28T03:55:29","guid":{"rendered":"https:\/\/bibliotecajuridicavirtual.cl\/?post_type=product&#038;p=1799"},"modified":"2026-02-28T00:55:49","modified_gmt":"2026-02-28T03:55:49","slug":"estudios-de-derecho-municipal-marco-normativo-jurisprudencial-y-dogmatico","status":"publish","type":"product","link":"https:\/\/bibliotecajuridicavirtual.cl\/index.php\/product\/estudios-de-derecho-municipal-marco-normativo-jurisprudencial-y-dogmatico\/","title":{"rendered":"Estudios de Derecho Municipal, Marco Normativo, Jurisprudencial y Dogm\u00e1tico"},"content":{"rendered":"<p>Este libro se erige como una obra fundamental para comprender el marco jur\u00eddico de los municipios en Chile. Ofrece una exploraci\u00f3n exhaustiva y accesible de los principios y normas que informan la gesti\u00f3n municipal en el pa\u00eds, abordando tanto los aspectos hist\u00f3ricos como las diferentes normas vigentes.<br \/>\nLos autores, expertos en derecho administrativo, desmenuzan de manera did\u00e1ctica los fundamentos legales y jurisprudenciales que rigen la actividad municipal, ofreciendo una visi\u00f3n sist\u00e9mica de su rol en el desarrollo local.<br \/>\nEl texto est\u00e1 enriquecido con estudios de casos, jurisprudencia relevante y an\u00e1lisis cr\u00edticos que facilitan una comprensi\u00f3n profunda y pr\u00e1ctica del derecho municipal chileno.<br \/>\nEste libro es una herramienta indispensable para estudiantes, acad\u00e9micos, abogados y funcionarios p\u00fablicos, as\u00ed como para cualquier persona interesada en el funcionamiento de los gobiernos locales en Chile.<br \/>\nCon un enfoque claro y una estructura bien definida, esta obra se consolida como una referencia obligada en el campo del derecho municipal.<\/p>\n","protected":false},"excerpt":{"rendered":"<p>Jaime Arancibia Mattar, Juan Carlos Flores Rivas, Rosa Fernanda G\u00f3mez Gonz\u00e1lez<\/p>\n<p>Incluye Anexos Sobre Compliance Municipal y de la Ley N\u00b0 21.643, \u00abLey Karin\u00bb<\/p>\n<p>Edici\u00f3n actualizada agosto a\u00f1o 2024 &#8211; 400 P\u00e1ginas \/ Escr\u00edbenos al +56930565235 www.bibliotecajuridicavirtual.cl<\/p>\n<p>Env\u00edos a todo Chile &#8211;\u00a0 Starken-correos<\/p>\n","protected":false},"featured_media":1829,"comment_status":"open","ping_status":"closed","template":"","meta":{"inline_featured_image":false,"_joinchat":[]},"product_brand":[],"product_cat":[45,27,26],"product_tag":[],"class_list":{"0":"post-1799","1":"product","2":"type-product","3":"status-publish","4":"has-post-thumbnail","6":"product_cat-administrativo","7":"product_cat-civil","8":"product_cat-derecho","10":"first","11":"instock","12":"shipping-taxable","13":"purchasable","14":"product-type-simple"},"_links":{"self":[{"href":"https:\/\/bibliotecajuridicavirtual.cl\/index.php\/wp-json\/wp\/v2\/product\/1799","targetHints":{"allow":["GET"]}}],"collection":[{"href":"https:\/\/bibliotecajuridicavirtual.cl\/index.php\/wp-json\/wp\/v2\/product"}],"about":[{"href":"https:\/\/bibliotecajuridicavirtual.cl\/index.php\/wp-json\/wp\/v2\/types\/product"}],"replies":[{"embeddable":true,"href":"https:\/\/bibliotecajuridicavirtual.cl\/index.php\/wp-json\/wp\/v2\/comments?post=1799"}],"wp:featuredmedia":[{"embeddable":true,"href":"https:\/\/bibliotecajuridicavirtual.cl\/index.php\/wp-json\/wp\/v2\/media\/1829"}],"wp:attachment":[{"href":"https:\/\/bibliotecajuridicavirtual.cl\/index.php\/wp-json\/wp\/v2\/media?parent=1799"}],"wp:term":[{"taxonomy":"product_brand","embeddable":true,"href":"https:\/\/bibliotecajuridicavirtual.cl\/index.php\/wp-json\/wp\/v2\/product_brand?post=1799"},{"taxonomy":"product_cat","embeddable":true,"href":"https:\/\/bibliotecajuridicavirtual.cl\/index.php\/wp-json\/wp\/v2\/product_cat?post=1799"},{"taxonomy":"product_tag","embeddable":true,"href":"https:\/\/bibliotecajuridicavirtual.cl\/index.php\/wp-json\/wp\/v2\/product_tag?post=1799"}],"curies":[{"name":"wp","href":"https:\/\/api.w.org\/{rel}","templated":true}]}}