{"id":1800,"date":"2026-02-28T00:55:29","date_gmt":"2026-02-28T03:55:29","guid":{"rendered":"https:\/\/bibliotecajuridicavirtual.cl\/?post_type=product&#038;p=1800"},"modified":"2026-02-28T00:55:49","modified_gmt":"2026-02-28T03:55:49","slug":"derecho-ambiental-chileno-tomo-iii-cambio-climatico-responsabilidad-ambiental-sectores-especiales-del-medio-ambiente-y-jurisdiccion-ambiental","status":"publish","type":"product","link":"https:\/\/bibliotecajuridicavirtual.cl\/index.php\/product\/derecho-ambiental-chileno-tomo-iii-cambio-climatico-responsabilidad-ambiental-sectores-especiales-del-medio-ambiente-y-jurisdiccion-ambiental\/","title":{"rendered":"Derecho ambiental chileno. Tomo III. Cambio clim\u00e1tico, responsabilidad ambiental, sectores especiales del medio ambiente y jurisdicci\u00f3n ambiental"},"content":{"rendered":"<p>Se estudia la relaci\u00f3n entre algunos sectores productivos y el medio<br \/>\nambiente, como acuicultura y bosque nativo, especialmente el Reglamento<br \/>\nAmbiental para la Acuicultura (DS N\u00b0320) y la Ley sobre recuperaci\u00f3n de<br \/>\nbosque nativo y fomento forestal (Ley N\u00b020.283).<br \/>\nDe igual forma, se abordan algunas instituciones cl\u00e1sicas de esta rama del<br \/>\nderecho como la responsabilidad por da\u00f1o ambiental, y concretamente los<br \/>\nelementos que configuran la obligaci\u00f3n reparatoria desde las singularidades<br \/>\ndel medio ambiente. As\u00ed tambi\u00e9n, se desarrolla la jurisdicci\u00f3n ambiental desde<br \/>\nla org\u00e1nica, competencias y procedimientos ante los tribunales ambientales.<br \/>\nA lo largo del texto, se han incorporado los principales criterios jurisdiccionales<br \/>\ntanto de los tribunales ambientales, como de la Corte Suprema y la Contralor\u00eda<br \/>\nGeneral de la Rep\u00fablica.<br \/>\nLos tres tomos que componen esta obra completa, en conjunto realizan una<br \/>\ndescripci\u00f3n y an\u00e1lisis exhaustivo de la institucionalidad ambiental nacional,<br \/>\nincorporando los est\u00e1ndares jurisprudenciales y doctrinarios m\u00e1s importantes<br \/>\nde los \u00faltimos diez a\u00f1os.<\/p>\n","protected":false},"excerpt":{"rendered":"<p>Autor: Iv\u00e1n H\u00fanter Ampuero edici\u00f3n actualizada Octubre a\u00f1o 2024 \/485 P\u00e1ginas<\/p>\n<p>Reserva al +56930565235 \/ www.bibliotecajuridicavirtual.cl<\/p>\n<p>Env\u00edos a todo Chile \/ Starken-correos<\/p>\n<p>&nbsp;<\/p>\n","protected":false},"featured_media":1830,"comment_status":"open","ping_status":"closed","template":"","meta":{"inline_featured_image":false,"_joinchat":[]},"product_brand":[],"product_cat":[45,27,26,31],"product_tag":[],"class_list":{"0":"post-1800","1":"product","2":"type-product","3":"status-publish","4":"has-post-thumbnail","6":"product_cat-administrativo","7":"product_cat-civil","8":"product_cat-derecho","9":"product_cat-derecho-ambiental","11":"first","12":"instock","13":"shipping-taxable","14":"purchasable","15":"product-type-simple"},"_links":{"self":[{"href":"https:\/\/bibliotecajuridicavirtual.cl\/index.php\/wp-json\/wp\/v2\/product\/1800","targetHints":{"allow":["GET"]}}],"collection":[{"href":"https:\/\/bibliotecajuridicavirtual.cl\/index.php\/wp-json\/wp\/v2\/product"}],"about":[{"href":"https:\/\/bibliotecajuridicavirtual.cl\/index.php\/wp-json\/wp\/v2\/types\/product"}],"replies":[{"embeddable":true,"href":"https:\/\/bibliotecajuridicavirtual.cl\/index.php\/wp-json\/wp\/v2\/comments?post=1800"}],"wp:featuredmedia":[{"embeddable":true,"href":"https:\/\/bibliotecajuridicavirtual.cl\/index.php\/wp-json\/wp\/v2\/media\/1830"}],"wp:attachment":[{"href":"https:\/\/bibliotecajuridicavirtual.cl\/index.php\/wp-json\/wp\/v2\/media?parent=1800"}],"wp:term":[{"taxonomy":"product_brand","embeddable":true,"href":"https:\/\/bibliotecajuridicavirtual.cl\/index.php\/wp-json\/wp\/v2\/product_brand?post=1800"},{"taxonomy":"product_cat","embeddable":true,"href":"https:\/\/bibliotecajuridicavirtual.cl\/index.php\/wp-json\/wp\/v2\/product_cat?post=1800"},{"taxonomy":"product_tag","embeddable":true,"href":"https:\/\/bibliotecajuridicavirtual.cl\/index.php\/wp-json\/wp\/v2\/product_tag?post=1800"}],"curies":[{"name":"wp","href":"https:\/\/api.w.org\/{rel}","templated":true}]}}