{"id":1801,"date":"2026-02-28T00:55:30","date_gmt":"2026-02-28T03:55:30","guid":{"rendered":"https:\/\/bibliotecajuridicavirtual.cl\/?post_type=product&#038;p=1801"},"modified":"2026-02-28T00:55:51","modified_gmt":"2026-02-28T03:55:51","slug":"procedimiento-administrativo-electronico-analisis-de-la-reforma-a-la-ley-n19-880","status":"publish","type":"product","link":"https:\/\/bibliotecajuridicavirtual.cl\/index.php\/product\/procedimiento-administrativo-electronico-analisis-de-la-reforma-a-la-ley-n19-880\/","title":{"rendered":"Procedimiento Administrativo Electr\u00f3nico &#8211; An\u00e1lisis de la Reforma a la Ley N\u00b019.880"},"content":{"rendered":"<ol>\n<li style=\"font-weight: 400;\"><em><b><strong> OBLIGATORIEDAD DE LA LEY DE TRANSFORMACI\u00d3N DIGITAL DEL ESTADO (N\u00ba 21.180).<\/strong><\/b><\/em><br \/>\nJaime Arancibia Mattar1.1. Introducci\u00f3n<br \/>\n1.2. Obligatoriedad electr\u00f3nica general y especial<br \/>\na) Actos tr\u00e1mite electr\u00f3nicos<br \/>\nB) Digitalizaci\u00f3n de documentos no electr\u00f3nicos<br \/>\n1.3. Excepciones a la obligatoriedad electr\u00f3nica<br \/>\n1.4. Aplicaci\u00f3n ex nunc, temporal y gradual del Reglamento<br \/>\n1.5. Conclusiones<\/li>\n<li style=\"font-weight: 400;\"><em><b><strong> LOS PRINCIPIOS DE LA LEY DE TRANSFORMACI\u00d3N DIGITAL DEL ESTADO (N\u00ba 21.180): CONTENIDO Y MANIFESTACIONES.<\/strong><\/b><\/em><br \/>\nJaime Arancibia Mattar<\/li>\n<\/ol>\n<p style=\"font-weight: 400;\">2.1. Introducci\u00f3n<br \/>\n2.2. Principios expl\u00edcitos de la tramitaci\u00f3n electr\u00f3nica administrativa<br \/>\nA) Gratuidad<br \/>\nB) Actualizaci\u00f3n tecnol\u00f3gica<br \/>\nC) Equivalencia funcional (condicionada)<br \/>\na. Equivalencia funcional de los actos administrativos<br \/>\nb. Equivalencia funcional de los actos privados<br \/>\nD) Fidelidad del expediente<br \/>\nE) Interoperabilidad<br \/>\na. Interoperabilidad ajena a un procedimiento administrativo<br \/>\nb. Interoperabilidad en el marco de un procedimiento administrativo<br \/>\nF) Cooperaci\u00f3n<br \/>\nG) Neutralidad tecnol\u00f3gica<br \/>\n2.3. Principios impl\u00edcitos de la tramitaci\u00f3n electr\u00f3nica administrativa<br \/>\nA) Autenticidad documental<br \/>\na. La firma electr\u00f3nica y su certificaci\u00f3n<br \/>\nb. La autentificaci\u00f3n de documentos electr\u00f3nicos no emitidos por \u00f3rganos de la Administraci\u00f3n<br \/>\nc. La autentificaci\u00f3n de comunicaciones oficiales de \u00f3rganos de la Administraci\u00f3n<br \/>\nd. La autentificaci\u00f3n de la digitalizaci\u00f3n de documentos no electr\u00f3nicos<br \/>\nB) Ciberseguridad<br \/>\nC) Accesibilidad<br \/>\nD) Disponibilidad<br \/>\na. Deberes de conexi\u00f3n y conservaci\u00f3n permanente para asegurar disponibilidad de plataformas, expedientes y documentos<br \/>\nb. Indisponibilidad temporal del sistema o de las plataformas electr\u00f3nicas por motivo calificado<br \/>\nc. Indisponibilidad del expediente electr\u00f3nico por p\u00e9rdida de sus componentes<br \/>\nd. Disponibilidad final<br \/>\nE) Confidencialidad de informaci\u00f3n sensible<br \/>\n2.4. Conclusiones<\/p>\n<ol start=\"3\">\n<li style=\"font-weight: 400;\"><em><b><strong> EL EXPEDIENTE ADMINISTRATIVO EN LA LEY N\u00ba 19.880 Y LEY N\u00ba 21.180.<\/strong><\/b><\/em><br \/>\nJuan Carlos Flores Rivas<\/li>\n<\/ol>\n<p style=\"font-weight: 400;\">3.1. Introducci\u00f3n<br \/>\n3.2. El expediente administrativo<br \/>\nA) Aspectos generales<br \/>\nB) Valor del expediente administrativo y funciones en el procedimiento<br \/>\na. Expediente y vicios del procedimiento<br \/>\nb. Teor\u00eda del control de discrecionalidad<br \/>\nC) Acceso a copia del expediente: err\u00f3nea aplicaci\u00f3n de la Ley N\u00b0 20.285<br \/>\nD) Derecho a devoluci\u00f3n de documentos: informaci\u00f3n sensible<br \/>\n3.3. El expediente electr\u00f3nico en la Ley N\u00b0 21.180<br \/>\nA) Aspectos generales<br \/>\nB) Obligatoriedad del expediente administrativo electr\u00f3nico<br \/>\nC) Derecho de los interesados en el expediente administrativo electr\u00f3nico<br \/>\nD) Documentos electr\u00f3nicos y el expediente electr\u00f3nico<br \/>\nE) Documento electr\u00f3nico, cotejo y autenticidad<br \/>\n3.4. Conclusiones<\/p>\n<ol start=\"4\">\n<li style=\"font-weight: 400;\"><em><b><strong> NOTIFICACIONES POR MEDIOS ELECTR\u00d3NICOS. REVISI\u00d3N DE LOS ASPECTOS M\u00c1S RELEVANTES DE LA REFORMA A LA LEY N\u00ba 19.880.<\/strong><\/b><\/em><br \/>\nRosa Fernanda G\u00f3mez Gonz\u00e1lez4.1. Introducci\u00f3n<br \/>\n4.2. La notificaci\u00f3n por medios electr\u00f3nicos<br \/>\nA) La regulaci\u00f3n de la notificaci\u00f3n en la Ley N\u00b0 19.880<br \/>\nB) Regulaci\u00f3n sectorial de la notificaci\u00f3n electr\u00f3nica<br \/>\nC) Sobre la modificaci\u00f3n a la Ley N\u00b0 19.880 en materia de notificaciones<br \/>\na. Marco normativo<br \/>\nb. Sobre la copia de las notificaciones se practicar\u00e1n por medios electr\u00f3nicos en base a la informaci\u00f3n contenida en un registro \u00fanico<br \/>\nd. Exigencia de un Domicilio Digital \u00danico (DDU)<br \/>\ne. Notificaciones en el procedimiento administrativo<br \/>\ni. Aspectos generales<br \/>\nii. Sobre la primera notificaci\u00f3n<br \/>\niii. Forma en que los \u00f3rganos de la Administraci\u00f3n deben practicar las notificaciones electr\u00f3nicas<br \/>\nf. De las excepciones a las notificaciones por medios electr\u00f3nicos<br \/>\ng. La norma t\u00e9cnica de notificaciones<br \/>\nD) Comentarios generales en torno a la nueva forma de notificaci\u00f3n electr\u00f3nica<br \/>\na. La notificaci\u00f3n electr\u00f3nica como regla general<br \/>\nb. Los aspectos relevantes y desaf\u00edos que promueve la reforma<br \/>\nc. Validez y efectos de la notificaci\u00f3n electr\u00f3nica<\/p>\n<p><b><strong>ANEXO 1<\/strong><\/b><br \/>\n<b><strong>NORMAS GENERALES<\/strong><\/b><\/p>\n<p>&#8211; Cuadro comparativo de las modificaciones introducidas a la Ley N\u00b0 19.880, que establece bases de los procedimientos administrativos que rigen los actos de los \u00f3rganos de la Administraci\u00f3n del Estado, por la Ley N\u00b0 21.180<\/li>\n<\/ol>\n<p style=\"font-weight: 400;\">&#8211; Decreto con Fuerza de Ley N\u00b01. Establece normas de aplicaci\u00f3n del art\u00edculo 1\u00b0 de la Ley N\u00b0 21.180, de Transformaci\u00f3n Digital del Estado, respecto de los procedimientos administrativos regulados en leyes especiales que se expresan a trav\u00e9s de medios electr\u00f3nicos y determina la gradualidad para la aplicaci\u00f3n de la misma ley, a los \u00f3rganos de la administraci\u00f3n del Estado que indica y las materias que les resultan aplicables.<\/p>\n<p style=\"font-weight: 400;\">&#8211; Decreto con Fuerza de Ley N\u00b01. Determina los requisitos del m\u00e9todo de elaboraci\u00f3n, conservaci\u00f3n y uso de las microformas y de aquellos a emplear en la destrucci\u00f3n de documentos originales en virtud de la Ley N\u00b0 18.845.<\/p>\n<p style=\"font-weight: 400;\">&#8211; Decreto N\u00b024. Reglamento que establece los est\u00e1ndares t\u00e9cnicos y administrativos de archivo electr\u00f3nico desarrollado por el archivo nacional.<\/p>\n<p style=\"font-weight: 400;\">&#8211; Decreto N\u00b04. Reglamento que regula la forma en que los procedimientos administrativos deber\u00e1n expresarse a trav\u00e9s de medios electr\u00f3nicos, en las materias que indica, seg\u00fan lo dispuesto en la Ley N\u00b0 21.180 sobre Transformaci\u00f3n Digital del Estado<\/p>\n<p style=\"font-weight: 400;\">&#8211; Decreto N\u00b023. Aprueba el Reglamento que establece los medios y procedimientos t\u00e9cnicos y administrativos que se utilizar\u00e1n en la generaci\u00f3n de microformas<\/p>\n<p style=\"font-weight: 400;\">&#8211; Ley N\u00b0 21.464. Modifica diversos cuerpos legales, en materia de transformaci\u00f3n digital del Estado<\/p>\n<p><b><strong>ANEXO 2<\/strong><\/b><br \/>\n<b><strong>RESUMEN DEL CONTENIDO DE LAS NORMAS T\u00c9CNICAS<\/strong><\/b><\/p>\n<p><b><strong>ANEXO 3<\/strong><\/b><br \/>\n<b><strong>GRADUALIDAD EN LA IMPLEMENTACI\u00d3N DE LA LEY N\u00b0 19.880.<\/strong><\/b><\/p>\n","protected":false},"excerpt":{"rendered":"<p>Jaime Arancibia Mattar &#8211; Juan Carlos Flores Rivas &#8211; Rosa Fernanda G\u00f3mez Gonz\u00e1lez<\/p>\n<p>Agosto a\u00f1o 2022 \/ 252 P\u00e1ginas<\/p>\n<p>Escr\u00edbenos al +56930565235 www.bibliotecajuridicavirtual.cl<\/p>\n<p>Env\u00edos a todo Chile \/ Starken-correos<\/p>\n","protected":false},"featured_media":1831,"comment_status":"open","ping_status":"closed","template":"","meta":{"inline_featured_image":false,"_joinchat":[]},"product_brand":[],"product_cat":[45,26],"product_tag":[],"class_list":{"0":"post-1801","1":"product","2":"type-product","3":"status-publish","4":"has-post-thumbnail","6":"product_cat-administrativo","7":"product_cat-derecho","9":"first","10":"instock","11":"shipping-taxable","12":"purchasable","13":"product-type-simple"},"_links":{"self":[{"href":"https:\/\/bibliotecajuridicavirtual.cl\/index.php\/wp-json\/wp\/v2\/product\/1801","targetHints":{"allow":["GET"]}}],"collection":[{"href":"https:\/\/bibliotecajuridicavirtual.cl\/index.php\/wp-json\/wp\/v2\/product"}],"about":[{"href":"https:\/\/bibliotecajuridicavirtual.cl\/index.php\/wp-json\/wp\/v2\/types\/product"}],"replies":[{"embeddable":true,"href":"https:\/\/bibliotecajuridicavirtual.cl\/index.php\/wp-json\/wp\/v2\/comments?post=1801"}],"wp:featuredmedia":[{"embeddable":true,"href":"https:\/\/bibliotecajuridicavirtual.cl\/index.php\/wp-json\/wp\/v2\/media\/1831"}],"wp:attachment":[{"href":"https:\/\/bibliotecajuridicavirtual.cl\/index.php\/wp-json\/wp\/v2\/media?parent=1801"}],"wp:term":[{"taxonomy":"product_brand","embeddable":true,"href":"https:\/\/bibliotecajuridicavirtual.cl\/index.php\/wp-json\/wp\/v2\/product_brand?post=1801"},{"taxonomy":"product_cat","embeddable":true,"href":"https:\/\/bibliotecajuridicavirtual.cl\/index.php\/wp-json\/wp\/v2\/product_cat?post=1801"},{"taxonomy":"product_tag","embeddable":true,"href":"https:\/\/bibliotecajuridicavirtual.cl\/index.php\/wp-json\/wp\/v2\/product_tag?post=1801"}],"curies":[{"name":"wp","href":"https:\/\/api.w.org\/{rel}","templated":true}]}}