{"id":1802,"date":"2026-02-28T00:55:30","date_gmt":"2026-02-28T03:55:30","guid":{"rendered":"https:\/\/bibliotecajuridicavirtual.cl\/?post_type=product&#038;p=1802"},"modified":"2026-02-28T00:55:53","modified_gmt":"2026-02-28T03:55:53","slug":"estudios-sobre-responsabilidad-civil-el-principio-de-la-reparacion-integral-del-dano","status":"publish","type":"product","link":"https:\/\/bibliotecajuridicavirtual.cl\/index.php\/product\/estudios-sobre-responsabilidad-civil-el-principio-de-la-reparacion-integral-del-dano\/","title":{"rendered":"Estudios sobre Responsabilidad Civil &#8211; El principio de la reparaci\u00f3n integral del da\u00f1o"},"content":{"rendered":"<p>Cada vez con mayor frecuencia, doctrina y jurisprudencia sobre responsabilidad civil, recurren al llamado principio de la reparaci\u00f3n integral del da\u00f1o. En t\u00e9rminos simples, se dice, \u00e9ste fija la indemnizaci\u00f3n a que tienen derecho las v\u00edctimas: todo el da\u00f1o sufrido, ni menos ni m\u00e1s. Sin embargo, si bien su formulaci\u00f3n resulta simple, su configuraci\u00f3n y aplicaci\u00f3n est\u00e1n plagadas de dificultades, tanto que la existencia misma del principio ha sido controvertida. Su identificaci\u00f3n en ocasiones con el principio pro damnato y los abusos en su nombre advertibles en materia de da\u00f1o moral, han transformado en cr\u00edtica la determinaci\u00f3n de cuestiones tan relevantes acerca del principio como su verdadera conceptuaci\u00f3n, fundamento, funci\u00f3n propia, \u00e1mbito de empleo, delimitaciones intr\u00ednsecas, limitaciones extr\u00ednsecas, modalidades de comportamiento frente a los derechos de la personalidad, compatibilidad con la funci\u00f3n punitiva, etc. La obra recopila el conjunto de estudios que abordan y profundizan precisamente estas materias, presentados por los profesores extranjeros y nacionales que participaron en el segundo seminario tem\u00e1tico convocado por el Instituto Chileno de Responsabilidad Civil (ICHRC), y organizado por la Facultad de Derecho de la Universidad de los Andes, con el patrocinio del &#8220;Mag\u00edster de Derecho de Da\u00f1os y Responsabilidad Civil&#8221; de esta casa de estudios. En cumplimiento del fin propuesto, el compendio presenta alta carga de informaci\u00f3n y de an\u00e1lisis desde distintos \u00e1ngulos, con enfoques actualizados y pr\u00e1cticos, especialmente \u00fatiles para abogados y jueces.<\/p>\n<p style=\"font-weight: 400;\"><b><strong>CAP\u00cdTULO I<\/strong><\/b><br \/>\n<b><strong>REVISI\u00d3N DEL ESTADO ACTUAL DE LOS FUNDAMENTOS DEL PRINCIPIO DE LA REPARACI\u00d3N INTEGRAL<\/strong><\/b><\/p>\n<p style=\"font-weight: 400;\"><em>La reparaci\u00f3n integral: entre evidencias y dudas<\/em><br \/>\nAude Denizot<\/p>\n<p style=\"font-weight: 400;\"><em>Algunas notas sobre el principio de reparaci\u00f3n integral del da\u00f1o desde una visi\u00f3n comparada<\/em><br \/>\nCarmen Dom\u00ednguez Hidalgo<\/p>\n<p style=\"font-weight: 400;\"><em>Inexistencia de la reparaci\u00f3n integral del da\u00f1o como principio: un ideal sin contenido normativo o simple equidad<\/em><br \/>\nGian Franco Rosso Elorriaga<\/p>\n<p style=\"font-weight: 400;\"><em>Principio de reparaci\u00f3n integral. Su relaci\u00f3n con el fundamento y los fines de la responsabilidad civil<\/em><br \/>\nCristi\u00e1n Aedo Barrena<\/p>\n<p style=\"font-weight: 400;\"><em>El principio de reparaci\u00f3n integral del da\u00f1o y la (mal) denominada responsabilidad por acto l\u00edcito<\/em><br \/>\nCarlos C\u00e9spedes Mu\u00f1oz<\/p>\n<p style=\"font-weight: 400;\"><b><strong>CAP\u00cdTULO II<\/strong><\/b><br \/>\n<b><strong>DELIMITACIONES INTR\u00cdNSECAS O LIMITACIONES EXTR\u00cdNSECAS AL PRINCIPIO DE LA REPARACI\u00d3N INTEGRAL<\/strong><\/b><\/p>\n<p style=\"font-weight: 400;\"><em>La responsabilidad de las ni\u00f1as, los ni\u00f1os y los adolescentes en el derecho civil alem\u00e1n a prop\u00f3sito del estudio del principio de reparaci\u00f3n integral del da\u00f1o<\/em><br \/>\nCarolina Riveros Ferrada<\/p>\n<p style=\"font-weight: 400;\"><em>La compensatio lucri cum damno: algunos apuntes acerca de su aplicaci\u00f3n en el derecho chileno<\/em><br \/>\nPamela Prado L\u00f3pez<\/p>\n<p style=\"font-weight: 400;\"><em>La acci\u00f3n indemnizatoria reconocida a prop\u00f3sito de la garant\u00eda legal y sus limitaciones a la reparaci\u00f3n integral<\/em><br \/>\nErika Isler Soto<\/p>\n<p style=\"font-weight: 400;\"><em>Indemnizaci\u00f3n contractual de perjuicios previsibles y principio de reparaci\u00f3n integral del da\u00f1o<\/em><br \/>\nHern\u00e1n Corral Talciani<\/p>\n<p style=\"font-weight: 400;\"><em>Aproximaci\u00f3n a los criterios de avaluaci\u00f3n del da\u00f1o moral<\/em><br \/>\nLilian C. San Mart\u00edn Neira<\/p>\n<p style=\"font-weight: 400;\"><b><strong>CAP\u00cdTULO III<\/strong><\/b><br \/>\n<b><strong>EL PRINCIPIO DE LA REPARACI\u00d3N INTEGRAL DE LOS DA\u00d1OS FRENTE A LOS DERECHOS ESENCIALES DE LA PERSONA HUMANA<\/strong><\/b><\/p>\n<p style=\"font-weight: 400;\"><em>La reparaci\u00f3n integral de la v\u00edctima por vulneraci\u00f3n de los derechos de la personalidad: una revisi\u00f3n desde el derecho civil chileno<\/em><br \/>\nPatricia Ver\u00f3nica L\u00f3pez D\u00edaz<\/p>\n<p style=\"font-weight: 400;\"><em>Reparaci\u00f3n integral del da\u00f1o por incumplimiento de deber de informar de m\u00e9dico en la relaci\u00f3n cl\u00ednica<\/em><br \/>\nEdison Calahorrano Latorre<\/p>\n<p style=\"font-weight: 400;\"><b><strong>CAP\u00cdTULO IV<br \/>\n<\/strong><\/b><b><strong>COMPATIBILIDAD DEL PRINCIPIO DE LA REPARACI\u00d3N INTEGRAL DE LOS DA\u00d1OS CON LA FUNCI\u00d3N PUNITIVA DE LA RESPONSABILIDAD CIVIL<\/strong><\/b><\/p>\n<p style=\"font-weight: 400;\"><em>Sobre la funci\u00f3n punitiva de la responsabilidad civil: reflexiones en torno a su pertinencia<\/em><br \/>\nRenzo Munita Marambio<\/p>\n<p style=\"font-weight: 400;\"><em>La funci\u00f3n de los da\u00f1os punitivos en la responsabilidad extracontractual<\/em><br \/>\nRodrigo Barcia Lehmann<\/p>\n","protected":false},"excerpt":{"rendered":"<p>Autor: Gian Franco Rosso Elorriaga \/ 1\u00b0 Edici\u00f3n actualizada octubre a\u00f1o 2024 &#8211; 348 P\u00e1ginas<\/p>\n<p>Escr\u00edbenos al +56930565235 Vis\u00edtanos www.bibliotecajuridicavirtual.cl<\/p>\n<p>Env\u00edos a todo Chile \/ Starken-Correos<\/p>\n<p>Haz tu reserva pocas unidades!<\/p>\n","protected":false},"featured_media":1852,"comment_status":"open","ping_status":"closed","template":"","meta":{"inline_featured_image":false,"_joinchat":[]},"product_brand":[],"product_cat":[27,26],"product_tag":[],"class_list":{"0":"post-1802","1":"product","2":"type-product","3":"status-publish","4":"has-post-thumbnail","6":"product_cat-civil","7":"product_cat-derecho","9":"first","10":"instock","11":"shipping-taxable","12":"purchasable","13":"product-type-simple"},"_links":{"self":[{"href":"https:\/\/bibliotecajuridicavirtual.cl\/index.php\/wp-json\/wp\/v2\/product\/1802","targetHints":{"allow":["GET"]}}],"collection":[{"href":"https:\/\/bibliotecajuridicavirtual.cl\/index.php\/wp-json\/wp\/v2\/product"}],"about":[{"href":"https:\/\/bibliotecajuridicavirtual.cl\/index.php\/wp-json\/wp\/v2\/types\/product"}],"replies":[{"embeddable":true,"href":"https:\/\/bibliotecajuridicavirtual.cl\/index.php\/wp-json\/wp\/v2\/comments?post=1802"}],"wp:featuredmedia":[{"embeddable":true,"href":"https:\/\/bibliotecajuridicavirtual.cl\/index.php\/wp-json\/wp\/v2\/media\/1852"}],"wp:attachment":[{"href":"https:\/\/bibliotecajuridicavirtual.cl\/index.php\/wp-json\/wp\/v2\/media?parent=1802"}],"wp:term":[{"taxonomy":"product_brand","embeddable":true,"href":"https:\/\/bibliotecajuridicavirtual.cl\/index.php\/wp-json\/wp\/v2\/product_brand?post=1802"},{"taxonomy":"product_cat","embeddable":true,"href":"https:\/\/bibliotecajuridicavirtual.cl\/index.php\/wp-json\/wp\/v2\/product_cat?post=1802"},{"taxonomy":"product_tag","embeddable":true,"href":"https:\/\/bibliotecajuridicavirtual.cl\/index.php\/wp-json\/wp\/v2\/product_tag?post=1802"}],"curies":[{"name":"wp","href":"https:\/\/api.w.org\/{rel}","templated":true}]}}