{"id":1803,"date":"2026-02-28T00:55:30","date_gmt":"2026-02-28T03:55:30","guid":{"rendered":"https:\/\/bibliotecajuridicavirtual.cl\/?post_type=product&#038;p=1803"},"modified":"2026-02-28T00:55:54","modified_gmt":"2026-02-28T03:55:54","slug":"anuario-chileno-de-jurisprudencia-2022-cristian-lepin-molina-coordinador-jose-manuel-rios-cariaga","status":"publish","type":"product","link":"https:\/\/bibliotecajuridicavirtual.cl\/index.php\/product\/anuario-chileno-de-jurisprudencia-2022-cristian-lepin-molina-coordinador-jose-manuel-rios-cariaga\/","title":{"rendered":"Anuario chileno de Jurisprudencia 2022 &#8211; Cristi\u00e1n Lepin Molina &#8211; Coordinador &#8211; Jos\u00e9 Manuel R\u00edos Cariaga"},"content":{"rendered":"<p>El Anuario Chileno de Jurisprudencia es una obra que tiene por objeto analizar cr\u00edticamente las sentencias relevantes dictadas en el a\u00f1o correspondiente, por los tribunales superiores de justicia, Cortes de Apelaciones, Corte Suprema, por el Tribunal Constitucional o por la Corte Interamericana de Derechos Humanos. Se trata de una publicaci\u00f3n anual que tiene su cuarta edici\u00f3n en el a\u00f1o 2022.<br \/>\nLa importancia de la jurisprudencia como fuente del Derecho es conocida, aun en un sistema jur\u00eddico como el nuestro, en que el efecto de la sentencia es s\u00f3lo obligatorio para el caso concreto, pero m\u00e1s all\u00e1 de esta regla, lo cierto es que el valor de la jurisprudencia es el de determinar el verdadero Derecho, ese que se aplica a las actos y conductas de los ciudadanos, y que supera la dimensi\u00f3n te\u00f3rica que abunda en nuestra tradici\u00f3n jur\u00eddica.<br \/>\nEs por ello, que esta obra pretende establecer un puente que permita el intercambio entre la academia y los tribunales, que enriquezca el debate por medio del estudio y an\u00e1lisis de las sentencias, formando un espacio de retroalimentaci\u00f3n que permita avanzar en la resoluci\u00f3n de los conflictos que afectan a las personas, especialmente de aquellas que pertenecen a grupos vulnerables.<\/p>\n","protected":false},"excerpt":{"rendered":"<p>1\u00b0 edici\u00f3n actualizada octubre a\u00f1o 2024 \/ 378 P\u00e1ginas<\/p>\n<p>Escr\u00edbenos al +56930565235 \/ Vis\u00edtanos www.bibliotecajuridicavirtual.cl<\/p>\n<p>Env\u00edos a todo Chile \/ Starken-correos<\/p>\n<p>Haz tu reserva.!<\/p>\n","protected":false},"featured_media":1853,"comment_status":"open","ping_status":"closed","template":"","meta":{"inline_featured_image":false,"_joinchat":[]},"product_brand":[],"product_cat":[27],"product_tag":[],"class_list":{"0":"post-1803","1":"product","2":"type-product","3":"status-publish","4":"has-post-thumbnail","6":"product_cat-civil","8":"first","9":"instock","10":"shipping-taxable","11":"purchasable","12":"product-type-simple"},"_links":{"self":[{"href":"https:\/\/bibliotecajuridicavirtual.cl\/index.php\/wp-json\/wp\/v2\/product\/1803","targetHints":{"allow":["GET"]}}],"collection":[{"href":"https:\/\/bibliotecajuridicavirtual.cl\/index.php\/wp-json\/wp\/v2\/product"}],"about":[{"href":"https:\/\/bibliotecajuridicavirtual.cl\/index.php\/wp-json\/wp\/v2\/types\/product"}],"replies":[{"embeddable":true,"href":"https:\/\/bibliotecajuridicavirtual.cl\/index.php\/wp-json\/wp\/v2\/comments?post=1803"}],"wp:featuredmedia":[{"embeddable":true,"href":"https:\/\/bibliotecajuridicavirtual.cl\/index.php\/wp-json\/wp\/v2\/media\/1853"}],"wp:attachment":[{"href":"https:\/\/bibliotecajuridicavirtual.cl\/index.php\/wp-json\/wp\/v2\/media?parent=1803"}],"wp:term":[{"taxonomy":"product_brand","embeddable":true,"href":"https:\/\/bibliotecajuridicavirtual.cl\/index.php\/wp-json\/wp\/v2\/product_brand?post=1803"},{"taxonomy":"product_cat","embeddable":true,"href":"https:\/\/bibliotecajuridicavirtual.cl\/index.php\/wp-json\/wp\/v2\/product_cat?post=1803"},{"taxonomy":"product_tag","embeddable":true,"href":"https:\/\/bibliotecajuridicavirtual.cl\/index.php\/wp-json\/wp\/v2\/product_tag?post=1803"}],"curies":[{"name":"wp","href":"https:\/\/api.w.org\/{rel}","templated":true}]}}